{"id":97282,"date":"2023-01-23T13:58:00","date_gmt":"2023-01-23T12:58:00","guid":{"rendered":"https:\/\/globalsew.com\/?post_type=product&#038;p=97282"},"modified":"2026-02-23T13:40:33","modified_gmt":"2026-02-23T12:40:33","slug":"lf-2381-aut","status":"publish","type":"product","link":"https:\/\/globalsew.com\/fr\/product\/lf-2381-aut\/","title":{"rendered":"S\u00e9rie LF 2380 AUT"},"content":{"rendered":"<div class=\"wpb-content-wrapper\"><div class=\"vc_row wpb_row vc_row-fluid\"><div class=\"wpb_column vc_column_container vc_col-sm-12\"><div class=\"vc_column-inner\"><div class=\"wpb_wrapper\">\n\t<div class=\"wpb_text_column wpb_content_element\" >\n\t\t<div class=\"wpb_wrapper\">\n\t\t\t<p><strong>LF 2381 AUT<\/strong><br \/>\nMachine \u00e0 plat \u00e0 une aiguille \u00e0 grande vitesse. Enti\u00e8rement \u00e9lectrique et enti\u00e8rement automatique avec trois moteurs pas \u00e0 pas, entra\u00eenant l'entra\u00eenement de la roue, l'entra\u00eenement de l'aiguille et le presseur \u00e0 rouleau sup\u00e9rieur. Le point est r\u00e9gl\u00e9 \u00e9lectroniquement, ce qui rend la longueur du point et le point invers\u00e9 dans le point pr\u00e9cis et de la plus haute qualit\u00e9. Jusqu'\u00e0 99 programmes peuvent \u00eatre enregistr\u00e9s et transf\u00e9r\u00e9s d'une machine \u00e0 l'autre via USB. Les autres fonctions comprennent un coupe-fil, un releveur de pied et un point d'arr\u00eat automatique.<br \/>\n<strong>LF 2381 LH-AUT<\/strong><br \/>\nIdentique au LF 2381 AUT, mais \u00e9quip\u00e9 d'un grand crochet.<\/p>\n\n\t\t<\/div>\n\t<\/div>\n<\/div><\/div><\/div><\/div>\n<\/div>","protected":false},"excerpt":{"rendered":"<p>Pour les t\u00e9l\u00e9chargements, voir notre page de t\u00e9l\u00e9chargements pour l'application <a class=\"download-link\" href=\"https:\/\/globalsew.com\/fr\/telecharger\/machines-a-chaussures-a-plat-de-la-serie-lf\/\">Machines \u00e0 chaussures \u00e0 plateau<\/a>.<\/p>","protected":false},"featured_media":105439,"template":"","meta":{"_acf_changed":false},"product_brand":[],"product_cat":[21,25,63],"product_tag":[],"class_list":{"0":"post-97282","1":"product","2":"type-product","3":"status-publish","4":"has-post-thumbnail","6":"product_cat-automotive","7":"product_cat-shoes","8":"product_cat-upholstery","9":"tm-has-options","11":"first","12":"instock","13":"shipping-taxable","14":"purchasable","15":"product-type-simple"},"acf":[],"gallery_images":[105731,105440,105441,105438,105437],"yoast_head":"<!-- This site is optimized with the Yoast SEO plugin v27.3 - https:\/\/yoast.com\/product\/yoast-seo-wordpress\/ -->\n<title>LF 2380 AUT series - Global International B.V.<\/title>\n<meta name=\"robots\" content=\"index, follow, max-snippet:-1, max-image-preview:large, max-video-preview:-1\" \/>\n<link rel=\"canonical\" href=\"https:\/\/globalsew.com\/fr\/produit\/lf-2381-aut\/\" \/>\n<meta property=\"og:locale\" content=\"fr_FR\" \/>\n<meta property=\"og:type\" content=\"article\" \/>\n<meta property=\"og:title\" content=\"LF 2380 AUT series - Global International B.V.\" \/>\n<meta property=\"og:description\" content=\"For downloads see our downloads page for the Flatbed shoe machines.\" \/>\n<meta property=\"og:url\" content=\"https:\/\/globalsew.com\/fr\/produit\/lf-2381-aut\/\" \/>\n<meta property=\"og:site_name\" content=\"Global International B.V.\" \/>\n<meta property=\"article:modified_time\" content=\"2026-02-23T12:40:33+00:00\" \/>\n<meta property=\"og:image\" content=\"https:\/\/globalsew.com\/wp-content\/uploads\/2023\/01\/products-LF-2381-AUT-493-global-1080-website-2024.jpg\" \/>\n\t<meta property=\"og:image:width\" content=\"1819\" \/>\n\t<meta property=\"og:image:height\" content=\"1080\" \/>\n\t<meta property=\"og:image:type\" content=\"image\/jpeg\" \/>\n<meta name=\"twitter:card\" content=\"summary_large_image\" \/>\n<meta name=\"twitter:label1\" content=\"Dur\u00e9e de lecture estim\u00e9e\" \/>\n\t<meta name=\"twitter:data1\" content=\"1 minute\" \/>\n<script type=\"application\/ld+json\" class=\"yoast-schema-graph\">{\"@context\":\"https:\\\/\\\/schema.org\",\"@graph\":[{\"@type\":\"WebPage\",\"@id\":\"https:\\\/\\\/globalsew.com\\\/product\\\/lf-2381-aut\\\/\",\"url\":\"https:\\\/\\\/globalsew.com\\\/product\\\/lf-2381-aut\\\/\",\"name\":\"LF 2380 AUT series - Global International B.V.\",\"isPartOf\":{\"@id\":\"https:\\\/\\\/globalsew.com\\\/#website\"},\"primaryImageOfPage\":{\"@id\":\"https:\\\/\\\/globalsew.com\\\/product\\\/lf-2381-aut\\\/#primaryimage\"},\"image\":{\"@id\":\"https:\\\/\\\/globalsew.com\\\/product\\\/lf-2381-aut\\\/#primaryimage\"},\"thumbnailUrl\":\"https:\\\/\\\/globalsew.com\\\/wp-content\\\/uploads\\\/2023\\\/01\\\/products-LF-2381-AUT-493-global-1080-website-2024.jpg\",\"datePublished\":\"2023-01-23T12:58:00+00:00\",\"dateModified\":\"2026-02-23T12:40:33+00:00\",\"breadcrumb\":{\"@id\":\"https:\\\/\\\/globalsew.com\\\/product\\\/lf-2381-aut\\\/#breadcrumb\"},\"inLanguage\":\"fr-FR\",\"potentialAction\":[{\"@type\":\"ReadAction\",\"target\":[\"https:\\\/\\\/globalsew.com\\\/product\\\/lf-2381-aut\\\/\"]}]},{\"@type\":\"ImageObject\",\"inLanguage\":\"fr-FR\",\"@id\":\"https:\\\/\\\/globalsew.com\\\/product\\\/lf-2381-aut\\\/#primaryimage\",\"url\":\"https:\\\/\\\/globalsew.com\\\/wp-content\\\/uploads\\\/2023\\\/01\\\/products-LF-2381-AUT-493-global-1080-website-2024.jpg\",\"contentUrl\":\"https:\\\/\\\/globalsew.com\\\/wp-content\\\/uploads\\\/2023\\\/01\\\/products-LF-2381-AUT-493-global-1080-website-2024.jpg\",\"width\":1819,\"height\":1080,\"caption\":\"LF 2381 AUT\"},{\"@type\":\"BreadcrumbList\",\"@id\":\"https:\\\/\\\/globalsew.com\\\/product\\\/lf-2381-aut\\\/#breadcrumb\",\"itemListElement\":[{\"@type\":\"ListItem\",\"position\":1,\"name\":\"Home\",\"item\":\"https:\\\/\\\/globalsew.com\\\/\"},{\"@type\":\"ListItem\",\"position\":2,\"name\":\"Products\",\"item\":\"https:\\\/\\\/globalsew.com\\\/products\\\/\"},{\"@type\":\"ListItem\",\"position\":3,\"name\":\"LF 2380 AUT series\"}]},{\"@type\":\"WebSite\",\"@id\":\"https:\\\/\\\/globalsew.com\\\/#website\",\"url\":\"https:\\\/\\\/globalsew.com\\\/\",\"name\":\"Global International B.V.\",\"description\":\"Industrial Sewing Machines\",\"potentialAction\":[{\"@type\":\"SearchAction\",\"target\":{\"@type\":\"EntryPoint\",\"urlTemplate\":\"https:\\\/\\\/globalsew.com\\\/?s={search_term_string}\"},\"query-input\":{\"@type\":\"PropertyValueSpecification\",\"valueRequired\":true,\"valueName\":\"search_term_string\"}}],\"inLanguage\":\"fr-FR\"}]}<\/script>\n<!-- \/ Yoast SEO plugin. -->","yoast_head_json":{"title":"S\u00e9rie LF 2380 AUT - Global International B.V.","robots":{"index":"index","follow":"follow","max-snippet":"max-snippet:-1","max-image-preview":"max-image-preview:large","max-video-preview":"max-video-preview:-1"},"canonical":"https:\/\/globalsew.com\/fr\/produit\/lf-2381-aut\/","og_locale":"fr_FR","og_type":"article","og_title":"LF 2380 AUT series - Global International B.V.","og_description":"For downloads see our downloads page for the Flatbed shoe machines.","og_url":"https:\/\/globalsew.com\/fr\/produit\/lf-2381-aut\/","og_site_name":"Global International B.V.","article_modified_time":"2026-02-23T12:40:33+00:00","og_image":[{"width":1819,"height":1080,"url":"https:\/\/globalsew.com\/wp-content\/uploads\/2023\/01\/products-LF-2381-AUT-493-global-1080-website-2024.jpg","type":"image\/jpeg"}],"twitter_card":"summary_large_image","twitter_misc":{"Dur\u00e9e de lecture estim\u00e9e":"1 minute"},"schema":{"@context":"https:\/\/schema.org","@graph":[{"@type":"WebPage","@id":"https:\/\/globalsew.com\/product\/lf-2381-aut\/","url":"https:\/\/globalsew.com\/product\/lf-2381-aut\/","name":"S\u00e9rie LF 2380 AUT - Global International B.V.","isPartOf":{"@id":"https:\/\/globalsew.com\/#website"},"primaryImageOfPage":{"@id":"https:\/\/globalsew.com\/product\/lf-2381-aut\/#primaryimage"},"image":{"@id":"https:\/\/globalsew.com\/product\/lf-2381-aut\/#primaryimage"},"thumbnailUrl":"https:\/\/globalsew.com\/wp-content\/uploads\/2023\/01\/products-LF-2381-AUT-493-global-1080-website-2024.jpg","datePublished":"2023-01-23T12:58:00+00:00","dateModified":"2026-02-23T12:40:33+00:00","breadcrumb":{"@id":"https:\/\/globalsew.com\/product\/lf-2381-aut\/#breadcrumb"},"inLanguage":"fr-FR","potentialAction":[{"@type":"ReadAction","target":["https:\/\/globalsew.com\/product\/lf-2381-aut\/"]}]},{"@type":"ImageObject","inLanguage":"fr-FR","@id":"https:\/\/globalsew.com\/product\/lf-2381-aut\/#primaryimage","url":"https:\/\/globalsew.com\/wp-content\/uploads\/2023\/01\/products-LF-2381-AUT-493-global-1080-website-2024.jpg","contentUrl":"https:\/\/globalsew.com\/wp-content\/uploads\/2023\/01\/products-LF-2381-AUT-493-global-1080-website-2024.jpg","width":1819,"height":1080,"caption":"LF 2381 AUT"},{"@type":"BreadcrumbList","@id":"https:\/\/globalsew.com\/product\/lf-2381-aut\/#breadcrumb","itemListElement":[{"@type":"ListItem","position":1,"name":"Home","item":"https:\/\/globalsew.com\/"},{"@type":"ListItem","position":2,"name":"Products","item":"https:\/\/globalsew.com\/products\/"},{"@type":"ListItem","position":3,"name":"LF 2380 AUT series"}]},{"@type":"WebSite","@id":"https:\/\/globalsew.com\/#website","url":"https:\/\/globalsew.com\/","name":"Global International B.V.","description":"Machines \u00e0 coudre industrielles","potentialAction":[{"@type":"SearchAction","target":{"@type":"EntryPoint","urlTemplate":"https:\/\/globalsew.com\/?s={search_term_string}"},"query-input":{"@type":"PropertyValueSpecification","valueRequired":true,"valueName":"search_term_string"}}],"inLanguage":"fr-FR"}]}},"_links":{"self":[{"href":"https:\/\/globalsew.com\/fr\/wp-json\/wp\/v2\/product\/97282","targetHints":{"allow":["GET"]}}],"collection":[{"href":"https:\/\/globalsew.com\/fr\/wp-json\/wp\/v2\/product"}],"about":[{"href":"https:\/\/globalsew.com\/fr\/wp-json\/wp\/v2\/types\/product"}],"wp:featuredmedia":[{"embeddable":true,"href":"https:\/\/globalsew.com\/fr\/wp-json\/wp\/v2\/media\/105439"}],"wp:attachment":[{"href":"https:\/\/globalsew.com\/fr\/wp-json\/wp\/v2\/media?parent=97282"}],"wp:term":[{"taxonomy":"product_brand","embeddable":true,"href":"https:\/\/globalsew.com\/fr\/wp-json\/wp\/v2\/product_brand?post=97282"},{"taxonomy":"product_cat","embeddable":true,"href":"https:\/\/globalsew.com\/fr\/wp-json\/wp\/v2\/product_cat?post=97282"},{"taxonomy":"product_tag","embeddable":true,"href":"https:\/\/globalsew.com\/fr\/wp-json\/wp\/v2\/product_tag?post=97282"}],"curies":[{"name":"wp","href":"https:\/\/api.w.org\/{rel}","templated":true}]}}