{"id":96750,"date":"2022-03-01T12:26:33","date_gmt":"2022-03-01T11:26:33","guid":{"rendered":"https:\/\/globalsew.com\/?post_type=product&#038;p=96750"},"modified":"2024-05-22T09:55:28","modified_gmt":"2024-05-22T07:55:28","slug":"global-wf-1767-aut","status":"publish","type":"product","link":"https:\/\/globalsew.com\/fr\/product\/global-wf-1767-aut\/","title":{"rendered":"Global WF 1767 AUT"},"content":{"rendered":"","protected":false},"excerpt":{"rendered":"<p>Machine industrielle \u00e0 pied plat \u00e0 grande vitesse, une aiguille, enti\u00e8rement automatique. Relevage du pied presseur avec r\u00e9glage rapide de la course et deuxi\u00e8me longueur de point int\u00e9gr\u00e9e pour les op\u00e9rations d'assemblage et de surpiq\u00fbre pour les tissus d'ameublement. Avec servomoteur Efka DC 1550-321G (220 V, 750 Watt).<\/p>","protected":false},"featured_media":96751,"template":"","meta":{"_acf_changed":false},"product_brand":[],"product_cat":[348,351,317],"product_tag":[],"class_list":{"0":"post-96750","1":"product","2":"type-product","3":"status-publish","4":"has-post-thumbnail","6":"product_cat-global","7":"product_cat-new-arrivals","8":"product_cat-used-products","9":"tm-no-options","11":"first","12":"instock","13":"shipping-taxable","14":"purchasable","15":"product-type-simple"},"acf":[],"gallery_images":[96752],"yoast_head":"<!-- This site is optimized with the Yoast SEO plugin v27.3 - https:\/\/yoast.com\/product\/yoast-seo-wordpress\/ -->\n<title>Global WF 1767 AUT - Global International B.V.<\/title>\n<meta name=\"robots\" content=\"index, follow, max-snippet:-1, max-image-preview:large, max-video-preview:-1\" \/>\n<link rel=\"canonical\" href=\"https:\/\/globalsew.com\/fr\/produit\/global-wf-1767-aut\/\" \/>\n<meta property=\"og:locale\" content=\"fr_FR\" \/>\n<meta property=\"og:type\" content=\"article\" \/>\n<meta property=\"og:title\" content=\"Global WF 1767 AUT - Global International B.V.\" \/>\n<meta property=\"og:description\" content=\"Industrial high speed single needle flatbed walking foot machine, fully automatic. Presser foot lifter with quick stroke adjustment and integrated second stitch length for assembly and top stitching operations for upholstery. With Efka DC 1550-321G (220 V, 750 Watt) servomotor\" \/>\n<meta property=\"og:url\" content=\"https:\/\/globalsew.com\/fr\/produit\/global-wf-1767-aut\/\" \/>\n<meta property=\"og:site_name\" content=\"Global International B.V.\" \/>\n<meta property=\"article:modified_time\" content=\"2024-05-22T07:55:28+00:00\" \/>\n<meta property=\"og:image\" content=\"https:\/\/globalsew.com\/wp-content\/uploads\/2022\/03\/IMG_7383.jpg\" \/>\n\t<meta property=\"og:image:width\" content=\"640\" \/>\n\t<meta property=\"og:image:height\" content=\"480\" \/>\n\t<meta property=\"og:image:type\" content=\"image\/jpeg\" \/>\n<meta name=\"twitter:card\" content=\"summary_large_image\" \/>\n<script type=\"application\/ld+json\" class=\"yoast-schema-graph\">{\"@context\":\"https:\\\/\\\/schema.org\",\"@graph\":[{\"@type\":\"WebPage\",\"@id\":\"https:\\\/\\\/globalsew.com\\\/product\\\/global-wf-1767-aut\\\/\",\"url\":\"https:\\\/\\\/globalsew.com\\\/product\\\/global-wf-1767-aut\\\/\",\"name\":\"Global WF 1767 AUT - Global International B.V.\",\"isPartOf\":{\"@id\":\"https:\\\/\\\/globalsew.com\\\/#website\"},\"primaryImageOfPage\":{\"@id\":\"https:\\\/\\\/globalsew.com\\\/product\\\/global-wf-1767-aut\\\/#primaryimage\"},\"image\":{\"@id\":\"https:\\\/\\\/globalsew.com\\\/product\\\/global-wf-1767-aut\\\/#primaryimage\"},\"thumbnailUrl\":\"https:\\\/\\\/globalsew.com\\\/wp-content\\\/uploads\\\/2022\\\/03\\\/IMG_7383.jpg\",\"datePublished\":\"2022-03-01T11:26:33+00:00\",\"dateModified\":\"2024-05-22T07:55:28+00:00\",\"breadcrumb\":{\"@id\":\"https:\\\/\\\/globalsew.com\\\/product\\\/global-wf-1767-aut\\\/#breadcrumb\"},\"inLanguage\":\"fr-FR\",\"potentialAction\":[{\"@type\":\"ReadAction\",\"target\":[\"https:\\\/\\\/globalsew.com\\\/product\\\/global-wf-1767-aut\\\/\"]}]},{\"@type\":\"ImageObject\",\"inLanguage\":\"fr-FR\",\"@id\":\"https:\\\/\\\/globalsew.com\\\/product\\\/global-wf-1767-aut\\\/#primaryimage\",\"url\":\"https:\\\/\\\/globalsew.com\\\/wp-content\\\/uploads\\\/2022\\\/03\\\/IMG_7383.jpg\",\"contentUrl\":\"https:\\\/\\\/globalsew.com\\\/wp-content\\\/uploads\\\/2022\\\/03\\\/IMG_7383.jpg\",\"width\":640,\"height\":480},{\"@type\":\"BreadcrumbList\",\"@id\":\"https:\\\/\\\/globalsew.com\\\/product\\\/global-wf-1767-aut\\\/#breadcrumb\",\"itemListElement\":[{\"@type\":\"ListItem\",\"position\":1,\"name\":\"Home\",\"item\":\"https:\\\/\\\/globalsew.com\\\/\"},{\"@type\":\"ListItem\",\"position\":2,\"name\":\"Products\",\"item\":\"https:\\\/\\\/globalsew.com\\\/products\\\/\"},{\"@type\":\"ListItem\",\"position\":3,\"name\":\"Global WF 1767 AUT\"}]},{\"@type\":\"WebSite\",\"@id\":\"https:\\\/\\\/globalsew.com\\\/#website\",\"url\":\"https:\\\/\\\/globalsew.com\\\/\",\"name\":\"Global International B.V.\",\"description\":\"Industrial Sewing Machines\",\"potentialAction\":[{\"@type\":\"SearchAction\",\"target\":{\"@type\":\"EntryPoint\",\"urlTemplate\":\"https:\\\/\\\/globalsew.com\\\/?s={search_term_string}\"},\"query-input\":{\"@type\":\"PropertyValueSpecification\",\"valueRequired\":true,\"valueName\":\"search_term_string\"}}],\"inLanguage\":\"fr-FR\"}]}<\/script>\n<!-- \/ Yoast SEO plugin. -->","yoast_head_json":{"title":"Global WF 1767 AUT - Global International B.V.","robots":{"index":"index","follow":"follow","max-snippet":"max-snippet:-1","max-image-preview":"max-image-preview:large","max-video-preview":"max-video-preview:-1"},"canonical":"https:\/\/globalsew.com\/fr\/produit\/global-wf-1767-aut\/","og_locale":"fr_FR","og_type":"article","og_title":"Global WF 1767 AUT - Global International B.V.","og_description":"Industrial high speed single needle flatbed walking foot machine, fully automatic. Presser foot lifter with quick stroke adjustment and integrated second stitch length for assembly and top stitching operations for upholstery. With Efka DC 1550-321G (220 V, 750 Watt) servomotor","og_url":"https:\/\/globalsew.com\/fr\/produit\/global-wf-1767-aut\/","og_site_name":"Global International B.V.","article_modified_time":"2024-05-22T07:55:28+00:00","og_image":[{"width":640,"height":480,"url":"https:\/\/globalsew.com\/wp-content\/uploads\/2022\/03\/IMG_7383.jpg","type":"image\/jpeg"}],"twitter_card":"summary_large_image","schema":{"@context":"https:\/\/schema.org","@graph":[{"@type":"WebPage","@id":"https:\/\/globalsew.com\/product\/global-wf-1767-aut\/","url":"https:\/\/globalsew.com\/product\/global-wf-1767-aut\/","name":"Global WF 1767 AUT - Global International B.V.","isPartOf":{"@id":"https:\/\/globalsew.com\/#website"},"primaryImageOfPage":{"@id":"https:\/\/globalsew.com\/product\/global-wf-1767-aut\/#primaryimage"},"image":{"@id":"https:\/\/globalsew.com\/product\/global-wf-1767-aut\/#primaryimage"},"thumbnailUrl":"https:\/\/globalsew.com\/wp-content\/uploads\/2022\/03\/IMG_7383.jpg","datePublished":"2022-03-01T11:26:33+00:00","dateModified":"2024-05-22T07:55:28+00:00","breadcrumb":{"@id":"https:\/\/globalsew.com\/product\/global-wf-1767-aut\/#breadcrumb"},"inLanguage":"fr-FR","potentialAction":[{"@type":"ReadAction","target":["https:\/\/globalsew.com\/product\/global-wf-1767-aut\/"]}]},{"@type":"ImageObject","inLanguage":"fr-FR","@id":"https:\/\/globalsew.com\/product\/global-wf-1767-aut\/#primaryimage","url":"https:\/\/globalsew.com\/wp-content\/uploads\/2022\/03\/IMG_7383.jpg","contentUrl":"https:\/\/globalsew.com\/wp-content\/uploads\/2022\/03\/IMG_7383.jpg","width":640,"height":480},{"@type":"BreadcrumbList","@id":"https:\/\/globalsew.com\/product\/global-wf-1767-aut\/#breadcrumb","itemListElement":[{"@type":"ListItem","position":1,"name":"Home","item":"https:\/\/globalsew.com\/"},{"@type":"ListItem","position":2,"name":"Products","item":"https:\/\/globalsew.com\/products\/"},{"@type":"ListItem","position":3,"name":"Global WF 1767 AUT"}]},{"@type":"WebSite","@id":"https:\/\/globalsew.com\/#website","url":"https:\/\/globalsew.com\/","name":"Global International B.V.","description":"Machines \u00e0 coudre industrielles","potentialAction":[{"@type":"SearchAction","target":{"@type":"EntryPoint","urlTemplate":"https:\/\/globalsew.com\/?s={search_term_string}"},"query-input":{"@type":"PropertyValueSpecification","valueRequired":true,"valueName":"search_term_string"}}],"inLanguage":"fr-FR"}]}},"_links":{"self":[{"href":"https:\/\/globalsew.com\/fr\/wp-json\/wp\/v2\/product\/96750","targetHints":{"allow":["GET"]}}],"collection":[{"href":"https:\/\/globalsew.com\/fr\/wp-json\/wp\/v2\/product"}],"about":[{"href":"https:\/\/globalsew.com\/fr\/wp-json\/wp\/v2\/types\/product"}],"wp:featuredmedia":[{"embeddable":true,"href":"https:\/\/globalsew.com\/fr\/wp-json\/wp\/v2\/media\/96751"}],"wp:attachment":[{"href":"https:\/\/globalsew.com\/fr\/wp-json\/wp\/v2\/media?parent=96750"}],"wp:term":[{"taxonomy":"product_brand","embeddable":true,"href":"https:\/\/globalsew.com\/fr\/wp-json\/wp\/v2\/product_brand?post=96750"},{"taxonomy":"product_cat","embeddable":true,"href":"https:\/\/globalsew.com\/fr\/wp-json\/wp\/v2\/product_cat?post=96750"},{"taxonomy":"product_tag","embeddable":true,"href":"https:\/\/globalsew.com\/fr\/wp-json\/wp\/v2\/product_tag?post=96750"}],"curies":[{"name":"wp","href":"https:\/\/api.w.org\/{rel}","templated":true}]}}