{"id":96263,"date":"2021-08-27T10:35:09","date_gmt":"2021-08-27T08:35:09","guid":{"rendered":"https:\/\/globalsew.com\/?post_type=product&#038;p=96263"},"modified":"2026-02-05T15:26:28","modified_gmt":"2026-02-05T14:26:28","slug":"bt-600-x-400-n","status":"publish","type":"product","link":"https:\/\/globalsew.com\/fr\/product\/bt-600-x-400-n\/","title":{"rendered":"BT 600 X 400 N"},"content":{"rendered":"<p><strong>BT 600\u00d7400 N<\/strong><br \/>\nCette machine \u00e0 coudre programmable convient \u00e0 la couture de mat\u00e9riaux moyens \/ lourds avec une zone de couture de 600 x 400 mm. La hauteur du releveur de pied-de-biche peut \u00eatre r\u00e9gl\u00e9e par un moteur pas \u00e0 pas.<br \/>\nLes motifs sont programmables sur l'\u00e9cran tactile convivial. Les pinces gauche et droite peuvent \u00eatre programm\u00e9es pour descendre ind\u00e9pendamment. La machine est livr\u00e9e avec un plateau, un support et un mini-moteur servo \u00e0 entra\u00eenement direct. La vitesse maximale de la machine est de 2000 spm. La machine est \u00e9quip\u00e9e d'un lecteur de code-barres, d'un d\u00e9clencheur rapide, de capteurs de rupture de fil, d'une deuxi\u00e8me tension et d'un refroidissement de l'aiguille (avec presseur \u00e0 bras).<\/p>\n<p>&nbsp;<\/p>\n<p style=\"padding-left: 40px;\"><img fetchpriority=\"high\" decoding=\"async\" class=\"alignleft wp-image-95401\" src=\"https:\/\/globalsew.com\/wp-content\/uploads\/2020\/03\/BT-SOFTWARE-DAHAO-GLOBAL-1-1024x603.jpg\" alt=\"\" width=\"355\" height=\"209\" srcset=\"https:\/\/globalsew.com\/wp-content\/uploads\/2020\/03\/BT-SOFTWARE-DAHAO-GLOBAL-1-1024x603.jpg 1024w, https:\/\/globalsew.com\/wp-content\/uploads\/2020\/03\/BT-SOFTWARE-DAHAO-GLOBAL-1-1080x636.jpg 1080w, https:\/\/globalsew.com\/wp-content\/uploads\/2020\/03\/BT-SOFTWARE-DAHAO-GLOBAL-1-555x327.jpg 555w, https:\/\/globalsew.com\/wp-content\/uploads\/2020\/03\/BT-SOFTWARE-DAHAO-GLOBAL-1-300x177.jpg 300w, https:\/\/globalsew.com\/wp-content\/uploads\/2020\/03\/BT-SOFTWARE-DAHAO-GLOBAL-1-768x452.jpg 768w, https:\/\/globalsew.com\/wp-content\/uploads\/2020\/03\/BT-SOFTWARE-DAHAO-GLOBAL-1-205x121.jpg 205w, https:\/\/globalsew.com\/wp-content\/uploads\/2020\/03\/BT-SOFTWARE-DAHAO-GLOBAL-1.jpg 1417w\" sizes=\"(max-width: 355px) 100vw, 355px\" \/><img decoding=\"async\" class=\"wp-image-95338 alignright\" src=\"https:\/\/globalsew.com\/wp-content\/uploads\/2020\/03\/bt-panel-pc-global-m-300x180.jpg\" alt=\"\" width=\"299\" height=\"180\" srcset=\"https:\/\/globalsew.com\/wp-content\/uploads\/2020\/03\/bt-panel-pc-global-m-300x180.jpg 300w, https:\/\/globalsew.com\/wp-content\/uploads\/2020\/03\/bt-panel-pc-global-m-205x123.jpg 205w, https:\/\/globalsew.com\/wp-content\/uploads\/2020\/03\/bt-panel-pc-global-m.jpg 369w\" sizes=\"(max-width: 299px) 100vw, 299px\" \/><\/p>\n<p style=\"text-align: left;\">Dahao Technologies vous permet de concevoir et de modifier des motifs \u00e0 la fois sur l'\u00e9cran tactile facile \u00e0 utiliser et par logiciel, qui peut \u00eatre directement t\u00e9l\u00e9charg\u00e9 par USB. La machine peut lire : <span style=\"font-size: 10pt;\"><strong>Fichiers .DXF .NSP .DST .SEW .EMB<\/strong><\/span><\/p>\n<p><a href=\"https:\/\/globalsew.com\/fr\/dahao\/\"><img decoding=\"async\" class=\"alignnone wp-image-95625\" src=\"https:\/\/globalsew.com\/wp-content\/uploads\/2020\/03\/BANNER-TEST2-GLOBAL-DAHOA.jpg\" alt=\"\" width=\"176\" height=\"51\" srcset=\"https:\/\/globalsew.com\/wp-content\/uploads\/2020\/03\/BANNER-TEST2-GLOBAL-DAHOA.jpg 789w, https:\/\/globalsew.com\/wp-content\/uploads\/2020\/03\/BANNER-TEST2-GLOBAL-DAHOA-555x160.jpg 555w, https:\/\/globalsew.com\/wp-content\/uploads\/2020\/03\/BANNER-TEST2-GLOBAL-DAHOA-300x87.jpg 300w, https:\/\/globalsew.com\/wp-content\/uploads\/2020\/03\/BANNER-TEST2-GLOBAL-DAHOA-768x222.jpg 768w, https:\/\/globalsew.com\/wp-content\/uploads\/2020\/03\/BANNER-TEST2-GLOBAL-DAHOA-205x59.jpg 205w\" sizes=\"(max-width: 176px) 100vw, 176px\" \/><\/a><\/p>","protected":false},"excerpt":{"rendered":"<p>Pour les t\u00e9l\u00e9chargements, voir notre page de t\u00e9l\u00e9chargements pour l'application <a href=\"https:\/\/globalsew.com\/fr\/telecharger\/machines-a-coudre-electroniques-de-la-serie-bt-machines-a-coudre-a-patron-programmable-depliants-uniquement\/\">S\u00e9rie BT<\/a>.<\/p>\n<p>&nbsp;<\/p>\n<p>Les sp\u00e9cifications du produit BT 600x400N sont les suivantes :<\/p>\n<ul>\n<li>Table compl\u00e8te, support et moteur<\/li>\n<li>Vitesse de la machine : Max. 2000 SPM<\/li>\n<li>Syst\u00e8me d'alimentation : par moteur \u00e0 impulsion (X-Y)<\/li>\n<li>Type de crochet : crochet de grande capacit\u00e9<\/li>\n<li>Longueur de point : max 10 mm<\/li>\n<li>Lev\u00e9e du pied presseur : max 16 mm<\/li>\n<li>Lev\u00e9e de la pince : jusqu'\u00e0 22 mm (pneumatique)<\/li>\n<li>Type d'aiguille : DPx17<\/li>\n<li>Plage de couture : 600 x 400 mm<\/li>\n<li>Source d'alimentation : 240 V, 1 phase, 50 - 60 Hz, servomoteur AC \u00e0 entra\u00eenement direct<\/li>\n<\/ul>","protected":false},"featured_media":105435,"template":"","meta":{"_acf_changed":false},"product_brand":[],"product_cat":[157,97,122,25,63],"product_tag":[],"class_list":{"0":"post-96263","1":"product","2":"type-product","3":"status-publish","4":"has-post-thumbnail","6":"product_cat-pattern-sewing-machines-upholstery","7":"product_cat-pattern-sewing-machines","8":"product_cat-shoe-machines","9":"product_cat-shoes","10":"product_cat-upholstery","11":"tm-has-options","13":"first","14":"instock","15":"shipping-taxable","16":"purchasable","17":"product-type-simple"},"acf":[],"gallery_images":[105435,105718,105436,105433,105432,105431,105430],"yoast_head":"<!-- This site is optimized with the Yoast SEO plugin v27.3 - https:\/\/yoast.com\/product\/yoast-seo-wordpress\/ -->\n<title>BT 600 X 400 N - Global International B.V.<\/title>\n<meta name=\"robots\" content=\"index, follow, max-snippet:-1, max-image-preview:large, max-video-preview:-1\" \/>\n<link rel=\"canonical\" href=\"https:\/\/globalsew.com\/fr\/produit\/bt-600-x-400-n\/\" \/>\n<meta property=\"og:locale\" content=\"fr_FR\" \/>\n<meta property=\"og:type\" content=\"article\" \/>\n<meta property=\"og:title\" content=\"BT 600 X 400 N - Global International B.V.\" \/>\n<meta property=\"og:description\" content=\"For downloads see our downloads page for the BT Series.  &nbsp;  The product specifications for the BT 600x400N are:   Complete table, stand and motor  Machine speed: Max. 2000 SPM  Feeding system: by pulse motor (X-Y)  Hook type: large capacity hook  Stitch length: max 10 mm  Presser foot lift: max 16 mm  Clamp lift: up to 22 mm (pneumatic)  Needle type: DPx17  Sewing range: 600 x 400 mm  Power source: 240 V,\u00a0 1 phase, 50 - 60 Hz, direct drive AC servomotor\" \/>\n<meta property=\"og:url\" content=\"https:\/\/globalsew.com\/fr\/produit\/bt-600-x-400-n\/\" \/>\n<meta property=\"og:site_name\" content=\"Global International B.V.\" \/>\n<meta property=\"article:modified_time\" content=\"2026-02-05T14:26:28+00:00\" \/>\n<meta property=\"og:image\" content=\"https:\/\/globalsew.com\/wp-content\/uploads\/2021\/08\/products-BT-600X400-421-global-1080-website-2024.jpg\" \/>\n\t<meta property=\"og:image:width\" content=\"1819\" \/>\n\t<meta property=\"og:image:height\" content=\"1080\" \/>\n\t<meta property=\"og:image:type\" content=\"image\/jpeg\" \/>\n<meta name=\"twitter:card\" content=\"summary_large_image\" \/>\n<meta name=\"twitter:label1\" content=\"Dur\u00e9e de lecture estim\u00e9e\" \/>\n\t<meta name=\"twitter:data1\" content=\"2 minutes\" \/>\n<script type=\"application\/ld+json\" class=\"yoast-schema-graph\">{\"@context\":\"https:\\\/\\\/schema.org\",\"@graph\":[{\"@type\":\"WebPage\",\"@id\":\"https:\\\/\\\/globalsew.com\\\/product\\\/bt-600-x-400-n\\\/\",\"url\":\"https:\\\/\\\/globalsew.com\\\/product\\\/bt-600-x-400-n\\\/\",\"name\":\"BT 600 X 400 N - Global International B.V.\",\"isPartOf\":{\"@id\":\"https:\\\/\\\/globalsew.com\\\/#website\"},\"primaryImageOfPage\":{\"@id\":\"https:\\\/\\\/globalsew.com\\\/product\\\/bt-600-x-400-n\\\/#primaryimage\"},\"image\":{\"@id\":\"https:\\\/\\\/globalsew.com\\\/product\\\/bt-600-x-400-n\\\/#primaryimage\"},\"thumbnailUrl\":\"https:\\\/\\\/globalsew.com\\\/wp-content\\\/uploads\\\/2021\\\/08\\\/products-BT-600X400-421-global-1080-website-2024.jpg\",\"datePublished\":\"2021-08-27T08:35:09+00:00\",\"dateModified\":\"2026-02-05T14:26:28+00:00\",\"breadcrumb\":{\"@id\":\"https:\\\/\\\/globalsew.com\\\/product\\\/bt-600-x-400-n\\\/#breadcrumb\"},\"inLanguage\":\"fr-FR\",\"potentialAction\":[{\"@type\":\"ReadAction\",\"target\":[\"https:\\\/\\\/globalsew.com\\\/product\\\/bt-600-x-400-n\\\/\"]}]},{\"@type\":\"ImageObject\",\"inLanguage\":\"fr-FR\",\"@id\":\"https:\\\/\\\/globalsew.com\\\/product\\\/bt-600-x-400-n\\\/#primaryimage\",\"url\":\"https:\\\/\\\/globalsew.com\\\/wp-content\\\/uploads\\\/2021\\\/08\\\/products-BT-600X400-421-global-1080-website-2024.jpg\",\"contentUrl\":\"https:\\\/\\\/globalsew.com\\\/wp-content\\\/uploads\\\/2021\\\/08\\\/products-BT-600X400-421-global-1080-website-2024.jpg\",\"width\":1819,\"height\":1080,\"caption\":\"BT 600x400N\"},{\"@type\":\"BreadcrumbList\",\"@id\":\"https:\\\/\\\/globalsew.com\\\/product\\\/bt-600-x-400-n\\\/#breadcrumb\",\"itemListElement\":[{\"@type\":\"ListItem\",\"position\":1,\"name\":\"Home\",\"item\":\"https:\\\/\\\/globalsew.com\\\/\"},{\"@type\":\"ListItem\",\"position\":2,\"name\":\"Products\",\"item\":\"https:\\\/\\\/globalsew.com\\\/products\\\/\"},{\"@type\":\"ListItem\",\"position\":3,\"name\":\"BT 600 X 400 N\"}]},{\"@type\":\"WebSite\",\"@id\":\"https:\\\/\\\/globalsew.com\\\/#website\",\"url\":\"https:\\\/\\\/globalsew.com\\\/\",\"name\":\"Global International B.V.\",\"description\":\"Industrial Sewing Machines\",\"potentialAction\":[{\"@type\":\"SearchAction\",\"target\":{\"@type\":\"EntryPoint\",\"urlTemplate\":\"https:\\\/\\\/globalsew.com\\\/?s={search_term_string}\"},\"query-input\":{\"@type\":\"PropertyValueSpecification\",\"valueRequired\":true,\"valueName\":\"search_term_string\"}}],\"inLanguage\":\"fr-FR\"}]}<\/script>\n<!-- \/ Yoast SEO plugin. -->","yoast_head_json":{"title":"BT 600 X 400 N - Global International B.V.","robots":{"index":"index","follow":"follow","max-snippet":"max-snippet:-1","max-image-preview":"max-image-preview:large","max-video-preview":"max-video-preview:-1"},"canonical":"https:\/\/globalsew.com\/fr\/produit\/bt-600-x-400-n\/","og_locale":"fr_FR","og_type":"article","og_title":"BT 600 X 400 N - Global International B.V.","og_description":"For downloads see our downloads page for the BT Series.  &nbsp;  The product specifications for the BT 600x400N are:   Complete table, stand and motor  Machine speed: Max. 2000 SPM  Feeding system: by pulse motor (X-Y)  Hook type: large capacity hook  Stitch length: max 10 mm  Presser foot lift: max 16 mm  Clamp lift: up to 22 mm (pneumatic)  Needle type: DPx17  Sewing range: 600 x 400 mm  Power source: 240 V,\u00a0 1 phase, 50 - 60 Hz, direct drive AC servomotor","og_url":"https:\/\/globalsew.com\/fr\/produit\/bt-600-x-400-n\/","og_site_name":"Global International B.V.","article_modified_time":"2026-02-05T14:26:28+00:00","og_image":[{"width":1819,"height":1080,"url":"https:\/\/globalsew.com\/wp-content\/uploads\/2021\/08\/products-BT-600X400-421-global-1080-website-2024.jpg","type":"image\/jpeg"}],"twitter_card":"summary_large_image","twitter_misc":{"Dur\u00e9e de lecture estim\u00e9e":"2 minutes"},"schema":{"@context":"https:\/\/schema.org","@graph":[{"@type":"WebPage","@id":"https:\/\/globalsew.com\/product\/bt-600-x-400-n\/","url":"https:\/\/globalsew.com\/product\/bt-600-x-400-n\/","name":"BT 600 X 400 N - Global International B.V.","isPartOf":{"@id":"https:\/\/globalsew.com\/#website"},"primaryImageOfPage":{"@id":"https:\/\/globalsew.com\/product\/bt-600-x-400-n\/#primaryimage"},"image":{"@id":"https:\/\/globalsew.com\/product\/bt-600-x-400-n\/#primaryimage"},"thumbnailUrl":"https:\/\/globalsew.com\/wp-content\/uploads\/2021\/08\/products-BT-600X400-421-global-1080-website-2024.jpg","datePublished":"2021-08-27T08:35:09+00:00","dateModified":"2026-02-05T14:26:28+00:00","breadcrumb":{"@id":"https:\/\/globalsew.com\/product\/bt-600-x-400-n\/#breadcrumb"},"inLanguage":"fr-FR","potentialAction":[{"@type":"ReadAction","target":["https:\/\/globalsew.com\/product\/bt-600-x-400-n\/"]}]},{"@type":"ImageObject","inLanguage":"fr-FR","@id":"https:\/\/globalsew.com\/product\/bt-600-x-400-n\/#primaryimage","url":"https:\/\/globalsew.com\/wp-content\/uploads\/2021\/08\/products-BT-600X400-421-global-1080-website-2024.jpg","contentUrl":"https:\/\/globalsew.com\/wp-content\/uploads\/2021\/08\/products-BT-600X400-421-global-1080-website-2024.jpg","width":1819,"height":1080,"caption":"BT 600x400N"},{"@type":"BreadcrumbList","@id":"https:\/\/globalsew.com\/product\/bt-600-x-400-n\/#breadcrumb","itemListElement":[{"@type":"ListItem","position":1,"name":"Home","item":"https:\/\/globalsew.com\/"},{"@type":"ListItem","position":2,"name":"Products","item":"https:\/\/globalsew.com\/products\/"},{"@type":"ListItem","position":3,"name":"BT 600 X 400 N"}]},{"@type":"WebSite","@id":"https:\/\/globalsew.com\/#website","url":"https:\/\/globalsew.com\/","name":"Global International B.V.","description":"Machines \u00e0 coudre industrielles","potentialAction":[{"@type":"SearchAction","target":{"@type":"EntryPoint","urlTemplate":"https:\/\/globalsew.com\/?s={search_term_string}"},"query-input":{"@type":"PropertyValueSpecification","valueRequired":true,"valueName":"search_term_string"}}],"inLanguage":"fr-FR"}]}},"_links":{"self":[{"href":"https:\/\/globalsew.com\/fr\/wp-json\/wp\/v2\/product\/96263","targetHints":{"allow":["GET"]}}],"collection":[{"href":"https:\/\/globalsew.com\/fr\/wp-json\/wp\/v2\/product"}],"about":[{"href":"https:\/\/globalsew.com\/fr\/wp-json\/wp\/v2\/types\/product"}],"wp:featuredmedia":[{"embeddable":true,"href":"https:\/\/globalsew.com\/fr\/wp-json\/wp\/v2\/media\/105435"}],"wp:attachment":[{"href":"https:\/\/globalsew.com\/fr\/wp-json\/wp\/v2\/media?parent=96263"}],"wp:term":[{"taxonomy":"product_brand","embeddable":true,"href":"https:\/\/globalsew.com\/fr\/wp-json\/wp\/v2\/product_brand?post=96263"},{"taxonomy":"product_cat","embeddable":true,"href":"https:\/\/globalsew.com\/fr\/wp-json\/wp\/v2\/product_cat?post=96263"},{"taxonomy":"product_tag","embeddable":true,"href":"https:\/\/globalsew.com\/fr\/wp-json\/wp\/v2\/product_tag?post=96263"}],"curies":[{"name":"wp","href":"https:\/\/api.w.org\/{rel}","templated":true}]}}