{"id":96076,"date":"2021-03-19T11:37:51","date_gmt":"2021-03-19T10:37:51","guid":{"rendered":"https:\/\/globalsew.com\/?post_type=product&#038;p=96076"},"modified":"2025-09-29T15:11:23","modified_gmt":"2025-09-29T13:11:23","slug":"serie-lp-2881","status":"publish","type":"product","link":"https:\/\/globalsew.com\/fr\/product\/lp-2881-series\/","title":{"rendered":"S\u00e9rie LP 2880"},"content":{"rendered":"<p><img fetchpriority=\"high\" decoding=\"async\" class=\"alignnone size-full wp-image-96085\" src=\"https:\/\/globalsew.com\/wp-content\/uploads\/2021\/03\/2881-banner-product-websites-global.jpg\" alt=\"\" width=\"786\" height=\"269\" srcset=\"https:\/\/globalsew.com\/wp-content\/uploads\/2021\/03\/2881-banner-product-websites-global.jpg 786w, https:\/\/globalsew.com\/wp-content\/uploads\/2021\/03\/2881-banner-product-websites-global-555x190.jpg 555w, https:\/\/globalsew.com\/wp-content\/uploads\/2021\/03\/2881-banner-product-websites-global-300x103.jpg 300w, https:\/\/globalsew.com\/wp-content\/uploads\/2021\/03\/2881-banner-product-websites-global-768x263.jpg 768w, https:\/\/globalsew.com\/wp-content\/uploads\/2021\/03\/2881-banner-product-websites-global-205x70.jpg 205w\" sizes=\"(max-width: 786px) 100vw, 786px\" \/><\/p>\n<p><strong>LP 2881 - AUT<br \/>\n<\/strong><img decoding=\"async\" class=\"alignnone size-full wp-image-95492\" src=\"https:\/\/globalsew.com\/wp-content\/uploads\/2017\/03\/ICONS-WEB-STANDARD-LP-8971-AUT-01GLOBAL-M.jpg\" alt=\"\" width=\"344\" height=\"48\" srcset=\"https:\/\/globalsew.com\/wp-content\/uploads\/2017\/03\/ICONS-WEB-STANDARD-LP-8971-AUT-01GLOBAL-M.jpg 344w, https:\/\/globalsew.com\/wp-content\/uploads\/2017\/03\/ICONS-WEB-STANDARD-LP-8971-AUT-01GLOBAL-M-300x42.jpg 300w, https:\/\/globalsew.com\/wp-content\/uploads\/2017\/03\/ICONS-WEB-STANDARD-LP-8971-AUT-01GLOBAL-M-205x29.jpg 205w\" sizes=\"(max-width: 344px) 100vw, 344px\" \/><\/p>\n<p>Machine \u00e0 coudre \u00e0 colonne \u00e0 une aiguille \u00e0 grande vitesse. Enti\u00e8rement \u00e9lectrique et enti\u00e8rement automatique avec trois moteurs pas \u00e0 pas, entra\u00eenant l'entra\u00eenement de la roue, l'entra\u00eenement de l'aiguille et le presseur \u00e0 rouleau sup\u00e9rieur. Le point est r\u00e9gl\u00e9 \u00e9lectroniquement, ce qui rend la longueur du point et le point invers\u00e9 dans le point pr\u00e9cis et de la plus haute qualit\u00e9. Jusqu'\u00e0 99 programmes peuvent \u00eatre enregistr\u00e9s et transf\u00e9r\u00e9s d'une machine \u00e0 l'autre via USB. Les autres caract\u00e9ristiques comprennent le coupe-fil, le releveur de pied et le point d'arr\u00eat automatique.<\/p>\n<p>&nbsp;<\/p>\n<p><img decoding=\"async\" class=\"alignnone wp-image-96087\" src=\"https:\/\/globalsew.com\/wp-content\/uploads\/2021\/03\/WEBSITES-MAIN-LP-2881-AUT-02-GLOBAL-2.jpg\" alt=\"\" width=\"394\" height=\"272\" srcset=\"https:\/\/globalsew.com\/wp-content\/uploads\/2021\/03\/WEBSITES-MAIN-LP-2881-AUT-02-GLOBAL-2.jpg 501w, https:\/\/globalsew.com\/wp-content\/uploads\/2021\/03\/WEBSITES-MAIN-LP-2881-AUT-02-GLOBAL-2-300x207.jpg 300w, https:\/\/globalsew.com\/wp-content\/uploads\/2021\/03\/WEBSITES-MAIN-LP-2881-AUT-02-GLOBAL-2-205x142.jpg 205w\" sizes=\"(max-width: 394px) 100vw, 394px\" \/><img loading=\"lazy\" decoding=\"async\" class=\"alignnone wp-image-96088\" src=\"https:\/\/globalsew.com\/wp-content\/uploads\/2021\/03\/WEBSITES-MAIN-LP-2881-02-GLOBAL.jpg\" alt=\"\" width=\"394\" height=\"272\" srcset=\"https:\/\/globalsew.com\/wp-content\/uploads\/2021\/03\/WEBSITES-MAIN-LP-2881-02-GLOBAL.jpg 501w, https:\/\/globalsew.com\/wp-content\/uploads\/2021\/03\/WEBSITES-MAIN-LP-2881-02-GLOBAL-300x207.jpg 300w, https:\/\/globalsew.com\/wp-content\/uploads\/2021\/03\/WEBSITES-MAIN-LP-2881-02-GLOBAL-205x142.jpg 205w\" sizes=\"(max-width: 394px) 100vw, 394px\" \/><\/p>\n<p>&nbsp;<\/p>\n<p><strong>LP 2881- LH - AUT<br \/>\n<\/strong><strong><img loading=\"lazy\" decoding=\"async\" class=\"alignnone size-full wp-image-95494\" src=\"https:\/\/globalsew.com\/wp-content\/uploads\/2017\/03\/ICONS-WEB-STANDARD-LP-8971-LH-AUT-GLOBAL-M.jpg\" alt=\"\" width=\"344\" height=\"48\" srcset=\"https:\/\/globalsew.com\/wp-content\/uploads\/2017\/03\/ICONS-WEB-STANDARD-LP-8971-LH-AUT-GLOBAL-M.jpg 344w, https:\/\/globalsew.com\/wp-content\/uploads\/2017\/03\/ICONS-WEB-STANDARD-LP-8971-LH-AUT-GLOBAL-M-300x42.jpg 300w, https:\/\/globalsew.com\/wp-content\/uploads\/2017\/03\/ICONS-WEB-STANDARD-LP-8971-LH-AUT-GLOBAL-M-205x29.jpg 205w\" sizes=\"(max-width: 344px) 100vw, 344px\" \/>\u00a0 \u00a0 \u00a0 \u00a0<\/strong><\/p>\n<p>LP 2881 LH AUT (C) Identique au LP 2881 AUT, mais avec un grand crochet.<\/p>\n<p><img loading=\"lazy\" decoding=\"async\" class=\"alignnone wp-image-96089\" src=\"https:\/\/globalsew.com\/wp-content\/uploads\/2021\/03\/WEBSITES-MAIN-LP-8971-I-LH-AUT-05-GLOBAL-2.jpg\" alt=\"\" width=\"397\" height=\"274\" srcset=\"https:\/\/globalsew.com\/wp-content\/uploads\/2021\/03\/WEBSITES-MAIN-LP-8971-I-LH-AUT-05-GLOBAL-2.jpg 501w, https:\/\/globalsew.com\/wp-content\/uploads\/2021\/03\/WEBSITES-MAIN-LP-8971-I-LH-AUT-05-GLOBAL-2-300x207.jpg 300w, https:\/\/globalsew.com\/wp-content\/uploads\/2021\/03\/WEBSITES-MAIN-LP-8971-I-LH-AUT-05-GLOBAL-2-205x142.jpg 205w\" sizes=\"(max-width: 397px) 100vw, 397px\" \/><img loading=\"lazy\" decoding=\"async\" class=\"alignnone wp-image-96090\" src=\"https:\/\/globalsew.com\/wp-content\/uploads\/2021\/03\/WEBSITES-MAIN-LP-2881-lh-04-GLOBAL.jpg\" alt=\"\" width=\"397\" height=\"274\" srcset=\"https:\/\/globalsew.com\/wp-content\/uploads\/2021\/03\/WEBSITES-MAIN-LP-2881-lh-04-GLOBAL.jpg 501w, https:\/\/globalsew.com\/wp-content\/uploads\/2021\/03\/WEBSITES-MAIN-LP-2881-lh-04-GLOBAL-300x207.jpg 300w, https:\/\/globalsew.com\/wp-content\/uploads\/2021\/03\/WEBSITES-MAIN-LP-2881-lh-04-GLOBAL-205x142.jpg 205w\" sizes=\"(max-width: 397px) 100vw, 397px\" \/><\/p>\n<p><strong>LP 2884 AUT<\/strong><br \/>\nMachine \u00e0 coudre \u00e9lectronique, \u00e0 double aiguille, avec crochets standard, presseur \u00e0 rouleau entra\u00een\u00e9 par le haut, entra\u00eenement par roue et aiguille. La machine est \u00e9quip\u00e9e d'un coupe-fil \u00e9lectrique, d'un releveur de pied-de-biche et d'un point d'arr\u00eat automatique. Ce mod\u00e8le est entra\u00een\u00e9 par 3 moteurs pas \u00e0 pas, sur le presseur \u00e0 rouleau, le m\u00e9canisme de la roue d'entra\u00eenement et le m\u00e9canisme d'entra\u00eenement de l'aiguille, ce qui assure une excellente finition point par point. Jusqu'\u00e0 95 programmes peuvent \u00eatre stock\u00e9s et transf\u00e9r\u00e9s d'une machine \u00e0 l'autre via USB. Le point est r\u00e9gl\u00e9 \u00e9lectroniquement, ce qui permet d'obtenir une longueur de point et un point invers\u00e9 pr\u00e9cis et de la plus haute qualit\u00e9. Entra\u00eenement diff\u00e9rentiel programmable (+\/- 1,0 mm) pour l'entra\u00eenement sup\u00e9rieur et inf\u00e9rieur. Jauge d'aiguille standard : 2,0 mm, 1,6 mm, 1,8 mm et 2,4 mm possible en tournant la pince \u00e0 aiguille. En option : 3,2 mm<\/p>\n<p>&nbsp;<\/p>\n<p><strong>LP 2884-LCH-AUT<br \/>\n<\/strong>Identique au LP 2884 AUT, mais avec un crochet de grande capacit\u00e9. (japonais)<strong><br \/>\n<\/strong><\/p>","protected":false},"excerpt":{"rendered":"<p>Pour les t\u00e9l\u00e9chargements, voir notre page de t\u00e9l\u00e9chargements pour l'application <a class=\"download-link\" href=\"https:\/\/globalsew.com\/fr\/telecharger\/serie-lp-2881\/\" target=\"_blank\" rel=\"noopener\">S\u00e9rie LP 2880<\/a>.<\/p>\n<p>Caract\u00e9ristiques techniques :<\/p>\n<p>* Vitesse maximale de la machine : 2500 spm<br \/>\n* Syst\u00e8me de lubrification : enti\u00e8rement automatique<br \/>\n* Type d'alimentation : \u00e0 aiguilles et \u00e0 roues, presseur \u00e0 rouleaux entra\u00een\u00e9 par le haut par des moteurs pas \u00e0 pas<br \/>\n* Longueur de point : max. 4,9 mm<br \/>\n* Levage du pied-de-biche : 12 mm<br \/>\n* Type d'aiguille : 134 LR<br \/>\n* Double aiguille : aiguille standard de 2,0 mm, 1,6 mm, 1,8 mm et 2,4 mm possible en tournant la pince \u00e0 aiguille. En option : 3,2 mm<\/p>\n<div class=\"col-md-4\"><\/div>","protected":false},"featured_media":105308,"template":"","meta":{"_acf_changed":false},"product_brand":[],"product_cat":[123,25],"product_tag":[],"class_list":{"0":"post-96076","1":"product","2":"type-product","3":"status-publish","4":"has-post-thumbnail","6":"product_cat-postbed-shoe-machines","7":"product_cat-shoes","8":"tm-has-options","10":"first","11":"instock","12":"shipping-taxable","13":"purchasable","14":"product-type-variable"},"acf":[],"gallery_images":[105730,105312,105310],"yoast_head":"<!-- This site is optimized with the Yoast SEO plugin v27.3 - https:\/\/yoast.com\/product\/yoast-seo-wordpress\/ -->\n<title>LP 2880 Series - Global International B.V.<\/title>\n<meta name=\"robots\" content=\"index, follow, max-snippet:-1, max-image-preview:large, max-video-preview:-1\" \/>\n<link rel=\"canonical\" href=\"https:\/\/globalsew.com\/fr\/produit\/serie-lp-2881\/\" \/>\n<meta property=\"og:locale\" content=\"fr_FR\" \/>\n<meta property=\"og:type\" content=\"article\" \/>\n<meta property=\"og:title\" content=\"LP 2880 Series - Global International B.V.\" \/>\n<meta property=\"og:description\" content=\"For downloads see our downloads page for the LP 2880 series.  Technical specifications:  * Max. machine speed: 2500 spm * Oiling system: fully automatic * Feed type: needle and wheel feed, top driven roller presser by stepping motors * Stitch length: max. 4,9 mm * Presser foot lift: 12 mm * Needle type: 134 LR * Double needle: standard needle gauge 2,0 mm, 1,6 mm, 1,8 mm and 2,4 mm possible by turning the needle clamp. Optional: 3,2 mm\" \/>\n<meta property=\"og:url\" content=\"https:\/\/globalsew.com\/fr\/produit\/serie-lp-2881\/\" \/>\n<meta property=\"og:site_name\" content=\"Global International B.V.\" \/>\n<meta property=\"article:modified_time\" content=\"2025-09-29T13:11:23+00:00\" \/>\n<meta property=\"og:image\" content=\"https:\/\/globalsew.com\/wp-content\/uploads\/2021\/03\/products-LP-2881-03-06-global-1080-website-2024.jpg\" \/>\n\t<meta property=\"og:image:width\" content=\"1819\" \/>\n\t<meta property=\"og:image:height\" content=\"1080\" \/>\n\t<meta property=\"og:image:type\" content=\"image\/jpeg\" \/>\n<meta name=\"twitter:card\" content=\"summary_large_image\" \/>\n<meta name=\"twitter:label1\" content=\"Dur\u00e9e de lecture estim\u00e9e\" \/>\n\t<meta name=\"twitter:data1\" content=\"3 minutes\" \/>\n<script type=\"application\/ld+json\" class=\"yoast-schema-graph\">{\"@context\":\"https:\\\/\\\/schema.org\",\"@graph\":[{\"@type\":\"WebPage\",\"@id\":\"https:\\\/\\\/globalsew.com\\\/product\\\/lp-2881-series\\\/\",\"url\":\"https:\\\/\\\/globalsew.com\\\/product\\\/lp-2881-series\\\/\",\"name\":\"LP 2880 Series - Global International B.V.\",\"isPartOf\":{\"@id\":\"https:\\\/\\\/globalsew.com\\\/#website\"},\"primaryImageOfPage\":{\"@id\":\"https:\\\/\\\/globalsew.com\\\/product\\\/lp-2881-series\\\/#primaryimage\"},\"image\":{\"@id\":\"https:\\\/\\\/globalsew.com\\\/product\\\/lp-2881-series\\\/#primaryimage\"},\"thumbnailUrl\":\"https:\\\/\\\/globalsew.com\\\/wp-content\\\/uploads\\\/2021\\\/03\\\/products-LP-2881-03-06-global-1080-website-2024.jpg\",\"datePublished\":\"2021-03-19T10:37:51+00:00\",\"dateModified\":\"2025-09-29T13:11:23+00:00\",\"breadcrumb\":{\"@id\":\"https:\\\/\\\/globalsew.com\\\/product\\\/lp-2881-series\\\/#breadcrumb\"},\"inLanguage\":\"fr-FR\",\"potentialAction\":[{\"@type\":\"ReadAction\",\"target\":[\"https:\\\/\\\/globalsew.com\\\/product\\\/lp-2881-series\\\/\"]}]},{\"@type\":\"ImageObject\",\"inLanguage\":\"fr-FR\",\"@id\":\"https:\\\/\\\/globalsew.com\\\/product\\\/lp-2881-series\\\/#primaryimage\",\"url\":\"https:\\\/\\\/globalsew.com\\\/wp-content\\\/uploads\\\/2021\\\/03\\\/products-LP-2881-03-06-global-1080-website-2024.jpg\",\"contentUrl\":\"https:\\\/\\\/globalsew.com\\\/wp-content\\\/uploads\\\/2021\\\/03\\\/products-LP-2881-03-06-global-1080-website-2024.jpg\",\"width\":1819,\"height\":1080,\"caption\":\"LP 2881\"},{\"@type\":\"BreadcrumbList\",\"@id\":\"https:\\\/\\\/globalsew.com\\\/product\\\/lp-2881-series\\\/#breadcrumb\",\"itemListElement\":[{\"@type\":\"ListItem\",\"position\":1,\"name\":\"Home\",\"item\":\"https:\\\/\\\/globalsew.com\\\/\"},{\"@type\":\"ListItem\",\"position\":2,\"name\":\"Products\",\"item\":\"https:\\\/\\\/globalsew.com\\\/products\\\/\"},{\"@type\":\"ListItem\",\"position\":3,\"name\":\"LP 2880 Series\"}]},{\"@type\":\"WebSite\",\"@id\":\"https:\\\/\\\/globalsew.com\\\/#website\",\"url\":\"https:\\\/\\\/globalsew.com\\\/\",\"name\":\"Global International B.V.\",\"description\":\"Industrial Sewing Machines\",\"potentialAction\":[{\"@type\":\"SearchAction\",\"target\":{\"@type\":\"EntryPoint\",\"urlTemplate\":\"https:\\\/\\\/globalsew.com\\\/?s={search_term_string}\"},\"query-input\":{\"@type\":\"PropertyValueSpecification\",\"valueRequired\":true,\"valueName\":\"search_term_string\"}}],\"inLanguage\":\"fr-FR\"}]}<\/script>\n<!-- \/ Yoast SEO plugin. -->","yoast_head_json":{"title":"S\u00e9rie LP 2880 - Global International B.V.","robots":{"index":"index","follow":"follow","max-snippet":"max-snippet:-1","max-image-preview":"max-image-preview:large","max-video-preview":"max-video-preview:-1"},"canonical":"https:\/\/globalsew.com\/fr\/produit\/serie-lp-2881\/","og_locale":"fr_FR","og_type":"article","og_title":"LP 2880 Series - Global International B.V.","og_description":"For downloads see our downloads page for the LP 2880 series.  Technical specifications:  * Max. machine speed: 2500 spm * Oiling system: fully automatic * Feed type: needle and wheel feed, top driven roller presser by stepping motors * Stitch length: max. 4,9 mm * Presser foot lift: 12 mm * Needle type: 134 LR * Double needle: standard needle gauge 2,0 mm, 1,6 mm, 1,8 mm and 2,4 mm possible by turning the needle clamp. Optional: 3,2 mm","og_url":"https:\/\/globalsew.com\/fr\/produit\/serie-lp-2881\/","og_site_name":"Global International B.V.","article_modified_time":"2025-09-29T13:11:23+00:00","og_image":[{"width":1819,"height":1080,"url":"https:\/\/globalsew.com\/wp-content\/uploads\/2021\/03\/products-LP-2881-03-06-global-1080-website-2024.jpg","type":"image\/jpeg"}],"twitter_card":"summary_large_image","twitter_misc":{"Dur\u00e9e de lecture estim\u00e9e":"3 minutes"},"schema":{"@context":"https:\/\/schema.org","@graph":[{"@type":"WebPage","@id":"https:\/\/globalsew.com\/product\/lp-2881-series\/","url":"https:\/\/globalsew.com\/product\/lp-2881-series\/","name":"S\u00e9rie LP 2880 - Global International B.V.","isPartOf":{"@id":"https:\/\/globalsew.com\/#website"},"primaryImageOfPage":{"@id":"https:\/\/globalsew.com\/product\/lp-2881-series\/#primaryimage"},"image":{"@id":"https:\/\/globalsew.com\/product\/lp-2881-series\/#primaryimage"},"thumbnailUrl":"https:\/\/globalsew.com\/wp-content\/uploads\/2021\/03\/products-LP-2881-03-06-global-1080-website-2024.jpg","datePublished":"2021-03-19T10:37:51+00:00","dateModified":"2025-09-29T13:11:23+00:00","breadcrumb":{"@id":"https:\/\/globalsew.com\/product\/lp-2881-series\/#breadcrumb"},"inLanguage":"fr-FR","potentialAction":[{"@type":"ReadAction","target":["https:\/\/globalsew.com\/product\/lp-2881-series\/"]}]},{"@type":"ImageObject","inLanguage":"fr-FR","@id":"https:\/\/globalsew.com\/product\/lp-2881-series\/#primaryimage","url":"https:\/\/globalsew.com\/wp-content\/uploads\/2021\/03\/products-LP-2881-03-06-global-1080-website-2024.jpg","contentUrl":"https:\/\/globalsew.com\/wp-content\/uploads\/2021\/03\/products-LP-2881-03-06-global-1080-website-2024.jpg","width":1819,"height":1080,"caption":"LP 2881"},{"@type":"BreadcrumbList","@id":"https:\/\/globalsew.com\/product\/lp-2881-series\/#breadcrumb","itemListElement":[{"@type":"ListItem","position":1,"name":"Home","item":"https:\/\/globalsew.com\/"},{"@type":"ListItem","position":2,"name":"Products","item":"https:\/\/globalsew.com\/products\/"},{"@type":"ListItem","position":3,"name":"LP 2880 Series"}]},{"@type":"WebSite","@id":"https:\/\/globalsew.com\/#website","url":"https:\/\/globalsew.com\/","name":"Global International B.V.","description":"Machines \u00e0 coudre industrielles","potentialAction":[{"@type":"SearchAction","target":{"@type":"EntryPoint","urlTemplate":"https:\/\/globalsew.com\/?s={search_term_string}"},"query-input":{"@type":"PropertyValueSpecification","valueRequired":true,"valueName":"search_term_string"}}],"inLanguage":"fr-FR"}]}},"_links":{"self":[{"href":"https:\/\/globalsew.com\/fr\/wp-json\/wp\/v2\/product\/96076","targetHints":{"allow":["GET"]}}],"collection":[{"href":"https:\/\/globalsew.com\/fr\/wp-json\/wp\/v2\/product"}],"about":[{"href":"https:\/\/globalsew.com\/fr\/wp-json\/wp\/v2\/types\/product"}],"wp:featuredmedia":[{"embeddable":true,"href":"https:\/\/globalsew.com\/fr\/wp-json\/wp\/v2\/media\/105308"}],"wp:attachment":[{"href":"https:\/\/globalsew.com\/fr\/wp-json\/wp\/v2\/media?parent=96076"}],"wp:term":[{"taxonomy":"product_brand","embeddable":true,"href":"https:\/\/globalsew.com\/fr\/wp-json\/wp\/v2\/product_brand?post=96076"},{"taxonomy":"product_cat","embeddable":true,"href":"https:\/\/globalsew.com\/fr\/wp-json\/wp\/v2\/product_cat?post=96076"},{"taxonomy":"product_tag","embeddable":true,"href":"https:\/\/globalsew.com\/fr\/wp-json\/wp\/v2\/product_tag?post=96076"}],"curies":[{"name":"wp","href":"https:\/\/api.w.org\/{rel}","templated":true}]}}