{"id":95432,"date":"2020-04-07T12:22:40","date_gmt":"2020-04-07T10:22:40","guid":{"rendered":"https:\/\/globalsew.com\/?post_type=product&#038;p=95432"},"modified":"2024-05-22T09:53:50","modified_gmt":"2024-05-22T07:53:50","slug":"sk-118","status":"publish","type":"product","link":"https:\/\/globalsew.com\/fr\/product\/sk-118\/","title":{"rendered":"SK 118"},"content":{"rendered":"<p>Cette machine \u00e0 couper les lani\u00e8res de cuir est con\u00e7ue pour couper avec pr\u00e9cision le cuir, le cuir artificiel, le vinyle, le caoutchouc, etc. Elle produit des bandes r\u00e9guli\u00e8res et peut couper plusieurs bandes \u00e0 la fois, ce qui peut \u00eatre utilis\u00e9 pour la production de ceintures, de harnais de cheval, de chaussures, de sacs, etc. La machine est livr\u00e9e avec un interrupteur pour la rotation inverse et une p\u00e9dale pour le r\u00e9glage de la vitesse. La machine est livr\u00e9e avec 8 lames rondes, 9 entretoises de 10 mm et 10 entretoises de 1 mm. Le kit d'accessoires comprend en plus 5 entretoises de 1 mm et 2 entretoises de 5 mm.<\/p>","protected":false},"excerpt":{"rendered":"<p>Caract\u00e9ristiques techniques :<\/p>\n<ul>\n<li>\u00a0Vitesse de la machine : r\u00e9glable en continu<\/li>\n<li>\u00a0Moteur : faible vitesse<\/li>\n<li>\u00a0\u00c9paisseur de coupe maximale : 6 mm<\/li>\n<li>Entretoises disponibles : 1, 5 et 10 mm<\/li>\n<li>\u00a0Largeur de la sangle : 10 cm<\/li>\n<\/ul>\n<p>Pour les t\u00e9l\u00e9chargements, voir notre page de t\u00e9l\u00e9chargements pour l'application <a class=\"download-link\" href=\"https:\/\/globalsew.com\/fr\/telecharger\/sk-serie-2\/\">S\u00e9rie SK<\/a>.<\/p>","protected":false},"featured_media":105973,"template":"","meta":{"_acf_changed":false},"product_brand":[],"product_cat":[130],"product_tag":[],"class_list":{"0":"post-95432","1":"product","2":"type-product","3":"status-publish","4":"has-post-thumbnail","6":"product_cat-skiving-machines","7":"tm-no-options","9":"first","10":"instock","11":"shipping-taxable","12":"purchasable","13":"product-type-simple"},"acf":[],"gallery_images":[105974],"yoast_head":"<!-- This site is optimized with the Yoast SEO plugin v27.3 - https:\/\/yoast.com\/product\/yoast-seo-wordpress\/ -->\n<title>SK 118 - Global International B.V.<\/title>\n<meta name=\"robots\" content=\"index, follow, max-snippet:-1, max-image-preview:large, max-video-preview:-1\" \/>\n<link rel=\"canonical\" href=\"https:\/\/globalsew.com\/fr\/produit\/sk-118\/\" \/>\n<meta property=\"og:locale\" content=\"fr_FR\" \/>\n<meta property=\"og:type\" content=\"article\" \/>\n<meta property=\"og:title\" content=\"SK 118 - Global International B.V.\" \/>\n<meta property=\"og:description\" content=\"Technical specifications:   \u00a0Machine speed: stepless adjustable  \u00a0Motor: low speed  \u00a0Maximum cutting thickness: 6 mm  Available spacers: 1, 5 and 10 mm  \u00a0Strap width: 10 cm  For downloads see our downloads page for the SK series.\" \/>\n<meta property=\"og:url\" content=\"https:\/\/globalsew.com\/fr\/produit\/sk-118\/\" \/>\n<meta property=\"og:site_name\" content=\"Global International B.V.\" \/>\n<meta property=\"article:modified_time\" content=\"2024-05-22T07:53:50+00:00\" \/>\n<meta property=\"og:image\" content=\"https:\/\/globalsew.com\/wp-content\/uploads\/2020\/04\/products-SK-118-933-global-1080-website-2024.jpg\" \/>\n\t<meta property=\"og:image:width\" content=\"1819\" \/>\n\t<meta property=\"og:image:height\" content=\"1080\" \/>\n\t<meta property=\"og:image:type\" content=\"image\/jpeg\" \/>\n<meta name=\"twitter:card\" content=\"summary_large_image\" \/>\n<meta name=\"twitter:label1\" content=\"Dur\u00e9e de lecture estim\u00e9e\" \/>\n\t<meta name=\"twitter:data1\" content=\"1 minute\" \/>\n<script type=\"application\/ld+json\" class=\"yoast-schema-graph\">{\"@context\":\"https:\\\/\\\/schema.org\",\"@graph\":[{\"@type\":\"WebPage\",\"@id\":\"https:\\\/\\\/globalsew.com\\\/product\\\/sk-118\\\/\",\"url\":\"https:\\\/\\\/globalsew.com\\\/product\\\/sk-118\\\/\",\"name\":\"SK 118 - Global International B.V.\",\"isPartOf\":{\"@id\":\"https:\\\/\\\/globalsew.com\\\/#website\"},\"primaryImageOfPage\":{\"@id\":\"https:\\\/\\\/globalsew.com\\\/product\\\/sk-118\\\/#primaryimage\"},\"image\":{\"@id\":\"https:\\\/\\\/globalsew.com\\\/product\\\/sk-118\\\/#primaryimage\"},\"thumbnailUrl\":\"https:\\\/\\\/globalsew.com\\\/wp-content\\\/uploads\\\/2020\\\/04\\\/products-SK-118-933-global-1080-website-2024.jpg\",\"datePublished\":\"2020-04-07T10:22:40+00:00\",\"dateModified\":\"2024-05-22T07:53:50+00:00\",\"breadcrumb\":{\"@id\":\"https:\\\/\\\/globalsew.com\\\/product\\\/sk-118\\\/#breadcrumb\"},\"inLanguage\":\"fr-FR\",\"potentialAction\":[{\"@type\":\"ReadAction\",\"target\":[\"https:\\\/\\\/globalsew.com\\\/product\\\/sk-118\\\/\"]}]},{\"@type\":\"ImageObject\",\"inLanguage\":\"fr-FR\",\"@id\":\"https:\\\/\\\/globalsew.com\\\/product\\\/sk-118\\\/#primaryimage\",\"url\":\"https:\\\/\\\/globalsew.com\\\/wp-content\\\/uploads\\\/2020\\\/04\\\/products-SK-118-933-global-1080-website-2024.jpg\",\"contentUrl\":\"https:\\\/\\\/globalsew.com\\\/wp-content\\\/uploads\\\/2020\\\/04\\\/products-SK-118-933-global-1080-website-2024.jpg\",\"width\":1819,\"height\":1080,\"caption\":\"SK 118\"},{\"@type\":\"BreadcrumbList\",\"@id\":\"https:\\\/\\\/globalsew.com\\\/product\\\/sk-118\\\/#breadcrumb\",\"itemListElement\":[{\"@type\":\"ListItem\",\"position\":1,\"name\":\"Home\",\"item\":\"https:\\\/\\\/globalsew.com\\\/\"},{\"@type\":\"ListItem\",\"position\":2,\"name\":\"Products\",\"item\":\"https:\\\/\\\/globalsew.com\\\/products\\\/\"},{\"@type\":\"ListItem\",\"position\":3,\"name\":\"SK 118\"}]},{\"@type\":\"WebSite\",\"@id\":\"https:\\\/\\\/globalsew.com\\\/#website\",\"url\":\"https:\\\/\\\/globalsew.com\\\/\",\"name\":\"Global International B.V.\",\"description\":\"Industrial Sewing Machines\",\"potentialAction\":[{\"@type\":\"SearchAction\",\"target\":{\"@type\":\"EntryPoint\",\"urlTemplate\":\"https:\\\/\\\/globalsew.com\\\/?s={search_term_string}\"},\"query-input\":{\"@type\":\"PropertyValueSpecification\",\"valueRequired\":true,\"valueName\":\"search_term_string\"}}],\"inLanguage\":\"fr-FR\"}]}<\/script>\n<!-- \/ Yoast SEO plugin. -->","yoast_head_json":{"title":"SK 118 - Global International B.V.","robots":{"index":"index","follow":"follow","max-snippet":"max-snippet:-1","max-image-preview":"max-image-preview:large","max-video-preview":"max-video-preview:-1"},"canonical":"https:\/\/globalsew.com\/fr\/produit\/sk-118\/","og_locale":"fr_FR","og_type":"article","og_title":"SK 118 - Global International B.V.","og_description":"Technical specifications:   \u00a0Machine speed: stepless adjustable  \u00a0Motor: low speed  \u00a0Maximum cutting thickness: 6 mm  Available spacers: 1, 5 and 10 mm  \u00a0Strap width: 10 cm  For downloads see our downloads page for the SK series.","og_url":"https:\/\/globalsew.com\/fr\/produit\/sk-118\/","og_site_name":"Global International B.V.","article_modified_time":"2024-05-22T07:53:50+00:00","og_image":[{"width":1819,"height":1080,"url":"https:\/\/globalsew.com\/wp-content\/uploads\/2020\/04\/products-SK-118-933-global-1080-website-2024.jpg","type":"image\/jpeg"}],"twitter_card":"summary_large_image","twitter_misc":{"Dur\u00e9e de lecture estim\u00e9e":"1 minute"},"schema":{"@context":"https:\/\/schema.org","@graph":[{"@type":"WebPage","@id":"https:\/\/globalsew.com\/product\/sk-118\/","url":"https:\/\/globalsew.com\/product\/sk-118\/","name":"SK 118 - Global International B.V.","isPartOf":{"@id":"https:\/\/globalsew.com\/#website"},"primaryImageOfPage":{"@id":"https:\/\/globalsew.com\/product\/sk-118\/#primaryimage"},"image":{"@id":"https:\/\/globalsew.com\/product\/sk-118\/#primaryimage"},"thumbnailUrl":"https:\/\/globalsew.com\/wp-content\/uploads\/2020\/04\/products-SK-118-933-global-1080-website-2024.jpg","datePublished":"2020-04-07T10:22:40+00:00","dateModified":"2024-05-22T07:53:50+00:00","breadcrumb":{"@id":"https:\/\/globalsew.com\/product\/sk-118\/#breadcrumb"},"inLanguage":"fr-FR","potentialAction":[{"@type":"ReadAction","target":["https:\/\/globalsew.com\/product\/sk-118\/"]}]},{"@type":"ImageObject","inLanguage":"fr-FR","@id":"https:\/\/globalsew.com\/product\/sk-118\/#primaryimage","url":"https:\/\/globalsew.com\/wp-content\/uploads\/2020\/04\/products-SK-118-933-global-1080-website-2024.jpg","contentUrl":"https:\/\/globalsew.com\/wp-content\/uploads\/2020\/04\/products-SK-118-933-global-1080-website-2024.jpg","width":1819,"height":1080,"caption":"SK 118"},{"@type":"BreadcrumbList","@id":"https:\/\/globalsew.com\/product\/sk-118\/#breadcrumb","itemListElement":[{"@type":"ListItem","position":1,"name":"Home","item":"https:\/\/globalsew.com\/"},{"@type":"ListItem","position":2,"name":"Products","item":"https:\/\/globalsew.com\/products\/"},{"@type":"ListItem","position":3,"name":"SK 118"}]},{"@type":"WebSite","@id":"https:\/\/globalsew.com\/#website","url":"https:\/\/globalsew.com\/","name":"Global International B.V.","description":"Machines \u00e0 coudre industrielles","potentialAction":[{"@type":"SearchAction","target":{"@type":"EntryPoint","urlTemplate":"https:\/\/globalsew.com\/?s={search_term_string}"},"query-input":{"@type":"PropertyValueSpecification","valueRequired":true,"valueName":"search_term_string"}}],"inLanguage":"fr-FR"}]}},"_links":{"self":[{"href":"https:\/\/globalsew.com\/fr\/wp-json\/wp\/v2\/product\/95432","targetHints":{"allow":["GET"]}}],"collection":[{"href":"https:\/\/globalsew.com\/fr\/wp-json\/wp\/v2\/product"}],"about":[{"href":"https:\/\/globalsew.com\/fr\/wp-json\/wp\/v2\/types\/product"}],"wp:featuredmedia":[{"embeddable":true,"href":"https:\/\/globalsew.com\/fr\/wp-json\/wp\/v2\/media\/105973"}],"wp:attachment":[{"href":"https:\/\/globalsew.com\/fr\/wp-json\/wp\/v2\/media?parent=95432"}],"wp:term":[{"taxonomy":"product_brand","embeddable":true,"href":"https:\/\/globalsew.com\/fr\/wp-json\/wp\/v2\/product_brand?post=95432"},{"taxonomy":"product_cat","embeddable":true,"href":"https:\/\/globalsew.com\/fr\/wp-json\/wp\/v2\/product_cat?post=95432"},{"taxonomy":"product_tag","embeddable":true,"href":"https:\/\/globalsew.com\/fr\/wp-json\/wp\/v2\/product_tag?post=95432"}],"curies":[{"name":"wp","href":"https:\/\/api.w.org\/{rel}","templated":true}]}}