{"id":95358,"date":"2020-03-25T16:02:36","date_gmt":"2020-03-25T15:02:36","guid":{"rendered":"https:\/\/globalsew.com\/?post_type=product&#038;p=95358"},"modified":"2024-05-14T10:02:39","modified_gmt":"2024-05-14T08:02:39","slug":"lp-1271-725-series","status":"publish","type":"product","link":"https:\/\/globalsew.com\/fr\/product\/lp-1271-725-series\/","title":{"rendered":"S\u00e9rie LP 1271-725"},"content":{"rendered":"<p><strong>LP 1271-725 AUT<br \/>\n<\/strong>Machine \u00e0 coudre \u00e0 une aiguille, post\u00e9e \u00e0 gauche, avec crochet standard, presseur \u00e0 rouleau entra\u00een\u00e9 par le haut, entra\u00eenement par roue et aiguille. La machine est \u00e9quip\u00e9e d'un m\u00e9canisme de coupe doublure \u00e9lectrique \u00e0 entra\u00eenement par le bas, d'un coupe-fil \u00e9lectrique, d'un releveur de pied-de-biche et d'un point d'arr\u00eat automatique. La machine sera livr\u00e9e avec un servomoteur POWERMAX, un bo\u00eetier de commande et un panneau de programmation.<\/p>\n<p><strong>LP 1271-725 3M-AUT<\/strong><br \/>\nMachine \u00e0 coudre \u00e9lectronique, une aiguille, post\u00e9e \u00e0 gauche, avec crochet standard, presseur \u00e0 rouleau entra\u00een\u00e9 par le haut, entra\u00eenement par roue et aiguille. La machine est \u00e9quip\u00e9e d'un m\u00e9canisme \u00e9lectrique de coupe de la doublure \u00e0 entra\u00eenement par le bas, d'un coupe-fil \u00e9lectrique, d'un releveur de pied-de-biche et d'un point d'arr\u00eat automatique.<br \/>\nCe mod\u00e8le est entra\u00een\u00e9 par 3 moteurs pas \u00e0 pas, sur le presseur \u00e0 rouleau, le m\u00e9canisme de la roue d'entra\u00eenement et le m\u00e9canisme d'entra\u00eenement de l'aiguille, ce qui garantit une excellente fi nition du point et d'autres caract\u00e9ristiques de couture.<\/p>","protected":false},"excerpt":{"rendered":"<div class=\"row\">\n<div class=\"col-md-6\"><a class=\"download-button\" href=\"https:\/\/globalsew.com\/wp-content\/uploads\/2023\/04\/GLOBAL-LP-1271-SERIES-NEW.pdf\" target=\"_blank\" rel=\"noopener noreferrer\">T\u00e9l\u00e9charger le d\u00e9pliant<\/a><\/div>","protected":false},"featured_media":105883,"template":"","meta":{"_acf_changed":false},"product_brand":[],"product_cat":[98,123,149,25],"product_tag":[],"class_list":{"0":"post-95358","1":"product","2":"type-product","3":"status-publish","4":"has-post-thumbnail","6":"product_cat-post-bed-machines","7":"product_cat-postbed-shoe-machines","8":"product_cat-postbed-walking-foot","9":"product_cat-shoes","10":"tm-has-options","12":"first","13":"instock","14":"shipping-taxable","15":"purchasable","16":"product-type-variable"},"acf":[],"gallery_images":[105880,105881],"yoast_head":"<!-- This site is optimized with the Yoast SEO plugin v27.5 - https:\/\/yoast.com\/product\/yoast-seo-wordpress\/ -->\n<title>LP 1271-725 series - Global International B.V.<\/title>\n<meta name=\"robots\" content=\"index, follow, max-snippet:-1, max-image-preview:large, max-video-preview:-1\" \/>\n<link rel=\"canonical\" href=\"https:\/\/globalsew.com\/fr\/produit\/lp-1271-725-series\/\" \/>\n<meta property=\"og:locale\" content=\"fr_FR\" \/>\n<meta property=\"og:type\" content=\"article\" \/>\n<meta property=\"og:title\" content=\"LP 1271-725 series - Global International B.V.\" \/>\n<meta property=\"og:description\" content=\"Download Leaflet\" \/>\n<meta property=\"og:url\" content=\"https:\/\/globalsew.com\/fr\/produit\/lp-1271-725-series\/\" \/>\n<meta property=\"og:site_name\" content=\"Global International B.V.\" \/>\n<meta property=\"article:modified_time\" content=\"2024-05-14T08:02:39+00:00\" \/>\n<meta property=\"og:image\" content=\"https:\/\/globalsew.com\/wp-content\/uploads\/2020\/03\/products-LP-1271-725-AUT-943-1080-website-2024.jpg\" \/>\n\t<meta property=\"og:image:width\" content=\"1819\" \/>\n\t<meta property=\"og:image:height\" content=\"1080\" \/>\n\t<meta property=\"og:image:type\" content=\"image\/jpeg\" \/>\n<meta name=\"twitter:card\" content=\"summary_large_image\" \/>\n<meta name=\"twitter:label1\" content=\"Dur\u00e9e de lecture estim\u00e9e\" \/>\n\t<meta name=\"twitter:data1\" content=\"1 minute\" \/>\n<script type=\"application\/ld+json\" class=\"yoast-schema-graph\">{\"@context\":\"https:\\\/\\\/schema.org\",\"@graph\":[{\"@type\":\"WebPage\",\"@id\":\"https:\\\/\\\/globalsew.com\\\/product\\\/lp-1271-725-series\\\/\",\"url\":\"https:\\\/\\\/globalsew.com\\\/product\\\/lp-1271-725-series\\\/\",\"name\":\"LP 1271-725 series - Global International B.V.\",\"isPartOf\":{\"@id\":\"https:\\\/\\\/globalsew.com\\\/#website\"},\"primaryImageOfPage\":{\"@id\":\"https:\\\/\\\/globalsew.com\\\/product\\\/lp-1271-725-series\\\/#primaryimage\"},\"image\":{\"@id\":\"https:\\\/\\\/globalsew.com\\\/product\\\/lp-1271-725-series\\\/#primaryimage\"},\"thumbnailUrl\":\"https:\\\/\\\/globalsew.com\\\/wp-content\\\/uploads\\\/2020\\\/03\\\/products-LP-1271-725-AUT-943-1080-website-2024.jpg\",\"datePublished\":\"2020-03-25T15:02:36+00:00\",\"dateModified\":\"2024-05-14T08:02:39+00:00\",\"breadcrumb\":{\"@id\":\"https:\\\/\\\/globalsew.com\\\/product\\\/lp-1271-725-series\\\/#breadcrumb\"},\"inLanguage\":\"fr-FR\",\"potentialAction\":[{\"@type\":\"ReadAction\",\"target\":[\"https:\\\/\\\/globalsew.com\\\/product\\\/lp-1271-725-series\\\/\"]}]},{\"@type\":\"ImageObject\",\"inLanguage\":\"fr-FR\",\"@id\":\"https:\\\/\\\/globalsew.com\\\/product\\\/lp-1271-725-series\\\/#primaryimage\",\"url\":\"https:\\\/\\\/globalsew.com\\\/wp-content\\\/uploads\\\/2020\\\/03\\\/products-LP-1271-725-AUT-943-1080-website-2024.jpg\",\"contentUrl\":\"https:\\\/\\\/globalsew.com\\\/wp-content\\\/uploads\\\/2020\\\/03\\\/products-LP-1271-725-AUT-943-1080-website-2024.jpg\",\"width\":1819,\"height\":1080,\"caption\":\"LP 1271-725 AUT\"},{\"@type\":\"BreadcrumbList\",\"@id\":\"https:\\\/\\\/globalsew.com\\\/product\\\/lp-1271-725-series\\\/#breadcrumb\",\"itemListElement\":[{\"@type\":\"ListItem\",\"position\":1,\"name\":\"Home\",\"item\":\"https:\\\/\\\/globalsew.com\\\/\"},{\"@type\":\"ListItem\",\"position\":2,\"name\":\"Products\",\"item\":\"https:\\\/\\\/globalsew.com\\\/products\\\/\"},{\"@type\":\"ListItem\",\"position\":3,\"name\":\"LP 1271-725 series\"}]},{\"@type\":\"WebSite\",\"@id\":\"https:\\\/\\\/globalsew.com\\\/#website\",\"url\":\"https:\\\/\\\/globalsew.com\\\/\",\"name\":\"Global International B.V.\",\"description\":\"Industrial Sewing Machines\",\"potentialAction\":[{\"@type\":\"SearchAction\",\"target\":{\"@type\":\"EntryPoint\",\"urlTemplate\":\"https:\\\/\\\/globalsew.com\\\/?s={search_term_string}\"},\"query-input\":{\"@type\":\"PropertyValueSpecification\",\"valueRequired\":true,\"valueName\":\"search_term_string\"}}],\"inLanguage\":\"fr-FR\"}]}<\/script>\n<!-- \/ Yoast SEO plugin. -->","yoast_head_json":{"title":"S\u00e9rie LP 1271-725 - Global International B.V.","robots":{"index":"index","follow":"follow","max-snippet":"max-snippet:-1","max-image-preview":"max-image-preview:large","max-video-preview":"max-video-preview:-1"},"canonical":"https:\/\/globalsew.com\/fr\/produit\/lp-1271-725-series\/","og_locale":"fr_FR","og_type":"article","og_title":"LP 1271-725 series - Global International B.V.","og_description":"Download Leaflet","og_url":"https:\/\/globalsew.com\/fr\/produit\/lp-1271-725-series\/","og_site_name":"Global International B.V.","article_modified_time":"2024-05-14T08:02:39+00:00","og_image":[{"width":1819,"height":1080,"url":"https:\/\/globalsew.com\/wp-content\/uploads\/2020\/03\/products-LP-1271-725-AUT-943-1080-website-2024.jpg","type":"image\/jpeg"}],"twitter_card":"summary_large_image","twitter_misc":{"Dur\u00e9e de lecture estim\u00e9e":"1 minute"},"schema":{"@context":"https:\/\/schema.org","@graph":[{"@type":"WebPage","@id":"https:\/\/globalsew.com\/product\/lp-1271-725-series\/","url":"https:\/\/globalsew.com\/product\/lp-1271-725-series\/","name":"S\u00e9rie LP 1271-725 - Global International B.V.","isPartOf":{"@id":"https:\/\/globalsew.com\/#website"},"primaryImageOfPage":{"@id":"https:\/\/globalsew.com\/product\/lp-1271-725-series\/#primaryimage"},"image":{"@id":"https:\/\/globalsew.com\/product\/lp-1271-725-series\/#primaryimage"},"thumbnailUrl":"https:\/\/globalsew.com\/wp-content\/uploads\/2020\/03\/products-LP-1271-725-AUT-943-1080-website-2024.jpg","datePublished":"2020-03-25T15:02:36+00:00","dateModified":"2024-05-14T08:02:39+00:00","breadcrumb":{"@id":"https:\/\/globalsew.com\/product\/lp-1271-725-series\/#breadcrumb"},"inLanguage":"fr-FR","potentialAction":[{"@type":"ReadAction","target":["https:\/\/globalsew.com\/product\/lp-1271-725-series\/"]}]},{"@type":"ImageObject","inLanguage":"fr-FR","@id":"https:\/\/globalsew.com\/product\/lp-1271-725-series\/#primaryimage","url":"https:\/\/globalsew.com\/wp-content\/uploads\/2020\/03\/products-LP-1271-725-AUT-943-1080-website-2024.jpg","contentUrl":"https:\/\/globalsew.com\/wp-content\/uploads\/2020\/03\/products-LP-1271-725-AUT-943-1080-website-2024.jpg","width":1819,"height":1080,"caption":"LP 1271-725 AUT"},{"@type":"BreadcrumbList","@id":"https:\/\/globalsew.com\/product\/lp-1271-725-series\/#breadcrumb","itemListElement":[{"@type":"ListItem","position":1,"name":"Home","item":"https:\/\/globalsew.com\/"},{"@type":"ListItem","position":2,"name":"Products","item":"https:\/\/globalsew.com\/products\/"},{"@type":"ListItem","position":3,"name":"LP 1271-725 series"}]},{"@type":"WebSite","@id":"https:\/\/globalsew.com\/#website","url":"https:\/\/globalsew.com\/","name":"Global International B.V.","description":"Machines \u00e0 coudre industrielles","potentialAction":[{"@type":"SearchAction","target":{"@type":"EntryPoint","urlTemplate":"https:\/\/globalsew.com\/?s={search_term_string}"},"query-input":{"@type":"PropertyValueSpecification","valueRequired":true,"valueName":"search_term_string"}}],"inLanguage":"fr-FR"}]}},"_links":{"self":[{"href":"https:\/\/globalsew.com\/fr\/wp-json\/wp\/v2\/product\/95358","targetHints":{"allow":["GET"]}}],"collection":[{"href":"https:\/\/globalsew.com\/fr\/wp-json\/wp\/v2\/product"}],"about":[{"href":"https:\/\/globalsew.com\/fr\/wp-json\/wp\/v2\/types\/product"}],"wp:featuredmedia":[{"embeddable":true,"href":"https:\/\/globalsew.com\/fr\/wp-json\/wp\/v2\/media\/105883"}],"wp:attachment":[{"href":"https:\/\/globalsew.com\/fr\/wp-json\/wp\/v2\/media?parent=95358"}],"wp:term":[{"taxonomy":"product_brand","embeddable":true,"href":"https:\/\/globalsew.com\/fr\/wp-json\/wp\/v2\/product_brand?post=95358"},{"taxonomy":"product_cat","embeddable":true,"href":"https:\/\/globalsew.com\/fr\/wp-json\/wp\/v2\/product_cat?post=95358"},{"taxonomy":"product_tag","embeddable":true,"href":"https:\/\/globalsew.com\/fr\/wp-json\/wp\/v2\/product_tag?post=95358"}],"curies":[{"name":"wp","href":"https:\/\/api.w.org\/{rel}","templated":true}]}}