{"id":95324,"date":"2020-03-12T13:15:25","date_gmt":"2020-03-12T12:15:25","guid":{"rendered":"https:\/\/globalsew.com\/?post_type=product&#038;p=95324"},"modified":"2026-04-07T08:59:48","modified_gmt":"2026-04-07T06:59:48","slug":"serie-zz-2560","status":"publish","type":"product","link":"https:\/\/globalsew.com\/fr\/product\/zz-2560-series\/","title":{"rendered":"S\u00c9RIE ZZ 2560"},"content":{"rendered":"<p><strong>ZZ 2565<\/strong><br \/>Machine zig-zag \u00e0 grande vitesse, lubrification semi-automatique, bobineuse int\u00e9gr\u00e9e. Entra\u00eenement coulissant excentrique invers\u00e9, m\u00e9canisme d'entra\u00eenement \u00e0 bras suspendu. Avec crochet standard, largeur de point 6 mm, kit d'entra\u00eenement direct inclus. Vitesse maximale de la machine 5000 spm.<\/p>\r\n<!-- \/wp:post-content -->\r\n<p><!-- wp:paragraph --><strong>ZZ 2565 AUT<\/strong><br \/>Identique au ZZ 2565, mais \u00e9quip\u00e9 d'un coupe-bordures, d'une bride arri\u00e8re et d'un releveur de pied de biche (tous \u00e9lectriques).<\/p>\r\n<!-- \/wp:paragraph -->\r\n<p><!-- wp:paragraph --><strong>ZZ 2567<\/strong><br \/>Machine \u00e0 point fantaisie zig-zag \u00e0 grande vitesse, command\u00e9e par cames, livr\u00e9e en standard avec 2 cames. Extra : 18 cames en option. Avec grand crochet, largeur de point 10 mm, kit d'entra\u00eenement direct inclus. La vitesse maximale de la machine d\u00e9pend du type de came.<\/p>\r\n<!-- \/wp:paragraph -->\r\n<p><!-- wp:paragraph --><strong>ZZ 2567 AUT<\/strong><br \/>Identique au ZZ 2567, mais \u00e9quip\u00e9 d'un coupe-bordures, d'une bride arri\u00e8re et d'un releveur de pied de biche (tous \u00e9lectriques).<\/p>\r\n<!-- \/wp:paragraph -->\r\n<p><!-- wp:paragraph --><strong>ZZ 2568<\/strong><br \/>Machine zig-zag \u00e0 grande vitesse, lubrification semi-automatique, bobineuse int\u00e9gr\u00e9e. Entra\u00eenement coulissant excentrique invers\u00e9, m\u00e9canisme d'entra\u00eenement \u00e0 bras suspendu. Avec grand crochet, largeur de point 10 mm, kit d'entra\u00eenement direct inclus. Vitesse max. de la machine 3400 spm.<\/p>\r\n<!-- \/wp:paragraph -->\r\n<p><!-- wp:paragraph --><strong>ZZ 2568 AUT<\/strong><br \/>Identique au ZZ 2568, mais \u00e9quip\u00e9 d'un coupe-bordures, d'une bride arri\u00e8re et d'un releveur de pied de biche (tous \u00e9lectriques).<\/p>\r\n<!-- \/wp:paragraph -->\r\n<p><!-- wp:paragraph -->\u00a0<\/p>\r\n<p>&nbsp;<\/p>","protected":false},"excerpt":{"rendered":"<p>Pour les t\u00e9l\u00e9chargements, voir notre page de t\u00e9l\u00e9chargements pour l'application <a class=\"download-link\" href=\"https:\/\/globalsew.com\/fr\/telecharger\/zz-2560-series-zig-zag-sewing-machines\/\">Entra\u00eenement direct zig-zag ZZ 2560 Series<\/a>.<\/p>\n<p><a href=\"https:\/\/youtu.be\/CW7cqDXarZA\" target=\"_blank\" rel=\"noopener\"><img decoding=\"async\" src=\"https:\/\/globalsew.com\/wp-content\/uploads\/2017\/11\/youtube-logo-4.png\" \/><\/a><\/p>","protected":false},"featured_media":95322,"template":"","meta":{"_acf_changed":false},"product_brand":[],"product_cat":[375,377,151,100],"product_tag":[],"class_list":{"0":"post-95324","1":"product","2":"type-product","3":"status-publish","4":"has-post-thumbnail","6":"product_cat-sailmaking-machines","7":"product_cat-zig-zag-machines-garment","8":"product_cat-zig-zag-machines-heavy-duty","9":"product_cat-zig-zag-machines","10":"tm-has-options","12":"first","13":"instock","14":"shipping-taxable","15":"purchasable","16":"product-type-variable"},"acf":[],"gallery_images":[],"yoast_head":"<!-- This site is optimized with the Yoast SEO plugin v27.3 - https:\/\/yoast.com\/product\/yoast-seo-wordpress\/ -->\n<title>ZZ 2560 SERIES - Global International B.V.<\/title>\n<meta name=\"robots\" content=\"index, follow, max-snippet:-1, max-image-preview:large, max-video-preview:-1\" \/>\n<link rel=\"canonical\" href=\"https:\/\/globalsew.com\/fr\/produit\/serie-zz-2560\/\" \/>\n<meta property=\"og:locale\" content=\"fr_FR\" \/>\n<meta property=\"og:type\" content=\"article\" \/>\n<meta property=\"og:title\" content=\"ZZ 2560 SERIES - Global International B.V.\" \/>\n<meta property=\"og:description\" content=\"For downloads see our downloads page for the Direct drive zig-zag ZZ 2560 Series.\" \/>\n<meta property=\"og:url\" content=\"https:\/\/globalsew.com\/fr\/produit\/serie-zz-2560\/\" \/>\n<meta property=\"og:site_name\" content=\"Global International B.V.\" \/>\n<meta property=\"article:modified_time\" content=\"2026-04-07T06:59:48+00:00\" \/>\n<meta property=\"og:image\" content=\"https:\/\/globalsew.com\/wp-content\/uploads\/2020\/03\/WEB-GLOBAL-ZZ-2500-01-GLOBAL.jpg\" \/>\n\t<meta property=\"og:image:width\" content=\"555\" \/>\n\t<meta property=\"og:image:height\" content=\"347\" \/>\n\t<meta property=\"og:image:type\" content=\"image\/jpeg\" \/>\n<meta name=\"twitter:card\" content=\"summary_large_image\" \/>\n<meta name=\"twitter:label1\" content=\"Dur\u00e9e de lecture estim\u00e9e\" \/>\n\t<meta name=\"twitter:data1\" content=\"1 minute\" \/>\n<script type=\"application\/ld+json\" class=\"yoast-schema-graph\">{\"@context\":\"https:\\\/\\\/schema.org\",\"@graph\":[{\"@type\":\"WebPage\",\"@id\":\"https:\\\/\\\/globalsew.com\\\/product\\\/zz-2560-series\\\/\",\"url\":\"https:\\\/\\\/globalsew.com\\\/product\\\/zz-2560-series\\\/\",\"name\":\"ZZ 2560 SERIES - Global International B.V.\",\"isPartOf\":{\"@id\":\"https:\\\/\\\/globalsew.com\\\/#website\"},\"primaryImageOfPage\":{\"@id\":\"https:\\\/\\\/globalsew.com\\\/product\\\/zz-2560-series\\\/#primaryimage\"},\"image\":{\"@id\":\"https:\\\/\\\/globalsew.com\\\/product\\\/zz-2560-series\\\/#primaryimage\"},\"thumbnailUrl\":\"https:\\\/\\\/globalsew.com\\\/wp-content\\\/uploads\\\/2020\\\/03\\\/WEB-GLOBAL-ZZ-2500-01-GLOBAL.jpg\",\"datePublished\":\"2020-03-12T12:15:25+00:00\",\"dateModified\":\"2026-04-07T06:59:48+00:00\",\"breadcrumb\":{\"@id\":\"https:\\\/\\\/globalsew.com\\\/product\\\/zz-2560-series\\\/#breadcrumb\"},\"inLanguage\":\"fr-FR\",\"potentialAction\":[{\"@type\":\"ReadAction\",\"target\":[\"https:\\\/\\\/globalsew.com\\\/product\\\/zz-2560-series\\\/\"]}]},{\"@type\":\"ImageObject\",\"inLanguage\":\"fr-FR\",\"@id\":\"https:\\\/\\\/globalsew.com\\\/product\\\/zz-2560-series\\\/#primaryimage\",\"url\":\"https:\\\/\\\/globalsew.com\\\/wp-content\\\/uploads\\\/2020\\\/03\\\/WEB-GLOBAL-ZZ-2500-01-GLOBAL.jpg\",\"contentUrl\":\"https:\\\/\\\/globalsew.com\\\/wp-content\\\/uploads\\\/2020\\\/03\\\/WEB-GLOBAL-ZZ-2500-01-GLOBAL.jpg\",\"width\":555,\"height\":347},{\"@type\":\"BreadcrumbList\",\"@id\":\"https:\\\/\\\/globalsew.com\\\/product\\\/zz-2560-series\\\/#breadcrumb\",\"itemListElement\":[{\"@type\":\"ListItem\",\"position\":1,\"name\":\"Home\",\"item\":\"https:\\\/\\\/globalsew.com\\\/\"},{\"@type\":\"ListItem\",\"position\":2,\"name\":\"Products\",\"item\":\"https:\\\/\\\/globalsew.com\\\/products\\\/\"},{\"@type\":\"ListItem\",\"position\":3,\"name\":\"ZZ 2560 SERIES\"}]},{\"@type\":\"WebSite\",\"@id\":\"https:\\\/\\\/globalsew.com\\\/#website\",\"url\":\"https:\\\/\\\/globalsew.com\\\/\",\"name\":\"Global International B.V.\",\"description\":\"Industrial Sewing Machines\",\"potentialAction\":[{\"@type\":\"SearchAction\",\"target\":{\"@type\":\"EntryPoint\",\"urlTemplate\":\"https:\\\/\\\/globalsew.com\\\/?s={search_term_string}\"},\"query-input\":{\"@type\":\"PropertyValueSpecification\",\"valueRequired\":true,\"valueName\":\"search_term_string\"}}],\"inLanguage\":\"fr-FR\"}]}<\/script>\n<!-- \/ Yoast SEO plugin. -->","yoast_head_json":{"title":"S\u00c9RIE ZZ 2560 - Global International B.V.","robots":{"index":"index","follow":"follow","max-snippet":"max-snippet:-1","max-image-preview":"max-image-preview:large","max-video-preview":"max-video-preview:-1"},"canonical":"https:\/\/globalsew.com\/fr\/produit\/serie-zz-2560\/","og_locale":"fr_FR","og_type":"article","og_title":"ZZ 2560 SERIES - Global International B.V.","og_description":"For downloads see our downloads page for the Direct drive zig-zag ZZ 2560 Series.","og_url":"https:\/\/globalsew.com\/fr\/produit\/serie-zz-2560\/","og_site_name":"Global International B.V.","article_modified_time":"2026-04-07T06:59:48+00:00","og_image":[{"width":555,"height":347,"url":"https:\/\/globalsew.com\/wp-content\/uploads\/2020\/03\/WEB-GLOBAL-ZZ-2500-01-GLOBAL.jpg","type":"image\/jpeg"}],"twitter_card":"summary_large_image","twitter_misc":{"Dur\u00e9e de lecture estim\u00e9e":"1 minute"},"schema":{"@context":"https:\/\/schema.org","@graph":[{"@type":"WebPage","@id":"https:\/\/globalsew.com\/product\/zz-2560-series\/","url":"https:\/\/globalsew.com\/product\/zz-2560-series\/","name":"S\u00c9RIE ZZ 2560 - Global International B.V.","isPartOf":{"@id":"https:\/\/globalsew.com\/#website"},"primaryImageOfPage":{"@id":"https:\/\/globalsew.com\/product\/zz-2560-series\/#primaryimage"},"image":{"@id":"https:\/\/globalsew.com\/product\/zz-2560-series\/#primaryimage"},"thumbnailUrl":"https:\/\/globalsew.com\/wp-content\/uploads\/2020\/03\/WEB-GLOBAL-ZZ-2500-01-GLOBAL.jpg","datePublished":"2020-03-12T12:15:25+00:00","dateModified":"2026-04-07T06:59:48+00:00","breadcrumb":{"@id":"https:\/\/globalsew.com\/product\/zz-2560-series\/#breadcrumb"},"inLanguage":"fr-FR","potentialAction":[{"@type":"ReadAction","target":["https:\/\/globalsew.com\/product\/zz-2560-series\/"]}]},{"@type":"ImageObject","inLanguage":"fr-FR","@id":"https:\/\/globalsew.com\/product\/zz-2560-series\/#primaryimage","url":"https:\/\/globalsew.com\/wp-content\/uploads\/2020\/03\/WEB-GLOBAL-ZZ-2500-01-GLOBAL.jpg","contentUrl":"https:\/\/globalsew.com\/wp-content\/uploads\/2020\/03\/WEB-GLOBAL-ZZ-2500-01-GLOBAL.jpg","width":555,"height":347},{"@type":"BreadcrumbList","@id":"https:\/\/globalsew.com\/product\/zz-2560-series\/#breadcrumb","itemListElement":[{"@type":"ListItem","position":1,"name":"Home","item":"https:\/\/globalsew.com\/"},{"@type":"ListItem","position":2,"name":"Products","item":"https:\/\/globalsew.com\/products\/"},{"@type":"ListItem","position":3,"name":"ZZ 2560 SERIES"}]},{"@type":"WebSite","@id":"https:\/\/globalsew.com\/#website","url":"https:\/\/globalsew.com\/","name":"Global International B.V.","description":"Machines \u00e0 coudre industrielles","potentialAction":[{"@type":"SearchAction","target":{"@type":"EntryPoint","urlTemplate":"https:\/\/globalsew.com\/?s={search_term_string}"},"query-input":{"@type":"PropertyValueSpecification","valueRequired":true,"valueName":"search_term_string"}}],"inLanguage":"fr-FR"}]}},"_links":{"self":[{"href":"https:\/\/globalsew.com\/fr\/wp-json\/wp\/v2\/product\/95324","targetHints":{"allow":["GET"]}}],"collection":[{"href":"https:\/\/globalsew.com\/fr\/wp-json\/wp\/v2\/product"}],"about":[{"href":"https:\/\/globalsew.com\/fr\/wp-json\/wp\/v2\/types\/product"}],"wp:featuredmedia":[{"embeddable":true,"href":"https:\/\/globalsew.com\/fr\/wp-json\/wp\/v2\/media\/95322"}],"wp:attachment":[{"href":"https:\/\/globalsew.com\/fr\/wp-json\/wp\/v2\/media?parent=95324"}],"wp:term":[{"taxonomy":"product_brand","embeddable":true,"href":"https:\/\/globalsew.com\/fr\/wp-json\/wp\/v2\/product_brand?post=95324"},{"taxonomy":"product_cat","embeddable":true,"href":"https:\/\/globalsew.com\/fr\/wp-json\/wp\/v2\/product_cat?post=95324"},{"taxonomy":"product_tag","embeddable":true,"href":"https:\/\/globalsew.com\/fr\/wp-json\/wp\/v2\/product_tag?post=95324"}],"curies":[{"name":"wp","href":"https:\/\/api.w.org\/{rel}","templated":true}]}}