{"id":94769,"date":"2018-06-12T13:37:08","date_gmt":"2018-06-12T11:37:08","guid":{"rendered":"https:\/\/globalsew.com\/?post_type=product&#038;p=94769"},"modified":"2024-04-15T09:08:10","modified_gmt":"2024-04-15T07:08:10","slug":"strobel-444-2","status":"publish","type":"product","link":"https:\/\/globalsew.com\/fr\/product\/strobel-444-2\/","title":{"rendered":"Strobel 444-2"},"content":{"rendered":"<div class=\"wpb-content-wrapper\"><div class=\"vc_row wpb_row vc_row-fluid\"><div class=\"wpb_column vc_column_container vc_col-sm-12\"><div class=\"vc_column-inner\"><div class=\"wpb_wrapper\">\n\t<div class=\"wpb_text_column wpb_content_element\" >\n\t\t<div class=\"wpb_wrapper\">\n\t\t\t<p>Les <b>nouveau<\/b> Strobel - Machine \u00e0 coudre \u00e0 coupe globale pour la couture des semelles int\u00e9rieures sur la tige de la chaussure.<br \/>\nCompar\u00e9e \u00e0 la m\u00e9thode conventionnelle, la m\u00e9thode Strobel permet d'\u00e9conomiser une quantit\u00e9 importante de mat\u00e9riaux.<\/p>\n<p><span style=\"color: var( --e-global-color-text ); font-family: var( --e-global-typography-text-font-family ), Sans-serif; font-size: var( --e-global-typography-text-font-size ); text-transform: var( --e-global-typography-text-text-transform ); background-color: var( --e-global-color-primary );\">La machine Strobel 444-2 est totalement exempte d'huile, ce qui \u00e9limine le risque de taches d'huile sur vos mat\u00e9riaux. Une lubrification de rodage avec une p\u00e2te lubrifiante solide ayant un coefficient de frottement particuli\u00e8rement bas est utilis\u00e9e. En d'autres termes, le coefficient de frottement le plus faible est associ\u00e9 \u00e0 la capacit\u00e9 de charge la plus \u00e9lev\u00e9e.<\/span><\/p>\n<p><b>Plus Caract\u00e9ristiques principales :<\/b><\/p>\n<ul>\n<li>La machine peut coudre des cuirs ou des textiles d'une \u00e9paisseur allant jusqu'\u00e0 7 mm.<\/li>\n<li>Moteur pas \u00e0 pas avec alimentation diff\u00e9rentielle pour jusqu'\u00e0 75% de collecte, r\u00e9duisant les chaussures rejet\u00e9es, et en outre, cela garantit que les op\u00e9rateurs doivent utiliser moins d'\u00e9nergie et de force et que le rendement reste plus stable (gain jusqu'\u00e0 30% de rendement de plus qu'avec une machine Strobel ordinaire, non programmable).<\/li>\n<li>Stockez jusqu'\u00e0 99 programmes, chacun comportant 4, 6 ou 8 sections de rassemblement.<\/li>\n<li>\u00c9cran tactile intuitif en couleur pour une programmation facile.<\/li>\n<li>Sauvegarde automatique des paires : programmez une chaussure (gauche) et l'autre (droite) est sauvegard\u00e9e.<\/li>\n<li>Le mode programme permet de travailler sur des paires ou des chaussures individuelles gauche\/droite.<\/li>\n<li>Le dispositif de rassemblement et la seconde tension, en option, peuvent \u00eatre pr\u00e9programm\u00e9s par section de la chaussure pour une personnalisation pr\u00e9cise et un r\u00e9sultat optimal.<\/li>\n<li>La collecte manuelle est possible \u00e0 l'aide d'une p\u00e9dale.<\/li>\n<li>Coupe frontale redessin\u00e9e pour la couture des mat\u00e9riaux Gore-Tex.<\/li>\n<li>Plusieurs coupelles d'alimentation sont disponibles, ce qui permet de l'adapter \u00e0 une large gamme de chaussures.<\/li>\n<\/ul>\n<p>&nbsp;<\/p>\n<p>&nbsp;<\/p>\n<p>&nbsp;<\/p>\n<p>&nbsp;<\/p>\n<p>&nbsp;<\/p>\n<p><img fetchpriority=\"high\" decoding=\"async\" class=\"alignnone wp-image-96608\" src=\"https:\/\/globalsew.com\/wp-content\/uploads\/2018\/06\/strobel-lub-attention-website.global-copy.jpg\" alt=\"\" width=\"482\" height=\"321\" srcset=\"https:\/\/globalsew.com\/wp-content\/uploads\/2018\/06\/strobel-lub-attention-website.global-copy.jpg 800w, https:\/\/globalsew.com\/wp-content\/uploads\/2018\/06\/strobel-lub-attention-website.global-copy-555x370.jpg 555w, https:\/\/globalsew.com\/wp-content\/uploads\/2018\/06\/strobel-lub-attention-website.global-copy-300x200.jpg 300w, https:\/\/globalsew.com\/wp-content\/uploads\/2018\/06\/strobel-lub-attention-website.global-copy-768x512.jpg 768w, https:\/\/globalsew.com\/wp-content\/uploads\/2018\/06\/strobel-lub-attention-website.global-copy-205x137.jpg 205w, https:\/\/globalsew.com\/wp-content\/uploads\/2018\/06\/strobel-lub-attention-website.global-copy-521x347.jpg 521w\" sizes=\"(max-width: 482px) 100vw, 482px\" \/><\/p>\n\n\t\t<\/div>\n\t<\/div>\n\n\t<div class=\"wpb_text_column wpb_content_element\" >\n\t\t<div class=\"wpb_wrapper\">\n\t\t\t<p>Surjeteuse \u00e0 fil unique pr\u00e9programm\u00e9e pour la fixation des semelles int\u00e9rieures. La machine est \u00e9quip\u00e9e d'un gobelet avant \u00e0 moteur pas \u00e0 pas pour l'alimentation diff\u00e9rentielle, ce qui garantit que le gobelet d'alimentation et le gobelet avant fonctionnent au millim\u00e8tre pr\u00e8s. De plus, la programmation du diff\u00e9rentiel permet \u00e0 cette machine polyvalente d'int\u00e9grer 10 \u00e9tapes diff\u00e9rentes jusqu'\u00e0 50 % d'ampleur dans la couture, selon les besoins. Des fronces suppl\u00e9mentaires peuvent \u00eatre r\u00e9alis\u00e9es gr\u00e2ce au syst\u00e8me de fronces pneumatiques en option. Ce syst\u00e8me permet d'obtenir des r\u00e9sultats uniformes de la construction Strobel.<\/p>\n<p>&nbsp;<\/p>\n<p>&nbsp;<\/p>\n<p>&nbsp;<\/p>\n<p>&nbsp;<\/p>\n<p>&nbsp;<\/p>\n<p><img fetchpriority=\"high\" decoding=\"async\" class=\"alignnone wp-image-96608\" src=\"https:\/\/globalsew.com\/wp-content\/uploads\/2018\/06\/strobel-lub-attention-website.global-copy.jpg\" alt=\"\" width=\"482\" height=\"321\" srcset=\"https:\/\/globalsew.com\/wp-content\/uploads\/2018\/06\/strobel-lub-attention-website.global-copy.jpg 800w, https:\/\/globalsew.com\/wp-content\/uploads\/2018\/06\/strobel-lub-attention-website.global-copy-555x370.jpg 555w, https:\/\/globalsew.com\/wp-content\/uploads\/2018\/06\/strobel-lub-attention-website.global-copy-300x200.jpg 300w, https:\/\/globalsew.com\/wp-content\/uploads\/2018\/06\/strobel-lub-attention-website.global-copy-768x512.jpg 768w, https:\/\/globalsew.com\/wp-content\/uploads\/2018\/06\/strobel-lub-attention-website.global-copy-205x137.jpg 205w, https:\/\/globalsew.com\/wp-content\/uploads\/2018\/06\/strobel-lub-attention-website.global-copy-521x347.jpg 521w\" sizes=\"(max-width: 482px) 100vw, 482px\" \/><\/p>\n\n\t\t<\/div>\n\t<\/div>\n<\/div><\/div><\/div><\/div>\n<\/div>","protected":false},"excerpt":{"rendered":"<p>Pour les t\u00e9l\u00e9chargements, voir notre page de t\u00e9l\u00e9chargements pour l'application <a class=\"download-link\" href=\"https:\/\/globalsew.com\/fr\/telecharger\/serie-strobel-443\/\">Machines \u00e0 chaussures Strobel<\/a>.<\/p>\n<div class=\"col-md-4\"><\/div>","protected":false},"featured_media":105325,"template":"","meta":{"_acf_changed":false},"product_brand":[],"product_cat":[25,83],"product_tag":[],"class_list":{"0":"post-94769","1":"product","2":"type-product","3":"status-publish","4":"has-post-thumbnail","6":"product_cat-shoes","7":"product_cat-special-shoe-machines","8":"tm-has-options","10":"first","11":"instock","12":"shipping-taxable","13":"purchasable","14":"product-type-simple"},"acf":[],"gallery_images":[105752,105326,105327,105328,105329,105330,105331],"yoast_head":"<!-- This site is optimized with the Yoast SEO plugin v27.3 - https:\/\/yoast.com\/product\/yoast-seo-wordpress\/ -->\n<title>Strobel 444-2 - Global International B.V.<\/title>\n<meta name=\"robots\" content=\"index, follow, max-snippet:-1, max-image-preview:large, max-video-preview:-1\" \/>\n<link rel=\"canonical\" href=\"https:\/\/globalsew.com\/fr\/produit\/strobel-444-2\/\" \/>\n<meta property=\"og:locale\" content=\"fr_FR\" \/>\n<meta property=\"og:type\" content=\"article\" \/>\n<meta property=\"og:title\" content=\"Strobel 444-2 - Global International B.V.\" \/>\n<meta property=\"og:description\" content=\"For downloads see our downloads page for the Strobel shoe machines.\" \/>\n<meta property=\"og:url\" content=\"https:\/\/globalsew.com\/fr\/produit\/strobel-444-2\/\" \/>\n<meta property=\"og:site_name\" content=\"Global International B.V.\" \/>\n<meta property=\"article:modified_time\" content=\"2024-04-15T07:08:10+00:00\" \/>\n<meta property=\"og:image\" content=\"https:\/\/globalsew.com\/wp-content\/uploads\/2018\/06\/products-STROBEL-444-2-01-global-1080-website-2024.jpg\" \/>\n\t<meta property=\"og:image:width\" content=\"1819\" \/>\n\t<meta property=\"og:image:height\" content=\"1080\" \/>\n\t<meta property=\"og:image:type\" content=\"image\/jpeg\" \/>\n<meta name=\"twitter:card\" content=\"summary_large_image\" \/>\n<meta name=\"twitter:label1\" content=\"Dur\u00e9e de lecture estim\u00e9e\" \/>\n\t<meta name=\"twitter:data1\" content=\"2 minutes\" \/>\n<script type=\"application\/ld+json\" class=\"yoast-schema-graph\">{\"@context\":\"https:\\\/\\\/schema.org\",\"@graph\":[{\"@type\":\"WebPage\",\"@id\":\"https:\\\/\\\/globalsew.com\\\/product\\\/strobel-444-2\\\/\",\"url\":\"https:\\\/\\\/globalsew.com\\\/product\\\/strobel-444-2\\\/\",\"name\":\"Strobel 444-2 - Global International B.V.\",\"isPartOf\":{\"@id\":\"https:\\\/\\\/globalsew.com\\\/#website\"},\"primaryImageOfPage\":{\"@id\":\"https:\\\/\\\/globalsew.com\\\/product\\\/strobel-444-2\\\/#primaryimage\"},\"image\":{\"@id\":\"https:\\\/\\\/globalsew.com\\\/product\\\/strobel-444-2\\\/#primaryimage\"},\"thumbnailUrl\":\"https:\\\/\\\/globalsew.com\\\/wp-content\\\/uploads\\\/2018\\\/06\\\/products-STROBEL-444-2-01-global-1080-website-2024.jpg\",\"datePublished\":\"2018-06-12T11:37:08+00:00\",\"dateModified\":\"2024-04-15T07:08:10+00:00\",\"breadcrumb\":{\"@id\":\"https:\\\/\\\/globalsew.com\\\/product\\\/strobel-444-2\\\/#breadcrumb\"},\"inLanguage\":\"fr-FR\",\"potentialAction\":[{\"@type\":\"ReadAction\",\"target\":[\"https:\\\/\\\/globalsew.com\\\/product\\\/strobel-444-2\\\/\"]}]},{\"@type\":\"ImageObject\",\"inLanguage\":\"fr-FR\",\"@id\":\"https:\\\/\\\/globalsew.com\\\/product\\\/strobel-444-2\\\/#primaryimage\",\"url\":\"https:\\\/\\\/globalsew.com\\\/wp-content\\\/uploads\\\/2018\\\/06\\\/products-STROBEL-444-2-01-global-1080-website-2024.jpg\",\"contentUrl\":\"https:\\\/\\\/globalsew.com\\\/wp-content\\\/uploads\\\/2018\\\/06\\\/products-STROBEL-444-2-01-global-1080-website-2024.jpg\",\"width\":1819,\"height\":1080,\"caption\":\"Strobel 444-2\"},{\"@type\":\"BreadcrumbList\",\"@id\":\"https:\\\/\\\/globalsew.com\\\/product\\\/strobel-444-2\\\/#breadcrumb\",\"itemListElement\":[{\"@type\":\"ListItem\",\"position\":1,\"name\":\"Home\",\"item\":\"https:\\\/\\\/globalsew.com\\\/\"},{\"@type\":\"ListItem\",\"position\":2,\"name\":\"Products\",\"item\":\"https:\\\/\\\/globalsew.com\\\/products\\\/\"},{\"@type\":\"ListItem\",\"position\":3,\"name\":\"Strobel 444-2\"}]},{\"@type\":\"WebSite\",\"@id\":\"https:\\\/\\\/globalsew.com\\\/#website\",\"url\":\"https:\\\/\\\/globalsew.com\\\/\",\"name\":\"Global International B.V.\",\"description\":\"Industrial Sewing Machines\",\"potentialAction\":[{\"@type\":\"SearchAction\",\"target\":{\"@type\":\"EntryPoint\",\"urlTemplate\":\"https:\\\/\\\/globalsew.com\\\/?s={search_term_string}\"},\"query-input\":{\"@type\":\"PropertyValueSpecification\",\"valueRequired\":true,\"valueName\":\"search_term_string\"}}],\"inLanguage\":\"fr-FR\"}]}<\/script>\n<!-- \/ Yoast SEO plugin. -->","yoast_head_json":{"title":"Strobel 444-2 - Global International B.V.","robots":{"index":"index","follow":"follow","max-snippet":"max-snippet:-1","max-image-preview":"max-image-preview:large","max-video-preview":"max-video-preview:-1"},"canonical":"https:\/\/globalsew.com\/fr\/produit\/strobel-444-2\/","og_locale":"fr_FR","og_type":"article","og_title":"Strobel 444-2 - Global International B.V.","og_description":"For downloads see our downloads page for the Strobel shoe machines.","og_url":"https:\/\/globalsew.com\/fr\/produit\/strobel-444-2\/","og_site_name":"Global International B.V.","article_modified_time":"2024-04-15T07:08:10+00:00","og_image":[{"width":1819,"height":1080,"url":"https:\/\/globalsew.com\/wp-content\/uploads\/2018\/06\/products-STROBEL-444-2-01-global-1080-website-2024.jpg","type":"image\/jpeg"}],"twitter_card":"summary_large_image","twitter_misc":{"Dur\u00e9e de lecture estim\u00e9e":"2 minutes"},"schema":{"@context":"https:\/\/schema.org","@graph":[{"@type":"WebPage","@id":"https:\/\/globalsew.com\/product\/strobel-444-2\/","url":"https:\/\/globalsew.com\/product\/strobel-444-2\/","name":"Strobel 444-2 - Global International B.V.","isPartOf":{"@id":"https:\/\/globalsew.com\/#website"},"primaryImageOfPage":{"@id":"https:\/\/globalsew.com\/product\/strobel-444-2\/#primaryimage"},"image":{"@id":"https:\/\/globalsew.com\/product\/strobel-444-2\/#primaryimage"},"thumbnailUrl":"https:\/\/globalsew.com\/wp-content\/uploads\/2018\/06\/products-STROBEL-444-2-01-global-1080-website-2024.jpg","datePublished":"2018-06-12T11:37:08+00:00","dateModified":"2024-04-15T07:08:10+00:00","breadcrumb":{"@id":"https:\/\/globalsew.com\/product\/strobel-444-2\/#breadcrumb"},"inLanguage":"fr-FR","potentialAction":[{"@type":"ReadAction","target":["https:\/\/globalsew.com\/product\/strobel-444-2\/"]}]},{"@type":"ImageObject","inLanguage":"fr-FR","@id":"https:\/\/globalsew.com\/product\/strobel-444-2\/#primaryimage","url":"https:\/\/globalsew.com\/wp-content\/uploads\/2018\/06\/products-STROBEL-444-2-01-global-1080-website-2024.jpg","contentUrl":"https:\/\/globalsew.com\/wp-content\/uploads\/2018\/06\/products-STROBEL-444-2-01-global-1080-website-2024.jpg","width":1819,"height":1080,"caption":"Strobel 444-2"},{"@type":"BreadcrumbList","@id":"https:\/\/globalsew.com\/product\/strobel-444-2\/#breadcrumb","itemListElement":[{"@type":"ListItem","position":1,"name":"Home","item":"https:\/\/globalsew.com\/"},{"@type":"ListItem","position":2,"name":"Products","item":"https:\/\/globalsew.com\/products\/"},{"@type":"ListItem","position":3,"name":"Strobel 444-2"}]},{"@type":"WebSite","@id":"https:\/\/globalsew.com\/#website","url":"https:\/\/globalsew.com\/","name":"Global International B.V.","description":"Machines \u00e0 coudre industrielles","potentialAction":[{"@type":"SearchAction","target":{"@type":"EntryPoint","urlTemplate":"https:\/\/globalsew.com\/?s={search_term_string}"},"query-input":{"@type":"PropertyValueSpecification","valueRequired":true,"valueName":"search_term_string"}}],"inLanguage":"fr-FR"}]}},"_links":{"self":[{"href":"https:\/\/globalsew.com\/fr\/wp-json\/wp\/v2\/product\/94769","targetHints":{"allow":["GET"]}}],"collection":[{"href":"https:\/\/globalsew.com\/fr\/wp-json\/wp\/v2\/product"}],"about":[{"href":"https:\/\/globalsew.com\/fr\/wp-json\/wp\/v2\/types\/product"}],"wp:featuredmedia":[{"embeddable":true,"href":"https:\/\/globalsew.com\/fr\/wp-json\/wp\/v2\/media\/105325"}],"wp:attachment":[{"href":"https:\/\/globalsew.com\/fr\/wp-json\/wp\/v2\/media?parent=94769"}],"wp:term":[{"taxonomy":"product_brand","embeddable":true,"href":"https:\/\/globalsew.com\/fr\/wp-json\/wp\/v2\/product_brand?post=94769"},{"taxonomy":"product_cat","embeddable":true,"href":"https:\/\/globalsew.com\/fr\/wp-json\/wp\/v2\/product_cat?post=94769"},{"taxonomy":"product_tag","embeddable":true,"href":"https:\/\/globalsew.com\/fr\/wp-json\/wp\/v2\/product_tag?post=94769"}],"curies":[{"name":"wp","href":"https:\/\/api.w.org\/{rel}","templated":true}]}}