{"id":94560,"date":"2018-03-19T15:12:59","date_gmt":"2018-03-19T14:12:59","guid":{"rendered":"https:\/\/globalsew.com\/?post_type=product&#038;p=94560"},"modified":"2025-02-19T11:04:14","modified_gmt":"2025-02-19T10:04:14","slug":"serie-g","status":"publish","type":"product","link":"https:\/\/globalsew.com\/fr\/product\/g-series\/","title":{"rendered":"S\u00e9rie G"},"content":{"rendered":"<p>La s\u00e9rie G renouvel\u00e9e est l\u00e0 pour r\u00e9pondre \u00e0 la demande d'un servomoteur \u00e9conomique, de haute qualit\u00e9 et \u00e0 faible consommation d'\u00e9nergie, avec positionnement de l'aiguille et quelques nouvelles caract\u00e9ristiques sp\u00e9ciales. La vitesse peut \u00eatre facilement contr\u00f4l\u00e9e \u00e0 l'aide du nouveau potentiom\u00e8tre situ\u00e9 sur le moteur. La nouvelle s\u00e9rie G peut d\u00e9sormais \u00eatre utilis\u00e9e sur les machines \u00e0 \u00e9cr\u00eater, les machines \u00e0 pousser les cordes automatiques et comme moteur \u00e0 induction, gr\u00e2ce \u00e0 la nouvelle fonction de fonctionnement continu automatique. Gr\u00e2ce \u00e0 une nouvelle gamme de param\u00e8tres, la s\u00e9rie G peut \u00eatre r\u00e9gl\u00e9e pour entra\u00eener votre machine de mani\u00e8re parfaite et beaucoup plus souple. Cette nouvelle s\u00e9rie G comprend un r\u00e9gulateur de vitesse manuel.<\/p>\n<p><strong>G40-1N<\/strong>: Corps de moteur de 400 watts pour le point nou\u00e9 \u00e0 grande vitesse, le surjet, le point aveugle et l'interlock normal, y compris le r\u00e9gulateur de vitesse manuel.<br \/>\n<strong>G40-2N<\/strong>G40-1N : identique au G40-1N mais avec une sortie pour le releveur de pied presseur PNEUMATIC et le refroidissement de l'aiguille (signal de marche du moteur).<br \/>\n<strong>G60-1N<\/strong>Le G-60 est \u00e9quip\u00e9 d'un moteur de 600 watts. Gr\u00e2ce \u00e0 son couple relativement \u00e9lev\u00e9, le G-60 peut \u00eatre utilis\u00e9 sur des machines plus lourdes, comme les machines \u00e0 pied l\u00e9g\u00e8res et moyennes, avec un r\u00e9gulateur de vitesse manuel.<br \/>\n<strong>G60-2N<\/strong>G60-1N : identique au G60-1N mais avec une sortie pour le releveur de pied presseur PNEUMATIC et le refroidissement de l'aiguille (signal de marche du moteur).<br \/>\n<strong>G60-1-NP<\/strong>G60-1 : identique au G60-1 mais avec un potentiom\u00e8tre de vitesse pour limiter facilement la vitesse maximale.<br \/>\n<strong>G75-2<\/strong>G60-2 : identique au G60-2 mais avec une puissance de 750 Watt (sortie pour le releveur de pied-de-biche PNEUMATIC et le refroidissement de l'aiguille \/ signal de marche du moteur). Ne convient pas aux machines avec un grand volant comme la Global WF 9204 \/ 9205. Sans r\u00e9gulateur de vitesse manuel.<\/p>\n<p>Le synchro externe 700-1 est propos\u00e9 en option. La s\u00e9rie G peut fonctionner avec ou sans synchroniseur externe et il n'est pas n\u00e9cessaire de modifier les r\u00e9glages pour cela, le bo\u00eetier de commande d\u00e9tectera automatiquement le synchro externe et s'ajustera.<\/p>\n<p>&nbsp;<\/p>\n<p>&nbsp;<\/p>\n<p><img decoding=\"async\" class=\"alignnone size-full wp-image-94846\" src=\"https:\/\/globalsew.com\/wp-content\/uploads\/2018\/03\/iso-xs-global.jpg\" alt=\"\" width=\"73\" height=\"68\" \/>\u00a0\u00a0<img decoding=\"async\" class=\"alignnone size-full wp-image-94845\" src=\"https:\/\/globalsew.com\/wp-content\/uploads\/2018\/03\/rohs-xs-global.jpg\" alt=\"\" width=\"73\" height=\"68\" \/>\u00a0 \u00a0 \u00a0<img decoding=\"async\" class=\"alignnone size-full wp-image-94794\" src=\"https:\/\/globalsew.com\/wp-content\/uploads\/2017\/04\/eac-xs-global.jpg\" alt=\"\" width=\"73\" height=\"68\" \/><img loading=\"lazy\" decoding=\"async\" class=\"alignnone size-full wp-image-94793\" src=\"https:\/\/globalsew.com\/wp-content\/uploads\/2017\/04\/ce-xs-global.jpg\" alt=\"\" width=\"73\" height=\"68\" \/><\/p>","protected":false},"excerpt":{"rendered":"<div class=\"row\">\n<div class=\"col-md-6\"><a class=\"download-button\" href=\"https:\/\/globalsew.com\/wp-content\/uploads\/2017\/03\/Ho-Hsing-brochure.pdf\" target=\"_blank\" rel=\"noopener\">T\u00e9l\u00e9charger le d\u00e9pliant<\/a><\/div>\n<\/div>","protected":false},"featured_media":111507,"template":"","meta":{"_acf_changed":false},"product_brand":[],"product_cat":[378,141],"product_tag":[],"class_list":{"0":"post-94560","1":"product","2":"type-product","3":"status-publish","4":"has-post-thumbnail","6":"product_cat-ho-hsing-servomotors","7":"product_cat-motors","8":"tm-has-options","10":"first","11":"instock","12":"shipping-taxable","13":"purchasable","14":"product-type-simple"},"acf":[],"gallery_images":[111508,111511,111509,111510,111512],"yoast_head":"<!-- This site is optimized with the Yoast SEO plugin v27.3 - https:\/\/yoast.com\/product\/yoast-seo-wordpress\/ -->\n<title>G series - Global International B.V.<\/title>\n<meta name=\"robots\" content=\"index, follow, max-snippet:-1, max-image-preview:large, max-video-preview:-1\" \/>\n<link rel=\"canonical\" href=\"https:\/\/globalsew.com\/fr\/produit\/serie-g\/\" \/>\n<meta property=\"og:locale\" content=\"fr_FR\" \/>\n<meta property=\"og:type\" content=\"article\" \/>\n<meta property=\"og:title\" content=\"G series - Global International B.V.\" \/>\n<meta property=\"og:description\" content=\"Download Leaflet\" \/>\n<meta property=\"og:url\" content=\"https:\/\/globalsew.com\/fr\/produit\/serie-g\/\" \/>\n<meta property=\"og:site_name\" content=\"Global International B.V.\" \/>\n<meta property=\"article:modified_time\" content=\"2025-02-19T10:04:14+00:00\" \/>\n<meta property=\"og:image\" content=\"https:\/\/globalsew.com\/wp-content\/uploads\/2018\/03\/products-HOHSING-G60SERIES-01-global-1080-website-2024-Recovered.jpg\" \/>\n\t<meta property=\"og:image:width\" content=\"1819\" \/>\n\t<meta property=\"og:image:height\" content=\"1080\" \/>\n\t<meta property=\"og:image:type\" content=\"image\/jpeg\" \/>\n<meta name=\"twitter:card\" content=\"summary_large_image\" \/>\n<meta name=\"twitter:label1\" content=\"Dur\u00e9e de lecture estim\u00e9e\" \/>\n\t<meta name=\"twitter:data1\" content=\"3 minutes\" \/>\n<script type=\"application\/ld+json\" class=\"yoast-schema-graph\">{\"@context\":\"https:\\\/\\\/schema.org\",\"@graph\":[{\"@type\":\"WebPage\",\"@id\":\"https:\\\/\\\/globalsew.com\\\/product\\\/g-series\\\/\",\"url\":\"https:\\\/\\\/globalsew.com\\\/product\\\/g-series\\\/\",\"name\":\"G series - Global International B.V.\",\"isPartOf\":{\"@id\":\"https:\\\/\\\/globalsew.com\\\/#website\"},\"primaryImageOfPage\":{\"@id\":\"https:\\\/\\\/globalsew.com\\\/product\\\/g-series\\\/#primaryimage\"},\"image\":{\"@id\":\"https:\\\/\\\/globalsew.com\\\/product\\\/g-series\\\/#primaryimage\"},\"thumbnailUrl\":\"https:\\\/\\\/globalsew.com\\\/wp-content\\\/uploads\\\/2018\\\/03\\\/products-HOHSING-G60SERIES-01-global-1080-website-2024-Recovered.jpg\",\"datePublished\":\"2018-03-19T14:12:59+00:00\",\"dateModified\":\"2025-02-19T10:04:14+00:00\",\"breadcrumb\":{\"@id\":\"https:\\\/\\\/globalsew.com\\\/product\\\/g-series\\\/#breadcrumb\"},\"inLanguage\":\"fr-FR\",\"potentialAction\":[{\"@type\":\"ReadAction\",\"target\":[\"https:\\\/\\\/globalsew.com\\\/product\\\/g-series\\\/\"]}]},{\"@type\":\"ImageObject\",\"inLanguage\":\"fr-FR\",\"@id\":\"https:\\\/\\\/globalsew.com\\\/product\\\/g-series\\\/#primaryimage\",\"url\":\"https:\\\/\\\/globalsew.com\\\/wp-content\\\/uploads\\\/2018\\\/03\\\/products-HOHSING-G60SERIES-01-global-1080-website-2024-Recovered.jpg\",\"contentUrl\":\"https:\\\/\\\/globalsew.com\\\/wp-content\\\/uploads\\\/2018\\\/03\\\/products-HOHSING-G60SERIES-01-global-1080-website-2024-Recovered.jpg\",\"width\":1819,\"height\":1080},{\"@type\":\"BreadcrumbList\",\"@id\":\"https:\\\/\\\/globalsew.com\\\/product\\\/g-series\\\/#breadcrumb\",\"itemListElement\":[{\"@type\":\"ListItem\",\"position\":1,\"name\":\"Home\",\"item\":\"https:\\\/\\\/globalsew.com\\\/\"},{\"@type\":\"ListItem\",\"position\":2,\"name\":\"Products\",\"item\":\"https:\\\/\\\/globalsew.com\\\/products\\\/\"},{\"@type\":\"ListItem\",\"position\":3,\"name\":\"G series\"}]},{\"@type\":\"WebSite\",\"@id\":\"https:\\\/\\\/globalsew.com\\\/#website\",\"url\":\"https:\\\/\\\/globalsew.com\\\/\",\"name\":\"Global International B.V.\",\"description\":\"Industrial Sewing Machines\",\"potentialAction\":[{\"@type\":\"SearchAction\",\"target\":{\"@type\":\"EntryPoint\",\"urlTemplate\":\"https:\\\/\\\/globalsew.com\\\/?s={search_term_string}\"},\"query-input\":{\"@type\":\"PropertyValueSpecification\",\"valueRequired\":true,\"valueName\":\"search_term_string\"}}],\"inLanguage\":\"fr-FR\"}]}<\/script>\n<!-- \/ Yoast SEO plugin. -->","yoast_head_json":{"title":"S\u00e9rie G - Global International B.V.","robots":{"index":"index","follow":"follow","max-snippet":"max-snippet:-1","max-image-preview":"max-image-preview:large","max-video-preview":"max-video-preview:-1"},"canonical":"https:\/\/globalsew.com\/fr\/produit\/serie-g\/","og_locale":"fr_FR","og_type":"article","og_title":"G series - Global International B.V.","og_description":"Download Leaflet","og_url":"https:\/\/globalsew.com\/fr\/produit\/serie-g\/","og_site_name":"Global International B.V.","article_modified_time":"2025-02-19T10:04:14+00:00","og_image":[{"width":1819,"height":1080,"url":"https:\/\/globalsew.com\/wp-content\/uploads\/2018\/03\/products-HOHSING-G60SERIES-01-global-1080-website-2024-Recovered.jpg","type":"image\/jpeg"}],"twitter_card":"summary_large_image","twitter_misc":{"Dur\u00e9e de lecture estim\u00e9e":"3 minutes"},"schema":{"@context":"https:\/\/schema.org","@graph":[{"@type":"WebPage","@id":"https:\/\/globalsew.com\/product\/g-series\/","url":"https:\/\/globalsew.com\/product\/g-series\/","name":"S\u00e9rie G - Global International B.V.","isPartOf":{"@id":"https:\/\/globalsew.com\/#website"},"primaryImageOfPage":{"@id":"https:\/\/globalsew.com\/product\/g-series\/#primaryimage"},"image":{"@id":"https:\/\/globalsew.com\/product\/g-series\/#primaryimage"},"thumbnailUrl":"https:\/\/globalsew.com\/wp-content\/uploads\/2018\/03\/products-HOHSING-G60SERIES-01-global-1080-website-2024-Recovered.jpg","datePublished":"2018-03-19T14:12:59+00:00","dateModified":"2025-02-19T10:04:14+00:00","breadcrumb":{"@id":"https:\/\/globalsew.com\/product\/g-series\/#breadcrumb"},"inLanguage":"fr-FR","potentialAction":[{"@type":"ReadAction","target":["https:\/\/globalsew.com\/product\/g-series\/"]}]},{"@type":"ImageObject","inLanguage":"fr-FR","@id":"https:\/\/globalsew.com\/product\/g-series\/#primaryimage","url":"https:\/\/globalsew.com\/wp-content\/uploads\/2018\/03\/products-HOHSING-G60SERIES-01-global-1080-website-2024-Recovered.jpg","contentUrl":"https:\/\/globalsew.com\/wp-content\/uploads\/2018\/03\/products-HOHSING-G60SERIES-01-global-1080-website-2024-Recovered.jpg","width":1819,"height":1080},{"@type":"BreadcrumbList","@id":"https:\/\/globalsew.com\/product\/g-series\/#breadcrumb","itemListElement":[{"@type":"ListItem","position":1,"name":"Home","item":"https:\/\/globalsew.com\/"},{"@type":"ListItem","position":2,"name":"Products","item":"https:\/\/globalsew.com\/products\/"},{"@type":"ListItem","position":3,"name":"G series"}]},{"@type":"WebSite","@id":"https:\/\/globalsew.com\/#website","url":"https:\/\/globalsew.com\/","name":"Global International B.V.","description":"Machines \u00e0 coudre industrielles","potentialAction":[{"@type":"SearchAction","target":{"@type":"EntryPoint","urlTemplate":"https:\/\/globalsew.com\/?s={search_term_string}"},"query-input":{"@type":"PropertyValueSpecification","valueRequired":true,"valueName":"search_term_string"}}],"inLanguage":"fr-FR"}]}},"_links":{"self":[{"href":"https:\/\/globalsew.com\/fr\/wp-json\/wp\/v2\/product\/94560","targetHints":{"allow":["GET"]}}],"collection":[{"href":"https:\/\/globalsew.com\/fr\/wp-json\/wp\/v2\/product"}],"about":[{"href":"https:\/\/globalsew.com\/fr\/wp-json\/wp\/v2\/types\/product"}],"wp:featuredmedia":[{"embeddable":true,"href":"https:\/\/globalsew.com\/fr\/wp-json\/wp\/v2\/media\/111507"}],"wp:attachment":[{"href":"https:\/\/globalsew.com\/fr\/wp-json\/wp\/v2\/media?parent=94560"}],"wp:term":[{"taxonomy":"product_brand","embeddable":true,"href":"https:\/\/globalsew.com\/fr\/wp-json\/wp\/v2\/product_brand?post=94560"},{"taxonomy":"product_cat","embeddable":true,"href":"https:\/\/globalsew.com\/fr\/wp-json\/wp\/v2\/product_cat?post=94560"},{"taxonomy":"product_tag","embeddable":true,"href":"https:\/\/globalsew.com\/fr\/wp-json\/wp\/v2\/product_tag?post=94560"}],"curies":[{"name":"wp","href":"https:\/\/api.w.org\/{rel}","templated":true}]}}