{"id":94559,"date":"2018-03-19T13:27:49","date_gmt":"2018-03-19T12:27:49","guid":{"rendered":"https:\/\/globalsew.com\/?post_type=product&#038;p=94559"},"modified":"2024-05-22T09:46:56","modified_gmt":"2024-05-22T07:46:56","slug":"serie-i70","status":"publish","type":"product","link":"https:\/\/globalsew.com\/fr\/product\/i70-series\/","title":{"rendered":"S\u00e9rie i70"},"content":{"rendered":"<p><em>Bo\u00eetier de commande s\u00e9par\u00e9 pouvant \u00eatre utilis\u00e9 en combinaison avec un mini-moteur de 500, 600 ou 750 watts. En choisissant le mini-moteur appropri\u00e9 pour votre application de machine \u00e0 coudre, une grande vari\u00e9t\u00e9 de mod\u00e8les de machines \u00e0 coudre peut \u00eatre \u00e9quip\u00e9e de cette unit\u00e9 de contr\u00f4le (y compris l'entra\u00eenement direct). Le panneau de commande C300 (i70) est optionnel.<\/p>\n<p>Fonctions disponibles (selon le mod\u00e8le de bo\u00eetier de commande) :<br \/>\ncoupe-bordure, essuie-glace, rel\u00e2chement de la tension, relevage du pied-de-biche, marche arri\u00e8re, fonction HP, deuxi\u00e8me longueur de point, extracteur, guide de mat\u00e9riau, entr\u00e9e de cellule photo\u00e9lectrique, fonction flip flop et syst\u00e8me IOT.<\/p>\n<p>Les mod\u00e8les i60 et i70 utilisent une unit\u00e9 de contr\u00f4le de la vitesse s\u00e9par\u00e9e qui peut \u00eatre install\u00e9e dans une position al\u00e9atoire sous la table, ce qui est tr\u00e8s pratique pour les machines \u00e0 bras long.<\/p>\n<p>Mod\u00e8les i70 disponibles : D\u00fcrkopp Adler (i70L) , Global, Brother, Mitsubishi, Pegasus (i70M), Juki.<\/p>\n<p>Mini moteurs pour les s\u00e9ries i60, i70 :<br \/>\nLes s\u00e9ries i60 et i70 fonctionnent en combinaison avec un mini-moteur s\u00e9par\u00e9. Les mod\u00e8les de 500, 600 et 750 watts offrent un large \u00e9ventail de possibilit\u00e9s.<br \/>\nLa gamme d'applications de couture est couverte. Les mini-moteurs pour le dessous de la table sont livr\u00e9s avec leur support.<br \/>\nle support, le couvercle de la courroie trap\u00e9zo\u00efdale et la poulie du moteur.<\/p>\n<p>Une vari\u00e9t\u00e9 de mod\u00e8les \u00e0 entra\u00eenement direct est \u00e9galement disponible.<\/p>\n<p>Unit\u00e9 de commande compl\u00e8te et unit\u00e9 de contr\u00f4le de la vitesse. Le mini-moteur n'est pas inclus.<\/em><\/p>\n<p><strong>i70M-4-11-220<\/strong> - Mod\u00e8le Mitsubishi<br \/>\n<strong>i70M-4-7W-220<\/strong> - Mod\u00e8le Juki<br \/>\n<strong>i70M-4-BR-220<\/strong> - Mod\u00e8le Brother<br \/>\n<strong>i70L-4-ED-220<\/strong> - pour divers mod\u00e8les de lits de poste Global &amp; DA<\/p>\n<p><em>Minimoteurs pour la s\u00e9rie i70 :<\/em><br \/>\n<strong>MT0150 - <\/strong>Mini moteur 500 Watt pour montage sous table<br \/>\n<strong>MT0160 - <\/strong>Mini moteur 600 Watt pour montage sous table<br \/>\n<strong>MT0175 - <\/strong>Mini moteur 750 Watt pour montage sous table<br \/>\n<strong>MT0250 - <\/strong>Mini moteur 500 Watt pour machines \u00e0 entra\u00eenement direct (ce moteur est sans support et a un synchroniseur int\u00e9gr\u00e9)<br \/>\n<strong>MT0260 - <\/strong>Mini moteur 600 Watt pour machines \u00e0 entra\u00eenement direct (ce moteur est sans support et a un synchroniseur int\u00e9gr\u00e9)<br \/>\n<strong>MT0275 - <\/strong>Mini-moteur 750 Watt pour machines \u00e0 entra\u00eenement direct (ce moteur est sans support et dispose d'un synchroniseur int\u00e9gr\u00e9)<br \/>\n<strong>MT0350 - <\/strong>Mini moteur 500 Watt pour machines point de cha\u00eenette (poulie 85) pour montage sous table<\/p>\n<p>Taille standard de la poulie du mini-moteur 75 mm<\/p>\n<p>&nbsp;<\/p>\n<p>&nbsp;<\/p>\n<p><img decoding=\"async\" class=\"alignnone size-full wp-image-94846\" src=\"https:\/\/globalsew.com\/wp-content\/uploads\/2018\/03\/iso-xs-global.jpg\" alt=\"\" width=\"73\" height=\"68\" \/>\u00a0<img decoding=\"async\" class=\"alignnone size-full wp-image-94845\" src=\"https:\/\/globalsew.com\/wp-content\/uploads\/2018\/03\/rohs-xs-global.jpg\" alt=\"\" width=\"73\" height=\"68\" \/>\u00a0<img decoding=\"async\" class=\"alignnone size-full wp-image-94794\" src=\"https:\/\/globalsew.com\/wp-content\/uploads\/2017\/04\/eac-xs-global.jpg\" alt=\"\" width=\"73\" height=\"68\" \/>\u00a0<img loading=\"lazy\" decoding=\"async\" class=\"alignnone size-full wp-image-94793\" src=\"https:\/\/globalsew.com\/wp-content\/uploads\/2017\/04\/ce-xs-global.jpg\" alt=\"\" width=\"73\" height=\"68\" \/><\/p>","protected":false},"excerpt":{"rendered":"<div class=\"row\">\n<div class=\"col-md-6\"><a class=\"download-button\" href=\"https:\/\/globalsew.com\/wp-content\/uploads\/2017\/03\/Ho-Hsing-brochure.pdf\" target=\"_blank\" rel=\"noopener\">T\u00e9l\u00e9charger le d\u00e9pliant<\/a><\/div>\n<\/div>","protected":false},"featured_media":94887,"template":"","meta":{"_acf_changed":false},"product_brand":[],"product_cat":[378,141],"product_tag":[],"class_list":{"0":"post-94559","1":"product","2":"type-product","3":"status-publish","4":"has-post-thumbnail","6":"product_cat-ho-hsing-servomotors","7":"product_cat-motors","8":"tm-has-options","10":"first","11":"instock","12":"shipping-taxable","13":"purchasable","14":"product-type-simple"},"acf":[],"gallery_images":[94888,94889,94544],"yoast_head":"<!-- This site is optimized with the Yoast SEO plugin v27.3 - https:\/\/yoast.com\/product\/yoast-seo-wordpress\/ -->\n<title>i70 series - Global International B.V.<\/title>\n<meta name=\"robots\" content=\"index, follow, max-snippet:-1, max-image-preview:large, max-video-preview:-1\" \/>\n<link rel=\"canonical\" href=\"https:\/\/globalsew.com\/fr\/produit\/serie-i70\/\" \/>\n<meta property=\"og:locale\" content=\"fr_FR\" \/>\n<meta property=\"og:type\" content=\"article\" \/>\n<meta property=\"og:title\" content=\"i70 series - Global International B.V.\" \/>\n<meta property=\"og:description\" content=\"Download Leaflet\" \/>\n<meta property=\"og:url\" content=\"https:\/\/globalsew.com\/fr\/produit\/serie-i70\/\" \/>\n<meta property=\"og:site_name\" content=\"Global International B.V.\" \/>\n<meta property=\"article:modified_time\" content=\"2024-05-22T07:46:56+00:00\" \/>\n<meta property=\"og:image\" content=\"https:\/\/globalsew.com\/wp-content\/uploads\/2018\/03\/WEB-HOHSING-BOX-I70-02-GLOBAL.jpg\" \/>\n\t<meta property=\"og:image:width\" content=\"555\" \/>\n\t<meta property=\"og:image:height\" content=\"347\" \/>\n\t<meta property=\"og:image:type\" content=\"image\/jpeg\" \/>\n<meta name=\"twitter:card\" content=\"summary_large_image\" \/>\n<meta name=\"twitter:label1\" content=\"Dur\u00e9e de lecture estim\u00e9e\" \/>\n\t<meta name=\"twitter:data1\" content=\"3 minutes\" \/>\n<script type=\"application\/ld+json\" class=\"yoast-schema-graph\">{\"@context\":\"https:\\\/\\\/schema.org\",\"@graph\":[{\"@type\":\"WebPage\",\"@id\":\"https:\\\/\\\/globalsew.com\\\/product\\\/i70-series\\\/\",\"url\":\"https:\\\/\\\/globalsew.com\\\/product\\\/i70-series\\\/\",\"name\":\"i70 series - Global International B.V.\",\"isPartOf\":{\"@id\":\"https:\\\/\\\/globalsew.com\\\/#website\"},\"primaryImageOfPage\":{\"@id\":\"https:\\\/\\\/globalsew.com\\\/product\\\/i70-series\\\/#primaryimage\"},\"image\":{\"@id\":\"https:\\\/\\\/globalsew.com\\\/product\\\/i70-series\\\/#primaryimage\"},\"thumbnailUrl\":\"https:\\\/\\\/globalsew.com\\\/wp-content\\\/uploads\\\/2018\\\/03\\\/WEB-HOHSING-BOX-I70-02-GLOBAL.jpg\",\"datePublished\":\"2018-03-19T12:27:49+00:00\",\"dateModified\":\"2024-05-22T07:46:56+00:00\",\"breadcrumb\":{\"@id\":\"https:\\\/\\\/globalsew.com\\\/product\\\/i70-series\\\/#breadcrumb\"},\"inLanguage\":\"fr-FR\",\"potentialAction\":[{\"@type\":\"ReadAction\",\"target\":[\"https:\\\/\\\/globalsew.com\\\/product\\\/i70-series\\\/\"]}]},{\"@type\":\"ImageObject\",\"inLanguage\":\"fr-FR\",\"@id\":\"https:\\\/\\\/globalsew.com\\\/product\\\/i70-series\\\/#primaryimage\",\"url\":\"https:\\\/\\\/globalsew.com\\\/wp-content\\\/uploads\\\/2018\\\/03\\\/WEB-HOHSING-BOX-I70-02-GLOBAL.jpg\",\"contentUrl\":\"https:\\\/\\\/globalsew.com\\\/wp-content\\\/uploads\\\/2018\\\/03\\\/WEB-HOHSING-BOX-I70-02-GLOBAL.jpg\",\"width\":555,\"height\":347},{\"@type\":\"BreadcrumbList\",\"@id\":\"https:\\\/\\\/globalsew.com\\\/product\\\/i70-series\\\/#breadcrumb\",\"itemListElement\":[{\"@type\":\"ListItem\",\"position\":1,\"name\":\"Home\",\"item\":\"https:\\\/\\\/globalsew.com\\\/\"},{\"@type\":\"ListItem\",\"position\":2,\"name\":\"Products\",\"item\":\"https:\\\/\\\/globalsew.com\\\/products\\\/\"},{\"@type\":\"ListItem\",\"position\":3,\"name\":\"i70 series\"}]},{\"@type\":\"WebSite\",\"@id\":\"https:\\\/\\\/globalsew.com\\\/#website\",\"url\":\"https:\\\/\\\/globalsew.com\\\/\",\"name\":\"Global International B.V.\",\"description\":\"Industrial Sewing Machines\",\"potentialAction\":[{\"@type\":\"SearchAction\",\"target\":{\"@type\":\"EntryPoint\",\"urlTemplate\":\"https:\\\/\\\/globalsew.com\\\/?s={search_term_string}\"},\"query-input\":{\"@type\":\"PropertyValueSpecification\",\"valueRequired\":true,\"valueName\":\"search_term_string\"}}],\"inLanguage\":\"fr-FR\"}]}<\/script>\n<!-- \/ Yoast SEO plugin. -->","yoast_head_json":{"title":"S\u00e9rie i70 - Global International B.V.","robots":{"index":"index","follow":"follow","max-snippet":"max-snippet:-1","max-image-preview":"max-image-preview:large","max-video-preview":"max-video-preview:-1"},"canonical":"https:\/\/globalsew.com\/fr\/produit\/serie-i70\/","og_locale":"fr_FR","og_type":"article","og_title":"i70 series - Global International B.V.","og_description":"Download Leaflet","og_url":"https:\/\/globalsew.com\/fr\/produit\/serie-i70\/","og_site_name":"Global International B.V.","article_modified_time":"2024-05-22T07:46:56+00:00","og_image":[{"width":555,"height":347,"url":"https:\/\/globalsew.com\/wp-content\/uploads\/2018\/03\/WEB-HOHSING-BOX-I70-02-GLOBAL.jpg","type":"image\/jpeg"}],"twitter_card":"summary_large_image","twitter_misc":{"Dur\u00e9e de lecture estim\u00e9e":"3 minutes"},"schema":{"@context":"https:\/\/schema.org","@graph":[{"@type":"WebPage","@id":"https:\/\/globalsew.com\/product\/i70-series\/","url":"https:\/\/globalsew.com\/product\/i70-series\/","name":"S\u00e9rie i70 - Global International B.V.","isPartOf":{"@id":"https:\/\/globalsew.com\/#website"},"primaryImageOfPage":{"@id":"https:\/\/globalsew.com\/product\/i70-series\/#primaryimage"},"image":{"@id":"https:\/\/globalsew.com\/product\/i70-series\/#primaryimage"},"thumbnailUrl":"https:\/\/globalsew.com\/wp-content\/uploads\/2018\/03\/WEB-HOHSING-BOX-I70-02-GLOBAL.jpg","datePublished":"2018-03-19T12:27:49+00:00","dateModified":"2024-05-22T07:46:56+00:00","breadcrumb":{"@id":"https:\/\/globalsew.com\/product\/i70-series\/#breadcrumb"},"inLanguage":"fr-FR","potentialAction":[{"@type":"ReadAction","target":["https:\/\/globalsew.com\/product\/i70-series\/"]}]},{"@type":"ImageObject","inLanguage":"fr-FR","@id":"https:\/\/globalsew.com\/product\/i70-series\/#primaryimage","url":"https:\/\/globalsew.com\/wp-content\/uploads\/2018\/03\/WEB-HOHSING-BOX-I70-02-GLOBAL.jpg","contentUrl":"https:\/\/globalsew.com\/wp-content\/uploads\/2018\/03\/WEB-HOHSING-BOX-I70-02-GLOBAL.jpg","width":555,"height":347},{"@type":"BreadcrumbList","@id":"https:\/\/globalsew.com\/product\/i70-series\/#breadcrumb","itemListElement":[{"@type":"ListItem","position":1,"name":"Home","item":"https:\/\/globalsew.com\/"},{"@type":"ListItem","position":2,"name":"Products","item":"https:\/\/globalsew.com\/products\/"},{"@type":"ListItem","position":3,"name":"i70 series"}]},{"@type":"WebSite","@id":"https:\/\/globalsew.com\/#website","url":"https:\/\/globalsew.com\/","name":"Global International B.V.","description":"Machines \u00e0 coudre industrielles","potentialAction":[{"@type":"SearchAction","target":{"@type":"EntryPoint","urlTemplate":"https:\/\/globalsew.com\/?s={search_term_string}"},"query-input":{"@type":"PropertyValueSpecification","valueRequired":true,"valueName":"search_term_string"}}],"inLanguage":"fr-FR"}]}},"_links":{"self":[{"href":"https:\/\/globalsew.com\/fr\/wp-json\/wp\/v2\/product\/94559","targetHints":{"allow":["GET"]}}],"collection":[{"href":"https:\/\/globalsew.com\/fr\/wp-json\/wp\/v2\/product"}],"about":[{"href":"https:\/\/globalsew.com\/fr\/wp-json\/wp\/v2\/types\/product"}],"wp:featuredmedia":[{"embeddable":true,"href":"https:\/\/globalsew.com\/fr\/wp-json\/wp\/v2\/media\/94887"}],"wp:attachment":[{"href":"https:\/\/globalsew.com\/fr\/wp-json\/wp\/v2\/media?parent=94559"}],"wp:term":[{"taxonomy":"product_brand","embeddable":true,"href":"https:\/\/globalsew.com\/fr\/wp-json\/wp\/v2\/product_brand?post=94559"},{"taxonomy":"product_cat","embeddable":true,"href":"https:\/\/globalsew.com\/fr\/wp-json\/wp\/v2\/product_cat?post=94559"},{"taxonomy":"product_tag","embeddable":true,"href":"https:\/\/globalsew.com\/fr\/wp-json\/wp\/v2\/product_tag?post=94559"}],"curies":[{"name":"wp","href":"https:\/\/api.w.org\/{rel}","templated":true}]}}