{"id":94412,"date":"2018-02-20T12:15:48","date_gmt":"2018-02-20T11:15:48","guid":{"rendered":"https:\/\/globalsew.com\/?post_type=product&#038;p=94412"},"modified":"2024-05-22T09:46:55","modified_gmt":"2024-05-22T07:46:55","slug":"s-300-u-194","status":"publish","type":"product","link":"https:\/\/globalsew.com\/fr\/product\/s-300-u-194\/","title":{"rendered":"S 300 U 194"},"content":{"rendered":"<p>Machine \u00e0 point de cha\u00eenette \u00e0 une aiguille, deux fils, bord de bande pour matelas. Cette machine convient uniquement \u00e0 la construction d'une unit\u00e9 automatique et n'a pas de fonctions sp\u00e9ciales. La reliure n'est pas incluse.<\/p>","protected":false},"excerpt":{"rendered":"<p>&nbsp;<\/p>\n<div class=\"row\">\n<div class=\"col-md-4\"><a class=\"download-button\" href=\"https:\/\/globalsew.com\/wp-content\/uploads\/2018\/02\/s300leaf.pdf\" target=\"_blank\" rel=\"noopener noreferrer\">D\u00e9pliant<\/a><\/div>\n<\/div>\n<div class=\"col-md-4\"><a class=\"download-button\" href=\"https:\/\/globalsew.com\/wp-content\/uploads\/2020\/08\/S-300-Instruction-spare-parts-manual.pdf\" target=\"_blank\" rel=\"noopener noreferrer\">Manuel<\/a><\/div>\n<\/div>\n<p>&nbsp;<\/p>\n<p>Caract\u00e9ristiques techniques :<\/p>\n<ul>\n<li>Vitesse de la machine : max 3000 spm<\/li>\n<li>Syst\u00e8me d'huilage : manuel<\/li>\n<li>Longueur de point : max 7,5 mm<\/li>\n<li>Lev\u00e9e du pied presseur : max 11 mm<\/li>\n<li>Type d'aiguille : DVx59<\/li>\n<li>Livraison : t\u00eate seulement<\/li>\n<\/ul>","protected":false},"featured_media":94413,"template":"","meta":{"_acf_changed":false},"product_brand":[],"product_cat":[376,26],"product_tag":[],"class_list":{"0":"post-94412","1":"product","2":"type-product","3":"status-publish","4":"has-post-thumbnail","6":"product_cat-matrass-machine","7":"product_cat-miscellaneous","8":"tm-no-options","10":"first","11":"instock","12":"shipping-taxable","13":"purchasable","14":"product-type-simple"},"acf":[],"gallery_images":[],"yoast_head":"<!-- This site is optimized with the Yoast SEO plugin v27.5 - https:\/\/yoast.com\/product\/yoast-seo-wordpress\/ -->\n<title>S 300 U 194 - Global International B.V.<\/title>\n<meta name=\"robots\" content=\"index, follow, max-snippet:-1, max-image-preview:large, max-video-preview:-1\" \/>\n<link rel=\"canonical\" href=\"https:\/\/globalsew.com\/fr\/produit\/s-300-u-194\/\" \/>\n<meta property=\"og:locale\" content=\"fr_FR\" \/>\n<meta property=\"og:type\" content=\"article\" \/>\n<meta property=\"og:title\" content=\"S 300 U 194 - Global International B.V.\" \/>\n<meta property=\"og:description\" content=\"&nbsp;  Leaflet  Manual  &nbsp;  Technical specifications:   Machine speed: max 3000 spm  Oiling system: manual  Stitch length: max 7,5 mm  Presser foot lift: max 11 mm  Needle type: DVx59  Delivery: head only\" \/>\n<meta property=\"og:url\" content=\"https:\/\/globalsew.com\/fr\/produit\/s-300-u-194\/\" \/>\n<meta property=\"og:site_name\" content=\"Global International B.V.\" \/>\n<meta property=\"article:modified_time\" content=\"2024-05-22T07:46:55+00:00\" \/>\n<meta property=\"og:image\" content=\"https:\/\/globalsew.com\/wp-content\/uploads\/2018\/02\/s300u-194nw.jpg\" \/>\n\t<meta property=\"og:image:width\" content=\"612\" \/>\n\t<meta property=\"og:image:height\" content=\"354\" \/>\n\t<meta property=\"og:image:type\" content=\"image\/jpeg\" \/>\n<meta name=\"twitter:card\" content=\"summary_large_image\" \/>\n<script type=\"application\/ld+json\" class=\"yoast-schema-graph\">{\"@context\":\"https:\\\/\\\/schema.org\",\"@graph\":[{\"@type\":\"WebPage\",\"@id\":\"https:\\\/\\\/globalsew.com\\\/product\\\/s-300-u-194\\\/\",\"url\":\"https:\\\/\\\/globalsew.com\\\/product\\\/s-300-u-194\\\/\",\"name\":\"S 300 U 194 - Global International B.V.\",\"isPartOf\":{\"@id\":\"https:\\\/\\\/globalsew.com\\\/#website\"},\"primaryImageOfPage\":{\"@id\":\"https:\\\/\\\/globalsew.com\\\/product\\\/s-300-u-194\\\/#primaryimage\"},\"image\":{\"@id\":\"https:\\\/\\\/globalsew.com\\\/product\\\/s-300-u-194\\\/#primaryimage\"},\"thumbnailUrl\":\"https:\\\/\\\/globalsew.com\\\/wp-content\\\/uploads\\\/2018\\\/02\\\/s300u-194nw.jpg\",\"datePublished\":\"2018-02-20T11:15:48+00:00\",\"dateModified\":\"2024-05-22T07:46:55+00:00\",\"breadcrumb\":{\"@id\":\"https:\\\/\\\/globalsew.com\\\/product\\\/s-300-u-194\\\/#breadcrumb\"},\"inLanguage\":\"fr-FR\",\"potentialAction\":[{\"@type\":\"ReadAction\",\"target\":[\"https:\\\/\\\/globalsew.com\\\/product\\\/s-300-u-194\\\/\"]}]},{\"@type\":\"ImageObject\",\"inLanguage\":\"fr-FR\",\"@id\":\"https:\\\/\\\/globalsew.com\\\/product\\\/s-300-u-194\\\/#primaryimage\",\"url\":\"https:\\\/\\\/globalsew.com\\\/wp-content\\\/uploads\\\/2018\\\/02\\\/s300u-194nw.jpg\",\"contentUrl\":\"https:\\\/\\\/globalsew.com\\\/wp-content\\\/uploads\\\/2018\\\/02\\\/s300u-194nw.jpg\",\"width\":612,\"height\":354},{\"@type\":\"BreadcrumbList\",\"@id\":\"https:\\\/\\\/globalsew.com\\\/product\\\/s-300-u-194\\\/#breadcrumb\",\"itemListElement\":[{\"@type\":\"ListItem\",\"position\":1,\"name\":\"Home\",\"item\":\"https:\\\/\\\/globalsew.com\\\/\"},{\"@type\":\"ListItem\",\"position\":2,\"name\":\"Products\",\"item\":\"https:\\\/\\\/globalsew.com\\\/products\\\/\"},{\"@type\":\"ListItem\",\"position\":3,\"name\":\"S 300 U 194\"}]},{\"@type\":\"WebSite\",\"@id\":\"https:\\\/\\\/globalsew.com\\\/#website\",\"url\":\"https:\\\/\\\/globalsew.com\\\/\",\"name\":\"Global International B.V.\",\"description\":\"Industrial Sewing Machines\",\"potentialAction\":[{\"@type\":\"SearchAction\",\"target\":{\"@type\":\"EntryPoint\",\"urlTemplate\":\"https:\\\/\\\/globalsew.com\\\/?s={search_term_string}\"},\"query-input\":{\"@type\":\"PropertyValueSpecification\",\"valueRequired\":true,\"valueName\":\"search_term_string\"}}],\"inLanguage\":\"fr-FR\"}]}<\/script>\n<!-- \/ Yoast SEO plugin. -->","yoast_head_json":{"title":"S 300 U 194 - Global International B.V.","robots":{"index":"index","follow":"follow","max-snippet":"max-snippet:-1","max-image-preview":"max-image-preview:large","max-video-preview":"max-video-preview:-1"},"canonical":"https:\/\/globalsew.com\/fr\/produit\/s-300-u-194\/","og_locale":"fr_FR","og_type":"article","og_title":"S 300 U 194 - Global International B.V.","og_description":"&nbsp;  Leaflet  Manual  &nbsp;  Technical specifications:   Machine speed: max 3000 spm  Oiling system: manual  Stitch length: max 7,5 mm  Presser foot lift: max 11 mm  Needle type: DVx59  Delivery: head only","og_url":"https:\/\/globalsew.com\/fr\/produit\/s-300-u-194\/","og_site_name":"Global International B.V.","article_modified_time":"2024-05-22T07:46:55+00:00","og_image":[{"width":612,"height":354,"url":"https:\/\/globalsew.com\/wp-content\/uploads\/2018\/02\/s300u-194nw.jpg","type":"image\/jpeg"}],"twitter_card":"summary_large_image","schema":{"@context":"https:\/\/schema.org","@graph":[{"@type":"WebPage","@id":"https:\/\/globalsew.com\/product\/s-300-u-194\/","url":"https:\/\/globalsew.com\/product\/s-300-u-194\/","name":"S 300 U 194 - Global International B.V.","isPartOf":{"@id":"https:\/\/globalsew.com\/#website"},"primaryImageOfPage":{"@id":"https:\/\/globalsew.com\/product\/s-300-u-194\/#primaryimage"},"image":{"@id":"https:\/\/globalsew.com\/product\/s-300-u-194\/#primaryimage"},"thumbnailUrl":"https:\/\/globalsew.com\/wp-content\/uploads\/2018\/02\/s300u-194nw.jpg","datePublished":"2018-02-20T11:15:48+00:00","dateModified":"2024-05-22T07:46:55+00:00","breadcrumb":{"@id":"https:\/\/globalsew.com\/product\/s-300-u-194\/#breadcrumb"},"inLanguage":"fr-FR","potentialAction":[{"@type":"ReadAction","target":["https:\/\/globalsew.com\/product\/s-300-u-194\/"]}]},{"@type":"ImageObject","inLanguage":"fr-FR","@id":"https:\/\/globalsew.com\/product\/s-300-u-194\/#primaryimage","url":"https:\/\/globalsew.com\/wp-content\/uploads\/2018\/02\/s300u-194nw.jpg","contentUrl":"https:\/\/globalsew.com\/wp-content\/uploads\/2018\/02\/s300u-194nw.jpg","width":612,"height":354},{"@type":"BreadcrumbList","@id":"https:\/\/globalsew.com\/product\/s-300-u-194\/#breadcrumb","itemListElement":[{"@type":"ListItem","position":1,"name":"Home","item":"https:\/\/globalsew.com\/"},{"@type":"ListItem","position":2,"name":"Products","item":"https:\/\/globalsew.com\/products\/"},{"@type":"ListItem","position":3,"name":"S 300 U 194"}]},{"@type":"WebSite","@id":"https:\/\/globalsew.com\/#website","url":"https:\/\/globalsew.com\/","name":"Global International B.V.","description":"Machines \u00e0 coudre industrielles","potentialAction":[{"@type":"SearchAction","target":{"@type":"EntryPoint","urlTemplate":"https:\/\/globalsew.com\/?s={search_term_string}"},"query-input":{"@type":"PropertyValueSpecification","valueRequired":true,"valueName":"search_term_string"}}],"inLanguage":"fr-FR"}]}},"_links":{"self":[{"href":"https:\/\/globalsew.com\/fr\/wp-json\/wp\/v2\/product\/94412","targetHints":{"allow":["GET"]}}],"collection":[{"href":"https:\/\/globalsew.com\/fr\/wp-json\/wp\/v2\/product"}],"about":[{"href":"https:\/\/globalsew.com\/fr\/wp-json\/wp\/v2\/types\/product"}],"wp:featuredmedia":[{"embeddable":true,"href":"https:\/\/globalsew.com\/fr\/wp-json\/wp\/v2\/media\/94413"}],"wp:attachment":[{"href":"https:\/\/globalsew.com\/fr\/wp-json\/wp\/v2\/media?parent=94412"}],"wp:term":[{"taxonomy":"product_brand","embeddable":true,"href":"https:\/\/globalsew.com\/fr\/wp-json\/wp\/v2\/product_brand?post=94412"},{"taxonomy":"product_cat","embeddable":true,"href":"https:\/\/globalsew.com\/fr\/wp-json\/wp\/v2\/product_cat?post=94412"},{"taxonomy":"product_tag","embeddable":true,"href":"https:\/\/globalsew.com\/fr\/wp-json\/wp\/v2\/product_tag?post=94412"}],"curies":[{"name":"wp","href":"https:\/\/api.w.org\/{rel}","templated":true}]}}