{"id":94319,"date":"2018-02-13T13:58:24","date_gmt":"2018-02-13T12:58:24","guid":{"rendered":"https:\/\/globalsew.com\/?post_type=product&#038;p=94319"},"modified":"2024-05-22T09:46:54","modified_gmt":"2024-05-22T07:46:54","slug":"3400-serie-2","status":"publish","type":"product","link":"https:\/\/globalsew.com\/fr\/product\/3400-series-2\/","title":{"rendered":"S\u00e9rie 3400"},"content":{"rendered":"<h2>Machines \u00e0 point de cha\u00eenette double \u00e0 grande vitesse avec puller arri\u00e8re<\/h2>\n<p><strong>3404 P<br \/>\n<\/strong>Machine \u00e0 point de cha\u00eenette 4 aiguilles, 8 fils. Tailles d'aiguille 25.4 ou 28.6 ou 31.8 mm. Lubrification enti\u00e8rement automatique. Equip\u00e9e d'un extracteur \u00e0 entra\u00eenement par le haut. Vitesse maximale de la machine 4500 SPM.<strong><br \/>\n<\/strong><\/p>\n<p><strong>3404 PMD<\/strong><br \/>\nMachine \u00e0 point de cha\u00eenette 4 aiguilles, 8 fils. Tailles d'aiguille 25.4 ou 28.6 ou 31.8 mm. Lubrification enti\u00e8rement automatique. Equip\u00e9e d'un extracteur \u00e0 entra\u00eenement par le haut et d'un dispositif de dosage par le bas. Vitesse maximale de la machine 4000 SPM.<\/p>\n<p><strong>3412 P<\/strong><br \/>\nMachine \u00e0 point de cha\u00eenette 12 aiguilles, 24 fils. Ecartement entre 2 aiguilles 6.4 mm, \u00e9cartement total 70.4 mm ou \u00e9cartement entre 2 aiguilles 4.8 mm, \u00e9cartement total 52.8 mm, avec puller entra\u00een\u00e9 par le haut, lubrification enti\u00e8rement automatique. Vitesse maximale de la machine 4000 SPM.<\/p>\n<p><strong>3412 PMD<\/strong><br \/>\nMachine \u00e0 point de cha\u00eenette 12 aiguilles, 24 fils. Ecartement entre 2 aiguilles 6.4 mm, \u00e9cartement total 70.4 mm ou \u00e9cartement entre 2 aiguilles 4.8 mm, \u00e9cartement total 52.8 mm, avec puller entra\u00een\u00e9 par le haut, dispositif de dosage par le bas. Lubrification enti\u00e8rement automatique. Vitesse maximale de la machine 4000 SPM.<\/p>","protected":false},"excerpt":{"rendered":"<p>Pour les t\u00e9l\u00e9chargements, voir notre page de t\u00e9l\u00e9chargements pour l'application <a class=\"download-link\" href=\"https:\/\/globalsew.com\/fr\/telecharger\/serie-soleil\/\">S\u00e9rie soleil<\/a>.<\/p>\n<p>Caract\u00e9ristiques techniques :<\/p>\n<ul>\n<li>Vitesse de la machine : 3404 max 4500 spm ; 3412 max 4000 spm<\/li>\n<li>Type de point : 401<\/li>\n<li>Nombre d'aiguilles : 4 ou 12<\/li>\n<li>Type d'alimentation : goutte \u00e0 goutte<\/li>\n<li>Longueur de point : 1,5 - 3,6 ; 2,2 - 5,2<\/li>\n<li>Lev\u00e9e du pied-de-biche : 12 mm<\/li>\n<li>Type d'aiguille : UY 113 GS<\/li>\n<\/ul>","protected":false},"featured_media":94457,"template":"","meta":{"_acf_changed":false},"product_brand":[],"product_cat":[72,107,24],"product_tag":[],"class_list":{"0":"post-94319","1":"product","2":"type-product","3":"status-publish","4":"has-post-thumbnail","6":"product_cat-chainstitch-machine","7":"product_cat-chainstitch-machines","8":"product_cat-garment","9":"tm-has-options","11":"first","12":"instock","13":"shipping-taxable","14":"purchasable","15":"product-type-simple"},"acf":[],"gallery_images":[94458],"yoast_head":"<!-- This site is optimized with the Yoast SEO plugin v27.3 - https:\/\/yoast.com\/product\/yoast-seo-wordpress\/ -->\n<title>3400 series - Global International B.V.<\/title>\n<meta name=\"robots\" content=\"index, follow, max-snippet:-1, max-image-preview:large, max-video-preview:-1\" \/>\n<link rel=\"canonical\" href=\"https:\/\/globalsew.com\/fr\/produit\/3400-serie-2\/\" \/>\n<meta property=\"og:locale\" content=\"fr_FR\" \/>\n<meta property=\"og:type\" content=\"article\" \/>\n<meta property=\"og:title\" content=\"3400 series - Global International B.V.\" \/>\n<meta property=\"og:description\" content=\"For downloads see our downloads page for the Sunshine series.  Technical specifications:   Machine speed: 3404 max 4500 spm; 3412 max 4000 spm  Stitch type: 401  Number of needles: 4 or 12  Feed type: drop feed  Stitch length: 1,5 - 3,6; 2,2 - 5,2  Presser foot lift: 12 mm  Needletype: UY 113 GS\" \/>\n<meta property=\"og:url\" content=\"https:\/\/globalsew.com\/fr\/produit\/3400-serie-2\/\" \/>\n<meta property=\"og:site_name\" content=\"Global International B.V.\" \/>\n<meta property=\"article:modified_time\" content=\"2024-05-22T07:46:54+00:00\" \/>\n<meta property=\"og:image\" content=\"https:\/\/globalsew.com\/wp-content\/uploads\/2018\/02\/WEB-GLOBAL-SUNSHINE-3400-02-GLOBAL.jpg\" \/>\n\t<meta property=\"og:image:width\" content=\"555\" \/>\n\t<meta property=\"og:image:height\" content=\"347\" \/>\n\t<meta property=\"og:image:type\" content=\"image\/jpeg\" \/>\n<meta name=\"twitter:card\" content=\"summary_large_image\" \/>\n<meta name=\"twitter:label1\" content=\"Dur\u00e9e de lecture estim\u00e9e\" \/>\n\t<meta name=\"twitter:data1\" content=\"1 minute\" \/>\n<script type=\"application\/ld+json\" class=\"yoast-schema-graph\">{\"@context\":\"https:\\\/\\\/schema.org\",\"@graph\":[{\"@type\":\"WebPage\",\"@id\":\"https:\\\/\\\/globalsew.com\\\/product\\\/3400-series-2\\\/\",\"url\":\"https:\\\/\\\/globalsew.com\\\/product\\\/3400-series-2\\\/\",\"name\":\"3400 series - Global International B.V.\",\"isPartOf\":{\"@id\":\"https:\\\/\\\/globalsew.com\\\/#website\"},\"primaryImageOfPage\":{\"@id\":\"https:\\\/\\\/globalsew.com\\\/product\\\/3400-series-2\\\/#primaryimage\"},\"image\":{\"@id\":\"https:\\\/\\\/globalsew.com\\\/product\\\/3400-series-2\\\/#primaryimage\"},\"thumbnailUrl\":\"https:\\\/\\\/globalsew.com\\\/wp-content\\\/uploads\\\/2018\\\/02\\\/WEB-GLOBAL-SUNSHINE-3400-02-GLOBAL.jpg\",\"datePublished\":\"2018-02-13T12:58:24+00:00\",\"dateModified\":\"2024-05-22T07:46:54+00:00\",\"breadcrumb\":{\"@id\":\"https:\\\/\\\/globalsew.com\\\/product\\\/3400-series-2\\\/#breadcrumb\"},\"inLanguage\":\"fr-FR\",\"potentialAction\":[{\"@type\":\"ReadAction\",\"target\":[\"https:\\\/\\\/globalsew.com\\\/product\\\/3400-series-2\\\/\"]}]},{\"@type\":\"ImageObject\",\"inLanguage\":\"fr-FR\",\"@id\":\"https:\\\/\\\/globalsew.com\\\/product\\\/3400-series-2\\\/#primaryimage\",\"url\":\"https:\\\/\\\/globalsew.com\\\/wp-content\\\/uploads\\\/2018\\\/02\\\/WEB-GLOBAL-SUNSHINE-3400-02-GLOBAL.jpg\",\"contentUrl\":\"https:\\\/\\\/globalsew.com\\\/wp-content\\\/uploads\\\/2018\\\/02\\\/WEB-GLOBAL-SUNSHINE-3400-02-GLOBAL.jpg\",\"width\":555,\"height\":347},{\"@type\":\"BreadcrumbList\",\"@id\":\"https:\\\/\\\/globalsew.com\\\/product\\\/3400-series-2\\\/#breadcrumb\",\"itemListElement\":[{\"@type\":\"ListItem\",\"position\":1,\"name\":\"Home\",\"item\":\"https:\\\/\\\/globalsew.com\\\/\"},{\"@type\":\"ListItem\",\"position\":2,\"name\":\"Products\",\"item\":\"https:\\\/\\\/globalsew.com\\\/products\\\/\"},{\"@type\":\"ListItem\",\"position\":3,\"name\":\"3400 series\"}]},{\"@type\":\"WebSite\",\"@id\":\"https:\\\/\\\/globalsew.com\\\/#website\",\"url\":\"https:\\\/\\\/globalsew.com\\\/\",\"name\":\"Global International B.V.\",\"description\":\"Industrial Sewing Machines\",\"potentialAction\":[{\"@type\":\"SearchAction\",\"target\":{\"@type\":\"EntryPoint\",\"urlTemplate\":\"https:\\\/\\\/globalsew.com\\\/?s={search_term_string}\"},\"query-input\":{\"@type\":\"PropertyValueSpecification\",\"valueRequired\":true,\"valueName\":\"search_term_string\"}}],\"inLanguage\":\"fr-FR\"}]}<\/script>\n<!-- \/ Yoast SEO plugin. -->","yoast_head_json":{"title":"S\u00e9rie 3400 - Global International B.V.","robots":{"index":"index","follow":"follow","max-snippet":"max-snippet:-1","max-image-preview":"max-image-preview:large","max-video-preview":"max-video-preview:-1"},"canonical":"https:\/\/globalsew.com\/fr\/produit\/3400-serie-2\/","og_locale":"fr_FR","og_type":"article","og_title":"3400 series - Global International B.V.","og_description":"For downloads see our downloads page for the Sunshine series.  Technical specifications:   Machine speed: 3404 max 4500 spm; 3412 max 4000 spm  Stitch type: 401  Number of needles: 4 or 12  Feed type: drop feed  Stitch length: 1,5 - 3,6; 2,2 - 5,2  Presser foot lift: 12 mm  Needletype: UY 113 GS","og_url":"https:\/\/globalsew.com\/fr\/produit\/3400-serie-2\/","og_site_name":"Global International B.V.","article_modified_time":"2024-05-22T07:46:54+00:00","og_image":[{"width":555,"height":347,"url":"https:\/\/globalsew.com\/wp-content\/uploads\/2018\/02\/WEB-GLOBAL-SUNSHINE-3400-02-GLOBAL.jpg","type":"image\/jpeg"}],"twitter_card":"summary_large_image","twitter_misc":{"Dur\u00e9e de lecture estim\u00e9e":"1 minute"},"schema":{"@context":"https:\/\/schema.org","@graph":[{"@type":"WebPage","@id":"https:\/\/globalsew.com\/product\/3400-series-2\/","url":"https:\/\/globalsew.com\/product\/3400-series-2\/","name":"S\u00e9rie 3400 - Global International B.V.","isPartOf":{"@id":"https:\/\/globalsew.com\/#website"},"primaryImageOfPage":{"@id":"https:\/\/globalsew.com\/product\/3400-series-2\/#primaryimage"},"image":{"@id":"https:\/\/globalsew.com\/product\/3400-series-2\/#primaryimage"},"thumbnailUrl":"https:\/\/globalsew.com\/wp-content\/uploads\/2018\/02\/WEB-GLOBAL-SUNSHINE-3400-02-GLOBAL.jpg","datePublished":"2018-02-13T12:58:24+00:00","dateModified":"2024-05-22T07:46:54+00:00","breadcrumb":{"@id":"https:\/\/globalsew.com\/product\/3400-series-2\/#breadcrumb"},"inLanguage":"fr-FR","potentialAction":[{"@type":"ReadAction","target":["https:\/\/globalsew.com\/product\/3400-series-2\/"]}]},{"@type":"ImageObject","inLanguage":"fr-FR","@id":"https:\/\/globalsew.com\/product\/3400-series-2\/#primaryimage","url":"https:\/\/globalsew.com\/wp-content\/uploads\/2018\/02\/WEB-GLOBAL-SUNSHINE-3400-02-GLOBAL.jpg","contentUrl":"https:\/\/globalsew.com\/wp-content\/uploads\/2018\/02\/WEB-GLOBAL-SUNSHINE-3400-02-GLOBAL.jpg","width":555,"height":347},{"@type":"BreadcrumbList","@id":"https:\/\/globalsew.com\/product\/3400-series-2\/#breadcrumb","itemListElement":[{"@type":"ListItem","position":1,"name":"Home","item":"https:\/\/globalsew.com\/"},{"@type":"ListItem","position":2,"name":"Products","item":"https:\/\/globalsew.com\/products\/"},{"@type":"ListItem","position":3,"name":"3400 series"}]},{"@type":"WebSite","@id":"https:\/\/globalsew.com\/#website","url":"https:\/\/globalsew.com\/","name":"Global International B.V.","description":"Machines \u00e0 coudre industrielles","potentialAction":[{"@type":"SearchAction","target":{"@type":"EntryPoint","urlTemplate":"https:\/\/globalsew.com\/?s={search_term_string}"},"query-input":{"@type":"PropertyValueSpecification","valueRequired":true,"valueName":"search_term_string"}}],"inLanguage":"fr-FR"}]}},"_links":{"self":[{"href":"https:\/\/globalsew.com\/fr\/wp-json\/wp\/v2\/product\/94319","targetHints":{"allow":["GET"]}}],"collection":[{"href":"https:\/\/globalsew.com\/fr\/wp-json\/wp\/v2\/product"}],"about":[{"href":"https:\/\/globalsew.com\/fr\/wp-json\/wp\/v2\/types\/product"}],"wp:featuredmedia":[{"embeddable":true,"href":"https:\/\/globalsew.com\/fr\/wp-json\/wp\/v2\/media\/94457"}],"wp:attachment":[{"href":"https:\/\/globalsew.com\/fr\/wp-json\/wp\/v2\/media?parent=94319"}],"wp:term":[{"taxonomy":"product_brand","embeddable":true,"href":"https:\/\/globalsew.com\/fr\/wp-json\/wp\/v2\/product_brand?post=94319"},{"taxonomy":"product_cat","embeddable":true,"href":"https:\/\/globalsew.com\/fr\/wp-json\/wp\/v2\/product_cat?post=94319"},{"taxonomy":"product_tag","embeddable":true,"href":"https:\/\/globalsew.com\/fr\/wp-json\/wp\/v2\/product_tag?post=94319"}],"curies":[{"name":"wp","href":"https:\/\/api.w.org\/{rel}","templated":true}]}}