{"id":94030,"date":"2018-01-29T12:54:38","date_gmt":"2018-01-29T11:54:38","guid":{"rendered":"https:\/\/globalsew.com\/?post_type=product&#038;p=94030"},"modified":"2024-05-22T09:46:53","modified_gmt":"2024-05-22T07:46:53","slug":"sm-7748","status":"publish","type":"product","link":"https:\/\/globalsew.com\/fr\/product\/sm-7748\/","title":{"rendered":"SM 7748"},"content":{"rendered":"<p><strong>SM 7748<br \/>\n<\/strong><\/p>\n<p>Machine \u00e0 coudre \u00e0 aiguille courbe pour coudre le haut directement sur le bas.<br \/>\nCette machine est sp\u00e9cialement con\u00e7ue pour les sandales et les pantoufles. Cette machine est capable de r\u00e9aliser 2 types de points comme le dessin : \"stitch out\" (kit A) et \"bordo\" (kit B). Vous pouvez r\u00e9aliser l'un de ces points en fixant le guide de couture \"A\" ou \"B\" (tous deux fournis avec la machine). Compl\u00e8te avec table, support sp\u00e9cial et servo-moteur Ho Hsing.<\/p>\n<p>&nbsp;<\/p>\n<p>&nbsp;<\/p>\n<p><img decoding=\"async\" class=\"alignnone size-full wp-image-94791\" src=\"https:\/\/globalsew.com\/wp-content\/uploads\/2017\/04\/hohsing-xs-global.jpg\" alt=\"\" width=\"73\" height=\"68\" \/>\u00a0 \u00a0 \u00a0 \u00a0 \u00a0 \u00a0 \u00a0 \u00a0 \u00a0 \u00a0 \u00a0 \u00a0 \u00a0 \u00a0 \u00a0 \u00a0 \u00a0 \u00a0 \u00a0 \u00a0 \u00a0 \u00a0 \u00a0 \u00a0 \u00a0 \u00a0 \u00a0 \u00a0 \u00a0 \u00a0 \u00a0 \u00a0 \u00a0 \u00a0 \u00a0 \u00a0 \u00a0 \u00a0 \u00a0 \u00a0 \u00a0 \u00a0\u00a0<img decoding=\"async\" class=\"alignnone size-full wp-image-94794\" src=\"https:\/\/globalsew.com\/wp-content\/uploads\/2017\/04\/eac-xs-global.jpg\" alt=\"\" width=\"73\" height=\"68\" \/>\u00a0<img decoding=\"async\" class=\"alignnone size-full wp-image-94793\" src=\"https:\/\/globalsew.com\/wp-content\/uploads\/2017\/04\/ce-xs-global.jpg\" alt=\"\" width=\"73\" height=\"68\" \/><\/p>","protected":false},"excerpt":{"rendered":"<p>Pour les t\u00e9l\u00e9chargements, voir notre page de t\u00e9l\u00e9chargements pour l'application <a class=\"download-link\" href=\"https:\/\/globalsew.com\/fr\/telecharger\/serie-sm-7700\/\">S\u00e9rie SM 7700<\/a>.<\/p>\n<p>&nbsp;<\/p>\n<p>Les sp\u00e9cifications du produit SM 7748 :<\/p>\n<ul>\n<li>Table compl\u00e8te, support et moteur<\/li>\n<li>Vitesse de la machine : max 450 spm<\/li>\n<li>Longueur du point : 6 - 10 mm<\/li>\n<li>Relevage du pied presseur : standard (pneumatique)<\/li>\n<li>Epaisseur de couture : 2 - 6 mm<\/li>\n<li>Type d'aiguille : aiguille courbe sp\u00e9ciale DYx100<\/li>\n<\/ul>\n<p>&nbsp;<\/p>\n<div class=\"col-md-4\"><a href=\"#video\"><img decoding=\"async\" src=\"https:\/\/globalsew.com\/wp-content\/uploads\/2017\/11\/youtube-logo-4.png\" width=\"60px\" height=\"42px\" \/><\/a><\/div>","protected":false},"featured_media":94072,"template":"","meta":{"_acf_changed":false},"product_brand":[],"product_cat":[25,83],"product_tag":[],"class_list":{"0":"post-94030","1":"product","2":"type-product","3":"status-publish","4":"has-post-thumbnail","6":"product_cat-shoes","7":"product_cat-special-shoe-machines","8":"tm-no-options","10":"first","11":"instock","12":"shipping-taxable","13":"purchasable","14":"product-type-simple"},"acf":[],"gallery_images":[],"yoast_head":"<!-- This site is optimized with the Yoast SEO plugin v27.3 - https:\/\/yoast.com\/product\/yoast-seo-wordpress\/ -->\n<title>SM 7748 - Global International B.V.<\/title>\n<meta name=\"robots\" content=\"index, follow, max-snippet:-1, max-image-preview:large, max-video-preview:-1\" \/>\n<link rel=\"canonical\" href=\"https:\/\/globalsew.com\/fr\/produit\/sm-7748\/\" \/>\n<meta property=\"og:locale\" content=\"fr_FR\" \/>\n<meta property=\"og:type\" content=\"article\" \/>\n<meta property=\"og:title\" content=\"SM 7748 - Global International B.V.\" \/>\n<meta property=\"og:description\" content=\"For downloads see our downloads page for the SM 7700 Series.  &nbsp;  The product specifications for the SM 7748:   Complete table, stand and motor  Machine speed: max 450 spm  Stitch length: 6 - 10 mm  Presser foot lift: standard (pneumatic)  Sewing thickness: 2 - 6 mm  Needle type: special curved needle DYx100  &nbsp;\" \/>\n<meta property=\"og:url\" content=\"https:\/\/globalsew.com\/fr\/produit\/sm-7748\/\" \/>\n<meta property=\"og:site_name\" content=\"Global International B.V.\" \/>\n<meta property=\"article:modified_time\" content=\"2024-05-22T07:46:53+00:00\" \/>\n<meta property=\"og:image\" content=\"https:\/\/globalsew.com\/wp-content\/uploads\/2018\/01\/WEB-GLOBAL-SM-7748-02-GLOBAL.jpg\" \/>\n\t<meta property=\"og:image:width\" content=\"555\" \/>\n\t<meta property=\"og:image:height\" content=\"347\" \/>\n\t<meta property=\"og:image:type\" content=\"image\/jpeg\" \/>\n<meta name=\"twitter:card\" content=\"summary_large_image\" \/>\n<meta name=\"twitter:label1\" content=\"Dur\u00e9e de lecture estim\u00e9e\" \/>\n\t<meta name=\"twitter:data1\" content=\"1 minute\" \/>\n<script type=\"application\/ld+json\" class=\"yoast-schema-graph\">{\"@context\":\"https:\\\/\\\/schema.org\",\"@graph\":[{\"@type\":\"WebPage\",\"@id\":\"https:\\\/\\\/globalsew.com\\\/product\\\/sm-7748\\\/\",\"url\":\"https:\\\/\\\/globalsew.com\\\/product\\\/sm-7748\\\/\",\"name\":\"SM 7748 - Global International B.V.\",\"isPartOf\":{\"@id\":\"https:\\\/\\\/globalsew.com\\\/#website\"},\"primaryImageOfPage\":{\"@id\":\"https:\\\/\\\/globalsew.com\\\/product\\\/sm-7748\\\/#primaryimage\"},\"image\":{\"@id\":\"https:\\\/\\\/globalsew.com\\\/product\\\/sm-7748\\\/#primaryimage\"},\"thumbnailUrl\":\"https:\\\/\\\/globalsew.com\\\/wp-content\\\/uploads\\\/2018\\\/01\\\/WEB-GLOBAL-SM-7748-02-GLOBAL.jpg\",\"datePublished\":\"2018-01-29T11:54:38+00:00\",\"dateModified\":\"2024-05-22T07:46:53+00:00\",\"breadcrumb\":{\"@id\":\"https:\\\/\\\/globalsew.com\\\/product\\\/sm-7748\\\/#breadcrumb\"},\"inLanguage\":\"fr-FR\",\"potentialAction\":[{\"@type\":\"ReadAction\",\"target\":[\"https:\\\/\\\/globalsew.com\\\/product\\\/sm-7748\\\/\"]}]},{\"@type\":\"ImageObject\",\"inLanguage\":\"fr-FR\",\"@id\":\"https:\\\/\\\/globalsew.com\\\/product\\\/sm-7748\\\/#primaryimage\",\"url\":\"https:\\\/\\\/globalsew.com\\\/wp-content\\\/uploads\\\/2018\\\/01\\\/WEB-GLOBAL-SM-7748-02-GLOBAL.jpg\",\"contentUrl\":\"https:\\\/\\\/globalsew.com\\\/wp-content\\\/uploads\\\/2018\\\/01\\\/WEB-GLOBAL-SM-7748-02-GLOBAL.jpg\",\"width\":555,\"height\":347},{\"@type\":\"BreadcrumbList\",\"@id\":\"https:\\\/\\\/globalsew.com\\\/product\\\/sm-7748\\\/#breadcrumb\",\"itemListElement\":[{\"@type\":\"ListItem\",\"position\":1,\"name\":\"Home\",\"item\":\"https:\\\/\\\/globalsew.com\\\/\"},{\"@type\":\"ListItem\",\"position\":2,\"name\":\"Products\",\"item\":\"https:\\\/\\\/globalsew.com\\\/products\\\/\"},{\"@type\":\"ListItem\",\"position\":3,\"name\":\"SM 7748\"}]},{\"@type\":\"WebSite\",\"@id\":\"https:\\\/\\\/globalsew.com\\\/#website\",\"url\":\"https:\\\/\\\/globalsew.com\\\/\",\"name\":\"Global International B.V.\",\"description\":\"Industrial Sewing Machines\",\"potentialAction\":[{\"@type\":\"SearchAction\",\"target\":{\"@type\":\"EntryPoint\",\"urlTemplate\":\"https:\\\/\\\/globalsew.com\\\/?s={search_term_string}\"},\"query-input\":{\"@type\":\"PropertyValueSpecification\",\"valueRequired\":true,\"valueName\":\"search_term_string\"}}],\"inLanguage\":\"fr-FR\"}]}<\/script>\n<!-- \/ Yoast SEO plugin. -->","yoast_head_json":{"title":"SM 7748 - Global International B.V.","robots":{"index":"index","follow":"follow","max-snippet":"max-snippet:-1","max-image-preview":"max-image-preview:large","max-video-preview":"max-video-preview:-1"},"canonical":"https:\/\/globalsew.com\/fr\/produit\/sm-7748\/","og_locale":"fr_FR","og_type":"article","og_title":"SM 7748 - Global International B.V.","og_description":"For downloads see our downloads page for the SM 7700 Series.  &nbsp;  The product specifications for the SM 7748:   Complete table, stand and motor  Machine speed: max 450 spm  Stitch length: 6 - 10 mm  Presser foot lift: standard (pneumatic)  Sewing thickness: 2 - 6 mm  Needle type: special curved needle DYx100  &nbsp;","og_url":"https:\/\/globalsew.com\/fr\/produit\/sm-7748\/","og_site_name":"Global International B.V.","article_modified_time":"2024-05-22T07:46:53+00:00","og_image":[{"width":555,"height":347,"url":"https:\/\/globalsew.com\/wp-content\/uploads\/2018\/01\/WEB-GLOBAL-SM-7748-02-GLOBAL.jpg","type":"image\/jpeg"}],"twitter_card":"summary_large_image","twitter_misc":{"Dur\u00e9e de lecture estim\u00e9e":"1 minute"},"schema":{"@context":"https:\/\/schema.org","@graph":[{"@type":"WebPage","@id":"https:\/\/globalsew.com\/product\/sm-7748\/","url":"https:\/\/globalsew.com\/product\/sm-7748\/","name":"SM 7748 - Global International B.V.","isPartOf":{"@id":"https:\/\/globalsew.com\/#website"},"primaryImageOfPage":{"@id":"https:\/\/globalsew.com\/product\/sm-7748\/#primaryimage"},"image":{"@id":"https:\/\/globalsew.com\/product\/sm-7748\/#primaryimage"},"thumbnailUrl":"https:\/\/globalsew.com\/wp-content\/uploads\/2018\/01\/WEB-GLOBAL-SM-7748-02-GLOBAL.jpg","datePublished":"2018-01-29T11:54:38+00:00","dateModified":"2024-05-22T07:46:53+00:00","breadcrumb":{"@id":"https:\/\/globalsew.com\/product\/sm-7748\/#breadcrumb"},"inLanguage":"fr-FR","potentialAction":[{"@type":"ReadAction","target":["https:\/\/globalsew.com\/product\/sm-7748\/"]}]},{"@type":"ImageObject","inLanguage":"fr-FR","@id":"https:\/\/globalsew.com\/product\/sm-7748\/#primaryimage","url":"https:\/\/globalsew.com\/wp-content\/uploads\/2018\/01\/WEB-GLOBAL-SM-7748-02-GLOBAL.jpg","contentUrl":"https:\/\/globalsew.com\/wp-content\/uploads\/2018\/01\/WEB-GLOBAL-SM-7748-02-GLOBAL.jpg","width":555,"height":347},{"@type":"BreadcrumbList","@id":"https:\/\/globalsew.com\/product\/sm-7748\/#breadcrumb","itemListElement":[{"@type":"ListItem","position":1,"name":"Home","item":"https:\/\/globalsew.com\/"},{"@type":"ListItem","position":2,"name":"Products","item":"https:\/\/globalsew.com\/products\/"},{"@type":"ListItem","position":3,"name":"SM 7748"}]},{"@type":"WebSite","@id":"https:\/\/globalsew.com\/#website","url":"https:\/\/globalsew.com\/","name":"Global International B.V.","description":"Machines \u00e0 coudre industrielles","potentialAction":[{"@type":"SearchAction","target":{"@type":"EntryPoint","urlTemplate":"https:\/\/globalsew.com\/?s={search_term_string}"},"query-input":{"@type":"PropertyValueSpecification","valueRequired":true,"valueName":"search_term_string"}}],"inLanguage":"fr-FR"}]}},"_links":{"self":[{"href":"https:\/\/globalsew.com\/fr\/wp-json\/wp\/v2\/product\/94030","targetHints":{"allow":["GET"]}}],"collection":[{"href":"https:\/\/globalsew.com\/fr\/wp-json\/wp\/v2\/product"}],"about":[{"href":"https:\/\/globalsew.com\/fr\/wp-json\/wp\/v2\/types\/product"}],"wp:featuredmedia":[{"embeddable":true,"href":"https:\/\/globalsew.com\/fr\/wp-json\/wp\/v2\/media\/94072"}],"wp:attachment":[{"href":"https:\/\/globalsew.com\/fr\/wp-json\/wp\/v2\/media?parent=94030"}],"wp:term":[{"taxonomy":"product_brand","embeddable":true,"href":"https:\/\/globalsew.com\/fr\/wp-json\/wp\/v2\/product_brand?post=94030"},{"taxonomy":"product_cat","embeddable":true,"href":"https:\/\/globalsew.com\/fr\/wp-json\/wp\/v2\/product_cat?post=94030"},{"taxonomy":"product_tag","embeddable":true,"href":"https:\/\/globalsew.com\/fr\/wp-json\/wp\/v2\/product_tag?post=94030"}],"curies":[{"name":"wp","href":"https:\/\/api.w.org\/{rel}","templated":true}]}}