{"id":94028,"date":"2018-01-29T12:28:53","date_gmt":"2018-01-29T11:28:53","guid":{"rendered":"https:\/\/globalsew.com\/?post_type=product&#038;p=94028"},"modified":"2024-05-22T09:46:53","modified_gmt":"2024-05-22T07:46:53","slug":"sm7830al","status":"publish","type":"product","link":"https:\/\/globalsew.com\/fr\/product\/sm7830al\/","title":{"rendered":"SM 7830 AL"},"content":{"rendered":"<p><strong>SM 7830 AL<br \/>\n<\/strong><\/p>\n<p>Machine \u00e0 coudre les semelles ext\u00e9rieures \u00e0 grande vitesse avec syst\u00e8me de lubrification automatique. Cette machine est indiqu\u00e9e pour coudre les coutures sup\u00e9rieures de la tige et de la semelle de la chaussure, en particulier celles des semelles \u00e9paisses et des bottes de travail. Gr\u00e2ce \u00e0 son servomoteur Ho Hsing, HVP90-750 watts, nous pouvons ajuster la vitesse en fonction des comp\u00e9tences de l'op\u00e9rateur et du type de chaussure. La production journali\u00e8re maximale est de 600 \u00e0 1000 paires. La machine est \u00e9quip\u00e9e d'une bo\u00eete \u00e0 fil de cire adapt\u00e9e \u00e0 la couture de chaussures imperm\u00e9ables.<\/p>","protected":false},"excerpt":{"rendered":"<p>Pour les t\u00e9l\u00e9chargements, voir notre page de t\u00e9l\u00e9chargements pour l'application <a class=\"download-link\" href=\"https:\/\/globalsew.com\/fr\/telecharger\/serie-sm-7800\/\">S\u00e9rie SM 7800<\/a>.<\/p>\n<p>&nbsp;<\/p>\n<p>Les sp\u00e9cifications du produit SM 7830 AL :<\/p>\n<ul>\n<li>Table compl\u00e8te, support et moteur<\/li>\n<li>Vitesse de la machine : max 600 spm<\/li>\n<li>Syst\u00e8me d'huilage : automatique<\/li>\n<li>Longueur de point : max. 9 mm<\/li>\n<li>Lev\u00e9e du pied presseur : max. 20 mm<\/li>\n<li>Epaisseur de couture : max. 18 mm<\/li>\n<li>Syst\u00e8me d'aiguille : Courbe rapide : 6001 n\u00b0 43, al\u00e8ne rapide : 8001 n\u00b0 37<\/li>\n<\/ul>\n<p>&nbsp;<\/p>\n<div class=\"col-md-4\"><a href=\"#video\"><img decoding=\"async\" src=\"https:\/\/globalsew.com\/wp-content\/uploads\/2017\/11\/youtube-logo-4.png\" width=\"60px\" height=\"42px\" \/><\/a><\/div>","protected":false},"featured_media":105975,"template":"","meta":{"_acf_changed":false},"product_brand":[],"product_cat":[25,83],"product_tag":[],"class_list":{"0":"post-94028","1":"product","2":"type-product","3":"status-publish","4":"has-post-thumbnail","6":"product_cat-shoes","7":"product_cat-special-shoe-machines","8":"tm-no-options","10":"first","11":"instock","12":"shipping-taxable","13":"purchasable","14":"product-type-simple"},"acf":[],"gallery_images":[105977],"yoast_head":"<!-- This site is optimized with the Yoast SEO plugin v27.3 - https:\/\/yoast.com\/product\/yoast-seo-wordpress\/ -->\n<title>SM 7830 AL - Global International B.V.<\/title>\n<meta name=\"robots\" content=\"index, follow, max-snippet:-1, max-image-preview:large, max-video-preview:-1\" \/>\n<link rel=\"canonical\" href=\"https:\/\/globalsew.com\/fr\/produit\/sm7830al\/\" \/>\n<meta property=\"og:locale\" content=\"fr_FR\" \/>\n<meta property=\"og:type\" content=\"article\" \/>\n<meta property=\"og:title\" content=\"SM 7830 AL - Global International B.V.\" \/>\n<meta property=\"og:description\" content=\"For downloads see our downloads page for the SM 7800 Series.  &nbsp;  The product specifications for the SM 7830 AL:   Complete table, stand and motor  Machine speed: max 600 spm  Oiling system: automatic  Stitch length: max. 9 mm  Presser foot lift: max. 20 mm  Sewing thickness: max. 18 mm  Needle system: Rapid curved: 6001 no. 43, rapid awl: 8001 No. 37  &nbsp;\" \/>\n<meta property=\"og:url\" content=\"https:\/\/globalsew.com\/fr\/produit\/sm7830al\/\" \/>\n<meta property=\"og:site_name\" content=\"Global International B.V.\" \/>\n<meta property=\"article:modified_time\" content=\"2024-05-22T07:46:53+00:00\" \/>\n<meta property=\"og:image\" content=\"https:\/\/globalsew.com\/wp-content\/uploads\/2018\/01\/products-SM-7830-global-1080-website-2024.jpg\" \/>\n\t<meta property=\"og:image:width\" content=\"1819\" \/>\n\t<meta property=\"og:image:height\" content=\"1080\" \/>\n\t<meta property=\"og:image:type\" content=\"image\/jpeg\" \/>\n<meta name=\"twitter:card\" content=\"summary_large_image\" \/>\n<meta name=\"twitter:label1\" content=\"Dur\u00e9e de lecture estim\u00e9e\" \/>\n\t<meta name=\"twitter:data1\" content=\"1 minute\" \/>\n<script type=\"application\/ld+json\" class=\"yoast-schema-graph\">{\"@context\":\"https:\\\/\\\/schema.org\",\"@graph\":[{\"@type\":\"WebPage\",\"@id\":\"https:\\\/\\\/globalsew.com\\\/product\\\/sm7830al\\\/\",\"url\":\"https:\\\/\\\/globalsew.com\\\/product\\\/sm7830al\\\/\",\"name\":\"SM 7830 AL - Global International B.V.\",\"isPartOf\":{\"@id\":\"https:\\\/\\\/globalsew.com\\\/#website\"},\"primaryImageOfPage\":{\"@id\":\"https:\\\/\\\/globalsew.com\\\/product\\\/sm7830al\\\/#primaryimage\"},\"image\":{\"@id\":\"https:\\\/\\\/globalsew.com\\\/product\\\/sm7830al\\\/#primaryimage\"},\"thumbnailUrl\":\"https:\\\/\\\/globalsew.com\\\/wp-content\\\/uploads\\\/2018\\\/01\\\/products-SM-7830-global-1080-website-2024.jpg\",\"datePublished\":\"2018-01-29T11:28:53+00:00\",\"dateModified\":\"2024-05-22T07:46:53+00:00\",\"breadcrumb\":{\"@id\":\"https:\\\/\\\/globalsew.com\\\/product\\\/sm7830al\\\/#breadcrumb\"},\"inLanguage\":\"fr-FR\",\"potentialAction\":[{\"@type\":\"ReadAction\",\"target\":[\"https:\\\/\\\/globalsew.com\\\/product\\\/sm7830al\\\/\"]}]},{\"@type\":\"ImageObject\",\"inLanguage\":\"fr-FR\",\"@id\":\"https:\\\/\\\/globalsew.com\\\/product\\\/sm7830al\\\/#primaryimage\",\"url\":\"https:\\\/\\\/globalsew.com\\\/wp-content\\\/uploads\\\/2018\\\/01\\\/products-SM-7830-global-1080-website-2024.jpg\",\"contentUrl\":\"https:\\\/\\\/globalsew.com\\\/wp-content\\\/uploads\\\/2018\\\/01\\\/products-SM-7830-global-1080-website-2024.jpg\",\"width\":1819,\"height\":1080,\"caption\":\"SM 7830 AL\"},{\"@type\":\"BreadcrumbList\",\"@id\":\"https:\\\/\\\/globalsew.com\\\/product\\\/sm7830al\\\/#breadcrumb\",\"itemListElement\":[{\"@type\":\"ListItem\",\"position\":1,\"name\":\"Home\",\"item\":\"https:\\\/\\\/globalsew.com\\\/\"},{\"@type\":\"ListItem\",\"position\":2,\"name\":\"Products\",\"item\":\"https:\\\/\\\/globalsew.com\\\/products\\\/\"},{\"@type\":\"ListItem\",\"position\":3,\"name\":\"SM 7830 AL\"}]},{\"@type\":\"WebSite\",\"@id\":\"https:\\\/\\\/globalsew.com\\\/#website\",\"url\":\"https:\\\/\\\/globalsew.com\\\/\",\"name\":\"Global International B.V.\",\"description\":\"Industrial Sewing Machines\",\"potentialAction\":[{\"@type\":\"SearchAction\",\"target\":{\"@type\":\"EntryPoint\",\"urlTemplate\":\"https:\\\/\\\/globalsew.com\\\/?s={search_term_string}\"},\"query-input\":{\"@type\":\"PropertyValueSpecification\",\"valueRequired\":true,\"valueName\":\"search_term_string\"}}],\"inLanguage\":\"fr-FR\"}]}<\/script>\n<!-- \/ Yoast SEO plugin. -->","yoast_head_json":{"title":"SM 7830 AL - Global International B.V.","robots":{"index":"index","follow":"follow","max-snippet":"max-snippet:-1","max-image-preview":"max-image-preview:large","max-video-preview":"max-video-preview:-1"},"canonical":"https:\/\/globalsew.com\/fr\/produit\/sm7830al\/","og_locale":"fr_FR","og_type":"article","og_title":"SM 7830 AL - Global International B.V.","og_description":"For downloads see our downloads page for the SM 7800 Series.  &nbsp;  The product specifications for the SM 7830 AL:   Complete table, stand and motor  Machine speed: max 600 spm  Oiling system: automatic  Stitch length: max. 9 mm  Presser foot lift: max. 20 mm  Sewing thickness: max. 18 mm  Needle system: Rapid curved: 6001 no. 43, rapid awl: 8001 No. 37  &nbsp;","og_url":"https:\/\/globalsew.com\/fr\/produit\/sm7830al\/","og_site_name":"Global International B.V.","article_modified_time":"2024-05-22T07:46:53+00:00","og_image":[{"width":1819,"height":1080,"url":"https:\/\/globalsew.com\/wp-content\/uploads\/2018\/01\/products-SM-7830-global-1080-website-2024.jpg","type":"image\/jpeg"}],"twitter_card":"summary_large_image","twitter_misc":{"Dur\u00e9e de lecture estim\u00e9e":"1 minute"},"schema":{"@context":"https:\/\/schema.org","@graph":[{"@type":"WebPage","@id":"https:\/\/globalsew.com\/product\/sm7830al\/","url":"https:\/\/globalsew.com\/product\/sm7830al\/","name":"SM 7830 AL - Global International B.V.","isPartOf":{"@id":"https:\/\/globalsew.com\/#website"},"primaryImageOfPage":{"@id":"https:\/\/globalsew.com\/product\/sm7830al\/#primaryimage"},"image":{"@id":"https:\/\/globalsew.com\/product\/sm7830al\/#primaryimage"},"thumbnailUrl":"https:\/\/globalsew.com\/wp-content\/uploads\/2018\/01\/products-SM-7830-global-1080-website-2024.jpg","datePublished":"2018-01-29T11:28:53+00:00","dateModified":"2024-05-22T07:46:53+00:00","breadcrumb":{"@id":"https:\/\/globalsew.com\/product\/sm7830al\/#breadcrumb"},"inLanguage":"fr-FR","potentialAction":[{"@type":"ReadAction","target":["https:\/\/globalsew.com\/product\/sm7830al\/"]}]},{"@type":"ImageObject","inLanguage":"fr-FR","@id":"https:\/\/globalsew.com\/product\/sm7830al\/#primaryimage","url":"https:\/\/globalsew.com\/wp-content\/uploads\/2018\/01\/products-SM-7830-global-1080-website-2024.jpg","contentUrl":"https:\/\/globalsew.com\/wp-content\/uploads\/2018\/01\/products-SM-7830-global-1080-website-2024.jpg","width":1819,"height":1080,"caption":"SM 7830 AL"},{"@type":"BreadcrumbList","@id":"https:\/\/globalsew.com\/product\/sm7830al\/#breadcrumb","itemListElement":[{"@type":"ListItem","position":1,"name":"Home","item":"https:\/\/globalsew.com\/"},{"@type":"ListItem","position":2,"name":"Products","item":"https:\/\/globalsew.com\/products\/"},{"@type":"ListItem","position":3,"name":"SM 7830 AL"}]},{"@type":"WebSite","@id":"https:\/\/globalsew.com\/#website","url":"https:\/\/globalsew.com\/","name":"Global International B.V.","description":"Machines \u00e0 coudre industrielles","potentialAction":[{"@type":"SearchAction","target":{"@type":"EntryPoint","urlTemplate":"https:\/\/globalsew.com\/?s={search_term_string}"},"query-input":{"@type":"PropertyValueSpecification","valueRequired":true,"valueName":"search_term_string"}}],"inLanguage":"fr-FR"}]}},"_links":{"self":[{"href":"https:\/\/globalsew.com\/fr\/wp-json\/wp\/v2\/product\/94028","targetHints":{"allow":["GET"]}}],"collection":[{"href":"https:\/\/globalsew.com\/fr\/wp-json\/wp\/v2\/product"}],"about":[{"href":"https:\/\/globalsew.com\/fr\/wp-json\/wp\/v2\/types\/product"}],"wp:featuredmedia":[{"embeddable":true,"href":"https:\/\/globalsew.com\/fr\/wp-json\/wp\/v2\/media\/105975"}],"wp:attachment":[{"href":"https:\/\/globalsew.com\/fr\/wp-json\/wp\/v2\/media?parent=94028"}],"wp:term":[{"taxonomy":"product_brand","embeddable":true,"href":"https:\/\/globalsew.com\/fr\/wp-json\/wp\/v2\/product_brand?post=94028"},{"taxonomy":"product_cat","embeddable":true,"href":"https:\/\/globalsew.com\/fr\/wp-json\/wp\/v2\/product_cat?post=94028"},{"taxonomy":"product_tag","embeddable":true,"href":"https:\/\/globalsew.com\/fr\/wp-json\/wp\/v2\/product_tag?post=94028"}],"curies":[{"name":"wp","href":"https:\/\/api.w.org\/{rel}","templated":true}]}}