{"id":94027,"date":"2018-01-29T12:22:45","date_gmt":"2018-01-29T11:22:45","guid":{"rendered":"https:\/\/globalsew.com\/?post_type=product&#038;p=94027"},"modified":"2024-05-22T09:46:53","modified_gmt":"2024-05-22T07:46:53","slug":"sm-7810gw","status":"publish","type":"product","link":"https:\/\/globalsew.com\/fr\/product\/sm-7810gw\/","title":{"rendered":"SM 7810 GW"},"content":{"rendered":"<p><strong>SM 7810 GW<br \/>\n<\/strong><\/p>\n<p>Cette machine \u00e0 coudre \u00e0 point de cha\u00eenette Goodyear welt, inseam, coud la tr\u00e9pointe sur la nervure des chaussures fabriqu\u00e9es selon le syst\u00e8me Goodyear. Elle perfore la chaussure \u00e0 l'aide d'une al\u00e8ne et d'une aiguille et la couture est absolument ferme gr\u00e2ce \u00e0 la tension r\u00e9glable du fil. Cette machine peut \u00e9ventuellement \u00eatre adapt\u00e9e avec diff\u00e9rents guides afin de travailler avec diff\u00e9rents types de tr\u00e9pointe.<\/p>","protected":false},"excerpt":{"rendered":"<p>Pour les t\u00e9l\u00e9chargements, voir notre page de t\u00e9l\u00e9chargements pour l'application <a class=\"download-link\" href=\"https:\/\/globalsew.com\/fr\/telecharger\/serie-sm-7800\/\">S\u00e9rie SM 7800<\/a>.<\/p>\n<p>&nbsp;<\/p>\n<p>Les sp\u00e9cifications du produit SM 7810 GW :<\/p>\n<ul>\n<li>Table compl\u00e8te, support et moteur<\/li>\n<li>Vitesse de la machine : r\u00e9glage progressif de la vitesse<\/li>\n<li>Longueur de point : 4 - 12 mm<\/li>\n<li>Epaisseur de couture 3 - 8 mm<\/li>\n<li>Type d'aiguille : Groz-Beckert HN80\/47.255.69G<\/li>\n<\/ul>\n<p>&nbsp;<\/p>\n<div class=\"col-md-4\"><a href=\"#video\"><img decoding=\"async\" src=\"https:\/\/globalsew.com\/wp-content\/uploads\/2017\/11\/youtube-logo-4.png\" width=\"60px\" height=\"42px\" \/><\/a><\/div>","protected":false},"featured_media":67422,"template":"","meta":{"_acf_changed":false},"product_brand":[],"product_cat":[25,83],"product_tag":[],"class_list":{"0":"post-94027","1":"product","2":"type-product","3":"status-publish","4":"has-post-thumbnail","6":"product_cat-shoes","7":"product_cat-special-shoe-machines","8":"tm-no-options","10":"first","11":"instock","12":"shipping-taxable","13":"purchasable","14":"product-type-simple"},"acf":[],"gallery_images":[88824],"yoast_head":"<!-- This site is optimized with the Yoast SEO plugin v27.3 - https:\/\/yoast.com\/product\/yoast-seo-wordpress\/ -->\n<title>SM 7810 GW - Global International B.V.<\/title>\n<meta name=\"robots\" content=\"index, follow, max-snippet:-1, max-image-preview:large, max-video-preview:-1\" \/>\n<link rel=\"canonical\" href=\"https:\/\/globalsew.com\/fr\/produit\/sm-7810gw\/\" \/>\n<meta property=\"og:locale\" content=\"fr_FR\" \/>\n<meta property=\"og:type\" content=\"article\" \/>\n<meta property=\"og:title\" content=\"SM 7810 GW - Global International B.V.\" \/>\n<meta property=\"og:description\" content=\"For downloads see our downloads page for the SM 7800 Series.  &nbsp;  The product specifications for the SM 7810 GW:   Complete table, stand and motor  Machine speed: stepless speed regulation  Stitch length: 4 - 12 mm  Sewing thickness 3 - 8 mm  Needle type: Groz-Beckert HN80\/47.255.69G  &nbsp;\" \/>\n<meta property=\"og:url\" content=\"https:\/\/globalsew.com\/fr\/produit\/sm-7810gw\/\" \/>\n<meta property=\"og:site_name\" content=\"Global International B.V.\" \/>\n<meta property=\"article:modified_time\" content=\"2024-05-22T07:46:53+00:00\" \/>\n<meta property=\"og:image\" content=\"https:\/\/globalsew.com\/wp-content\/uploads\/2017\/03\/WEB-GLOBAL-SM-7810-GW-01-GLOBAL-sewing-machines.jpg\" \/>\n\t<meta property=\"og:image:width\" content=\"555\" \/>\n\t<meta property=\"og:image:height\" content=\"347\" \/>\n\t<meta property=\"og:image:type\" content=\"image\/jpeg\" \/>\n<meta name=\"twitter:card\" content=\"summary_large_image\" \/>\n<meta name=\"twitter:label1\" content=\"Dur\u00e9e de lecture estim\u00e9e\" \/>\n\t<meta name=\"twitter:data1\" content=\"1 minute\" \/>\n<script type=\"application\/ld+json\" class=\"yoast-schema-graph\">{\"@context\":\"https:\\\/\\\/schema.org\",\"@graph\":[{\"@type\":\"WebPage\",\"@id\":\"https:\\\/\\\/globalsew.com\\\/product\\\/sm-7810gw\\\/\",\"url\":\"https:\\\/\\\/globalsew.com\\\/product\\\/sm-7810gw\\\/\",\"name\":\"SM 7810 GW - Global International B.V.\",\"isPartOf\":{\"@id\":\"https:\\\/\\\/globalsew.com\\\/#website\"},\"primaryImageOfPage\":{\"@id\":\"https:\\\/\\\/globalsew.com\\\/product\\\/sm-7810gw\\\/#primaryimage\"},\"image\":{\"@id\":\"https:\\\/\\\/globalsew.com\\\/product\\\/sm-7810gw\\\/#primaryimage\"},\"thumbnailUrl\":\"https:\\\/\\\/globalsew.com\\\/wp-content\\\/uploads\\\/2017\\\/03\\\/WEB-GLOBAL-SM-7810-GW-01-GLOBAL-sewing-machines.jpg\",\"datePublished\":\"2018-01-29T11:22:45+00:00\",\"dateModified\":\"2024-05-22T07:46:53+00:00\",\"breadcrumb\":{\"@id\":\"https:\\\/\\\/globalsew.com\\\/product\\\/sm-7810gw\\\/#breadcrumb\"},\"inLanguage\":\"fr-FR\",\"potentialAction\":[{\"@type\":\"ReadAction\",\"target\":[\"https:\\\/\\\/globalsew.com\\\/product\\\/sm-7810gw\\\/\"]}]},{\"@type\":\"ImageObject\",\"inLanguage\":\"fr-FR\",\"@id\":\"https:\\\/\\\/globalsew.com\\\/product\\\/sm-7810gw\\\/#primaryimage\",\"url\":\"https:\\\/\\\/globalsew.com\\\/wp-content\\\/uploads\\\/2017\\\/03\\\/WEB-GLOBAL-SM-7810-GW-01-GLOBAL-sewing-machines.jpg\",\"contentUrl\":\"https:\\\/\\\/globalsew.com\\\/wp-content\\\/uploads\\\/2017\\\/03\\\/WEB-GLOBAL-SM-7810-GW-01-GLOBAL-sewing-machines.jpg\",\"width\":555,\"height\":347,\"caption\":\"WEB-GLOBAL-SM-7810-GW-01-GLOBAL-sewing-machines\"},{\"@type\":\"BreadcrumbList\",\"@id\":\"https:\\\/\\\/globalsew.com\\\/product\\\/sm-7810gw\\\/#breadcrumb\",\"itemListElement\":[{\"@type\":\"ListItem\",\"position\":1,\"name\":\"Home\",\"item\":\"https:\\\/\\\/globalsew.com\\\/\"},{\"@type\":\"ListItem\",\"position\":2,\"name\":\"Products\",\"item\":\"https:\\\/\\\/globalsew.com\\\/products\\\/\"},{\"@type\":\"ListItem\",\"position\":3,\"name\":\"SM 7810 GW\"}]},{\"@type\":\"WebSite\",\"@id\":\"https:\\\/\\\/globalsew.com\\\/#website\",\"url\":\"https:\\\/\\\/globalsew.com\\\/\",\"name\":\"Global International B.V.\",\"description\":\"Industrial Sewing Machines\",\"potentialAction\":[{\"@type\":\"SearchAction\",\"target\":{\"@type\":\"EntryPoint\",\"urlTemplate\":\"https:\\\/\\\/globalsew.com\\\/?s={search_term_string}\"},\"query-input\":{\"@type\":\"PropertyValueSpecification\",\"valueRequired\":true,\"valueName\":\"search_term_string\"}}],\"inLanguage\":\"fr-FR\"}]}<\/script>\n<!-- \/ Yoast SEO plugin. -->","yoast_head_json":{"title":"SM 7810 GW - Global International B.V.","robots":{"index":"index","follow":"follow","max-snippet":"max-snippet:-1","max-image-preview":"max-image-preview:large","max-video-preview":"max-video-preview:-1"},"canonical":"https:\/\/globalsew.com\/fr\/produit\/sm-7810gw\/","og_locale":"fr_FR","og_type":"article","og_title":"SM 7810 GW - Global International B.V.","og_description":"For downloads see our downloads page for the SM 7800 Series.  &nbsp;  The product specifications for the SM 7810 GW:   Complete table, stand and motor  Machine speed: stepless speed regulation  Stitch length: 4 - 12 mm  Sewing thickness 3 - 8 mm  Needle type: Groz-Beckert HN80\/47.255.69G  &nbsp;","og_url":"https:\/\/globalsew.com\/fr\/produit\/sm-7810gw\/","og_site_name":"Global International B.V.","article_modified_time":"2024-05-22T07:46:53+00:00","og_image":[{"width":555,"height":347,"url":"https:\/\/globalsew.com\/wp-content\/uploads\/2017\/03\/WEB-GLOBAL-SM-7810-GW-01-GLOBAL-sewing-machines.jpg","type":"image\/jpeg"}],"twitter_card":"summary_large_image","twitter_misc":{"Dur\u00e9e de lecture estim\u00e9e":"1 minute"},"schema":{"@context":"https:\/\/schema.org","@graph":[{"@type":"WebPage","@id":"https:\/\/globalsew.com\/product\/sm-7810gw\/","url":"https:\/\/globalsew.com\/product\/sm-7810gw\/","name":"SM 7810 GW - Global International B.V.","isPartOf":{"@id":"https:\/\/globalsew.com\/#website"},"primaryImageOfPage":{"@id":"https:\/\/globalsew.com\/product\/sm-7810gw\/#primaryimage"},"image":{"@id":"https:\/\/globalsew.com\/product\/sm-7810gw\/#primaryimage"},"thumbnailUrl":"https:\/\/globalsew.com\/wp-content\/uploads\/2017\/03\/WEB-GLOBAL-SM-7810-GW-01-GLOBAL-sewing-machines.jpg","datePublished":"2018-01-29T11:22:45+00:00","dateModified":"2024-05-22T07:46:53+00:00","breadcrumb":{"@id":"https:\/\/globalsew.com\/product\/sm-7810gw\/#breadcrumb"},"inLanguage":"fr-FR","potentialAction":[{"@type":"ReadAction","target":["https:\/\/globalsew.com\/product\/sm-7810gw\/"]}]},{"@type":"ImageObject","inLanguage":"fr-FR","@id":"https:\/\/globalsew.com\/product\/sm-7810gw\/#primaryimage","url":"https:\/\/globalsew.com\/wp-content\/uploads\/2017\/03\/WEB-GLOBAL-SM-7810-GW-01-GLOBAL-sewing-machines.jpg","contentUrl":"https:\/\/globalsew.com\/wp-content\/uploads\/2017\/03\/WEB-GLOBAL-SM-7810-GW-01-GLOBAL-sewing-machines.jpg","width":555,"height":347,"caption":"WEB-GLOBAL-SM-7810-GW-01-GLOBAL-sewing-machines"},{"@type":"BreadcrumbList","@id":"https:\/\/globalsew.com\/product\/sm-7810gw\/#breadcrumb","itemListElement":[{"@type":"ListItem","position":1,"name":"Home","item":"https:\/\/globalsew.com\/"},{"@type":"ListItem","position":2,"name":"Products","item":"https:\/\/globalsew.com\/products\/"},{"@type":"ListItem","position":3,"name":"SM 7810 GW"}]},{"@type":"WebSite","@id":"https:\/\/globalsew.com\/#website","url":"https:\/\/globalsew.com\/","name":"Global International B.V.","description":"Machines \u00e0 coudre industrielles","potentialAction":[{"@type":"SearchAction","target":{"@type":"EntryPoint","urlTemplate":"https:\/\/globalsew.com\/?s={search_term_string}"},"query-input":{"@type":"PropertyValueSpecification","valueRequired":true,"valueName":"search_term_string"}}],"inLanguage":"fr-FR"}]}},"_links":{"self":[{"href":"https:\/\/globalsew.com\/fr\/wp-json\/wp\/v2\/product\/94027","targetHints":{"allow":["GET"]}}],"collection":[{"href":"https:\/\/globalsew.com\/fr\/wp-json\/wp\/v2\/product"}],"about":[{"href":"https:\/\/globalsew.com\/fr\/wp-json\/wp\/v2\/types\/product"}],"wp:featuredmedia":[{"embeddable":true,"href":"https:\/\/globalsew.com\/fr\/wp-json\/wp\/v2\/media\/67422"}],"wp:attachment":[{"href":"https:\/\/globalsew.com\/fr\/wp-json\/wp\/v2\/media?parent=94027"}],"wp:term":[{"taxonomy":"product_brand","embeddable":true,"href":"https:\/\/globalsew.com\/fr\/wp-json\/wp\/v2\/product_brand?post=94027"},{"taxonomy":"product_cat","embeddable":true,"href":"https:\/\/globalsew.com\/fr\/wp-json\/wp\/v2\/product_cat?post=94027"},{"taxonomy":"product_tag","embeddable":true,"href":"https:\/\/globalsew.com\/fr\/wp-json\/wp\/v2\/product_tag?post=94027"}],"curies":[{"name":"wp","href":"https:\/\/api.w.org\/{rel}","templated":true}]}}