{"id":94000,"date":"2018-01-23T15:21:38","date_gmt":"2018-01-23T14:21:38","guid":{"rendered":"https:\/\/globalsew.com\/?post_type=product&#038;p=94000"},"modified":"2024-05-22T09:46:52","modified_gmt":"2024-05-22T07:46:52","slug":"serie-sm-7555","status":"publish","type":"product","link":"https:\/\/globalsew.com\/fr\/product\/sm-7555-series\/","title":{"rendered":"S\u00e9rie SM 7555"},"content":{"rendered":"<div class=\"wpb-content-wrapper\"><div class=\"vc_row wpb_row vc_row-fluid\"><div class=\"wpb_column vc_column_container vc_col-sm-6\"><div class=\"vc_column-inner\"><div class=\"wpb_wrapper\">\n\t<div class=\"wpb_text_column wpb_content_element\" >\n\t\t<div class=\"wpb_wrapper\">\n\t\t\t<p><strong>SM 7555<\/strong><br \/>\n- Machine \u00e0 point nou\u00e9 \u00e0 une aiguille pour la couture de semelles de bo\u00eetes sur les chaussures et les bottines. Cette machine est \u00e9quip\u00e9e d'un support de corne flottante pour faciliter la couture autour de la pointe et du talon. Production journali\u00e8re maximale de 1000 paires. Compl\u00e8te avec table, support sp\u00e9cial et servo-moteur Ho Hsing.<br \/>\n<strong>SM 7555 LA<\/strong><br \/>\n- Identique au mod\u00e8le pr\u00e9c\u00e9dent, mais avec un bras tr\u00e8s long, adapt\u00e9 aux bottes, etc.<br \/>\n<strong>SM 7555 NA<\/strong><br \/>\n- M\u00eame chose que ci-dessus, mais avec une \"petite\" corne pour les travaux fins comme les chaussures d'enfants.<\/p>\n<p>&nbsp;<\/p>\n<p>&nbsp;<\/p>\n<p><img decoding=\"async\" class=\"alignnone size-full wp-image-94791\" src=\"https:\/\/globalsew.com\/wp-content\/uploads\/2017\/04\/hohsing-xs-global.jpg\" alt=\"\" width=\"73\" height=\"68\" \/>\u00a0 \u00a0 \u00a0 \u00a0 \u00a0 \u00a0 \u00a0 \u00a0 \u00a0 \u00a0 \u00a0 \u00a0 \u00a0 \u00a0 \u00a0 \u00a0 \u00a0 \u00a0 \u00a0 \u00a0 \u00a0 \u00a0 \u00a0 \u00a0 \u00a0 \u00a0 \u00a0 \u00a0 \u00a0 \u00a0 \u00a0 \u00a0 \u00a0 \u00a0 \u00a0 \u00a0 \u00a0 \u00a0\u00a0<img decoding=\"async\" class=\"alignnone size-full wp-image-94794\" src=\"https:\/\/globalsew.com\/wp-content\/uploads\/2017\/04\/eac-xs-global.jpg\" alt=\"\" width=\"73\" height=\"68\" \/>\u00a0<img decoding=\"async\" class=\"alignnone size-full wp-image-94793\" src=\"https:\/\/globalsew.com\/wp-content\/uploads\/2017\/04\/ce-xs-global.jpg\" alt=\"\" width=\"73\" height=\"68\" \/><\/p>\n\n\t\t<\/div>\n\t<\/div>\n<\/div><\/div><\/div><div class=\"wpb_column vc_column_container vc_col-sm-6\"><div class=\"vc_column-inner\"><div class=\"wpb_wrapper\">\n\t<div class=\"wpb_video_widget wpb_content_element vc_clearfix   vc_video-aspect-ratio-169 vc_video-el-width-100 vc_video-align-left\" >\n\t\t<div class=\"wpb_wrapper\">\n\t\t\t\n\t\t\t<div class=\"wpb_video_wrapper\"><iframe title=\"Global SM 7555 Series - Machines \u00e0 coudre pour la fabrication de chaussures\" width=\"500\" height=\"281\" src=\"https:\/\/www.youtube.com\/embed\/4Z2Uwn5HWj4?feature=oembed\" frameborder=\"0\" allow=\"accelerometer; autoplay; clipboard-write; encrypted-media; gyroscope; picture-in-picture; web-share\" referrerpolicy=\"strict-origin-when-cross-origin\" allowfullscreen><\/iframe><\/div>\n\t\t<\/div>\n\t<\/div>\n<\/div><\/div><\/div><\/div>\n<\/div>","protected":false},"excerpt":{"rendered":"<p>Pour les t\u00e9l\u00e9chargements, voir notre page de t\u00e9l\u00e9chargements pour l'application <a class=\"download-link\" href=\"https:\/\/globalsew.com\/fr\/telecharger\/serie-sm-7500\/\">S\u00e9rie SM 7500<\/a>.<\/p>\n<p>Les sp\u00e9cifications du produit pour la s\u00e9rie SM 7555 :<\/p>\n<ul>\n<li>Table compl\u00e8te, support et servomoteur Ho Hsing.<\/li>\n<li>Vitesse de la machine : 900 smp<\/li>\n<li>Longueur de point : 3 - 13 mm<\/li>\n<li>Relevage du pied-de-biche : standard (\u00e9lectrique)<\/li>\n<li>\u00c9paisseur de couture : SM 7555 : 1,5 - 6 mm, SM 7555 LA : 2,0 - 8 mm, SM 7555 NA : 1,5 - 6 mm<\/li>\n<li>Longueur du bras : SM 7555 et SM 7555 NA : 230 mm, SM 7555 LA : 360 mm<\/li>\n<li>Type d'aiguille : CPx5<\/li>\n<\/ul>","protected":false},"featured_media":67419,"template":"","meta":{"_acf_changed":false},"product_brand":[],"product_cat":[25,83],"product_tag":[],"class_list":{"0":"post-94000","1":"product","2":"type-product","3":"status-publish","4":"has-post-thumbnail","6":"product_cat-shoes","7":"product_cat-special-shoe-machines","8":"tm-no-options","10":"first","11":"instock","12":"shipping-taxable","13":"purchasable","14":"product-type-simple"},"acf":[],"gallery_images":[],"yoast_head":"<!-- This site is optimized with the Yoast SEO plugin v27.3 - https:\/\/yoast.com\/product\/yoast-seo-wordpress\/ -->\n<title>SM 7555 series - Global International B.V.<\/title>\n<meta name=\"robots\" content=\"index, follow, max-snippet:-1, max-image-preview:large, max-video-preview:-1\" \/>\n<link rel=\"canonical\" href=\"https:\/\/globalsew.com\/fr\/produit\/serie-sm-7555\/\" \/>\n<meta property=\"og:locale\" content=\"fr_FR\" \/>\n<meta property=\"og:type\" content=\"article\" \/>\n<meta property=\"og:title\" content=\"SM 7555 series - Global International B.V.\" \/>\n<meta property=\"og:description\" content=\"For downloads see our downloads page for the SM 7500 Series.  The product specifications for the SM 7555 Series:   Complete table, stand and Ho Hsing servomotor.  Machine speed: 900 smp  Stitch length: 3 - 13 mm  Presser foot lift: standard (electric)  Sewing thickness: SM 7555: 1,5 - 6 mm, SM 7555 LA: 2,0 - 8 mm, SM 7555 NA: 1,5 - 6 mm  Arm length: SM 7555 and SM 7555 NA: 230 mm, SM 7555 LA: 360 mm  Needle type: CPx5\" \/>\n<meta property=\"og:url\" content=\"https:\/\/globalsew.com\/fr\/produit\/serie-sm-7555\/\" \/>\n<meta property=\"og:site_name\" content=\"Global International B.V.\" \/>\n<meta property=\"article:modified_time\" content=\"2024-05-22T07:46:52+00:00\" \/>\n<meta property=\"og:image\" content=\"https:\/\/globalsew.com\/wp-content\/uploads\/2017\/03\/WEB-GLOBAL-SM-7555-LA-01-GLOBAL-sewing-machines.jpg\" \/>\n\t<meta property=\"og:image:width\" content=\"555\" \/>\n\t<meta property=\"og:image:height\" content=\"347\" \/>\n\t<meta property=\"og:image:type\" content=\"image\/jpeg\" \/>\n<meta name=\"twitter:card\" content=\"summary_large_image\" \/>\n<meta name=\"twitter:label1\" content=\"Dur\u00e9e de lecture estim\u00e9e\" \/>\n\t<meta name=\"twitter:data1\" content=\"1 minute\" \/>\n<script type=\"application\/ld+json\" class=\"yoast-schema-graph\">{\"@context\":\"https:\\\/\\\/schema.org\",\"@graph\":[{\"@type\":\"WebPage\",\"@id\":\"https:\\\/\\\/globalsew.com\\\/product\\\/sm-7555-series\\\/\",\"url\":\"https:\\\/\\\/globalsew.com\\\/product\\\/sm-7555-series\\\/\",\"name\":\"SM 7555 series - Global International B.V.\",\"isPartOf\":{\"@id\":\"https:\\\/\\\/globalsew.com\\\/#website\"},\"primaryImageOfPage\":{\"@id\":\"https:\\\/\\\/globalsew.com\\\/product\\\/sm-7555-series\\\/#primaryimage\"},\"image\":{\"@id\":\"https:\\\/\\\/globalsew.com\\\/product\\\/sm-7555-series\\\/#primaryimage\"},\"thumbnailUrl\":\"https:\\\/\\\/globalsew.com\\\/wp-content\\\/uploads\\\/2017\\\/03\\\/WEB-GLOBAL-SM-7555-LA-01-GLOBAL-sewing-machines.jpg\",\"datePublished\":\"2018-01-23T14:21:38+00:00\",\"dateModified\":\"2024-05-22T07:46:52+00:00\",\"breadcrumb\":{\"@id\":\"https:\\\/\\\/globalsew.com\\\/product\\\/sm-7555-series\\\/#breadcrumb\"},\"inLanguage\":\"fr-FR\",\"potentialAction\":[{\"@type\":\"ReadAction\",\"target\":[\"https:\\\/\\\/globalsew.com\\\/product\\\/sm-7555-series\\\/\"]}]},{\"@type\":\"ImageObject\",\"inLanguage\":\"fr-FR\",\"@id\":\"https:\\\/\\\/globalsew.com\\\/product\\\/sm-7555-series\\\/#primaryimage\",\"url\":\"https:\\\/\\\/globalsew.com\\\/wp-content\\\/uploads\\\/2017\\\/03\\\/WEB-GLOBAL-SM-7555-LA-01-GLOBAL-sewing-machines.jpg\",\"contentUrl\":\"https:\\\/\\\/globalsew.com\\\/wp-content\\\/uploads\\\/2017\\\/03\\\/WEB-GLOBAL-SM-7555-LA-01-GLOBAL-sewing-machines.jpg\",\"width\":555,\"height\":347,\"caption\":\"WEB-GLOBAL-SM-7555-LA-01-GLOBAL-sewing-machines\"},{\"@type\":\"BreadcrumbList\",\"@id\":\"https:\\\/\\\/globalsew.com\\\/product\\\/sm-7555-series\\\/#breadcrumb\",\"itemListElement\":[{\"@type\":\"ListItem\",\"position\":1,\"name\":\"Home\",\"item\":\"https:\\\/\\\/globalsew.com\\\/\"},{\"@type\":\"ListItem\",\"position\":2,\"name\":\"Products\",\"item\":\"https:\\\/\\\/globalsew.com\\\/products\\\/\"},{\"@type\":\"ListItem\",\"position\":3,\"name\":\"SM 7555 series\"}]},{\"@type\":\"WebSite\",\"@id\":\"https:\\\/\\\/globalsew.com\\\/#website\",\"url\":\"https:\\\/\\\/globalsew.com\\\/\",\"name\":\"Global International B.V.\",\"description\":\"Industrial Sewing Machines\",\"potentialAction\":[{\"@type\":\"SearchAction\",\"target\":{\"@type\":\"EntryPoint\",\"urlTemplate\":\"https:\\\/\\\/globalsew.com\\\/?s={search_term_string}\"},\"query-input\":{\"@type\":\"PropertyValueSpecification\",\"valueRequired\":true,\"valueName\":\"search_term_string\"}}],\"inLanguage\":\"fr-FR\"}]}<\/script>\n<!-- \/ Yoast SEO plugin. -->","yoast_head_json":{"title":"S\u00e9rie SM 7555 - Global International B.V.","robots":{"index":"index","follow":"follow","max-snippet":"max-snippet:-1","max-image-preview":"max-image-preview:large","max-video-preview":"max-video-preview:-1"},"canonical":"https:\/\/globalsew.com\/fr\/produit\/serie-sm-7555\/","og_locale":"fr_FR","og_type":"article","og_title":"SM 7555 series - Global International B.V.","og_description":"For downloads see our downloads page for the SM 7500 Series.  The product specifications for the SM 7555 Series:   Complete table, stand and Ho Hsing servomotor.  Machine speed: 900 smp  Stitch length: 3 - 13 mm  Presser foot lift: standard (electric)  Sewing thickness: SM 7555: 1,5 - 6 mm, SM 7555 LA: 2,0 - 8 mm, SM 7555 NA: 1,5 - 6 mm  Arm length: SM 7555 and SM 7555 NA: 230 mm, SM 7555 LA: 360 mm  Needle type: CPx5","og_url":"https:\/\/globalsew.com\/fr\/produit\/serie-sm-7555\/","og_site_name":"Global International B.V.","article_modified_time":"2024-05-22T07:46:52+00:00","og_image":[{"width":555,"height":347,"url":"https:\/\/globalsew.com\/wp-content\/uploads\/2017\/03\/WEB-GLOBAL-SM-7555-LA-01-GLOBAL-sewing-machines.jpg","type":"image\/jpeg"}],"twitter_card":"summary_large_image","twitter_misc":{"Dur\u00e9e de lecture estim\u00e9e":"1 minute"},"schema":{"@context":"https:\/\/schema.org","@graph":[{"@type":"WebPage","@id":"https:\/\/globalsew.com\/product\/sm-7555-series\/","url":"https:\/\/globalsew.com\/product\/sm-7555-series\/","name":"S\u00e9rie SM 7555 - Global International B.V.","isPartOf":{"@id":"https:\/\/globalsew.com\/#website"},"primaryImageOfPage":{"@id":"https:\/\/globalsew.com\/product\/sm-7555-series\/#primaryimage"},"image":{"@id":"https:\/\/globalsew.com\/product\/sm-7555-series\/#primaryimage"},"thumbnailUrl":"https:\/\/globalsew.com\/wp-content\/uploads\/2017\/03\/WEB-GLOBAL-SM-7555-LA-01-GLOBAL-sewing-machines.jpg","datePublished":"2018-01-23T14:21:38+00:00","dateModified":"2024-05-22T07:46:52+00:00","breadcrumb":{"@id":"https:\/\/globalsew.com\/product\/sm-7555-series\/#breadcrumb"},"inLanguage":"fr-FR","potentialAction":[{"@type":"ReadAction","target":["https:\/\/globalsew.com\/product\/sm-7555-series\/"]}]},{"@type":"ImageObject","inLanguage":"fr-FR","@id":"https:\/\/globalsew.com\/product\/sm-7555-series\/#primaryimage","url":"https:\/\/globalsew.com\/wp-content\/uploads\/2017\/03\/WEB-GLOBAL-SM-7555-LA-01-GLOBAL-sewing-machines.jpg","contentUrl":"https:\/\/globalsew.com\/wp-content\/uploads\/2017\/03\/WEB-GLOBAL-SM-7555-LA-01-GLOBAL-sewing-machines.jpg","width":555,"height":347,"caption":"WEB-GLOBAL-SM-7555-LA-01-GLOBAL-sewing-machines"},{"@type":"BreadcrumbList","@id":"https:\/\/globalsew.com\/product\/sm-7555-series\/#breadcrumb","itemListElement":[{"@type":"ListItem","position":1,"name":"Home","item":"https:\/\/globalsew.com\/"},{"@type":"ListItem","position":2,"name":"Products","item":"https:\/\/globalsew.com\/products\/"},{"@type":"ListItem","position":3,"name":"SM 7555 series"}]},{"@type":"WebSite","@id":"https:\/\/globalsew.com\/#website","url":"https:\/\/globalsew.com\/","name":"Global International B.V.","description":"Machines \u00e0 coudre industrielles","potentialAction":[{"@type":"SearchAction","target":{"@type":"EntryPoint","urlTemplate":"https:\/\/globalsew.com\/?s={search_term_string}"},"query-input":{"@type":"PropertyValueSpecification","valueRequired":true,"valueName":"search_term_string"}}],"inLanguage":"fr-FR"}]}},"_links":{"self":[{"href":"https:\/\/globalsew.com\/fr\/wp-json\/wp\/v2\/product\/94000","targetHints":{"allow":["GET"]}}],"collection":[{"href":"https:\/\/globalsew.com\/fr\/wp-json\/wp\/v2\/product"}],"about":[{"href":"https:\/\/globalsew.com\/fr\/wp-json\/wp\/v2\/types\/product"}],"wp:featuredmedia":[{"embeddable":true,"href":"https:\/\/globalsew.com\/fr\/wp-json\/wp\/v2\/media\/67419"}],"wp:attachment":[{"href":"https:\/\/globalsew.com\/fr\/wp-json\/wp\/v2\/media?parent=94000"}],"wp:term":[{"taxonomy":"product_brand","embeddable":true,"href":"https:\/\/globalsew.com\/fr\/wp-json\/wp\/v2\/product_brand?post=94000"},{"taxonomy":"product_cat","embeddable":true,"href":"https:\/\/globalsew.com\/fr\/wp-json\/wp\/v2\/product_cat?post=94000"},{"taxonomy":"product_tag","embeddable":true,"href":"https:\/\/globalsew.com\/fr\/wp-json\/wp\/v2\/product_tag?post=94000"}],"curies":[{"name":"wp","href":"https:\/\/api.w.org\/{rel}","templated":true}]}}