{"id":93913,"date":"2018-01-22T11:35:26","date_gmt":"2018-01-22T10:35:26","guid":{"rendered":"https:\/\/globalsew.com\/?post_type=product&#038;p=93913"},"modified":"2024-05-22T09:46:52","modified_gmt":"2024-05-22T07:46:52","slug":"lp-8970-e-aut-series","status":"publish","type":"product","link":"https:\/\/globalsew.com\/fr\/product\/lp-8970-e-aut-series\/","title":{"rendered":"S\u00e9rie LP 8970 E-AUT"},"content":{"rendered":"<p><strong>LP 8971 E-AUT<\/strong><br \/>\nMachine \u00e0 coudre rapide \u00e0 une aiguille, avec rouleau entra\u00een\u00e9 par le haut, entra\u00eenement par roue et aiguille et crochet standard. La machine est \u00e9quip\u00e9e d'un dispositif de coupe-fil, d'une bride arri\u00e8re automatique et d'un releveur de pied-de-biche (tout \u00e9lectrique). Le mini-moteur servo \u00e0 entra\u00eenement direct HMC, le bo\u00eetier de commande et le panneau de contr\u00f4le sont int\u00e9gr\u00e9s dans la machine (tout-en-un).<\/p>\n<p><strong>LP 8971 E-LH-AUT<\/strong><\/p>\n<p>Identique au LP 8971 E-AUT, mais \u00e9quip\u00e9 d'un grand crochet.<\/p>\n<p><strong>LP 8974 E-AUT<\/strong><\/p>\n<p>Machine \u00e0 coudre \u00e0 double aiguille, entra\u00een\u00e9e par un mini servomoteur int\u00e9gr\u00e9 HMC, avec entra\u00eenement par roue et presseur \u00e0 rouleau entra\u00een\u00e9 par le haut (pas d'entra\u00eenement par aiguille) et \u00e9quip\u00e9e de crochets standard, d'un dispositif de coupe-fil, d'un point d'arr\u00eat automatique et d'un relevage du pied presseur (tous les \u00e9l\u00e9ments sont \u00e9lectriques).<\/p>\n<p><strong>LP 8971 - E - ST - AUT<\/strong><\/p>\n<p>Machine \u00e0 coudre rapide \u00e0 une aiguille, avec rouleau sup\u00e9rieur, entra\u00eenement par roue et aiguille et crochet standard. La machine est \u00e9quip\u00e9e d'un dispositif de coupe-fil, qui peut \u00eatre r\u00e9gl\u00e9 facilement, pour couper les bouts de fil courts, d'un point d'arr\u00eat automatique et d'un releveur de pied-de-biche (tous \u00e9lectriques).<br \/>\nGr\u00e2ce au dispositif unique de coupe-fil, les extr\u00e9mit\u00e9s restantes du fil ne mesurent que 6 mm de long. Le mini-moteur servo \u00e0 entra\u00eenement direct HMC, le bo\u00eetier de commande et le panneau de contr\u00f4le sont int\u00e9gr\u00e9s dans la machine (tout-en-un).<\/p>\n<p><strong>LP 8971 - E - NP - AUT<\/strong><\/p>\n<p>Machine \u00e0 coudre rapide \u00e0 une aiguille, avec rouleau entra\u00een\u00e9 par le haut, entra\u00eenement par roue et aiguille et crochet standard. La machine est \u00e9quip\u00e9e d'un dispositif de coupe-fil, d'une bride arri\u00e8re automatique et d'un releveur de pied-de-biche (tous \u00e9lectriques). Gr\u00e2ce au dispositif unique de coupe-fil, les extr\u00e9mit\u00e9s de fil restantes ne mesurent que 6 mm de long. Le mini-moteur servo \u00e0 entra\u00eenement direct HMC, le bo\u00eetier de commande et le panneau de contr\u00f4le sont int\u00e9gr\u00e9s dans la machine (tout-en-un).<\/p>\n<p>&nbsp;<\/p>","protected":false},"excerpt":{"rendered":"<p>Pour les t\u00e9l\u00e9chargements, voir notre page de t\u00e9l\u00e9chargements pour l'application <a class=\"download-link\" href=\"https:\/\/globalsew.com\/fr\/telecharger\/serie-lp-8970-8990\/\">LP 8970 s\u00e9rie E<\/a>.<\/p>\n<p>&nbsp;<\/p>","protected":false},"featured_media":106468,"template":"","meta":{"_acf_changed":false},"product_brand":[],"product_cat":[123,25],"product_tag":[],"class_list":{"0":"post-93913","1":"product","2":"type-product","3":"status-publish","4":"has-post-thumbnail","6":"product_cat-postbed-shoe-machines","7":"product_cat-shoes","8":"tm-has-options","10":"first","11":"instock","12":"shipping-taxable","13":"purchasable","14":"product-type-simple"},"acf":[],"gallery_images":[106466,106467],"yoast_head":"<!-- This site is optimized with the Yoast SEO plugin v27.3 - https:\/\/yoast.com\/product\/yoast-seo-wordpress\/ -->\n<title>LP 8970 E-AUT Series - Global International B.V.<\/title>\n<meta name=\"robots\" content=\"index, follow, max-snippet:-1, max-image-preview:large, max-video-preview:-1\" \/>\n<link rel=\"canonical\" href=\"https:\/\/globalsew.com\/fr\/produit\/lp-8970-e-aut-series\/\" \/>\n<meta property=\"og:locale\" content=\"fr_FR\" \/>\n<meta property=\"og:type\" content=\"article\" \/>\n<meta property=\"og:title\" content=\"LP 8970 E-AUT Series - Global International B.V.\" \/>\n<meta property=\"og:description\" content=\"For downloads see our downloads page for the LP 8970 E series.  &nbsp;\" \/>\n<meta property=\"og:url\" content=\"https:\/\/globalsew.com\/fr\/produit\/lp-8970-e-aut-series\/\" \/>\n<meta property=\"og:site_name\" content=\"Global International B.V.\" \/>\n<meta property=\"article:modified_time\" content=\"2024-05-22T07:46:52+00:00\" \/>\n<meta property=\"og:image\" content=\"https:\/\/globalsew.com\/wp-content\/uploads\/2018\/01\/LP-8971-E-SERIES.jpg\" \/>\n\t<meta property=\"og:image:width\" content=\"1819\" \/>\n\t<meta property=\"og:image:height\" content=\"1080\" \/>\n\t<meta property=\"og:image:type\" content=\"image\/jpeg\" \/>\n<meta name=\"twitter:card\" content=\"summary_large_image\" \/>\n<meta name=\"twitter:label1\" content=\"Dur\u00e9e de lecture estim\u00e9e\" \/>\n\t<meta name=\"twitter:data1\" content=\"2 minutes\" \/>\n<script type=\"application\/ld+json\" class=\"yoast-schema-graph\">{\"@context\":\"https:\\\/\\\/schema.org\",\"@graph\":[{\"@type\":\"WebPage\",\"@id\":\"https:\\\/\\\/globalsew.com\\\/product\\\/lp-8970-e-aut-series\\\/\",\"url\":\"https:\\\/\\\/globalsew.com\\\/product\\\/lp-8970-e-aut-series\\\/\",\"name\":\"LP 8970 E-AUT Series - Global International B.V.\",\"isPartOf\":{\"@id\":\"https:\\\/\\\/globalsew.com\\\/#website\"},\"primaryImageOfPage\":{\"@id\":\"https:\\\/\\\/globalsew.com\\\/product\\\/lp-8970-e-aut-series\\\/#primaryimage\"},\"image\":{\"@id\":\"https:\\\/\\\/globalsew.com\\\/product\\\/lp-8970-e-aut-series\\\/#primaryimage\"},\"thumbnailUrl\":\"https:\\\/\\\/globalsew.com\\\/wp-content\\\/uploads\\\/2018\\\/01\\\/LP-8971-E-SERIES.jpg\",\"datePublished\":\"2018-01-22T10:35:26+00:00\",\"dateModified\":\"2024-05-22T07:46:52+00:00\",\"breadcrumb\":{\"@id\":\"https:\\\/\\\/globalsew.com\\\/product\\\/lp-8970-e-aut-series\\\/#breadcrumb\"},\"inLanguage\":\"fr-FR\",\"potentialAction\":[{\"@type\":\"ReadAction\",\"target\":[\"https:\\\/\\\/globalsew.com\\\/product\\\/lp-8970-e-aut-series\\\/\"]}]},{\"@type\":\"ImageObject\",\"inLanguage\":\"fr-FR\",\"@id\":\"https:\\\/\\\/globalsew.com\\\/product\\\/lp-8970-e-aut-series\\\/#primaryimage\",\"url\":\"https:\\\/\\\/globalsew.com\\\/wp-content\\\/uploads\\\/2018\\\/01\\\/LP-8971-E-SERIES.jpg\",\"contentUrl\":\"https:\\\/\\\/globalsew.com\\\/wp-content\\\/uploads\\\/2018\\\/01\\\/LP-8971-E-SERIES.jpg\",\"width\":1819,\"height\":1080,\"caption\":\"LP 8971 E\"},{\"@type\":\"BreadcrumbList\",\"@id\":\"https:\\\/\\\/globalsew.com\\\/product\\\/lp-8970-e-aut-series\\\/#breadcrumb\",\"itemListElement\":[{\"@type\":\"ListItem\",\"position\":1,\"name\":\"Home\",\"item\":\"https:\\\/\\\/globalsew.com\\\/\"},{\"@type\":\"ListItem\",\"position\":2,\"name\":\"Products\",\"item\":\"https:\\\/\\\/globalsew.com\\\/products\\\/\"},{\"@type\":\"ListItem\",\"position\":3,\"name\":\"LP 8970 E-AUT Series\"}]},{\"@type\":\"WebSite\",\"@id\":\"https:\\\/\\\/globalsew.com\\\/#website\",\"url\":\"https:\\\/\\\/globalsew.com\\\/\",\"name\":\"Global International B.V.\",\"description\":\"Industrial Sewing Machines\",\"potentialAction\":[{\"@type\":\"SearchAction\",\"target\":{\"@type\":\"EntryPoint\",\"urlTemplate\":\"https:\\\/\\\/globalsew.com\\\/?s={search_term_string}\"},\"query-input\":{\"@type\":\"PropertyValueSpecification\",\"valueRequired\":true,\"valueName\":\"search_term_string\"}}],\"inLanguage\":\"fr-FR\"}]}<\/script>\n<!-- \/ Yoast SEO plugin. -->","yoast_head_json":{"title":"LP 8970 E-AUT Series - Global International B.V.","robots":{"index":"index","follow":"follow","max-snippet":"max-snippet:-1","max-image-preview":"max-image-preview:large","max-video-preview":"max-video-preview:-1"},"canonical":"https:\/\/globalsew.com\/fr\/produit\/lp-8970-e-aut-series\/","og_locale":"fr_FR","og_type":"article","og_title":"LP 8970 E-AUT Series - Global International B.V.","og_description":"For downloads see our downloads page for the LP 8970 E series.  &nbsp;","og_url":"https:\/\/globalsew.com\/fr\/produit\/lp-8970-e-aut-series\/","og_site_name":"Global International B.V.","article_modified_time":"2024-05-22T07:46:52+00:00","og_image":[{"width":1819,"height":1080,"url":"https:\/\/globalsew.com\/wp-content\/uploads\/2018\/01\/LP-8971-E-SERIES.jpg","type":"image\/jpeg"}],"twitter_card":"summary_large_image","twitter_misc":{"Dur\u00e9e de lecture estim\u00e9e":"2 minutes"},"schema":{"@context":"https:\/\/schema.org","@graph":[{"@type":"WebPage","@id":"https:\/\/globalsew.com\/product\/lp-8970-e-aut-series\/","url":"https:\/\/globalsew.com\/product\/lp-8970-e-aut-series\/","name":"LP 8970 E-AUT Series - Global International B.V.","isPartOf":{"@id":"https:\/\/globalsew.com\/#website"},"primaryImageOfPage":{"@id":"https:\/\/globalsew.com\/product\/lp-8970-e-aut-series\/#primaryimage"},"image":{"@id":"https:\/\/globalsew.com\/product\/lp-8970-e-aut-series\/#primaryimage"},"thumbnailUrl":"https:\/\/globalsew.com\/wp-content\/uploads\/2018\/01\/LP-8971-E-SERIES.jpg","datePublished":"2018-01-22T10:35:26+00:00","dateModified":"2024-05-22T07:46:52+00:00","breadcrumb":{"@id":"https:\/\/globalsew.com\/product\/lp-8970-e-aut-series\/#breadcrumb"},"inLanguage":"fr-FR","potentialAction":[{"@type":"ReadAction","target":["https:\/\/globalsew.com\/product\/lp-8970-e-aut-series\/"]}]},{"@type":"ImageObject","inLanguage":"fr-FR","@id":"https:\/\/globalsew.com\/product\/lp-8970-e-aut-series\/#primaryimage","url":"https:\/\/globalsew.com\/wp-content\/uploads\/2018\/01\/LP-8971-E-SERIES.jpg","contentUrl":"https:\/\/globalsew.com\/wp-content\/uploads\/2018\/01\/LP-8971-E-SERIES.jpg","width":1819,"height":1080,"caption":"LP 8971 E"},{"@type":"BreadcrumbList","@id":"https:\/\/globalsew.com\/product\/lp-8970-e-aut-series\/#breadcrumb","itemListElement":[{"@type":"ListItem","position":1,"name":"Home","item":"https:\/\/globalsew.com\/"},{"@type":"ListItem","position":2,"name":"Products","item":"https:\/\/globalsew.com\/products\/"},{"@type":"ListItem","position":3,"name":"LP 8970 E-AUT Series"}]},{"@type":"WebSite","@id":"https:\/\/globalsew.com\/#website","url":"https:\/\/globalsew.com\/","name":"Global International B.V.","description":"Machines \u00e0 coudre industrielles","potentialAction":[{"@type":"SearchAction","target":{"@type":"EntryPoint","urlTemplate":"https:\/\/globalsew.com\/?s={search_term_string}"},"query-input":{"@type":"PropertyValueSpecification","valueRequired":true,"valueName":"search_term_string"}}],"inLanguage":"fr-FR"}]}},"_links":{"self":[{"href":"https:\/\/globalsew.com\/fr\/wp-json\/wp\/v2\/product\/93913","targetHints":{"allow":["GET"]}}],"collection":[{"href":"https:\/\/globalsew.com\/fr\/wp-json\/wp\/v2\/product"}],"about":[{"href":"https:\/\/globalsew.com\/fr\/wp-json\/wp\/v2\/types\/product"}],"wp:featuredmedia":[{"embeddable":true,"href":"https:\/\/globalsew.com\/fr\/wp-json\/wp\/v2\/media\/106468"}],"wp:attachment":[{"href":"https:\/\/globalsew.com\/fr\/wp-json\/wp\/v2\/media?parent=93913"}],"wp:term":[{"taxonomy":"product_brand","embeddable":true,"href":"https:\/\/globalsew.com\/fr\/wp-json\/wp\/v2\/product_brand?post=93913"},{"taxonomy":"product_cat","embeddable":true,"href":"https:\/\/globalsew.com\/fr\/wp-json\/wp\/v2\/product_cat?post=93913"},{"taxonomy":"product_tag","embeddable":true,"href":"https:\/\/globalsew.com\/fr\/wp-json\/wp\/v2\/product_tag?post=93913"}],"curies":[{"name":"wp","href":"https:\/\/api.w.org\/{rel}","templated":true}]}}