{"id":93686,"date":"2018-01-16T14:01:07","date_gmt":"2018-01-16T13:01:07","guid":{"rendered":"https:\/\/globalsew.com\/?post_type=product&#038;p=93686"},"modified":"2024-05-22T09:53:45","modified_gmt":"2024-05-22T07:53:45","slug":"pfaff-1183-731-01-8-31-900-24-911-37-bsx5-0","status":"publish","type":"product","link":"https:\/\/globalsew.com\/fr\/product\/pfaff-1183-731-01-8-31-900-24-911-37-bsx5-0\/","title":{"rendered":"Pfaff 1183-731\/01-8\/31-900\/24-911\/37 BSx5.0"},"content":{"rendered":"","protected":false},"excerpt":{"rendered":"<p>Machine \u00e0 coudre industrielle d'occasion \u00e0 point nou\u00e9, une aiguille, avec couteau lat\u00e9ral, enti\u00e8rement automatique (avec Pfaff \/ Efka P40MS)<\/p>","protected":false},"featured_media":93683,"template":"","meta":{"_acf_changed":false},"product_brand":[],"product_cat":[357,317],"product_tag":[],"class_list":{"0":"post-93686","1":"product","2":"type-product","3":"status-publish","4":"has-post-thumbnail","6":"product_cat-pfaff","7":"product_cat-used-products","8":"tm-no-options","10":"first","11":"instock","12":"shipping-taxable","13":"purchasable","14":"product-type-simple"},"acf":[],"gallery_images":[],"yoast_head":"<!-- This site is optimized with the Yoast SEO plugin v27.3 - https:\/\/yoast.com\/product\/yoast-seo-wordpress\/ -->\n<title>Pfaff 1183-731\/01-8\/31-900\/24-911\/37 BSx5.0 - Global International B.V.<\/title>\n<meta name=\"robots\" content=\"index, follow, max-snippet:-1, max-image-preview:large, max-video-preview:-1\" \/>\n<link rel=\"canonical\" href=\"https:\/\/globalsew.com\/fr\/produit\/pfaff-1183-731-01-8-31-900-24-911-37-bsx5-0\/\" \/>\n<meta property=\"og:locale\" content=\"fr_FR\" \/>\n<meta property=\"og:type\" content=\"article\" \/>\n<meta property=\"og:title\" content=\"Pfaff 1183-731\/01-8\/31-900\/24-911\/37 BSx5.0 - Global International B.V.\" \/>\n<meta property=\"og:description\" content=\"used industrial single needle lockstitch sewing machine with side knife, fully automatic (with Pfaff \/ Efka P40MS)\" \/>\n<meta property=\"og:url\" content=\"https:\/\/globalsew.com\/fr\/produit\/pfaff-1183-731-01-8-31-900-24-911-37-bsx5-0\/\" \/>\n<meta property=\"og:site_name\" content=\"Global International B.V.\" \/>\n<meta property=\"article:modified_time\" content=\"2024-05-22T07:53:45+00:00\" \/>\n<meta property=\"og:image\" content=\"https:\/\/globalsew.com\/wp-content\/uploads\/2018\/01\/DSC00041.jpg\" \/>\n\t<meta property=\"og:image:width\" content=\"640\" \/>\n\t<meta property=\"og:image:height\" content=\"360\" \/>\n\t<meta property=\"og:image:type\" content=\"image\/jpeg\" \/>\n<meta name=\"twitter:card\" content=\"summary_large_image\" \/>\n<script type=\"application\/ld+json\" class=\"yoast-schema-graph\">{\"@context\":\"https:\\\/\\\/schema.org\",\"@graph\":[{\"@type\":\"WebPage\",\"@id\":\"https:\\\/\\\/globalsew.com\\\/product\\\/pfaff-1183-731-01-8-31-900-24-911-37-bsx5-0\\\/\",\"url\":\"https:\\\/\\\/globalsew.com\\\/product\\\/pfaff-1183-731-01-8-31-900-24-911-37-bsx5-0\\\/\",\"name\":\"Pfaff 1183-731\\\/01-8\\\/31-900\\\/24-911\\\/37 BSx5.0 - Global International B.V.\",\"isPartOf\":{\"@id\":\"https:\\\/\\\/globalsew.com\\\/#website\"},\"primaryImageOfPage\":{\"@id\":\"https:\\\/\\\/globalsew.com\\\/product\\\/pfaff-1183-731-01-8-31-900-24-911-37-bsx5-0\\\/#primaryimage\"},\"image\":{\"@id\":\"https:\\\/\\\/globalsew.com\\\/product\\\/pfaff-1183-731-01-8-31-900-24-911-37-bsx5-0\\\/#primaryimage\"},\"thumbnailUrl\":\"https:\\\/\\\/globalsew.com\\\/wp-content\\\/uploads\\\/2018\\\/01\\\/DSC00041.jpg\",\"datePublished\":\"2018-01-16T13:01:07+00:00\",\"dateModified\":\"2024-05-22T07:53:45+00:00\",\"breadcrumb\":{\"@id\":\"https:\\\/\\\/globalsew.com\\\/product\\\/pfaff-1183-731-01-8-31-900-24-911-37-bsx5-0\\\/#breadcrumb\"},\"inLanguage\":\"fr-FR\",\"potentialAction\":[{\"@type\":\"ReadAction\",\"target\":[\"https:\\\/\\\/globalsew.com\\\/product\\\/pfaff-1183-731-01-8-31-900-24-911-37-bsx5-0\\\/\"]}]},{\"@type\":\"ImageObject\",\"inLanguage\":\"fr-FR\",\"@id\":\"https:\\\/\\\/globalsew.com\\\/product\\\/pfaff-1183-731-01-8-31-900-24-911-37-bsx5-0\\\/#primaryimage\",\"url\":\"https:\\\/\\\/globalsew.com\\\/wp-content\\\/uploads\\\/2018\\\/01\\\/DSC00041.jpg\",\"contentUrl\":\"https:\\\/\\\/globalsew.com\\\/wp-content\\\/uploads\\\/2018\\\/01\\\/DSC00041.jpg\",\"width\":640,\"height\":360},{\"@type\":\"BreadcrumbList\",\"@id\":\"https:\\\/\\\/globalsew.com\\\/product\\\/pfaff-1183-731-01-8-31-900-24-911-37-bsx5-0\\\/#breadcrumb\",\"itemListElement\":[{\"@type\":\"ListItem\",\"position\":1,\"name\":\"Home\",\"item\":\"https:\\\/\\\/globalsew.com\\\/\"},{\"@type\":\"ListItem\",\"position\":2,\"name\":\"Products\",\"item\":\"https:\\\/\\\/globalsew.com\\\/products\\\/\"},{\"@type\":\"ListItem\",\"position\":3,\"name\":\"Pfaff 1183-731\\\/01-8\\\/31-900\\\/24-911\\\/37 BSx5.0\"}]},{\"@type\":\"WebSite\",\"@id\":\"https:\\\/\\\/globalsew.com\\\/#website\",\"url\":\"https:\\\/\\\/globalsew.com\\\/\",\"name\":\"Global International B.V.\",\"description\":\"Industrial Sewing Machines\",\"potentialAction\":[{\"@type\":\"SearchAction\",\"target\":{\"@type\":\"EntryPoint\",\"urlTemplate\":\"https:\\\/\\\/globalsew.com\\\/?s={search_term_string}\"},\"query-input\":{\"@type\":\"PropertyValueSpecification\",\"valueRequired\":true,\"valueName\":\"search_term_string\"}}],\"inLanguage\":\"fr-FR\"}]}<\/script>\n<!-- \/ Yoast SEO plugin. -->","yoast_head_json":{"title":"Pfaff 1183-731\/01-8\/31-900\/24-911\/37 BSx5.0 - Global International B.V.","robots":{"index":"index","follow":"follow","max-snippet":"max-snippet:-1","max-image-preview":"max-image-preview:large","max-video-preview":"max-video-preview:-1"},"canonical":"https:\/\/globalsew.com\/fr\/produit\/pfaff-1183-731-01-8-31-900-24-911-37-bsx5-0\/","og_locale":"fr_FR","og_type":"article","og_title":"Pfaff 1183-731\/01-8\/31-900\/24-911\/37 BSx5.0 - Global International B.V.","og_description":"used industrial single needle lockstitch sewing machine with side knife, fully automatic (with Pfaff \/ Efka P40MS)","og_url":"https:\/\/globalsew.com\/fr\/produit\/pfaff-1183-731-01-8-31-900-24-911-37-bsx5-0\/","og_site_name":"Global International B.V.","article_modified_time":"2024-05-22T07:53:45+00:00","og_image":[{"width":640,"height":360,"url":"https:\/\/globalsew.com\/wp-content\/uploads\/2018\/01\/DSC00041.jpg","type":"image\/jpeg"}],"twitter_card":"summary_large_image","schema":{"@context":"https:\/\/schema.org","@graph":[{"@type":"WebPage","@id":"https:\/\/globalsew.com\/product\/pfaff-1183-731-01-8-31-900-24-911-37-bsx5-0\/","url":"https:\/\/globalsew.com\/product\/pfaff-1183-731-01-8-31-900-24-911-37-bsx5-0\/","name":"Pfaff 1183-731\/01-8\/31-900\/24-911\/37 BSx5.0 - Global International B.V.","isPartOf":{"@id":"https:\/\/globalsew.com\/#website"},"primaryImageOfPage":{"@id":"https:\/\/globalsew.com\/product\/pfaff-1183-731-01-8-31-900-24-911-37-bsx5-0\/#primaryimage"},"image":{"@id":"https:\/\/globalsew.com\/product\/pfaff-1183-731-01-8-31-900-24-911-37-bsx5-0\/#primaryimage"},"thumbnailUrl":"https:\/\/globalsew.com\/wp-content\/uploads\/2018\/01\/DSC00041.jpg","datePublished":"2018-01-16T13:01:07+00:00","dateModified":"2024-05-22T07:53:45+00:00","breadcrumb":{"@id":"https:\/\/globalsew.com\/product\/pfaff-1183-731-01-8-31-900-24-911-37-bsx5-0\/#breadcrumb"},"inLanguage":"fr-FR","potentialAction":[{"@type":"ReadAction","target":["https:\/\/globalsew.com\/product\/pfaff-1183-731-01-8-31-900-24-911-37-bsx5-0\/"]}]},{"@type":"ImageObject","inLanguage":"fr-FR","@id":"https:\/\/globalsew.com\/product\/pfaff-1183-731-01-8-31-900-24-911-37-bsx5-0\/#primaryimage","url":"https:\/\/globalsew.com\/wp-content\/uploads\/2018\/01\/DSC00041.jpg","contentUrl":"https:\/\/globalsew.com\/wp-content\/uploads\/2018\/01\/DSC00041.jpg","width":640,"height":360},{"@type":"BreadcrumbList","@id":"https:\/\/globalsew.com\/product\/pfaff-1183-731-01-8-31-900-24-911-37-bsx5-0\/#breadcrumb","itemListElement":[{"@type":"ListItem","position":1,"name":"Home","item":"https:\/\/globalsew.com\/"},{"@type":"ListItem","position":2,"name":"Products","item":"https:\/\/globalsew.com\/products\/"},{"@type":"ListItem","position":3,"name":"Pfaff 1183-731\/01-8\/31-900\/24-911\/37 BSx5.0"}]},{"@type":"WebSite","@id":"https:\/\/globalsew.com\/#website","url":"https:\/\/globalsew.com\/","name":"Global International B.V.","description":"Machines \u00e0 coudre industrielles","potentialAction":[{"@type":"SearchAction","target":{"@type":"EntryPoint","urlTemplate":"https:\/\/globalsew.com\/?s={search_term_string}"},"query-input":{"@type":"PropertyValueSpecification","valueRequired":true,"valueName":"search_term_string"}}],"inLanguage":"fr-FR"}]}},"_links":{"self":[{"href":"https:\/\/globalsew.com\/fr\/wp-json\/wp\/v2\/product\/93686","targetHints":{"allow":["GET"]}}],"collection":[{"href":"https:\/\/globalsew.com\/fr\/wp-json\/wp\/v2\/product"}],"about":[{"href":"https:\/\/globalsew.com\/fr\/wp-json\/wp\/v2\/types\/product"}],"wp:featuredmedia":[{"embeddable":true,"href":"https:\/\/globalsew.com\/fr\/wp-json\/wp\/v2\/media\/93683"}],"wp:attachment":[{"href":"https:\/\/globalsew.com\/fr\/wp-json\/wp\/v2\/media?parent=93686"}],"wp:term":[{"taxonomy":"product_brand","embeddable":true,"href":"https:\/\/globalsew.com\/fr\/wp-json\/wp\/v2\/product_brand?post=93686"},{"taxonomy":"product_cat","embeddable":true,"href":"https:\/\/globalsew.com\/fr\/wp-json\/wp\/v2\/product_cat?post=93686"},{"taxonomy":"product_tag","embeddable":true,"href":"https:\/\/globalsew.com\/fr\/wp-json\/wp\/v2\/product_tag?post=93686"}],"curies":[{"name":"wp","href":"https:\/\/api.w.org\/{rel}","templated":true}]}}