{"id":92481,"date":"2018-01-08T15:52:49","date_gmt":"2018-01-08T14:52:49","guid":{"rendered":"https:\/\/globalsew.com\/?post_type=product&#038;p=92481"},"modified":"2024-05-22T09:50:56","modified_gmt":"2024-05-22T07:50:56","slug":"rimoldi-171-10-3mk-51m-55840n","status":"publish","type":"product","link":"https:\/\/globalsew.com\/fr\/product\/rimoldi-171-10-3mk-51m-55840n\/","title":{"rendered":"Rimoldi 171-10-3MK-51M-558\/40N"},"content":{"rendered":"","protected":false},"excerpt":{"rendered":"<p>Machine \u00e0 coudre industrielle d'occasion \u00e0 deux aiguilles avec couvercle inf\u00e9rieur et plateau cylindrique pour ourler les \u00e9lastiques.<\/p>","protected":false},"featured_media":92473,"template":"","meta":{"_acf_changed":false},"product_brand":[],"product_cat":[359,317],"product_tag":[],"class_list":{"0":"post-92481","1":"product","2":"type-product","3":"status-publish","4":"has-post-thumbnail","6":"product_cat-rimoldi","7":"product_cat-used-products","8":"tm-no-options","10":"first","11":"instock","12":"shipping-taxable","13":"purchasable","14":"product-type-simple"},"acf":[],"gallery_images":[],"yoast_head":"<!-- This site is optimized with the Yoast SEO plugin v27.3 - https:\/\/yoast.com\/product\/yoast-seo-wordpress\/ -->\n<title>Rimoldi 171-10-3MK-51M-558\/40N - Global International B.V.<\/title>\n<meta name=\"robots\" content=\"index, follow, max-snippet:-1, max-image-preview:large, max-video-preview:-1\" \/>\n<link rel=\"canonical\" href=\"https:\/\/globalsew.com\/fr\/produit\/rimoldi-171-10-3mk-51m-55840n\/\" \/>\n<meta property=\"og:locale\" content=\"fr_FR\" \/>\n<meta property=\"og:type\" content=\"article\" \/>\n<meta property=\"og:title\" content=\"Rimoldi 171-10-3MK-51M-558\/40N - Global International B.V.\" \/>\n<meta property=\"og:description\" content=\"Used industrial double needle sewing machine with bottom cover and cylinderbed for hemming elastic.\" \/>\n<meta property=\"og:url\" content=\"https:\/\/globalsew.com\/fr\/produit\/rimoldi-171-10-3mk-51m-55840n\/\" \/>\n<meta property=\"og:site_name\" content=\"Global International B.V.\" \/>\n<meta property=\"article:modified_time\" content=\"2024-05-22T07:50:56+00:00\" \/>\n<meta property=\"og:image\" content=\"https:\/\/globalsew.com\/wp-content\/uploads\/2018\/01\/171102mk.jpg\" \/>\n\t<meta property=\"og:image:width\" content=\"320\" \/>\n\t<meta property=\"og:image:height\" content=\"240\" \/>\n\t<meta property=\"og:image:type\" content=\"image\/jpeg\" \/>\n<meta name=\"twitter:card\" content=\"summary_large_image\" \/>\n<script type=\"application\/ld+json\" class=\"yoast-schema-graph\">{\"@context\":\"https:\\\/\\\/schema.org\",\"@graph\":[{\"@type\":\"WebPage\",\"@id\":\"https:\\\/\\\/globalsew.com\\\/product\\\/rimoldi-171-10-3mk-51m-55840n\\\/\",\"url\":\"https:\\\/\\\/globalsew.com\\\/product\\\/rimoldi-171-10-3mk-51m-55840n\\\/\",\"name\":\"Rimoldi 171-10-3MK-51M-558\\\/40N - Global International B.V.\",\"isPartOf\":{\"@id\":\"https:\\\/\\\/globalsew.com\\\/#website\"},\"primaryImageOfPage\":{\"@id\":\"https:\\\/\\\/globalsew.com\\\/product\\\/rimoldi-171-10-3mk-51m-55840n\\\/#primaryimage\"},\"image\":{\"@id\":\"https:\\\/\\\/globalsew.com\\\/product\\\/rimoldi-171-10-3mk-51m-55840n\\\/#primaryimage\"},\"thumbnailUrl\":\"https:\\\/\\\/globalsew.com\\\/wp-content\\\/uploads\\\/2018\\\/01\\\/171102mk.jpg\",\"datePublished\":\"2018-01-08T14:52:49+00:00\",\"dateModified\":\"2024-05-22T07:50:56+00:00\",\"breadcrumb\":{\"@id\":\"https:\\\/\\\/globalsew.com\\\/product\\\/rimoldi-171-10-3mk-51m-55840n\\\/#breadcrumb\"},\"inLanguage\":\"fr-FR\",\"potentialAction\":[{\"@type\":\"ReadAction\",\"target\":[\"https:\\\/\\\/globalsew.com\\\/product\\\/rimoldi-171-10-3mk-51m-55840n\\\/\"]}]},{\"@type\":\"ImageObject\",\"inLanguage\":\"fr-FR\",\"@id\":\"https:\\\/\\\/globalsew.com\\\/product\\\/rimoldi-171-10-3mk-51m-55840n\\\/#primaryimage\",\"url\":\"https:\\\/\\\/globalsew.com\\\/wp-content\\\/uploads\\\/2018\\\/01\\\/171102mk.jpg\",\"contentUrl\":\"https:\\\/\\\/globalsew.com\\\/wp-content\\\/uploads\\\/2018\\\/01\\\/171102mk.jpg\",\"width\":320,\"height\":240},{\"@type\":\"BreadcrumbList\",\"@id\":\"https:\\\/\\\/globalsew.com\\\/product\\\/rimoldi-171-10-3mk-51m-55840n\\\/#breadcrumb\",\"itemListElement\":[{\"@type\":\"ListItem\",\"position\":1,\"name\":\"Home\",\"item\":\"https:\\\/\\\/globalsew.com\\\/\"},{\"@type\":\"ListItem\",\"position\":2,\"name\":\"Products\",\"item\":\"https:\\\/\\\/globalsew.com\\\/products\\\/\"},{\"@type\":\"ListItem\",\"position\":3,\"name\":\"Rimoldi 171-10-3MK-51M-558\\\/40N\"}]},{\"@type\":\"WebSite\",\"@id\":\"https:\\\/\\\/globalsew.com\\\/#website\",\"url\":\"https:\\\/\\\/globalsew.com\\\/\",\"name\":\"Global International B.V.\",\"description\":\"Industrial Sewing Machines\",\"potentialAction\":[{\"@type\":\"SearchAction\",\"target\":{\"@type\":\"EntryPoint\",\"urlTemplate\":\"https:\\\/\\\/globalsew.com\\\/?s={search_term_string}\"},\"query-input\":{\"@type\":\"PropertyValueSpecification\",\"valueRequired\":true,\"valueName\":\"search_term_string\"}}],\"inLanguage\":\"fr-FR\"}]}<\/script>\n<!-- \/ Yoast SEO plugin. -->","yoast_head_json":{"title":"Rimoldi 171-10-3MK-51M-558\/40N - Global International B.V.","robots":{"index":"index","follow":"follow","max-snippet":"max-snippet:-1","max-image-preview":"max-image-preview:large","max-video-preview":"max-video-preview:-1"},"canonical":"https:\/\/globalsew.com\/fr\/produit\/rimoldi-171-10-3mk-51m-55840n\/","og_locale":"fr_FR","og_type":"article","og_title":"Rimoldi 171-10-3MK-51M-558\/40N - Global International B.V.","og_description":"Used industrial double needle sewing machine with bottom cover and cylinderbed for hemming elastic.","og_url":"https:\/\/globalsew.com\/fr\/produit\/rimoldi-171-10-3mk-51m-55840n\/","og_site_name":"Global International B.V.","article_modified_time":"2024-05-22T07:50:56+00:00","og_image":[{"width":320,"height":240,"url":"https:\/\/globalsew.com\/wp-content\/uploads\/2018\/01\/171102mk.jpg","type":"image\/jpeg"}],"twitter_card":"summary_large_image","schema":{"@context":"https:\/\/schema.org","@graph":[{"@type":"WebPage","@id":"https:\/\/globalsew.com\/product\/rimoldi-171-10-3mk-51m-55840n\/","url":"https:\/\/globalsew.com\/product\/rimoldi-171-10-3mk-51m-55840n\/","name":"Rimoldi 171-10-3MK-51M-558\/40N - Global International B.V.","isPartOf":{"@id":"https:\/\/globalsew.com\/#website"},"primaryImageOfPage":{"@id":"https:\/\/globalsew.com\/product\/rimoldi-171-10-3mk-51m-55840n\/#primaryimage"},"image":{"@id":"https:\/\/globalsew.com\/product\/rimoldi-171-10-3mk-51m-55840n\/#primaryimage"},"thumbnailUrl":"https:\/\/globalsew.com\/wp-content\/uploads\/2018\/01\/171102mk.jpg","datePublished":"2018-01-08T14:52:49+00:00","dateModified":"2024-05-22T07:50:56+00:00","breadcrumb":{"@id":"https:\/\/globalsew.com\/product\/rimoldi-171-10-3mk-51m-55840n\/#breadcrumb"},"inLanguage":"fr-FR","potentialAction":[{"@type":"ReadAction","target":["https:\/\/globalsew.com\/product\/rimoldi-171-10-3mk-51m-55840n\/"]}]},{"@type":"ImageObject","inLanguage":"fr-FR","@id":"https:\/\/globalsew.com\/product\/rimoldi-171-10-3mk-51m-55840n\/#primaryimage","url":"https:\/\/globalsew.com\/wp-content\/uploads\/2018\/01\/171102mk.jpg","contentUrl":"https:\/\/globalsew.com\/wp-content\/uploads\/2018\/01\/171102mk.jpg","width":320,"height":240},{"@type":"BreadcrumbList","@id":"https:\/\/globalsew.com\/product\/rimoldi-171-10-3mk-51m-55840n\/#breadcrumb","itemListElement":[{"@type":"ListItem","position":1,"name":"Home","item":"https:\/\/globalsew.com\/"},{"@type":"ListItem","position":2,"name":"Products","item":"https:\/\/globalsew.com\/products\/"},{"@type":"ListItem","position":3,"name":"Rimoldi 171-10-3MK-51M-558\/40N"}]},{"@type":"WebSite","@id":"https:\/\/globalsew.com\/#website","url":"https:\/\/globalsew.com\/","name":"Global International B.V.","description":"Machines \u00e0 coudre industrielles","potentialAction":[{"@type":"SearchAction","target":{"@type":"EntryPoint","urlTemplate":"https:\/\/globalsew.com\/?s={search_term_string}"},"query-input":{"@type":"PropertyValueSpecification","valueRequired":true,"valueName":"search_term_string"}}],"inLanguage":"fr-FR"}]}},"_links":{"self":[{"href":"https:\/\/globalsew.com\/fr\/wp-json\/wp\/v2\/product\/92481","targetHints":{"allow":["GET"]}}],"collection":[{"href":"https:\/\/globalsew.com\/fr\/wp-json\/wp\/v2\/product"}],"about":[{"href":"https:\/\/globalsew.com\/fr\/wp-json\/wp\/v2\/types\/product"}],"wp:featuredmedia":[{"embeddable":true,"href":"https:\/\/globalsew.com\/fr\/wp-json\/wp\/v2\/media\/92473"}],"wp:attachment":[{"href":"https:\/\/globalsew.com\/fr\/wp-json\/wp\/v2\/media?parent=92481"}],"wp:term":[{"taxonomy":"product_brand","embeddable":true,"href":"https:\/\/globalsew.com\/fr\/wp-json\/wp\/v2\/product_brand?post=92481"},{"taxonomy":"product_cat","embeddable":true,"href":"https:\/\/globalsew.com\/fr\/wp-json\/wp\/v2\/product_cat?post=92481"},{"taxonomy":"product_tag","embeddable":true,"href":"https:\/\/globalsew.com\/fr\/wp-json\/wp\/v2\/product_tag?post=92481"}],"curies":[{"name":"wp","href":"https:\/\/api.w.org\/{rel}","templated":true}]}}