{"id":91803,"date":"2017-11-09T10:08:02","date_gmt":"2017-11-09T09:08:02","guid":{"rendered":"https:\/\/globalsew.com\/?post_type=product&#038;p=91803"},"modified":"2024-05-22T09:49:04","modified_gmt":"2024-05-22T07:49:04","slug":"wf95","status":"publish","type":"product","link":"https:\/\/globalsew.com\/fr\/product\/wf95\/","title":{"rendered":"WF 95"},"content":{"rendered":"<p>Cette machine a un espace de travail de 23 cm entre l'aiguille et le b\u00e2ti et un grand crochet de navette. La lev\u00e9e du pied-de-biche est tr\u00e8s \u00e9lev\u00e9e, jusqu'\u00e0 24 mm. Convient \u00e0 la couture de mat\u00e9riaux lourds tels que sacs, selles, si\u00e8ges, harnais, ceintures de s\u00e9curit\u00e9, sangles. Le releveur de pied-de-biche pneumatique est disponible en option.<\/p>","protected":false},"excerpt":{"rendered":"<div class=\"row\">\n<div class=\"col-md-6\"><a class=\"download-button\" href=\"https:\/\/globalsew.com\/wp-content\/uploads\/2018\/08\/wf-95.pdf\" target=\"_blank\" rel=\"noopener\">T\u00e9l\u00e9charger le d\u00e9pliant<\/a><\/div>\n<\/div>\n<div><\/div>\n<div>Caract\u00e9ristiques techniques :<br \/>\n* Type de crochet : grand crochet \u00e0 navette<br \/>\n* Longueur de point : 0 - 11 mm<br \/>\n* Levage du pied presseur : \u00e0 la main max. 14 mm, \u00e0 la p\u00e9dale max. 24 mm<br \/>\n* Type d'aiguille : DY x3<br \/>\n* Epaisseur de couture : max. 19 mm<br \/>\n* Taille du filetage (m\u00e9trique) : 30 \u00e0 8<\/div>","protected":false},"featured_media":105240,"template":"","meta":{"_acf_changed":false},"product_brand":[],"product_cat":[23,161,71,7,63,159,70,22],"product_tag":[],"class_list":{"0":"post-91803","1":"product","2":"type-product","3":"status-publish","4":"has-post-thumbnail","6":"product_cat-cylinder-arm-walking-foot-walking-foot","7":"product_cat-cylinder-arm-walking-foot","8":"product_cat-cylinder-arm-walking-foot-walking-foot-heavy-duty","9":"product_cat-heavy-duty","10":"product_cat-upholstery","11":"product_cat-walking-foot-upholstery","12":"product_cat-walking-foot-heavy-duty","13":"product_cat-walking-foot","14":"tm-has-options","16":"first","17":"instock","18":"shipping-taxable","19":"purchasable","20":"product-type-simple"},"acf":[],"gallery_images":[105744,94872,94871,94870,105241],"yoast_head":"<!-- This site is optimized with the Yoast SEO plugin v27.3 - https:\/\/yoast.com\/product\/yoast-seo-wordpress\/ -->\n<title>WF 95 - Global International B.V.<\/title>\n<meta name=\"robots\" content=\"index, follow, max-snippet:-1, max-image-preview:large, max-video-preview:-1\" \/>\n<link rel=\"canonical\" href=\"https:\/\/globalsew.com\/fr\/produit\/wf95\/\" \/>\n<meta property=\"og:locale\" content=\"fr_FR\" \/>\n<meta property=\"og:type\" content=\"article\" \/>\n<meta property=\"og:title\" content=\"WF 95 - Global International B.V.\" \/>\n<meta property=\"og:description\" content=\"Download Leaflet   Technical specifications: * Hook type: large shuttle hook * Stitch length: 0 - 11 mm * Presser foot lift: by hand max 14 mm, by pedal max. 24 mm * Needle type: DY x3 * Sewing thickness: max 19 mm * Thread size (metric): 30 to 8\" \/>\n<meta property=\"og:url\" content=\"https:\/\/globalsew.com\/fr\/produit\/wf95\/\" \/>\n<meta property=\"og:site_name\" content=\"Global International B.V.\" \/>\n<meta property=\"article:modified_time\" content=\"2024-05-22T07:49:04+00:00\" \/>\n<meta property=\"og:image\" content=\"https:\/\/globalsew.com\/wp-content\/uploads\/2017\/11\/products-WF-95-01-global-1080-website-2024.jpg\" \/>\n\t<meta property=\"og:image:width\" content=\"1819\" \/>\n\t<meta property=\"og:image:height\" content=\"1080\" \/>\n\t<meta property=\"og:image:type\" content=\"image\/jpeg\" \/>\n<meta name=\"twitter:card\" content=\"summary_large_image\" \/>\n<meta name=\"twitter:label1\" content=\"Dur\u00e9e de lecture estim\u00e9e\" \/>\n\t<meta name=\"twitter:data1\" content=\"1 minute\" \/>\n<script type=\"application\/ld+json\" class=\"yoast-schema-graph\">{\"@context\":\"https:\\\/\\\/schema.org\",\"@graph\":[{\"@type\":\"WebPage\",\"@id\":\"https:\\\/\\\/globalsew.com\\\/product\\\/wf95\\\/\",\"url\":\"https:\\\/\\\/globalsew.com\\\/product\\\/wf95\\\/\",\"name\":\"WF 95 - Global International B.V.\",\"isPartOf\":{\"@id\":\"https:\\\/\\\/globalsew.com\\\/#website\"},\"primaryImageOfPage\":{\"@id\":\"https:\\\/\\\/globalsew.com\\\/product\\\/wf95\\\/#primaryimage\"},\"image\":{\"@id\":\"https:\\\/\\\/globalsew.com\\\/product\\\/wf95\\\/#primaryimage\"},\"thumbnailUrl\":\"https:\\\/\\\/globalsew.com\\\/wp-content\\\/uploads\\\/2017\\\/11\\\/products-WF-95-01-global-1080-website-2024.jpg\",\"datePublished\":\"2017-11-09T09:08:02+00:00\",\"dateModified\":\"2024-05-22T07:49:04+00:00\",\"breadcrumb\":{\"@id\":\"https:\\\/\\\/globalsew.com\\\/product\\\/wf95\\\/#breadcrumb\"},\"inLanguage\":\"fr-FR\",\"potentialAction\":[{\"@type\":\"ReadAction\",\"target\":[\"https:\\\/\\\/globalsew.com\\\/product\\\/wf95\\\/\"]}]},{\"@type\":\"ImageObject\",\"inLanguage\":\"fr-FR\",\"@id\":\"https:\\\/\\\/globalsew.com\\\/product\\\/wf95\\\/#primaryimage\",\"url\":\"https:\\\/\\\/globalsew.com\\\/wp-content\\\/uploads\\\/2017\\\/11\\\/products-WF-95-01-global-1080-website-2024.jpg\",\"contentUrl\":\"https:\\\/\\\/globalsew.com\\\/wp-content\\\/uploads\\\/2017\\\/11\\\/products-WF-95-01-global-1080-website-2024.jpg\",\"width\":1819,\"height\":1080,\"caption\":\"products-WF-95-01-global-1080-website-2024\"},{\"@type\":\"BreadcrumbList\",\"@id\":\"https:\\\/\\\/globalsew.com\\\/product\\\/wf95\\\/#breadcrumb\",\"itemListElement\":[{\"@type\":\"ListItem\",\"position\":1,\"name\":\"Home\",\"item\":\"https:\\\/\\\/globalsew.com\\\/\"},{\"@type\":\"ListItem\",\"position\":2,\"name\":\"Products\",\"item\":\"https:\\\/\\\/globalsew.com\\\/products\\\/\"},{\"@type\":\"ListItem\",\"position\":3,\"name\":\"WF 95\"}]},{\"@type\":\"WebSite\",\"@id\":\"https:\\\/\\\/globalsew.com\\\/#website\",\"url\":\"https:\\\/\\\/globalsew.com\\\/\",\"name\":\"Global International B.V.\",\"description\":\"Industrial Sewing Machines\",\"potentialAction\":[{\"@type\":\"SearchAction\",\"target\":{\"@type\":\"EntryPoint\",\"urlTemplate\":\"https:\\\/\\\/globalsew.com\\\/?s={search_term_string}\"},\"query-input\":{\"@type\":\"PropertyValueSpecification\",\"valueRequired\":true,\"valueName\":\"search_term_string\"}}],\"inLanguage\":\"fr-FR\"}]}<\/script>\n<!-- \/ Yoast SEO plugin. -->","yoast_head_json":{"title":"WF 95 - Global International B.V.","robots":{"index":"index","follow":"follow","max-snippet":"max-snippet:-1","max-image-preview":"max-image-preview:large","max-video-preview":"max-video-preview:-1"},"canonical":"https:\/\/globalsew.com\/fr\/produit\/wf95\/","og_locale":"fr_FR","og_type":"article","og_title":"WF 95 - Global International B.V.","og_description":"Download Leaflet   Technical specifications: * Hook type: large shuttle hook * Stitch length: 0 - 11 mm * Presser foot lift: by hand max 14 mm, by pedal max. 24 mm * Needle type: DY x3 * Sewing thickness: max 19 mm * Thread size (metric): 30 to 8","og_url":"https:\/\/globalsew.com\/fr\/produit\/wf95\/","og_site_name":"Global International B.V.","article_modified_time":"2024-05-22T07:49:04+00:00","og_image":[{"width":1819,"height":1080,"url":"https:\/\/globalsew.com\/wp-content\/uploads\/2017\/11\/products-WF-95-01-global-1080-website-2024.jpg","type":"image\/jpeg"}],"twitter_card":"summary_large_image","twitter_misc":{"Dur\u00e9e de lecture estim\u00e9e":"1 minute"},"schema":{"@context":"https:\/\/schema.org","@graph":[{"@type":"WebPage","@id":"https:\/\/globalsew.com\/product\/wf95\/","url":"https:\/\/globalsew.com\/product\/wf95\/","name":"WF 95 - Global International B.V.","isPartOf":{"@id":"https:\/\/globalsew.com\/#website"},"primaryImageOfPage":{"@id":"https:\/\/globalsew.com\/product\/wf95\/#primaryimage"},"image":{"@id":"https:\/\/globalsew.com\/product\/wf95\/#primaryimage"},"thumbnailUrl":"https:\/\/globalsew.com\/wp-content\/uploads\/2017\/11\/products-WF-95-01-global-1080-website-2024.jpg","datePublished":"2017-11-09T09:08:02+00:00","dateModified":"2024-05-22T07:49:04+00:00","breadcrumb":{"@id":"https:\/\/globalsew.com\/product\/wf95\/#breadcrumb"},"inLanguage":"fr-FR","potentialAction":[{"@type":"ReadAction","target":["https:\/\/globalsew.com\/product\/wf95\/"]}]},{"@type":"ImageObject","inLanguage":"fr-FR","@id":"https:\/\/globalsew.com\/product\/wf95\/#primaryimage","url":"https:\/\/globalsew.com\/wp-content\/uploads\/2017\/11\/products-WF-95-01-global-1080-website-2024.jpg","contentUrl":"https:\/\/globalsew.com\/wp-content\/uploads\/2017\/11\/products-WF-95-01-global-1080-website-2024.jpg","width":1819,"height":1080,"caption":"products-WF-95-01-global-1080-website-2024"},{"@type":"BreadcrumbList","@id":"https:\/\/globalsew.com\/product\/wf95\/#breadcrumb","itemListElement":[{"@type":"ListItem","position":1,"name":"Home","item":"https:\/\/globalsew.com\/"},{"@type":"ListItem","position":2,"name":"Products","item":"https:\/\/globalsew.com\/products\/"},{"@type":"ListItem","position":3,"name":"WF 95"}]},{"@type":"WebSite","@id":"https:\/\/globalsew.com\/#website","url":"https:\/\/globalsew.com\/","name":"Global International B.V.","description":"Machines \u00e0 coudre industrielles","potentialAction":[{"@type":"SearchAction","target":{"@type":"EntryPoint","urlTemplate":"https:\/\/globalsew.com\/?s={search_term_string}"},"query-input":{"@type":"PropertyValueSpecification","valueRequired":true,"valueName":"search_term_string"}}],"inLanguage":"fr-FR"}]}},"_links":{"self":[{"href":"https:\/\/globalsew.com\/fr\/wp-json\/wp\/v2\/product\/91803","targetHints":{"allow":["GET"]}}],"collection":[{"href":"https:\/\/globalsew.com\/fr\/wp-json\/wp\/v2\/product"}],"about":[{"href":"https:\/\/globalsew.com\/fr\/wp-json\/wp\/v2\/types\/product"}],"wp:featuredmedia":[{"embeddable":true,"href":"https:\/\/globalsew.com\/fr\/wp-json\/wp\/v2\/media\/105240"}],"wp:attachment":[{"href":"https:\/\/globalsew.com\/fr\/wp-json\/wp\/v2\/media?parent=91803"}],"wp:term":[{"taxonomy":"product_brand","embeddable":true,"href":"https:\/\/globalsew.com\/fr\/wp-json\/wp\/v2\/product_brand?post=91803"},{"taxonomy":"product_cat","embeddable":true,"href":"https:\/\/globalsew.com\/fr\/wp-json\/wp\/v2\/product_cat?post=91803"},{"taxonomy":"product_tag","embeddable":true,"href":"https:\/\/globalsew.com\/fr\/wp-json\/wp\/v2\/product_tag?post=91803"}],"curies":[{"name":"wp","href":"https:\/\/api.w.org\/{rel}","templated":true}]}}