{"id":91689,"date":"2017-11-01T15:01:32","date_gmt":"2017-11-01T14:01:32","guid":{"rendered":"https:\/\/globalsew.com\/?post_type=product&#038;p=91689"},"modified":"2024-05-22T09:49:02","modified_gmt":"2024-05-22T07:49:02","slug":"serie-5500","status":"publish","type":"product","link":"https:\/\/globalsew.com\/fr\/product\/5500-series\/","title":{"rendered":"S\u00e9rie 5500"},"content":{"rendered":"<h2>Machines \u00e0 point de cha\u00eenette double \u00e0 grande vitesse avec puller arri\u00e8re<\/h2>\n<p><strong>5503 TF<br \/>\n<\/strong>Machine \u00e0 point de cha\u00eenette \u00e0 3 aiguilles et 6 fils. Ecartement entre les aiguilles ext\u00e9rieures 6,4 mm ou 7,2 mm. Equip\u00e9e d'un pied tracteur, lubrification enti\u00e8rement automatique. Vitesse max. de la machine 4200 SPM.<strong><br \/>\n<\/strong><\/p>\n<p><strong>5503 PTF<\/strong><br \/>\nMachine \u00e0 point de cha\u00eenette \u00e0 3 aiguilles et 6 fils. Ecartement entre les aiguilles ext\u00e9rieures 6,4 mm ou 7,2 mm. Equip\u00e9e d'un extracteur \u00e0 entra\u00eenement par le haut et d'un pied tracteur, lubrification enti\u00e8rement automatique. Vitesse maximale de la machine 4000 SPM.<\/p>\n<p><strong>5504 PWB<\/strong><br \/>\nMachine \u00e0 point de cha\u00eenette 4 aiguilles, 8 fils. Jauge d'aiguille 1\/4-1-1\/4\u2033 = 6.4-25.4-6.4 mm. Avec puller \u00e0 entra\u00eenement par le haut, lubrification enti\u00e8rement automatique. Vitesse max. de la machine 4200 SPM.<\/p>\n<p><strong>5504 PWBC<\/strong><br \/>\nMachine \u00e0 point de cha\u00eenette 4 aiguilles, 8 fils. Jauge d'aiguille 1\/4-1-1\/4\u2033 = 6.4-25.4-6.4 mm. Avec extracteur diff\u00e9rentiel pour bandes courbes, lubrification enti\u00e8rement automatique. Vitesse max. de la machine 4200 SPM.<\/p>","protected":false},"excerpt":{"rendered":"<p>Pour les t\u00e9l\u00e9chargements, voir notre page de t\u00e9l\u00e9chargements pour l'application <a class=\"download-link\" href=\"https:\/\/globalsew.com\/fr\/telecharger\/serie-soleil\/\">S\u00e9rie soleil<\/a>.<\/p>\n<p>Caract\u00e9ristiques techniques :<\/p>\n<ul>\n<li>Vitesse de la machine : max 4200 spm<\/li>\n<li>Type de point : 401<\/li>\n<li>Nombre d'aiguilles : 3 ou 4<\/li>\n<li>Type d'alimentation : goutte \u00e0 goutte<\/li>\n<li>Longueur du point : 4,2 mm<\/li>\n<li>Lev\u00e9e du pied-de-biche : 15 mm<\/li>\n<li>Type d'aiguille : UY 128 GAS<\/li>\n<\/ul>","protected":false},"featured_media":92098,"template":"","meta":{"_acf_changed":false},"product_brand":[],"product_cat":[72,107,24,28],"product_tag":[],"class_list":{"0":"post-91689","1":"product","2":"type-product","3":"status-publish","4":"has-post-thumbnail","6":"product_cat-chainstitch-machine","7":"product_cat-chainstitch-machines","8":"product_cat-garment","9":"product_cat-jeans","10":"tm-has-options","12":"first","13":"instock","14":"shipping-taxable","15":"purchasable","16":"product-type-simple"},"acf":[],"gallery_images":[],"yoast_head":"<!-- This site is optimized with the Yoast SEO plugin v27.3 - https:\/\/yoast.com\/product\/yoast-seo-wordpress\/ -->\n<title>5500 series - Global International B.V.<\/title>\n<meta name=\"robots\" content=\"index, follow, max-snippet:-1, max-image-preview:large, max-video-preview:-1\" \/>\n<link rel=\"canonical\" href=\"https:\/\/globalsew.com\/fr\/produit\/serie-5500\/\" \/>\n<meta property=\"og:locale\" content=\"fr_FR\" \/>\n<meta property=\"og:type\" content=\"article\" \/>\n<meta property=\"og:title\" content=\"5500 series - Global International B.V.\" \/>\n<meta property=\"og:description\" content=\"For downloads see our downloads page for the Sunshine series.  Technical specifications:   Machine speed: max 4200 spm  Stitch type: 401  Number of needles: 3 or 4  Feed type: drop feed  Stitch length: 4,2 mm  Presser foot lift: 15 mm  Needletype: UY 128 GAS\" \/>\n<meta property=\"og:url\" content=\"https:\/\/globalsew.com\/fr\/produit\/serie-5500\/\" \/>\n<meta property=\"og:site_name\" content=\"Global International B.V.\" \/>\n<meta property=\"article:modified_time\" content=\"2024-05-22T07:49:02+00:00\" \/>\n<meta property=\"og:image\" content=\"https:\/\/globalsew.com\/wp-content\/uploads\/2017\/11\/WEB-GLOBAL-SUNSHINE-5503-TF-01-GLOBAL.jpg\" \/>\n\t<meta property=\"og:image:width\" content=\"555\" \/>\n\t<meta property=\"og:image:height\" content=\"347\" \/>\n\t<meta property=\"og:image:type\" content=\"image\/jpeg\" \/>\n<meta name=\"twitter:card\" content=\"summary_large_image\" \/>\n<meta name=\"twitter:label1\" content=\"Dur\u00e9e de lecture estim\u00e9e\" \/>\n\t<meta name=\"twitter:data1\" content=\"1 minute\" \/>\n<script type=\"application\/ld+json\" class=\"yoast-schema-graph\">{\"@context\":\"https:\\\/\\\/schema.org\",\"@graph\":[{\"@type\":\"WebPage\",\"@id\":\"https:\\\/\\\/globalsew.com\\\/product\\\/5500-series\\\/\",\"url\":\"https:\\\/\\\/globalsew.com\\\/product\\\/5500-series\\\/\",\"name\":\"5500 series - Global International B.V.\",\"isPartOf\":{\"@id\":\"https:\\\/\\\/globalsew.com\\\/#website\"},\"primaryImageOfPage\":{\"@id\":\"https:\\\/\\\/globalsew.com\\\/product\\\/5500-series\\\/#primaryimage\"},\"image\":{\"@id\":\"https:\\\/\\\/globalsew.com\\\/product\\\/5500-series\\\/#primaryimage\"},\"thumbnailUrl\":\"https:\\\/\\\/globalsew.com\\\/wp-content\\\/uploads\\\/2017\\\/11\\\/WEB-GLOBAL-SUNSHINE-5503-TF-01-GLOBAL.jpg\",\"datePublished\":\"2017-11-01T14:01:32+00:00\",\"dateModified\":\"2024-05-22T07:49:02+00:00\",\"breadcrumb\":{\"@id\":\"https:\\\/\\\/globalsew.com\\\/product\\\/5500-series\\\/#breadcrumb\"},\"inLanguage\":\"fr-FR\",\"potentialAction\":[{\"@type\":\"ReadAction\",\"target\":[\"https:\\\/\\\/globalsew.com\\\/product\\\/5500-series\\\/\"]}]},{\"@type\":\"ImageObject\",\"inLanguage\":\"fr-FR\",\"@id\":\"https:\\\/\\\/globalsew.com\\\/product\\\/5500-series\\\/#primaryimage\",\"url\":\"https:\\\/\\\/globalsew.com\\\/wp-content\\\/uploads\\\/2017\\\/11\\\/WEB-GLOBAL-SUNSHINE-5503-TF-01-GLOBAL.jpg\",\"contentUrl\":\"https:\\\/\\\/globalsew.com\\\/wp-content\\\/uploads\\\/2017\\\/11\\\/WEB-GLOBAL-SUNSHINE-5503-TF-01-GLOBAL.jpg\",\"width\":555,\"height\":347},{\"@type\":\"BreadcrumbList\",\"@id\":\"https:\\\/\\\/globalsew.com\\\/product\\\/5500-series\\\/#breadcrumb\",\"itemListElement\":[{\"@type\":\"ListItem\",\"position\":1,\"name\":\"Home\",\"item\":\"https:\\\/\\\/globalsew.com\\\/\"},{\"@type\":\"ListItem\",\"position\":2,\"name\":\"Products\",\"item\":\"https:\\\/\\\/globalsew.com\\\/products\\\/\"},{\"@type\":\"ListItem\",\"position\":3,\"name\":\"5500 series\"}]},{\"@type\":\"WebSite\",\"@id\":\"https:\\\/\\\/globalsew.com\\\/#website\",\"url\":\"https:\\\/\\\/globalsew.com\\\/\",\"name\":\"Global International B.V.\",\"description\":\"Industrial Sewing Machines\",\"potentialAction\":[{\"@type\":\"SearchAction\",\"target\":{\"@type\":\"EntryPoint\",\"urlTemplate\":\"https:\\\/\\\/globalsew.com\\\/?s={search_term_string}\"},\"query-input\":{\"@type\":\"PropertyValueSpecification\",\"valueRequired\":true,\"valueName\":\"search_term_string\"}}],\"inLanguage\":\"fr-FR\"}]}<\/script>\n<!-- \/ Yoast SEO plugin. -->","yoast_head_json":{"title":"S\u00e9rie 5500 - Global International B.V.","robots":{"index":"index","follow":"follow","max-snippet":"max-snippet:-1","max-image-preview":"max-image-preview:large","max-video-preview":"max-video-preview:-1"},"canonical":"https:\/\/globalsew.com\/fr\/produit\/serie-5500\/","og_locale":"fr_FR","og_type":"article","og_title":"5500 series - Global International B.V.","og_description":"For downloads see our downloads page for the Sunshine series.  Technical specifications:   Machine speed: max 4200 spm  Stitch type: 401  Number of needles: 3 or 4  Feed type: drop feed  Stitch length: 4,2 mm  Presser foot lift: 15 mm  Needletype: UY 128 GAS","og_url":"https:\/\/globalsew.com\/fr\/produit\/serie-5500\/","og_site_name":"Global International B.V.","article_modified_time":"2024-05-22T07:49:02+00:00","og_image":[{"width":555,"height":347,"url":"https:\/\/globalsew.com\/wp-content\/uploads\/2017\/11\/WEB-GLOBAL-SUNSHINE-5503-TF-01-GLOBAL.jpg","type":"image\/jpeg"}],"twitter_card":"summary_large_image","twitter_misc":{"Dur\u00e9e de lecture estim\u00e9e":"1 minute"},"schema":{"@context":"https:\/\/schema.org","@graph":[{"@type":"WebPage","@id":"https:\/\/globalsew.com\/product\/5500-series\/","url":"https:\/\/globalsew.com\/product\/5500-series\/","name":"S\u00e9rie 5500 - Global International B.V.","isPartOf":{"@id":"https:\/\/globalsew.com\/#website"},"primaryImageOfPage":{"@id":"https:\/\/globalsew.com\/product\/5500-series\/#primaryimage"},"image":{"@id":"https:\/\/globalsew.com\/product\/5500-series\/#primaryimage"},"thumbnailUrl":"https:\/\/globalsew.com\/wp-content\/uploads\/2017\/11\/WEB-GLOBAL-SUNSHINE-5503-TF-01-GLOBAL.jpg","datePublished":"2017-11-01T14:01:32+00:00","dateModified":"2024-05-22T07:49:02+00:00","breadcrumb":{"@id":"https:\/\/globalsew.com\/product\/5500-series\/#breadcrumb"},"inLanguage":"fr-FR","potentialAction":[{"@type":"ReadAction","target":["https:\/\/globalsew.com\/product\/5500-series\/"]}]},{"@type":"ImageObject","inLanguage":"fr-FR","@id":"https:\/\/globalsew.com\/product\/5500-series\/#primaryimage","url":"https:\/\/globalsew.com\/wp-content\/uploads\/2017\/11\/WEB-GLOBAL-SUNSHINE-5503-TF-01-GLOBAL.jpg","contentUrl":"https:\/\/globalsew.com\/wp-content\/uploads\/2017\/11\/WEB-GLOBAL-SUNSHINE-5503-TF-01-GLOBAL.jpg","width":555,"height":347},{"@type":"BreadcrumbList","@id":"https:\/\/globalsew.com\/product\/5500-series\/#breadcrumb","itemListElement":[{"@type":"ListItem","position":1,"name":"Home","item":"https:\/\/globalsew.com\/"},{"@type":"ListItem","position":2,"name":"Products","item":"https:\/\/globalsew.com\/products\/"},{"@type":"ListItem","position":3,"name":"5500 series"}]},{"@type":"WebSite","@id":"https:\/\/globalsew.com\/#website","url":"https:\/\/globalsew.com\/","name":"Global International B.V.","description":"Machines \u00e0 coudre industrielles","potentialAction":[{"@type":"SearchAction","target":{"@type":"EntryPoint","urlTemplate":"https:\/\/globalsew.com\/?s={search_term_string}"},"query-input":{"@type":"PropertyValueSpecification","valueRequired":true,"valueName":"search_term_string"}}],"inLanguage":"fr-FR"}]}},"_links":{"self":[{"href":"https:\/\/globalsew.com\/fr\/wp-json\/wp\/v2\/product\/91689","targetHints":{"allow":["GET"]}}],"collection":[{"href":"https:\/\/globalsew.com\/fr\/wp-json\/wp\/v2\/product"}],"about":[{"href":"https:\/\/globalsew.com\/fr\/wp-json\/wp\/v2\/types\/product"}],"wp:featuredmedia":[{"embeddable":true,"href":"https:\/\/globalsew.com\/fr\/wp-json\/wp\/v2\/media\/92098"}],"wp:attachment":[{"href":"https:\/\/globalsew.com\/fr\/wp-json\/wp\/v2\/media?parent=91689"}],"wp:term":[{"taxonomy":"product_brand","embeddable":true,"href":"https:\/\/globalsew.com\/fr\/wp-json\/wp\/v2\/product_brand?post=91689"},{"taxonomy":"product_cat","embeddable":true,"href":"https:\/\/globalsew.com\/fr\/wp-json\/wp\/v2\/product_cat?post=91689"},{"taxonomy":"product_tag","embeddable":true,"href":"https:\/\/globalsew.com\/fr\/wp-json\/wp\/v2\/product_tag?post=91689"}],"curies":[{"name":"wp","href":"https:\/\/api.w.org\/{rel}","templated":true}]}}