{"id":82155,"date":"2017-03-16T15:47:02","date_gmt":"2017-03-16T14:47:02","guid":{"rendered":"https:\/\/globalsew.com\/?post_type=product&#038;p=82155"},"modified":"2026-02-23T15:59:36","modified_gmt":"2026-02-23T14:59:36","slug":"wf-3995-aut","status":"publish","type":"product","link":"https:\/\/globalsew.com\/fr\/product\/wf-3995-aut\/","title":{"rendered":"S\u00e9rie WF 3995"},"content":{"rendered":"<div class=\"wpb-content-wrapper\"><div class=\"vc_row wpb_row vc_row-fluid\"><div class=\"wpb_column vc_column_container vc_col-sm-6\"><div class=\"vc_column-inner\"><div class=\"wpb_wrapper\">\n\t<div class=\"wpb_text_column wpb_content_element\" >\n\t\t<div class=\"wpb_wrapper\">\n\t\t\t<p><strong>WF 3995 DD<br \/>\n<\/strong>- Machine \u00e0 coudre \u00e0 grande vitesse, \u00e0 une aiguille, \u00e0 entra\u00eenement par chute, avec pied-de-biche ext\u00e9rieur alternatif et grand crochet \u00e0 axe horizontal. La machine est \u00e9quip\u00e9e d'une lubrification enti\u00e8rement automatique et d'un moteur \u00e0 entra\u00eenement direct. Le bobineur de canette est int\u00e9gr\u00e9 dans la t\u00eate de machine.<strong><br \/>\nWF 3995 AUT<\/strong><br \/>\n- Machine \u00e0 coudre \u00e0 grande vitesse, \u00e0 une aiguille, \u00e0 entra\u00eenement direct, avec pied-de-biche ext\u00e9rieur alternatif et grand crochet \u00e0 axe horizontal. La machine est \u00e9quip\u00e9e d'une lubrification enti\u00e8rement automatique et d'un moteur int\u00e9gr\u00e9 \u00e0 entra\u00eenement direct. Elle est dot\u00e9e d'un coupe-fil, d'une bride arri\u00e8re automatique et d'un releveur de pied-de-biche.<br \/>\nLe bobineur de canette est int\u00e9gr\u00e9 \u00e0 la t\u00eate de la machine.<\/p>\n\n\t\t<\/div>\n\t<\/div>\n<\/div><\/div><\/div><div class=\"wpb_column vc_column_container vc_col-sm-6\"><div class=\"vc_column-inner\"><div class=\"wpb_wrapper\">\n\t<div class=\"wpb_text_column wpb_content_element\" >\n\t\t<div class=\"wpb_wrapper\">\n\t\t\t<p><a class=\"video-anchor\" name=\"video\"><\/a><\/p>\n\n\t\t<\/div>\n\t<\/div>\n\n\t<div class=\"wpb_video_widget wpb_content_element vc_clearfix   vc_video-aspect-ratio-169 vc_video-el-width-100 vc_video-align-left\" >\n\t\t<div class=\"wpb_wrapper\">\n\t\t\t\n\t\t\t<div class=\"wpb_video_wrapper\"><iframe title=\"Global WF 3995 AUT - Machine \u00e0 coudre \u00e0 une aiguille pour le cuir et la toile, \u00e0 entra\u00eenement par le haut\" width=\"500\" height=\"281\" src=\"https:\/\/www.youtube.com\/embed\/2oOYNnR5q10?feature=oembed\" frameborder=\"0\" allow=\"accelerometer; autoplay; clipboard-write; encrypted-media; gyroscope; picture-in-picture; web-share\" allowfullscreen><\/iframe><\/div>\n\t\t<\/div>\n\t<\/div>\n<\/div><\/div><\/div><\/div>\n<\/div>","protected":false},"excerpt":{"rendered":"<div class=\"row\">\n<div class=\"col-md-4\"><a class=\"download-button\" href=\"https:\/\/globalsew.com\/wp-content\/uploads\/2017\/03\/WF-3995-series-leaflet.pdf\" target=\"_blank\" rel=\"noopener noreferrer\">T\u00e9l\u00e9charger le d\u00e9pliant<\/a><\/div>\n<div class=\"col-md-4\"><a class=\"download-button\" href=\"https:\/\/globalsew.com\/wp-content\/uploads\/2020\/08\/WF-3995-DD-WF-3995-AUT-instruction-parts-manual.pdf\" target=\"_blank\" rel=\"noopener noreferrer\">T\u00e9l\u00e9charger le manuel<\/a><\/div>\n<\/div>\n<div class=\"col-md-4\">\n<p>Caract\u00e9ristiques techniques :<\/p>\n<ul>\n<li>Vitesse de la machine : max 2000 spm<\/li>\n<li>Syst\u00e8me d'huilage : enti\u00e8rement automatique<\/li>\n<li>Type d'alimentation : alimentation par le haut et alimentation par le bas<\/li>\n<li>Levage du pied presseur : \u00e0 la main 8 mm, au genou 14 mm<\/li>\n<li>Longueur de point : max 8 mm.<\/li>\n<li>Type d'aiguille : 135\u00d717<\/li>\n<li>Lumi\u00e8re LED : standard<\/li>\n<\/ul>\n<\/div>","protected":false},"featured_media":105303,"template":"","meta":{"_acf_changed":false},"product_brand":[],"product_cat":[21,95,22],"product_tag":[],"class_list":{"0":"post-82155","1":"product","2":"type-product","3":"status-publish","4":"has-post-thumbnail","6":"product_cat-automotive","7":"product_cat-flat-bed-walking-foot-machine","8":"product_cat-walking-foot","9":"tm-has-options","11":"first","12":"instock","13":"shipping-taxable","14":"purchasable","15":"product-type-variable"},"acf":[],"gallery_images":[105727],"yoast_head":"<!-- This site is optimized with the Yoast SEO plugin v27.3 - https:\/\/yoast.com\/product\/yoast-seo-wordpress\/ -->\n<title>WF 3995 series - Global International B.V.<\/title>\n<meta name=\"robots\" content=\"index, follow, max-snippet:-1, max-image-preview:large, max-video-preview:-1\" \/>\n<link rel=\"canonical\" href=\"https:\/\/globalsew.com\/fr\/produit\/wf-3995-aut\/\" \/>\n<meta property=\"og:locale\" content=\"fr_FR\" \/>\n<meta property=\"og:type\" content=\"article\" \/>\n<meta property=\"og:title\" content=\"WF 3995 series - Global International B.V.\" \/>\n<meta property=\"og:description\" content=\"Download Leaflet Download Manual    Technical specifications:   Machine speed: max 2000 spm  Oiling system: fully automatic  Feed type: top feed &amp; drop feed  Presser foot lift: by hand 8 mm, by knee 14 mm  Stitch length: max 8 mm.  Needle type: 135x17  Led light: standard\" \/>\n<meta property=\"og:url\" content=\"https:\/\/globalsew.com\/fr\/produit\/wf-3995-aut\/\" \/>\n<meta property=\"og:site_name\" content=\"Global International B.V.\" \/>\n<meta property=\"article:modified_time\" content=\"2026-02-23T14:59:36+00:00\" \/>\n<meta property=\"og:image\" content=\"https:\/\/globalsew.com\/wp-content\/uploads\/2017\/03\/products-WF-3995-AUT-11-global-1080-website-2024.jpg\" \/>\n\t<meta property=\"og:image:width\" content=\"1819\" \/>\n\t<meta property=\"og:image:height\" content=\"1080\" \/>\n\t<meta property=\"og:image:type\" content=\"image\/jpeg\" \/>\n<meta name=\"twitter:card\" content=\"summary_large_image\" \/>\n<meta name=\"twitter:label1\" content=\"Dur\u00e9e de lecture estim\u00e9e\" \/>\n\t<meta name=\"twitter:data1\" content=\"1 minute\" \/>\n<script type=\"application\/ld+json\" class=\"yoast-schema-graph\">{\"@context\":\"https:\\\/\\\/schema.org\",\"@graph\":[{\"@type\":\"WebPage\",\"@id\":\"https:\\\/\\\/globalsew.com\\\/product\\\/wf-3995-aut\\\/\",\"url\":\"https:\\\/\\\/globalsew.com\\\/product\\\/wf-3995-aut\\\/\",\"name\":\"WF 3995 series - Global International B.V.\",\"isPartOf\":{\"@id\":\"https:\\\/\\\/globalsew.com\\\/#website\"},\"primaryImageOfPage\":{\"@id\":\"https:\\\/\\\/globalsew.com\\\/product\\\/wf-3995-aut\\\/#primaryimage\"},\"image\":{\"@id\":\"https:\\\/\\\/globalsew.com\\\/product\\\/wf-3995-aut\\\/#primaryimage\"},\"thumbnailUrl\":\"https:\\\/\\\/globalsew.com\\\/wp-content\\\/uploads\\\/2017\\\/03\\\/products-WF-3995-AUT-11-global-1080-website-2024.jpg\",\"datePublished\":\"2017-03-16T14:47:02+00:00\",\"dateModified\":\"2026-02-23T14:59:36+00:00\",\"breadcrumb\":{\"@id\":\"https:\\\/\\\/globalsew.com\\\/product\\\/wf-3995-aut\\\/#breadcrumb\"},\"inLanguage\":\"fr-FR\",\"potentialAction\":[{\"@type\":\"ReadAction\",\"target\":[\"https:\\\/\\\/globalsew.com\\\/product\\\/wf-3995-aut\\\/\"]}]},{\"@type\":\"ImageObject\",\"inLanguage\":\"fr-FR\",\"@id\":\"https:\\\/\\\/globalsew.com\\\/product\\\/wf-3995-aut\\\/#primaryimage\",\"url\":\"https:\\\/\\\/globalsew.com\\\/wp-content\\\/uploads\\\/2017\\\/03\\\/products-WF-3995-AUT-11-global-1080-website-2024.jpg\",\"contentUrl\":\"https:\\\/\\\/globalsew.com\\\/wp-content\\\/uploads\\\/2017\\\/03\\\/products-WF-3995-AUT-11-global-1080-website-2024.jpg\",\"width\":1819,\"height\":1080,\"caption\":\"WF 3995 AUT\"},{\"@type\":\"BreadcrumbList\",\"@id\":\"https:\\\/\\\/globalsew.com\\\/product\\\/wf-3995-aut\\\/#breadcrumb\",\"itemListElement\":[{\"@type\":\"ListItem\",\"position\":1,\"name\":\"Home\",\"item\":\"https:\\\/\\\/globalsew.com\\\/\"},{\"@type\":\"ListItem\",\"position\":2,\"name\":\"Products\",\"item\":\"https:\\\/\\\/globalsew.com\\\/products\\\/\"},{\"@type\":\"ListItem\",\"position\":3,\"name\":\"WF 3995 series\"}]},{\"@type\":\"WebSite\",\"@id\":\"https:\\\/\\\/globalsew.com\\\/#website\",\"url\":\"https:\\\/\\\/globalsew.com\\\/\",\"name\":\"Global International B.V.\",\"description\":\"Industrial Sewing Machines\",\"potentialAction\":[{\"@type\":\"SearchAction\",\"target\":{\"@type\":\"EntryPoint\",\"urlTemplate\":\"https:\\\/\\\/globalsew.com\\\/?s={search_term_string}\"},\"query-input\":{\"@type\":\"PropertyValueSpecification\",\"valueRequired\":true,\"valueName\":\"search_term_string\"}}],\"inLanguage\":\"fr-FR\"}]}<\/script>\n<!-- \/ Yoast SEO plugin. -->","yoast_head_json":{"title":"S\u00e9rie WF 3995 - Global International B.V.","robots":{"index":"index","follow":"follow","max-snippet":"max-snippet:-1","max-image-preview":"max-image-preview:large","max-video-preview":"max-video-preview:-1"},"canonical":"https:\/\/globalsew.com\/fr\/produit\/wf-3995-aut\/","og_locale":"fr_FR","og_type":"article","og_title":"WF 3995 series - Global International B.V.","og_description":"Download Leaflet Download Manual    Technical specifications:   Machine speed: max 2000 spm  Oiling system: fully automatic  Feed type: top feed &amp; drop feed  Presser foot lift: by hand 8 mm, by knee 14 mm  Stitch length: max 8 mm.  Needle type: 135x17  Led light: standard","og_url":"https:\/\/globalsew.com\/fr\/produit\/wf-3995-aut\/","og_site_name":"Global International B.V.","article_modified_time":"2026-02-23T14:59:36+00:00","og_image":[{"width":1819,"height":1080,"url":"https:\/\/globalsew.com\/wp-content\/uploads\/2017\/03\/products-WF-3995-AUT-11-global-1080-website-2024.jpg","type":"image\/jpeg"}],"twitter_card":"summary_large_image","twitter_misc":{"Dur\u00e9e de lecture estim\u00e9e":"1 minute"},"schema":{"@context":"https:\/\/schema.org","@graph":[{"@type":"WebPage","@id":"https:\/\/globalsew.com\/product\/wf-3995-aut\/","url":"https:\/\/globalsew.com\/product\/wf-3995-aut\/","name":"S\u00e9rie WF 3995 - Global International B.V.","isPartOf":{"@id":"https:\/\/globalsew.com\/#website"},"primaryImageOfPage":{"@id":"https:\/\/globalsew.com\/product\/wf-3995-aut\/#primaryimage"},"image":{"@id":"https:\/\/globalsew.com\/product\/wf-3995-aut\/#primaryimage"},"thumbnailUrl":"https:\/\/globalsew.com\/wp-content\/uploads\/2017\/03\/products-WF-3995-AUT-11-global-1080-website-2024.jpg","datePublished":"2017-03-16T14:47:02+00:00","dateModified":"2026-02-23T14:59:36+00:00","breadcrumb":{"@id":"https:\/\/globalsew.com\/product\/wf-3995-aut\/#breadcrumb"},"inLanguage":"fr-FR","potentialAction":[{"@type":"ReadAction","target":["https:\/\/globalsew.com\/product\/wf-3995-aut\/"]}]},{"@type":"ImageObject","inLanguage":"fr-FR","@id":"https:\/\/globalsew.com\/product\/wf-3995-aut\/#primaryimage","url":"https:\/\/globalsew.com\/wp-content\/uploads\/2017\/03\/products-WF-3995-AUT-11-global-1080-website-2024.jpg","contentUrl":"https:\/\/globalsew.com\/wp-content\/uploads\/2017\/03\/products-WF-3995-AUT-11-global-1080-website-2024.jpg","width":1819,"height":1080,"caption":"WF 3995 AUT"},{"@type":"BreadcrumbList","@id":"https:\/\/globalsew.com\/product\/wf-3995-aut\/#breadcrumb","itemListElement":[{"@type":"ListItem","position":1,"name":"Home","item":"https:\/\/globalsew.com\/"},{"@type":"ListItem","position":2,"name":"Products","item":"https:\/\/globalsew.com\/products\/"},{"@type":"ListItem","position":3,"name":"WF 3995 series"}]},{"@type":"WebSite","@id":"https:\/\/globalsew.com\/#website","url":"https:\/\/globalsew.com\/","name":"Global International B.V.","description":"Machines \u00e0 coudre industrielles","potentialAction":[{"@type":"SearchAction","target":{"@type":"EntryPoint","urlTemplate":"https:\/\/globalsew.com\/?s={search_term_string}"},"query-input":{"@type":"PropertyValueSpecification","valueRequired":true,"valueName":"search_term_string"}}],"inLanguage":"fr-FR"}]}},"_links":{"self":[{"href":"https:\/\/globalsew.com\/fr\/wp-json\/wp\/v2\/product\/82155","targetHints":{"allow":["GET"]}}],"collection":[{"href":"https:\/\/globalsew.com\/fr\/wp-json\/wp\/v2\/product"}],"about":[{"href":"https:\/\/globalsew.com\/fr\/wp-json\/wp\/v2\/types\/product"}],"wp:featuredmedia":[{"embeddable":true,"href":"https:\/\/globalsew.com\/fr\/wp-json\/wp\/v2\/media\/105303"}],"wp:attachment":[{"href":"https:\/\/globalsew.com\/fr\/wp-json\/wp\/v2\/media?parent=82155"}],"wp:term":[{"taxonomy":"product_brand","embeddable":true,"href":"https:\/\/globalsew.com\/fr\/wp-json\/wp\/v2\/product_brand?post=82155"},{"taxonomy":"product_cat","embeddable":true,"href":"https:\/\/globalsew.com\/fr\/wp-json\/wp\/v2\/product_cat?post=82155"},{"taxonomy":"product_tag","embeddable":true,"href":"https:\/\/globalsew.com\/fr\/wp-json\/wp\/v2\/product_tag?post=82155"}],"curies":[{"name":"wp","href":"https:\/\/api.w.org\/{rel}","templated":true}]}}