{"id":79641,"date":"2017-03-14T22:35:25","date_gmt":"2017-03-14T21:35:25","guid":{"rendered":"https:\/\/globalsew.com\/?post_type=product&#038;p=79641"},"modified":"2024-10-07T09:14:53","modified_gmt":"2024-10-07T07:14:53","slug":"wf-1767-aut-series","status":"publish","type":"product","link":"https:\/\/globalsew.com\/fr\/product\/wf-1767-aut-series\/","title":{"rendered":"WF 1767 s\u00e9rie AUT"},"content":{"rendered":"<p><strong>WF 1767 AUT<\/strong><br \/>\n- Machine \u00e0 pied simple aiguille avec coupe-fil, arr\u00eat automatique, releveur de pied-de-biche, presseur rapide<br \/>\nr\u00e9glage de la course du pied et deuxi\u00e8me longueur de point int\u00e9gr\u00e9e pour les op\u00e9rations d'assemblage et de surpiq\u00fbre en<br \/>\nla tapisserie d'ameublement, la tapisserie automobile et le cuir.<br \/>\n<strong>WF 1767-2 AUT<\/strong><br \/>\n- Identique au WF 1767 AUT mais avec deux aiguilles. Aiguille standard de 8 mm.<br \/>\n<strong>WF 1767 SK-AUT<\/strong><br \/>\n- Machine \u00e0 coudre \u00e0 une aiguille, \u00e0 plateaux, \u00e0 grande vitesse et \u00e0 pied de marche. Ce mod\u00e8le est \u00e9quip\u00e9 d'un coupe-fil<br \/>\n(\u00e9lectrique), point d'arr\u00eat automatique, releveur de pied-de-biche, r\u00e9glage rapide de la course (tous pneumatiques) Machine adapt\u00e9e<br \/>\npour la tapisserie d'ameublement, la sellerie automobile et le cuir. La machine est \u00e9quip\u00e9e d'un couteau lat\u00e9ral \u00e0 c\u00f4t\u00e9 du pied-de-biche.<\/p>\n<p>&nbsp;<\/p>\n<p><img decoding=\"async\" class=\"alignnone size-full wp-image-94791\" src=\"https:\/\/globalsew.com\/wp-content\/uploads\/2017\/04\/hohsing-xs-global.jpg\" alt=\"\" width=\"73\" height=\"68\" \/>\u00a0\u00a0<img decoding=\"async\" class=\"alignnone size-full wp-image-94796\" src=\"https:\/\/globalsew.com\/wp-content\/uploads\/2017\/11\/koban-xs-global.jpg\" alt=\"\" width=\"73\" height=\"68\" \/>\u00a0 \u00a0 \u00a0 \u00a0 \u00a0 \u00a0 \u00a0 \u00a0 \u00a0 \u00a0 \u00a0 \u00a0 \u00a0 \u00a0 \u00a0 \u00a0 \u00a0 \u00a0 \u00a0 \u00a0 \u00a0 \u00a0 \u00a0 \u00a0 \u00a0 \u00a0 \u00a0 \u00a0 \u00a0 \u00a0 \u00a0 \u00a0 \u00a0 \u00a0 \u00a0 \u00a0 \u00a0 \u00a0 \u00a0 \u00a0 \u00a0 \u00a0\u00a0<img decoding=\"async\" class=\"alignnone size-full wp-image-94794\" src=\"https:\/\/globalsew.com\/wp-content\/uploads\/2017\/04\/eac-xs-global.jpg\" alt=\"\" width=\"73\" height=\"68\" \/>\u00a0\u00a0<img loading=\"lazy\" decoding=\"async\" class=\"alignnone size-full wp-image-94793\" src=\"https:\/\/globalsew.com\/wp-content\/uploads\/2017\/04\/ce-xs-global.jpg\" alt=\"\" width=\"73\" height=\"68\" \/><\/p>","protected":false},"excerpt":{"rendered":"<p>Pour les t\u00e9l\u00e9chargements, voir notre page de t\u00e9l\u00e9chargements pour l'application <a class=\"download-link\" href=\"https:\/\/globalsew.com\/fr\/telecharger\/serie-wf-1767\/\">S\u00e9rie WF 1767<\/a>.<\/p>","protected":false},"featured_media":105868,"template":"","meta":{"_acf_changed":false},"product_brand":[],"product_cat":[21,95,160,150,7,63,70,22,159],"product_tag":[],"class_list":{"0":"post-79641","1":"product","2":"type-product","3":"status-publish","4":"has-post-thumbnail","6":"product_cat-automotive","7":"product_cat-flat-bed-walking-foot-machine","8":"product_cat-flat-bed-walking-foot-machine-walking-foot-upholstery","9":"product_cat-flatbed-walking-foot","10":"product_cat-heavy-duty","11":"product_cat-upholstery","12":"product_cat-walking-foot-heavy-duty","13":"product_cat-walking-foot","14":"product_cat-walking-foot-upholstery","15":"tm-has-options","17":"first","18":"instock","19":"shipping-taxable","20":"purchasable","21":"product-type-simple"},"acf":[],"gallery_images":[105869],"yoast_head":"<!-- This site is optimized with the Yoast SEO plugin v27.3 - https:\/\/yoast.com\/product\/yoast-seo-wordpress\/ -->\n<title>WF 1767 AUT series - Global International B.V.<\/title>\n<meta name=\"robots\" content=\"index, follow, max-snippet:-1, max-image-preview:large, max-video-preview:-1\" \/>\n<link rel=\"canonical\" href=\"https:\/\/globalsew.com\/fr\/produit\/wf-1767-aut-series\/\" \/>\n<meta property=\"og:locale\" content=\"fr_FR\" \/>\n<meta property=\"og:type\" content=\"article\" \/>\n<meta property=\"og:title\" content=\"WF 1767 AUT series - Global International B.V.\" \/>\n<meta property=\"og:description\" content=\"For downloads see our downloads page for the WF 1767 series.\" \/>\n<meta property=\"og:url\" content=\"https:\/\/globalsew.com\/fr\/produit\/wf-1767-aut-series\/\" \/>\n<meta property=\"og:site_name\" content=\"Global International B.V.\" \/>\n<meta property=\"article:modified_time\" content=\"2024-10-07T07:14:53+00:00\" \/>\n<meta property=\"og:image\" content=\"https:\/\/globalsew.com\/wp-content\/uploads\/2017\/03\/products-WF-1767-05-global-1080-website-2024.jpg\" \/>\n\t<meta property=\"og:image:width\" content=\"1819\" \/>\n\t<meta property=\"og:image:height\" content=\"1080\" \/>\n\t<meta property=\"og:image:type\" content=\"image\/jpeg\" \/>\n<meta name=\"twitter:card\" content=\"summary_large_image\" \/>\n<meta name=\"twitter:label1\" content=\"Dur\u00e9e de lecture estim\u00e9e\" \/>\n\t<meta name=\"twitter:data1\" content=\"2 minutes\" \/>\n<script type=\"application\/ld+json\" class=\"yoast-schema-graph\">{\"@context\":\"https:\\\/\\\/schema.org\",\"@graph\":[{\"@type\":\"WebPage\",\"@id\":\"https:\\\/\\\/globalsew.com\\\/product\\\/wf-1767-aut-series\\\/\",\"url\":\"https:\\\/\\\/globalsew.com\\\/product\\\/wf-1767-aut-series\\\/\",\"name\":\"WF 1767 AUT series - Global International B.V.\",\"isPartOf\":{\"@id\":\"https:\\\/\\\/globalsew.com\\\/#website\"},\"primaryImageOfPage\":{\"@id\":\"https:\\\/\\\/globalsew.com\\\/product\\\/wf-1767-aut-series\\\/#primaryimage\"},\"image\":{\"@id\":\"https:\\\/\\\/globalsew.com\\\/product\\\/wf-1767-aut-series\\\/#primaryimage\"},\"thumbnailUrl\":\"https:\\\/\\\/globalsew.com\\\/wp-content\\\/uploads\\\/2017\\\/03\\\/products-WF-1767-05-global-1080-website-2024.jpg\",\"datePublished\":\"2017-03-14T21:35:25+00:00\",\"dateModified\":\"2024-10-07T07:14:53+00:00\",\"breadcrumb\":{\"@id\":\"https:\\\/\\\/globalsew.com\\\/product\\\/wf-1767-aut-series\\\/#breadcrumb\"},\"inLanguage\":\"fr-FR\",\"potentialAction\":[{\"@type\":\"ReadAction\",\"target\":[\"https:\\\/\\\/globalsew.com\\\/product\\\/wf-1767-aut-series\\\/\"]}]},{\"@type\":\"ImageObject\",\"inLanguage\":\"fr-FR\",\"@id\":\"https:\\\/\\\/globalsew.com\\\/product\\\/wf-1767-aut-series\\\/#primaryimage\",\"url\":\"https:\\\/\\\/globalsew.com\\\/wp-content\\\/uploads\\\/2017\\\/03\\\/products-WF-1767-05-global-1080-website-2024.jpg\",\"contentUrl\":\"https:\\\/\\\/globalsew.com\\\/wp-content\\\/uploads\\\/2017\\\/03\\\/products-WF-1767-05-global-1080-website-2024.jpg\",\"width\":1819,\"height\":1080,\"caption\":\"WF 1767 AUT\"},{\"@type\":\"BreadcrumbList\",\"@id\":\"https:\\\/\\\/globalsew.com\\\/product\\\/wf-1767-aut-series\\\/#breadcrumb\",\"itemListElement\":[{\"@type\":\"ListItem\",\"position\":1,\"name\":\"Home\",\"item\":\"https:\\\/\\\/globalsew.com\\\/\"},{\"@type\":\"ListItem\",\"position\":2,\"name\":\"Products\",\"item\":\"https:\\\/\\\/globalsew.com\\\/products\\\/\"},{\"@type\":\"ListItem\",\"position\":3,\"name\":\"WF 1767 AUT series\"}]},{\"@type\":\"WebSite\",\"@id\":\"https:\\\/\\\/globalsew.com\\\/#website\",\"url\":\"https:\\\/\\\/globalsew.com\\\/\",\"name\":\"Global International B.V.\",\"description\":\"Industrial Sewing Machines\",\"potentialAction\":[{\"@type\":\"SearchAction\",\"target\":{\"@type\":\"EntryPoint\",\"urlTemplate\":\"https:\\\/\\\/globalsew.com\\\/?s={search_term_string}\"},\"query-input\":{\"@type\":\"PropertyValueSpecification\",\"valueRequired\":true,\"valueName\":\"search_term_string\"}}],\"inLanguage\":\"fr-FR\"}]}<\/script>\n<!-- \/ Yoast SEO plugin. -->","yoast_head_json":{"title":"WF 1767 AUT series - Global International B.V.","robots":{"index":"index","follow":"follow","max-snippet":"max-snippet:-1","max-image-preview":"max-image-preview:large","max-video-preview":"max-video-preview:-1"},"canonical":"https:\/\/globalsew.com\/fr\/produit\/wf-1767-aut-series\/","og_locale":"fr_FR","og_type":"article","og_title":"WF 1767 AUT series - Global International B.V.","og_description":"For downloads see our downloads page for the WF 1767 series.","og_url":"https:\/\/globalsew.com\/fr\/produit\/wf-1767-aut-series\/","og_site_name":"Global International B.V.","article_modified_time":"2024-10-07T07:14:53+00:00","og_image":[{"width":1819,"height":1080,"url":"https:\/\/globalsew.com\/wp-content\/uploads\/2017\/03\/products-WF-1767-05-global-1080-website-2024.jpg","type":"image\/jpeg"}],"twitter_card":"summary_large_image","twitter_misc":{"Dur\u00e9e de lecture estim\u00e9e":"2 minutes"},"schema":{"@context":"https:\/\/schema.org","@graph":[{"@type":"WebPage","@id":"https:\/\/globalsew.com\/product\/wf-1767-aut-series\/","url":"https:\/\/globalsew.com\/product\/wf-1767-aut-series\/","name":"WF 1767 AUT series - Global International B.V.","isPartOf":{"@id":"https:\/\/globalsew.com\/#website"},"primaryImageOfPage":{"@id":"https:\/\/globalsew.com\/product\/wf-1767-aut-series\/#primaryimage"},"image":{"@id":"https:\/\/globalsew.com\/product\/wf-1767-aut-series\/#primaryimage"},"thumbnailUrl":"https:\/\/globalsew.com\/wp-content\/uploads\/2017\/03\/products-WF-1767-05-global-1080-website-2024.jpg","datePublished":"2017-03-14T21:35:25+00:00","dateModified":"2024-10-07T07:14:53+00:00","breadcrumb":{"@id":"https:\/\/globalsew.com\/product\/wf-1767-aut-series\/#breadcrumb"},"inLanguage":"fr-FR","potentialAction":[{"@type":"ReadAction","target":["https:\/\/globalsew.com\/product\/wf-1767-aut-series\/"]}]},{"@type":"ImageObject","inLanguage":"fr-FR","@id":"https:\/\/globalsew.com\/product\/wf-1767-aut-series\/#primaryimage","url":"https:\/\/globalsew.com\/wp-content\/uploads\/2017\/03\/products-WF-1767-05-global-1080-website-2024.jpg","contentUrl":"https:\/\/globalsew.com\/wp-content\/uploads\/2017\/03\/products-WF-1767-05-global-1080-website-2024.jpg","width":1819,"height":1080,"caption":"WF 1767 AUT"},{"@type":"BreadcrumbList","@id":"https:\/\/globalsew.com\/product\/wf-1767-aut-series\/#breadcrumb","itemListElement":[{"@type":"ListItem","position":1,"name":"Home","item":"https:\/\/globalsew.com\/"},{"@type":"ListItem","position":2,"name":"Products","item":"https:\/\/globalsew.com\/products\/"},{"@type":"ListItem","position":3,"name":"WF 1767 AUT series"}]},{"@type":"WebSite","@id":"https:\/\/globalsew.com\/#website","url":"https:\/\/globalsew.com\/","name":"Global International B.V.","description":"Machines \u00e0 coudre industrielles","potentialAction":[{"@type":"SearchAction","target":{"@type":"EntryPoint","urlTemplate":"https:\/\/globalsew.com\/?s={search_term_string}"},"query-input":{"@type":"PropertyValueSpecification","valueRequired":true,"valueName":"search_term_string"}}],"inLanguage":"fr-FR"}]}},"_links":{"self":[{"href":"https:\/\/globalsew.com\/fr\/wp-json\/wp\/v2\/product\/79641","targetHints":{"allow":["GET"]}}],"collection":[{"href":"https:\/\/globalsew.com\/fr\/wp-json\/wp\/v2\/product"}],"about":[{"href":"https:\/\/globalsew.com\/fr\/wp-json\/wp\/v2\/types\/product"}],"wp:featuredmedia":[{"embeddable":true,"href":"https:\/\/globalsew.com\/fr\/wp-json\/wp\/v2\/media\/105868"}],"wp:attachment":[{"href":"https:\/\/globalsew.com\/fr\/wp-json\/wp\/v2\/media?parent=79641"}],"wp:term":[{"taxonomy":"product_brand","embeddable":true,"href":"https:\/\/globalsew.com\/fr\/wp-json\/wp\/v2\/product_brand?post=79641"},{"taxonomy":"product_cat","embeddable":true,"href":"https:\/\/globalsew.com\/fr\/wp-json\/wp\/v2\/product_cat?post=79641"},{"taxonomy":"product_tag","embeddable":true,"href":"https:\/\/globalsew.com\/fr\/wp-json\/wp\/v2\/product_tag?post=79641"}],"curies":[{"name":"wp","href":"https:\/\/api.w.org\/{rel}","templated":true}]}}