{"id":7201,"date":"2017-01-05T16:14:32","date_gmt":"2017-01-05T15:14:32","guid":{"rendered":"https:\/\/globalsew.com\/?post_type=product&#038;p=7201"},"modified":"2026-04-23T15:49:31","modified_gmt":"2026-04-23T13:49:31","slug":"serie-cov","status":"publish","type":"product","link":"https:\/\/globalsew.com\/fr\/product\/cov-series\/","title":{"rendered":"S\u00e9rie COV 2500 \/ 2600"},"content":{"rendered":"<div class=\"wpb-content-wrapper\"><div class=\"vc_row wpb_row vc_row-fluid\"><div class=\"wpb_column vc_column_container vc_col-sm-12\"><div class=\"vc_column-inner\"><div class=\"wpb_wrapper\">\n\t<div class=\"wpb_text_column wpb_content_element\" >\n\t\t<div class=\"wpb_wrapper\">\n\t\t\t<p><strong>COV 2502<\/strong><br \/>\n- Machine \u00e0 surjeter les tapis \u00e0 une aiguille et \u00e0 deux fils.<br \/>\n<strong>COV 2502 L<\/strong><br \/>\n- Identique \u00e0 COV 2502, mais comme machine \u00e0 gauche.<br \/>\n<strong>COV 2502 SK<\/strong><br \/>\n- Identique au COV 2502, mais \u00e9quip\u00e9 d'un couteau lat\u00e9ral.<br \/>\n<strong>COV 2502 L-SK<\/strong><br \/>\n- Identique \u00e0 COV 2502 SK, mais comme machine \u00e0 gauche<br \/>\n<strong>COV 2501 SK<\/strong><br \/>\n- Machine \u00e0 coudre bout \u00e0 bout \u00e0 une aiguille et un fil. Con\u00e7ue pour assembler deux pi\u00e8ces de moquette avant un traitement sp\u00e9cial (par exemple, le blanchiment). Cette machine est \u00e9quip\u00e9e d'un couteau lat\u00e9ral.<br \/>\n<strong>COV 2503\u00a0<\/strong><br \/>\n- Identique \u00e0 la COV 2502, mais machine \u00e0 3 fils.<br \/>\n<strong>COV 2503 FN<\/strong><br \/>\n- Machine \u00e0 surfiler les filets \u00e0 une aiguille, 3 fils, avec extracteur. Convient pour le surfilage de toutes sortes de filets, par exemple les filets \u00e0 balles, les filets de p\u00eache, etc.<br \/>\n<strong>COV 2602 CS<\/strong><br \/>\n- machine de surfa\u00e7age de tapis pour tapis courbes<\/p>\n\n\t\t<\/div>\n\t<\/div>\n<\/div><\/div><\/div><\/div>\n<\/div>","protected":false},"excerpt":{"rendered":"<p><a href=\"https:\/\/globalsew.com\/wp-content\/uploads\/2017\/01\/COV-Series-Leaflet.pdf\"><img decoding=\"async\" class=\"alignnone wp-image-95729 size-full\" src=\"https:\/\/globalsew.com\/wp-content\/uploads\/2017\/01\/leaf-button-1.jpg\" alt=\"\" width=\"90\" height=\"104\" \/><\/a><a href=\"https:\/\/globalsew.com\/wp-content\/uploads\/2017\/01\/COV-Series-Instruction-Manual.pdf\"><img decoding=\"async\" class=\"alignnone wp-image-95730 size-full\" src=\"https:\/\/globalsew.com\/wp-content\/uploads\/2017\/01\/manual-button-1.jpg\" alt=\"\" width=\"150\" height=\"105\" \/><\/a><\/p>\n<p>&nbsp;<\/p>\n<p>Caract\u00e9ristiques techniques :<\/p>\n<ul>\n<li>Vitesse de la machine : max 2500 spm<\/li>\n<li>Longueur de point : 1 - 10 mm (COV 2503 FN = 3 ~ 18 mm)<\/li>\n<li>Largeur du surjet : 12 - 15 mm (COV 2503 FN = 16 mm)<\/li>\n<li>Type d'aiguille : SGx7713 (COV 2503 FN = SBx7713A)<\/li>\n<li>Options :<br \/>\n- extracteur m\u00e9canique avec \u00e9l\u00e9vateur d'extracteur pneumatique<br \/>\n- relevage pneumatique du pied-de-biche<br \/>\n- cadran de point externe<\/li>\n<\/ul>","protected":false},"featured_media":88155,"template":"","meta":{"_acf_changed":false},"product_brand":[],"product_cat":[21,88,87],"product_tag":[],"class_list":{"0":"post-7201","1":"product","2":"type-product","3":"status-publish","4":"has-post-thumbnail","6":"product_cat-automotive","7":"product_cat-carpet-overedge-machines-upholstery","8":"product_cat-carpet-overedge-machines","9":"tm-has-options","11":"first","12":"instock","13":"shipping-taxable","14":"purchasable","15":"product-type-simple"},"acf":[],"gallery_images":[88154,115377,115378],"yoast_head":"<!-- This site is optimized with the Yoast SEO plugin v27.5 - https:\/\/yoast.com\/product\/yoast-seo-wordpress\/ -->\n<title>COV 2500 \/ 2600 Series - Global International B.V.<\/title>\n<meta name=\"robots\" content=\"index, follow, max-snippet:-1, max-image-preview:large, max-video-preview:-1\" \/>\n<link rel=\"canonical\" href=\"https:\/\/globalsew.com\/fr\/produit\/serie-cov\/\" \/>\n<meta property=\"og:locale\" content=\"fr_FR\" \/>\n<meta property=\"og:type\" content=\"article\" \/>\n<meta property=\"og:title\" content=\"COV 2500 \/ 2600 Series - Global International B.V.\" \/>\n<meta property=\"og:description\" content=\"&nbsp;  Technical specifications:   Machine speed: max 2500 spm  Stitch length: 1 - 10 mm (COV 2503 FN = 3 ~ 18 mm)  Overedge width: 12 - 15 mm (COV 2503 FN = 16 mm)  Needle type: SGx7713 (COV 2503 FN = SBx7713A)  Options: - mechanical puller with pneumatic puller lift - pneumatic presser foot lift - external stitch dial\" \/>\n<meta property=\"og:url\" content=\"https:\/\/globalsew.com\/fr\/produit\/serie-cov\/\" \/>\n<meta property=\"og:site_name\" content=\"Global International B.V.\" \/>\n<meta property=\"article:modified_time\" content=\"2026-04-23T13:49:31+00:00\" \/>\n<meta property=\"og:image\" content=\"https:\/\/globalsew.com\/wp-content\/uploads\/2017\/03\/WEB-GLOBAL-COV-2502-01-GLOBAL-industrial-sewing-machines.jpg\" \/>\n\t<meta property=\"og:image:width\" content=\"555\" \/>\n\t<meta property=\"og:image:height\" content=\"347\" \/>\n\t<meta property=\"og:image:type\" content=\"image\/jpeg\" \/>\n<meta name=\"twitter:card\" content=\"summary_large_image\" \/>\n<meta name=\"twitter:label1\" content=\"Dur\u00e9e de lecture estim\u00e9e\" \/>\n\t<meta name=\"twitter:data1\" content=\"1 minute\" \/>\n<script type=\"application\/ld+json\" class=\"yoast-schema-graph\">{\"@context\":\"https:\\\/\\\/schema.org\",\"@graph\":[{\"@type\":\"WebPage\",\"@id\":\"https:\\\/\\\/globalsew.com\\\/product\\\/cov-series\\\/\",\"url\":\"https:\\\/\\\/globalsew.com\\\/product\\\/cov-series\\\/\",\"name\":\"COV 2500 \\\/ 2600 Series - Global International B.V.\",\"isPartOf\":{\"@id\":\"https:\\\/\\\/globalsew.com\\\/#website\"},\"primaryImageOfPage\":{\"@id\":\"https:\\\/\\\/globalsew.com\\\/product\\\/cov-series\\\/#primaryimage\"},\"image\":{\"@id\":\"https:\\\/\\\/globalsew.com\\\/product\\\/cov-series\\\/#primaryimage\"},\"thumbnailUrl\":\"https:\\\/\\\/globalsew.com\\\/wp-content\\\/uploads\\\/2017\\\/03\\\/WEB-GLOBAL-COV-2502-01-GLOBAL-industrial-sewing-machines.jpg\",\"datePublished\":\"2017-01-05T15:14:32+00:00\",\"dateModified\":\"2026-04-23T13:49:31+00:00\",\"breadcrumb\":{\"@id\":\"https:\\\/\\\/globalsew.com\\\/product\\\/cov-series\\\/#breadcrumb\"},\"inLanguage\":\"fr-FR\",\"potentialAction\":[{\"@type\":\"ReadAction\",\"target\":[\"https:\\\/\\\/globalsew.com\\\/product\\\/cov-series\\\/\"]}]},{\"@type\":\"ImageObject\",\"inLanguage\":\"fr-FR\",\"@id\":\"https:\\\/\\\/globalsew.com\\\/product\\\/cov-series\\\/#primaryimage\",\"url\":\"https:\\\/\\\/globalsew.com\\\/wp-content\\\/uploads\\\/2017\\\/03\\\/WEB-GLOBAL-COV-2502-01-GLOBAL-industrial-sewing-machines.jpg\",\"contentUrl\":\"https:\\\/\\\/globalsew.com\\\/wp-content\\\/uploads\\\/2017\\\/03\\\/WEB-GLOBAL-COV-2502-01-GLOBAL-industrial-sewing-machines.jpg\",\"width\":555,\"height\":347,\"caption\":\"WEB-GLOBAL-COV-2502-01-GLOBAL-industrial-sewing-machines\"},{\"@type\":\"BreadcrumbList\",\"@id\":\"https:\\\/\\\/globalsew.com\\\/product\\\/cov-series\\\/#breadcrumb\",\"itemListElement\":[{\"@type\":\"ListItem\",\"position\":1,\"name\":\"Home\",\"item\":\"https:\\\/\\\/globalsew.com\\\/\"},{\"@type\":\"ListItem\",\"position\":2,\"name\":\"Products\",\"item\":\"https:\\\/\\\/globalsew.com\\\/products\\\/\"},{\"@type\":\"ListItem\",\"position\":3,\"name\":\"COV 2500 \\\/ 2600 Series\"}]},{\"@type\":\"WebSite\",\"@id\":\"https:\\\/\\\/globalsew.com\\\/#website\",\"url\":\"https:\\\/\\\/globalsew.com\\\/\",\"name\":\"Global International B.V.\",\"description\":\"Industrial Sewing Machines\",\"potentialAction\":[{\"@type\":\"SearchAction\",\"target\":{\"@type\":\"EntryPoint\",\"urlTemplate\":\"https:\\\/\\\/globalsew.com\\\/?s={search_term_string}\"},\"query-input\":{\"@type\":\"PropertyValueSpecification\",\"valueRequired\":true,\"valueName\":\"search_term_string\"}}],\"inLanguage\":\"fr-FR\"}]}<\/script>\n<!-- \/ Yoast SEO plugin. -->","yoast_head_json":{"title":"S\u00e9rie COV 2500 \/ 2600 - Global International B.V.","robots":{"index":"index","follow":"follow","max-snippet":"max-snippet:-1","max-image-preview":"max-image-preview:large","max-video-preview":"max-video-preview:-1"},"canonical":"https:\/\/globalsew.com\/fr\/produit\/serie-cov\/","og_locale":"fr_FR","og_type":"article","og_title":"COV 2500 \/ 2600 Series - Global International B.V.","og_description":"&nbsp;  Technical specifications:   Machine speed: max 2500 spm  Stitch length: 1 - 10 mm (COV 2503 FN = 3 ~ 18 mm)  Overedge width: 12 - 15 mm (COV 2503 FN = 16 mm)  Needle type: SGx7713 (COV 2503 FN = SBx7713A)  Options: - mechanical puller with pneumatic puller lift - pneumatic presser foot lift - external stitch dial","og_url":"https:\/\/globalsew.com\/fr\/produit\/serie-cov\/","og_site_name":"Global International B.V.","article_modified_time":"2026-04-23T13:49:31+00:00","og_image":[{"width":555,"height":347,"url":"https:\/\/globalsew.com\/wp-content\/uploads\/2017\/03\/WEB-GLOBAL-COV-2502-01-GLOBAL-industrial-sewing-machines.jpg","type":"image\/jpeg"}],"twitter_card":"summary_large_image","twitter_misc":{"Dur\u00e9e de lecture estim\u00e9e":"1 minute"},"schema":{"@context":"https:\/\/schema.org","@graph":[{"@type":"WebPage","@id":"https:\/\/globalsew.com\/product\/cov-series\/","url":"https:\/\/globalsew.com\/product\/cov-series\/","name":"S\u00e9rie COV 2500 \/ 2600 - Global International B.V.","isPartOf":{"@id":"https:\/\/globalsew.com\/#website"},"primaryImageOfPage":{"@id":"https:\/\/globalsew.com\/product\/cov-series\/#primaryimage"},"image":{"@id":"https:\/\/globalsew.com\/product\/cov-series\/#primaryimage"},"thumbnailUrl":"https:\/\/globalsew.com\/wp-content\/uploads\/2017\/03\/WEB-GLOBAL-COV-2502-01-GLOBAL-industrial-sewing-machines.jpg","datePublished":"2017-01-05T15:14:32+00:00","dateModified":"2026-04-23T13:49:31+00:00","breadcrumb":{"@id":"https:\/\/globalsew.com\/product\/cov-series\/#breadcrumb"},"inLanguage":"fr-FR","potentialAction":[{"@type":"ReadAction","target":["https:\/\/globalsew.com\/product\/cov-series\/"]}]},{"@type":"ImageObject","inLanguage":"fr-FR","@id":"https:\/\/globalsew.com\/product\/cov-series\/#primaryimage","url":"https:\/\/globalsew.com\/wp-content\/uploads\/2017\/03\/WEB-GLOBAL-COV-2502-01-GLOBAL-industrial-sewing-machines.jpg","contentUrl":"https:\/\/globalsew.com\/wp-content\/uploads\/2017\/03\/WEB-GLOBAL-COV-2502-01-GLOBAL-industrial-sewing-machines.jpg","width":555,"height":347,"caption":"WEB-GLOBAL-COV-2502-01-GLOBAL-industrial-sewing-machines"},{"@type":"BreadcrumbList","@id":"https:\/\/globalsew.com\/product\/cov-series\/#breadcrumb","itemListElement":[{"@type":"ListItem","position":1,"name":"Home","item":"https:\/\/globalsew.com\/"},{"@type":"ListItem","position":2,"name":"Products","item":"https:\/\/globalsew.com\/products\/"},{"@type":"ListItem","position":3,"name":"COV 2500 \/ 2600 Series"}]},{"@type":"WebSite","@id":"https:\/\/globalsew.com\/#website","url":"https:\/\/globalsew.com\/","name":"Global International B.V.","description":"Machines \u00e0 coudre industrielles","potentialAction":[{"@type":"SearchAction","target":{"@type":"EntryPoint","urlTemplate":"https:\/\/globalsew.com\/?s={search_term_string}"},"query-input":{"@type":"PropertyValueSpecification","valueRequired":true,"valueName":"search_term_string"}}],"inLanguage":"fr-FR"}]}},"_links":{"self":[{"href":"https:\/\/globalsew.com\/fr\/wp-json\/wp\/v2\/product\/7201","targetHints":{"allow":["GET"]}}],"collection":[{"href":"https:\/\/globalsew.com\/fr\/wp-json\/wp\/v2\/product"}],"about":[{"href":"https:\/\/globalsew.com\/fr\/wp-json\/wp\/v2\/types\/product"}],"wp:featuredmedia":[{"embeddable":true,"href":"https:\/\/globalsew.com\/fr\/wp-json\/wp\/v2\/media\/88155"}],"wp:attachment":[{"href":"https:\/\/globalsew.com\/fr\/wp-json\/wp\/v2\/media?parent=7201"}],"wp:term":[{"taxonomy":"product_brand","embeddable":true,"href":"https:\/\/globalsew.com\/fr\/wp-json\/wp\/v2\/product_brand?post=7201"},{"taxonomy":"product_cat","embeddable":true,"href":"https:\/\/globalsew.com\/fr\/wp-json\/wp\/v2\/product_cat?post=7201"},{"taxonomy":"product_tag","embeddable":true,"href":"https:\/\/globalsew.com\/fr\/wp-json\/wp\/v2\/product_tag?post=7201"}],"curies":[{"name":"wp","href":"https:\/\/api.w.org\/{rel}","templated":true}]}}