{"id":67410,"date":"2017-03-08T12:04:43","date_gmt":"2017-03-08T11:04:43","guid":{"rendered":"https:\/\/globalsew.com\/?post_type=product&#038;p=67410"},"modified":"2024-10-02T08:38:54","modified_gmt":"2024-10-02T06:38:54","slug":"ps-781-ps-781-2-complet","status":"publish","type":"product","link":"https:\/\/globalsew.com\/fr\/product\/ps-781-ps-781-2-complete\/","title":{"rendered":"PS 781 \/ PS 781-2 complet"},"content":{"rendered":"<div class=\"wpb-content-wrapper\"><div class=\"vc_row wpb_row vc_row-fluid\"><div class=\"wpb_column vc_column_container vc_col-sm-6\"><div class=\"vc_column-inner\"><div class=\"wpb_wrapper\">\n\t<div class=\"wpb_text_column wpb_content_element\" >\n\t\t<div class=\"wpb_wrapper\">\n\t\t\t<p><strong>PS 781<br \/>\n<\/strong>- Machine automatique \"point main\" \u00e0 une aiguille pour la r\u00e9alisation d'un point d\u00e9coratif sur les costumes pour hommes. La machine est \u00e9quip\u00e9e d'un syst\u00e8me de commande num\u00e9rique informatis\u00e9 permettant de r\u00e9gler et de programmer la longueur du point sup\u00e9rieur et inf\u00e9rieur. Compl\u00e8te avec table, support et moteur EFKA.<br \/>\n<strong>PS 781-2<\/strong><br \/>\n- La workstation 781-2 Hand-Stitch machine est une machine \u00e0 1 aiguille, 1 fil, \u00e0 point d'arr\u00eat et \u00e0 point sellier pour les v\u00eatements masculins et f\u00e9minins et les v\u00eatements de sport. Le panneau int\u00e9gr\u00e9 permet de contr\u00f4ler la longueur du point, les changements de point ainsi que l'arr\u00eat au d\u00e9but et \u00e0 la fin. Il est possible de programmer 100 motifs de points diff\u00e9rents. Il n'est pas n\u00e9cessaire d'utiliser des fils sp\u00e9ciaux. La machine est \u00e9quip\u00e9e d'une griffe d'entra\u00eenement sup\u00e9rieure et inf\u00e9rieure. Compl\u00e8te avec table, support et moteur EFKA.<\/p>\n\n\t\t<\/div>\n\t<\/div>\n<\/div><\/div><\/div><div class=\"wpb_column vc_column_container vc_col-sm-6\"><div class=\"vc_column-inner\"><div class=\"wpb_wrapper\">\n\t<div class=\"wpb_video_widget wpb_content_element vc_clearfix   vc_video-aspect-ratio-169 vc_video-el-width-100 vc_video-align-left\" >\n\t\t<div class=\"wpb_wrapper\">\n\t\t\t\n\t\t\t<div class=\"wpb_video_wrapper\"><iframe title=\"GLOBAL PS 781 - Machine automatique &quot;point de croix&quot; \u00e0 une aiguille\" width=\"500\" height=\"281\" src=\"https:\/\/www.youtube.com\/embed\/C2bFtDH6rT4?feature=oembed\" frameborder=\"0\" allow=\"accelerometer; autoplay; clipboard-write; encrypted-media; gyroscope; picture-in-picture; web-share\" allowfullscreen><\/iframe><\/div>\n\t\t<\/div>\n\t<\/div>\n<\/div><\/div><\/div><\/div>\n<\/div>","protected":false},"excerpt":{"rendered":"<p>Pour les t\u00e9l\u00e9chargements, voir notre page de t\u00e9l\u00e9chargements pour l'application <a class=\"download-link\" href=\"https:\/\/globalsew.com\/fr\/telecharger\/serie-ps-781\/\">S\u00e9rie PS 781<\/a>.<br \/>\n&nbsp;<\/p>\n<p>Les sp\u00e9cifications du produit pour la s\u00e9rie PS 781 :<\/p>\n<ul>\n<li>Vitesse de la machine : max 450 spm<\/li>\n<li>Longueur de point : max 7 mm<\/li>\n<li>Lev\u00e9e du pied presseur : max 8 mm<\/li>\n<li>Longueur du fil \u00e0 coudre : max 120 cm<\/li>\n<li>Syst\u00e8me d'aiguille : 780C Nm 100- Nm 160<\/li>\n<\/ul>\n<p>&nbsp;<\/p>","protected":false},"featured_media":67415,"template":"","meta":{"_acf_changed":false},"product_brand":[],"product_cat":[110,24,113],"product_tag":[],"class_list":{"0":"post-67410","1":"product","2":"type-product","3":"status-publish","4":"has-post-thumbnail","6":"product_cat-fancy-stitching","7":"product_cat-garment","8":"product_cat-saddle-stitch","9":"tm-has-options","11":"first","12":"instock","13":"shipping-taxable","14":"purchasable","15":"product-type-simple"},"acf":[],"gallery_images":[105976,105978],"yoast_head":"<!-- This site is optimized with the Yoast SEO plugin v27.3 - https:\/\/yoast.com\/product\/yoast-seo-wordpress\/ -->\n<title>PS 781 \/ PS 781-2 complete - Global International B.V.<\/title>\n<meta name=\"robots\" content=\"index, follow, max-snippet:-1, max-image-preview:large, max-video-preview:-1\" \/>\n<link rel=\"canonical\" href=\"https:\/\/globalsew.com\/fr\/produit\/ps-781-ps-781-2-complet\/\" \/>\n<meta property=\"og:locale\" content=\"fr_FR\" \/>\n<meta property=\"og:type\" content=\"article\" \/>\n<meta property=\"og:title\" content=\"PS 781 \/ PS 781-2 complete - Global International B.V.\" \/>\n<meta property=\"og:description\" content=\"For downloads see our downloads page for the PS 781 Series. &nbsp;  The product specifications for the PS 781 Series:   Machine speed: max 450 spm  Stitch length: max 7 mm  Presser foot lift: max 8 mm  Length of sewing thread: max 120 cm  Needle system: 780C Nm 100- Nm 160  &nbsp;\" \/>\n<meta property=\"og:url\" content=\"https:\/\/globalsew.com\/fr\/produit\/ps-781-ps-781-2-complet\/\" \/>\n<meta property=\"og:site_name\" content=\"Global International B.V.\" \/>\n<meta property=\"article:modified_time\" content=\"2024-10-02T06:38:54+00:00\" \/>\n<meta property=\"og:image\" content=\"https:\/\/globalsew.com\/wp-content\/uploads\/2017\/03\/WEB-GLOBAL-PS-781-01-GLOBAL-sewing-machines.jpg\" \/>\n\t<meta property=\"og:image:width\" content=\"555\" \/>\n\t<meta property=\"og:image:height\" content=\"347\" \/>\n\t<meta property=\"og:image:type\" content=\"image\/jpeg\" \/>\n<meta name=\"twitter:card\" content=\"summary_large_image\" \/>\n<meta name=\"twitter:label1\" content=\"Dur\u00e9e de lecture estim\u00e9e\" \/>\n\t<meta name=\"twitter:data1\" content=\"1 minute\" \/>\n<script type=\"application\/ld+json\" class=\"yoast-schema-graph\">{\"@context\":\"https:\\\/\\\/schema.org\",\"@graph\":[{\"@type\":\"WebPage\",\"@id\":\"https:\\\/\\\/globalsew.com\\\/product\\\/ps-781-ps-781-2-complete\\\/\",\"url\":\"https:\\\/\\\/globalsew.com\\\/product\\\/ps-781-ps-781-2-complete\\\/\",\"name\":\"PS 781 \\\/ PS 781-2 complete - Global International B.V.\",\"isPartOf\":{\"@id\":\"https:\\\/\\\/globalsew.com\\\/#website\"},\"primaryImageOfPage\":{\"@id\":\"https:\\\/\\\/globalsew.com\\\/product\\\/ps-781-ps-781-2-complete\\\/#primaryimage\"},\"image\":{\"@id\":\"https:\\\/\\\/globalsew.com\\\/product\\\/ps-781-ps-781-2-complete\\\/#primaryimage\"},\"thumbnailUrl\":\"https:\\\/\\\/globalsew.com\\\/wp-content\\\/uploads\\\/2017\\\/03\\\/WEB-GLOBAL-PS-781-01-GLOBAL-sewing-machines.jpg\",\"datePublished\":\"2017-03-08T11:04:43+00:00\",\"dateModified\":\"2024-10-02T06:38:54+00:00\",\"breadcrumb\":{\"@id\":\"https:\\\/\\\/globalsew.com\\\/product\\\/ps-781-ps-781-2-complete\\\/#breadcrumb\"},\"inLanguage\":\"fr-FR\",\"potentialAction\":[{\"@type\":\"ReadAction\",\"target\":[\"https:\\\/\\\/globalsew.com\\\/product\\\/ps-781-ps-781-2-complete\\\/\"]}]},{\"@type\":\"ImageObject\",\"inLanguage\":\"fr-FR\",\"@id\":\"https:\\\/\\\/globalsew.com\\\/product\\\/ps-781-ps-781-2-complete\\\/#primaryimage\",\"url\":\"https:\\\/\\\/globalsew.com\\\/wp-content\\\/uploads\\\/2017\\\/03\\\/WEB-GLOBAL-PS-781-01-GLOBAL-sewing-machines.jpg\",\"contentUrl\":\"https:\\\/\\\/globalsew.com\\\/wp-content\\\/uploads\\\/2017\\\/03\\\/WEB-GLOBAL-PS-781-01-GLOBAL-sewing-machines.jpg\",\"width\":555,\"height\":347,\"caption\":\"WEB-GLOBAL-PS-781-01-GLOBAL-sewing-machines\"},{\"@type\":\"BreadcrumbList\",\"@id\":\"https:\\\/\\\/globalsew.com\\\/product\\\/ps-781-ps-781-2-complete\\\/#breadcrumb\",\"itemListElement\":[{\"@type\":\"ListItem\",\"position\":1,\"name\":\"Home\",\"item\":\"https:\\\/\\\/globalsew.com\\\/\"},{\"@type\":\"ListItem\",\"position\":2,\"name\":\"Products\",\"item\":\"https:\\\/\\\/globalsew.com\\\/products\\\/\"},{\"@type\":\"ListItem\",\"position\":3,\"name\":\"PS 781 \\\/ PS 781-2 complete\"}]},{\"@type\":\"WebSite\",\"@id\":\"https:\\\/\\\/globalsew.com\\\/#website\",\"url\":\"https:\\\/\\\/globalsew.com\\\/\",\"name\":\"Global International B.V.\",\"description\":\"Industrial Sewing Machines\",\"potentialAction\":[{\"@type\":\"SearchAction\",\"target\":{\"@type\":\"EntryPoint\",\"urlTemplate\":\"https:\\\/\\\/globalsew.com\\\/?s={search_term_string}\"},\"query-input\":{\"@type\":\"PropertyValueSpecification\",\"valueRequired\":true,\"valueName\":\"search_term_string\"}}],\"inLanguage\":\"fr-FR\"}]}<\/script>\n<!-- \/ Yoast SEO plugin. -->","yoast_head_json":{"title":"PS 781 \/ PS 781-2 complet - Global International B.V.","robots":{"index":"index","follow":"follow","max-snippet":"max-snippet:-1","max-image-preview":"max-image-preview:large","max-video-preview":"max-video-preview:-1"},"canonical":"https:\/\/globalsew.com\/fr\/produit\/ps-781-ps-781-2-complet\/","og_locale":"fr_FR","og_type":"article","og_title":"PS 781 \/ PS 781-2 complete - Global International B.V.","og_description":"For downloads see our downloads page for the PS 781 Series. &nbsp;  The product specifications for the PS 781 Series:   Machine speed: max 450 spm  Stitch length: max 7 mm  Presser foot lift: max 8 mm  Length of sewing thread: max 120 cm  Needle system: 780C Nm 100- Nm 160  &nbsp;","og_url":"https:\/\/globalsew.com\/fr\/produit\/ps-781-ps-781-2-complet\/","og_site_name":"Global International B.V.","article_modified_time":"2024-10-02T06:38:54+00:00","og_image":[{"width":555,"height":347,"url":"https:\/\/globalsew.com\/wp-content\/uploads\/2017\/03\/WEB-GLOBAL-PS-781-01-GLOBAL-sewing-machines.jpg","type":"image\/jpeg"}],"twitter_card":"summary_large_image","twitter_misc":{"Dur\u00e9e de lecture estim\u00e9e":"1 minute"},"schema":{"@context":"https:\/\/schema.org","@graph":[{"@type":"WebPage","@id":"https:\/\/globalsew.com\/product\/ps-781-ps-781-2-complete\/","url":"https:\/\/globalsew.com\/product\/ps-781-ps-781-2-complete\/","name":"PS 781 \/ PS 781-2 complet - Global International B.V.","isPartOf":{"@id":"https:\/\/globalsew.com\/#website"},"primaryImageOfPage":{"@id":"https:\/\/globalsew.com\/product\/ps-781-ps-781-2-complete\/#primaryimage"},"image":{"@id":"https:\/\/globalsew.com\/product\/ps-781-ps-781-2-complete\/#primaryimage"},"thumbnailUrl":"https:\/\/globalsew.com\/wp-content\/uploads\/2017\/03\/WEB-GLOBAL-PS-781-01-GLOBAL-sewing-machines.jpg","datePublished":"2017-03-08T11:04:43+00:00","dateModified":"2024-10-02T06:38:54+00:00","breadcrumb":{"@id":"https:\/\/globalsew.com\/product\/ps-781-ps-781-2-complete\/#breadcrumb"},"inLanguage":"fr-FR","potentialAction":[{"@type":"ReadAction","target":["https:\/\/globalsew.com\/product\/ps-781-ps-781-2-complete\/"]}]},{"@type":"ImageObject","inLanguage":"fr-FR","@id":"https:\/\/globalsew.com\/product\/ps-781-ps-781-2-complete\/#primaryimage","url":"https:\/\/globalsew.com\/wp-content\/uploads\/2017\/03\/WEB-GLOBAL-PS-781-01-GLOBAL-sewing-machines.jpg","contentUrl":"https:\/\/globalsew.com\/wp-content\/uploads\/2017\/03\/WEB-GLOBAL-PS-781-01-GLOBAL-sewing-machines.jpg","width":555,"height":347,"caption":"WEB-GLOBAL-PS-781-01-GLOBAL-sewing-machines"},{"@type":"BreadcrumbList","@id":"https:\/\/globalsew.com\/product\/ps-781-ps-781-2-complete\/#breadcrumb","itemListElement":[{"@type":"ListItem","position":1,"name":"Home","item":"https:\/\/globalsew.com\/"},{"@type":"ListItem","position":2,"name":"Products","item":"https:\/\/globalsew.com\/products\/"},{"@type":"ListItem","position":3,"name":"PS 781 \/ PS 781-2 complete"}]},{"@type":"WebSite","@id":"https:\/\/globalsew.com\/#website","url":"https:\/\/globalsew.com\/","name":"Global International B.V.","description":"Machines \u00e0 coudre industrielles","potentialAction":[{"@type":"SearchAction","target":{"@type":"EntryPoint","urlTemplate":"https:\/\/globalsew.com\/?s={search_term_string}"},"query-input":{"@type":"PropertyValueSpecification","valueRequired":true,"valueName":"search_term_string"}}],"inLanguage":"fr-FR"}]}},"_links":{"self":[{"href":"https:\/\/globalsew.com\/fr\/wp-json\/wp\/v2\/product\/67410","targetHints":{"allow":["GET"]}}],"collection":[{"href":"https:\/\/globalsew.com\/fr\/wp-json\/wp\/v2\/product"}],"about":[{"href":"https:\/\/globalsew.com\/fr\/wp-json\/wp\/v2\/types\/product"}],"wp:featuredmedia":[{"embeddable":true,"href":"https:\/\/globalsew.com\/fr\/wp-json\/wp\/v2\/media\/67415"}],"wp:attachment":[{"href":"https:\/\/globalsew.com\/fr\/wp-json\/wp\/v2\/media?parent=67410"}],"wp:term":[{"taxonomy":"product_brand","embeddable":true,"href":"https:\/\/globalsew.com\/fr\/wp-json\/wp\/v2\/product_brand?post=67410"},{"taxonomy":"product_cat","embeddable":true,"href":"https:\/\/globalsew.com\/fr\/wp-json\/wp\/v2\/product_cat?post=67410"},{"taxonomy":"product_tag","embeddable":true,"href":"https:\/\/globalsew.com\/fr\/wp-json\/wp\/v2\/product_tag?post=67410"}],"curies":[{"name":"wp","href":"https:\/\/api.w.org\/{rel}","templated":true}]}}