{"id":67323,"date":"2017-03-07T12:25:53","date_gmt":"2017-03-07T11:25:53","guid":{"rendered":"https:\/\/globalsew.com\/?post_type=product&#038;p=67323"},"modified":"2024-05-22T09:44:14","modified_gmt":"2024-05-22T07:44:14","slug":"os-7200-complete-hvp90","status":"publish","type":"product","link":"https:\/\/globalsew.com\/fr\/product\/os-7200-complete-hvp90\/","title":{"rendered":"OS 7200 complet HVP90"},"content":{"rendered":"<div class=\"wpb-content-wrapper\"><div class=\"vc_row wpb_row vc_row-fluid\"><div class=\"wpb_column vc_column_container vc_col-sm-6\"><div class=\"vc_column-inner\"><div class=\"wpb_wrapper\">\n\t<div class=\"wpb_text_column wpb_content_element\" >\n\t\t<div class=\"wpb_wrapper\">\n\t\t\t<p>OS 7200<br \/>\n- Machine \u00e0 coudre cylindrique \u00e0 point ornemental, avec 2 aiguilles, permettant de r\u00e9aliser des coutures fonctionnelles et ornementales sur les empeignes, les valises, les sacs, etc. Fournie avec des cames interchangeables pour coudre 12 motifs diff\u00e9rents. Fournie avec des cames interchangeables pour coudre 12 motifs diff\u00e9rents. Compl\u00e8te avec table, support et servomoteur Ho Hsing.<\/p>\n\n\t\t<\/div>\n\t<\/div>\n<\/div><\/div><\/div><div class=\"wpb_column vc_column_container vc_col-sm-6\"><div class=\"vc_column-inner\"><div class=\"wpb_wrapper\">\n\t<div class=\"wpb_video_widget wpb_content_element vc_clearfix   vc_video-aspect-ratio-169 vc_video-el-width-100 vc_video-align-left\" >\n\t\t<div class=\"wpb_wrapper\">\n\t\t\t\n\t\t\t<div class=\"wpb_video_wrapper\"><iframe title=\"GLOBAL OS7200 - Machine \u00e0 coudre \u00e0 point ornemental pour l&#039;industrie de la chaussure\" width=\"500\" height=\"281\" src=\"https:\/\/www.youtube.com\/embed\/Z6STKHbCWDw?feature=oembed\" frameborder=\"0\" allow=\"accelerometer; autoplay; clipboard-write; encrypted-media; gyroscope; picture-in-picture; web-share\" referrerpolicy=\"strict-origin-when-cross-origin\" allowfullscreen><\/iframe><\/div>\n\t\t<\/div>\n\t<\/div>\n<\/div><\/div><\/div><\/div>\n<\/div>","protected":false},"excerpt":{"rendered":"<p>Pour les t\u00e9l\u00e9chargements, voir notre page de t\u00e9l\u00e9chargements pour l'application <a class=\"download-link\" href=\"https:\/\/globalsew.com\/fr\/telecharger\/serie-os\/\">Machines \u00e0 point d'ornement<\/a>.<br \/>\n&nbsp;<\/p>\n<p>Les sp\u00e9cifications du produit pour l'OS 7200 compl\u00e8tent HVP90 :<\/p>\n<ul>\n<li>Vitesse de la machine : max 250 spm<\/li>\n<li>Syst\u00e8me d'huilage : manuel<\/li>\n<li>Longueur de point : max 10 mm<\/li>\n<li>Lev\u00e9e du pied presseur : max 10 mm<\/li>\n<li>Type d'aiguille : DDx1<\/li>\n<\/ul>","protected":false},"featured_media":67402,"template":"","meta":{"_acf_changed":false},"product_brand":[],"product_cat":[125,25,83],"product_tag":[],"class_list":{"0":"post-67323","1":"product","2":"type-product","3":"status-publish","4":"has-post-thumbnail","6":"product_cat-ornamental-stitching-shoes","7":"product_cat-shoes","8":"product_cat-special-shoe-machines","9":"tm-no-options","11":"first","12":"instock","13":"shipping-taxable","14":"purchasable","15":"product-type-simple"},"acf":[],"gallery_images":[88813],"yoast_head":"<!-- This site is optimized with the Yoast SEO plugin v27.3 - https:\/\/yoast.com\/product\/yoast-seo-wordpress\/ -->\n<title>OS 7200 complete HVP90 - Global International B.V.<\/title>\n<meta name=\"robots\" content=\"index, follow, max-snippet:-1, max-image-preview:large, max-video-preview:-1\" \/>\n<link rel=\"canonical\" href=\"https:\/\/globalsew.com\/fr\/produit\/os-7200-complete-hvp90\/\" \/>\n<meta property=\"og:locale\" content=\"fr_FR\" \/>\n<meta property=\"og:type\" content=\"article\" \/>\n<meta property=\"og:title\" content=\"OS 7200 complete HVP90 - Global International B.V.\" \/>\n<meta property=\"og:description\" content=\"For downloads see our downloads page for the Ornamental Stitch machines. &nbsp;  The product specifications for the OS 7200 complete HVP90:   Machine speed: max 250 spm  Oiling system: manual  Stitch length: max 10 mm  Presser foot lift: max 10 mm  Needle type: DDx1\" \/>\n<meta property=\"og:url\" content=\"https:\/\/globalsew.com\/fr\/produit\/os-7200-complete-hvp90\/\" \/>\n<meta property=\"og:site_name\" content=\"Global International B.V.\" \/>\n<meta property=\"article:modified_time\" content=\"2024-05-22T07:44:14+00:00\" \/>\n<meta property=\"og:image\" content=\"https:\/\/globalsew.com\/wp-content\/uploads\/2017\/03\/WEB-GLOBAL-OS-7200-01-GLOBAL-sewing-machines.jpg\" \/>\n\t<meta property=\"og:image:width\" content=\"555\" \/>\n\t<meta property=\"og:image:height\" content=\"347\" \/>\n\t<meta property=\"og:image:type\" content=\"image\/jpeg\" \/>\n<meta name=\"twitter:card\" content=\"summary_large_image\" \/>\n<script type=\"application\/ld+json\" class=\"yoast-schema-graph\">{\"@context\":\"https:\\\/\\\/schema.org\",\"@graph\":[{\"@type\":\"WebPage\",\"@id\":\"https:\\\/\\\/globalsew.com\\\/product\\\/os-7200-complete-hvp90\\\/\",\"url\":\"https:\\\/\\\/globalsew.com\\\/product\\\/os-7200-complete-hvp90\\\/\",\"name\":\"OS 7200 complete HVP90 - Global International B.V.\",\"isPartOf\":{\"@id\":\"https:\\\/\\\/globalsew.com\\\/#website\"},\"primaryImageOfPage\":{\"@id\":\"https:\\\/\\\/globalsew.com\\\/product\\\/os-7200-complete-hvp90\\\/#primaryimage\"},\"image\":{\"@id\":\"https:\\\/\\\/globalsew.com\\\/product\\\/os-7200-complete-hvp90\\\/#primaryimage\"},\"thumbnailUrl\":\"https:\\\/\\\/globalsew.com\\\/wp-content\\\/uploads\\\/2017\\\/03\\\/WEB-GLOBAL-OS-7200-01-GLOBAL-sewing-machines.jpg\",\"datePublished\":\"2017-03-07T11:25:53+00:00\",\"dateModified\":\"2024-05-22T07:44:14+00:00\",\"breadcrumb\":{\"@id\":\"https:\\\/\\\/globalsew.com\\\/product\\\/os-7200-complete-hvp90\\\/#breadcrumb\"},\"inLanguage\":\"fr-FR\",\"potentialAction\":[{\"@type\":\"ReadAction\",\"target\":[\"https:\\\/\\\/globalsew.com\\\/product\\\/os-7200-complete-hvp90\\\/\"]}]},{\"@type\":\"ImageObject\",\"inLanguage\":\"fr-FR\",\"@id\":\"https:\\\/\\\/globalsew.com\\\/product\\\/os-7200-complete-hvp90\\\/#primaryimage\",\"url\":\"https:\\\/\\\/globalsew.com\\\/wp-content\\\/uploads\\\/2017\\\/03\\\/WEB-GLOBAL-OS-7200-01-GLOBAL-sewing-machines.jpg\",\"contentUrl\":\"https:\\\/\\\/globalsew.com\\\/wp-content\\\/uploads\\\/2017\\\/03\\\/WEB-GLOBAL-OS-7200-01-GLOBAL-sewing-machines.jpg\",\"width\":555,\"height\":347,\"caption\":\"WEB-GLOBAL-OS-7200-01-GLOBAL-sewing-machines\"},{\"@type\":\"BreadcrumbList\",\"@id\":\"https:\\\/\\\/globalsew.com\\\/product\\\/os-7200-complete-hvp90\\\/#breadcrumb\",\"itemListElement\":[{\"@type\":\"ListItem\",\"position\":1,\"name\":\"Home\",\"item\":\"https:\\\/\\\/globalsew.com\\\/\"},{\"@type\":\"ListItem\",\"position\":2,\"name\":\"Products\",\"item\":\"https:\\\/\\\/globalsew.com\\\/products\\\/\"},{\"@type\":\"ListItem\",\"position\":3,\"name\":\"OS 7200 complete HVP90\"}]},{\"@type\":\"WebSite\",\"@id\":\"https:\\\/\\\/globalsew.com\\\/#website\",\"url\":\"https:\\\/\\\/globalsew.com\\\/\",\"name\":\"Global International B.V.\",\"description\":\"Industrial Sewing Machines\",\"potentialAction\":[{\"@type\":\"SearchAction\",\"target\":{\"@type\":\"EntryPoint\",\"urlTemplate\":\"https:\\\/\\\/globalsew.com\\\/?s={search_term_string}\"},\"query-input\":{\"@type\":\"PropertyValueSpecification\",\"valueRequired\":true,\"valueName\":\"search_term_string\"}}],\"inLanguage\":\"fr-FR\"}]}<\/script>\n<!-- \/ Yoast SEO plugin. -->","yoast_head_json":{"title":"OS 7200 complete HVP90 - Global International B.V.","robots":{"index":"index","follow":"follow","max-snippet":"max-snippet:-1","max-image-preview":"max-image-preview:large","max-video-preview":"max-video-preview:-1"},"canonical":"https:\/\/globalsew.com\/fr\/produit\/os-7200-complete-hvp90\/","og_locale":"fr_FR","og_type":"article","og_title":"OS 7200 complete HVP90 - Global International B.V.","og_description":"For downloads see our downloads page for the Ornamental Stitch machines. &nbsp;  The product specifications for the OS 7200 complete HVP90:   Machine speed: max 250 spm  Oiling system: manual  Stitch length: max 10 mm  Presser foot lift: max 10 mm  Needle type: DDx1","og_url":"https:\/\/globalsew.com\/fr\/produit\/os-7200-complete-hvp90\/","og_site_name":"Global International B.V.","article_modified_time":"2024-05-22T07:44:14+00:00","og_image":[{"width":555,"height":347,"url":"https:\/\/globalsew.com\/wp-content\/uploads\/2017\/03\/WEB-GLOBAL-OS-7200-01-GLOBAL-sewing-machines.jpg","type":"image\/jpeg"}],"twitter_card":"summary_large_image","schema":{"@context":"https:\/\/schema.org","@graph":[{"@type":"WebPage","@id":"https:\/\/globalsew.com\/product\/os-7200-complete-hvp90\/","url":"https:\/\/globalsew.com\/product\/os-7200-complete-hvp90\/","name":"OS 7200 complete HVP90 - Global International B.V.","isPartOf":{"@id":"https:\/\/globalsew.com\/#website"},"primaryImageOfPage":{"@id":"https:\/\/globalsew.com\/product\/os-7200-complete-hvp90\/#primaryimage"},"image":{"@id":"https:\/\/globalsew.com\/product\/os-7200-complete-hvp90\/#primaryimage"},"thumbnailUrl":"https:\/\/globalsew.com\/wp-content\/uploads\/2017\/03\/WEB-GLOBAL-OS-7200-01-GLOBAL-sewing-machines.jpg","datePublished":"2017-03-07T11:25:53+00:00","dateModified":"2024-05-22T07:44:14+00:00","breadcrumb":{"@id":"https:\/\/globalsew.com\/product\/os-7200-complete-hvp90\/#breadcrumb"},"inLanguage":"fr-FR","potentialAction":[{"@type":"ReadAction","target":["https:\/\/globalsew.com\/product\/os-7200-complete-hvp90\/"]}]},{"@type":"ImageObject","inLanguage":"fr-FR","@id":"https:\/\/globalsew.com\/product\/os-7200-complete-hvp90\/#primaryimage","url":"https:\/\/globalsew.com\/wp-content\/uploads\/2017\/03\/WEB-GLOBAL-OS-7200-01-GLOBAL-sewing-machines.jpg","contentUrl":"https:\/\/globalsew.com\/wp-content\/uploads\/2017\/03\/WEB-GLOBAL-OS-7200-01-GLOBAL-sewing-machines.jpg","width":555,"height":347,"caption":"WEB-GLOBAL-OS-7200-01-GLOBAL-sewing-machines"},{"@type":"BreadcrumbList","@id":"https:\/\/globalsew.com\/product\/os-7200-complete-hvp90\/#breadcrumb","itemListElement":[{"@type":"ListItem","position":1,"name":"Home","item":"https:\/\/globalsew.com\/"},{"@type":"ListItem","position":2,"name":"Products","item":"https:\/\/globalsew.com\/products\/"},{"@type":"ListItem","position":3,"name":"OS 7200 complete HVP90"}]},{"@type":"WebSite","@id":"https:\/\/globalsew.com\/#website","url":"https:\/\/globalsew.com\/","name":"Global International B.V.","description":"Machines \u00e0 coudre industrielles","potentialAction":[{"@type":"SearchAction","target":{"@type":"EntryPoint","urlTemplate":"https:\/\/globalsew.com\/?s={search_term_string}"},"query-input":{"@type":"PropertyValueSpecification","valueRequired":true,"valueName":"search_term_string"}}],"inLanguage":"fr-FR"}]}},"_links":{"self":[{"href":"https:\/\/globalsew.com\/fr\/wp-json\/wp\/v2\/product\/67323","targetHints":{"allow":["GET"]}}],"collection":[{"href":"https:\/\/globalsew.com\/fr\/wp-json\/wp\/v2\/product"}],"about":[{"href":"https:\/\/globalsew.com\/fr\/wp-json\/wp\/v2\/types\/product"}],"wp:featuredmedia":[{"embeddable":true,"href":"https:\/\/globalsew.com\/fr\/wp-json\/wp\/v2\/media\/67402"}],"wp:attachment":[{"href":"https:\/\/globalsew.com\/fr\/wp-json\/wp\/v2\/media?parent=67323"}],"wp:term":[{"taxonomy":"product_brand","embeddable":true,"href":"https:\/\/globalsew.com\/fr\/wp-json\/wp\/v2\/product_brand?post=67323"},{"taxonomy":"product_cat","embeddable":true,"href":"https:\/\/globalsew.com\/fr\/wp-json\/wp\/v2\/product_cat?post=67323"},{"taxonomy":"product_tag","embeddable":true,"href":"https:\/\/globalsew.com\/fr\/wp-json\/wp\/v2\/product_tag?post=67323"}],"curies":[{"name":"wp","href":"https:\/\/api.w.org\/{rel}","templated":true}]}}