{"id":66378,"date":"2017-03-02T11:16:08","date_gmt":"2017-03-02T10:16:08","guid":{"rendered":"https:\/\/globalsew.com\/?post_type=product&#038;p=66378"},"modified":"2024-05-22T09:44:14","modified_gmt":"2024-05-22T07:44:14","slug":"sm-9204-102","status":"publish","type":"product","link":"https:\/\/globalsew.com\/fr\/product\/sm-9204-102\/","title":{"rendered":"SM 9204-102"},"content":{"rendered":"<div class=\"wpb-content-wrapper\"><div class=\"vc_row wpb_row vc_row-fluid\"><div class=\"wpb_column vc_column_container vc_col-sm-6\"><div class=\"vc_column-inner\"><div class=\"wpb_wrapper\">\n\t<div class=\"wpb_text_column wpb_content_element\" >\n\t\t<div class=\"wpb_wrapper\">\n\t\t\t<p><strong>SM 9204-102<\/strong><br \/>\n- Machine \u00e0 coudre double aiguille, tr\u00e8s robuste, avec crochet navette et rouleau presseur.<br \/>\nSp\u00e9cialement con\u00e7u pour la fabrication de cordons de diff\u00e9rentes largeurs et tailles, comme l'exige le commerce de la chaussure, pour<br \/>\npar le commerce de la maroquinerie, pour ajouter des fi nitions attrayantes \u00e0 des sacs et des articles de maroquinerie, pour ajouter des fi nitions attrayantes \u00e0 des sacs et \u00e0 des articles de maroquinerie.<br \/>\ndes cas de toutes sortes.<\/p>\n\n\t\t<\/div>\n\t<\/div>\n<\/div><\/div><\/div><div class=\"wpb_column vc_column_container vc_col-sm-6\"><div class=\"vc_column-inner\"><div class=\"wpb_wrapper\">\n\t<div class=\"wpb_text_column wpb_content_element\" >\n\t\t<div class=\"wpb_wrapper\">\n\t\t\t<p><a class=\"video-anchor\" name=\"video\"><\/a><\/p>\n\n\t\t<\/div>\n\t<\/div>\n\n\t<div class=\"wpb_video_widget wpb_content_element vc_clearfix   vc_video-aspect-ratio-169 vc_video-el-width-100 vc_video-align-left\" >\n\t\t<div class=\"wpb_wrapper\">\n\t\t\t\n\t\t\t<div class=\"wpb_video_wrapper\"><iframe title=\"Global SM 9204-102- Machine \u00e0 coudre les cordons pour la couture des chaussures\" width=\"500\" height=\"281\" src=\"https:\/\/www.youtube.com\/embed\/UA3dnadzbsc?feature=oembed\" frameborder=\"0\" allow=\"accelerometer; autoplay; clipboard-write; encrypted-media; gyroscope; picture-in-picture; web-share\" referrerpolicy=\"strict-origin-when-cross-origin\" allowfullscreen><\/iframe><\/div>\n\t\t<\/div>\n\t<\/div>\n<\/div><\/div><\/div><\/div>\n<\/div>","protected":false},"excerpt":{"rendered":"<div class=\"row\">\n<div class=\"col-md-4\"><a href=\"https:\/\/globalsew.com\/wp-content\/uploads\/2017\/03\/SM-9204-102.pdf\">T\u00e9l\u00e9charger le d\u00e9pliant<\/a><\/div>\n<div class=\"col-md-4\"><a href=\"#video\"><img decoding=\"async\" src=\"https:\/\/globalsew.com\/wp-content\/uploads\/2017\/11\/youtube-logo-4.png\" width=\"60\" height=\"42\" \/><\/a><\/div>\n<\/div>\n<p>&nbsp;<\/p>\n<p>Les sp\u00e9cifications du produit SM 9204-102 :<\/p>\n<ul>\n<li>Vitesse de la machine : max 650 spm<\/li>\n<li>Syst\u00e8me d'huilage : manuel<\/li>\n<li>Type de crochet : crochet \u00e0 navette<\/li>\n<li>Longueur de point : max 8 mm<\/li>\n<li>Lev\u00e9e du pied presseur : \u00e0 la main max. 10 mm, au genou max. 15 mm<\/li>\n<li>Relevage du point d'arr\u00eat et du pied-de-biche : en option (pneumatique)<\/li>\n<li>Type d'aiguille : 794<\/li>\n<li>Distance entre les aiguilles : standard 5 mm, optionnel : 6 et 7 mm<\/li>\n<li>Taille du cordon : max 2 mm<\/li>\n<\/ul>\n<p><b>Configurateur de produits, veuillez faire votre s\u00e9lection ci-dessous.<\/b><\/p>","protected":false},"featured_media":90402,"template":"","meta":{"_acf_changed":false},"product_brand":[],"product_cat":[25,83],"product_tag":[],"class_list":{"0":"post-66378","1":"product","2":"type-product","3":"status-publish","4":"has-post-thumbnail","6":"product_cat-shoes","7":"product_cat-special-shoe-machines","8":"tm-has-options","10":"first","11":"instock","12":"shipping-taxable","13":"purchasable","14":"product-type-simple"},"acf":[],"gallery_images":[],"yoast_head":"<!-- This site is optimized with the Yoast SEO plugin v27.3 - https:\/\/yoast.com\/product\/yoast-seo-wordpress\/ -->\n<title>SM 9204-102 - Global International B.V.<\/title>\n<meta name=\"robots\" content=\"index, follow, max-snippet:-1, max-image-preview:large, max-video-preview:-1\" \/>\n<link rel=\"canonical\" href=\"https:\/\/globalsew.com\/fr\/produit\/sm-9204-102\/\" \/>\n<meta property=\"og:locale\" content=\"fr_FR\" \/>\n<meta property=\"og:type\" content=\"article\" \/>\n<meta property=\"og:title\" content=\"SM 9204-102 - Global International B.V.\" \/>\n<meta property=\"og:description\" content=\"Download Leaflet   &nbsp;  The product specifications for the SM 9204-102:   Machine speed: max 650 spm  Oiling system: manual  Hook type: shuttle hook  Stitch length: max 8 mm  Presser foot lift: by hand max 10 mm, by knee max 15 mm  Back tack &amp; presser foot lift: optional (pneumatic)  Needle type: 794  Needle distance : standard 5 mm, optional: 6 and 7 mm  Cord size: max 2 mm  Product configurator, please make your selection below.\" \/>\n<meta property=\"og:url\" content=\"https:\/\/globalsew.com\/fr\/produit\/sm-9204-102\/\" \/>\n<meta property=\"og:site_name\" content=\"Global International B.V.\" \/>\n<meta property=\"article:modified_time\" content=\"2024-05-22T07:44:14+00:00\" \/>\n<meta property=\"og:image\" content=\"https:\/\/globalsew.com\/wp-content\/uploads\/2017\/03\/WEB-GLOBAL-SM-9204-102-01-GLOBAL.jpg\" \/>\n\t<meta property=\"og:image:width\" content=\"555\" \/>\n\t<meta property=\"og:image:height\" content=\"347\" \/>\n\t<meta property=\"og:image:type\" content=\"image\/jpeg\" \/>\n<meta name=\"twitter:card\" content=\"summary_large_image\" \/>\n<meta name=\"twitter:label1\" content=\"Dur\u00e9e de lecture estim\u00e9e\" \/>\n\t<meta name=\"twitter:data1\" content=\"1 minute\" \/>\n<script type=\"application\/ld+json\" class=\"yoast-schema-graph\">{\"@context\":\"https:\\\/\\\/schema.org\",\"@graph\":[{\"@type\":\"WebPage\",\"@id\":\"https:\\\/\\\/globalsew.com\\\/product\\\/sm-9204-102\\\/\",\"url\":\"https:\\\/\\\/globalsew.com\\\/product\\\/sm-9204-102\\\/\",\"name\":\"SM 9204-102 - Global International B.V.\",\"isPartOf\":{\"@id\":\"https:\\\/\\\/globalsew.com\\\/#website\"},\"primaryImageOfPage\":{\"@id\":\"https:\\\/\\\/globalsew.com\\\/product\\\/sm-9204-102\\\/#primaryimage\"},\"image\":{\"@id\":\"https:\\\/\\\/globalsew.com\\\/product\\\/sm-9204-102\\\/#primaryimage\"},\"thumbnailUrl\":\"https:\\\/\\\/globalsew.com\\\/wp-content\\\/uploads\\\/2017\\\/03\\\/WEB-GLOBAL-SM-9204-102-01-GLOBAL.jpg\",\"datePublished\":\"2017-03-02T10:16:08+00:00\",\"dateModified\":\"2024-05-22T07:44:14+00:00\",\"breadcrumb\":{\"@id\":\"https:\\\/\\\/globalsew.com\\\/product\\\/sm-9204-102\\\/#breadcrumb\"},\"inLanguage\":\"fr-FR\",\"potentialAction\":[{\"@type\":\"ReadAction\",\"target\":[\"https:\\\/\\\/globalsew.com\\\/product\\\/sm-9204-102\\\/\"]}]},{\"@type\":\"ImageObject\",\"inLanguage\":\"fr-FR\",\"@id\":\"https:\\\/\\\/globalsew.com\\\/product\\\/sm-9204-102\\\/#primaryimage\",\"url\":\"https:\\\/\\\/globalsew.com\\\/wp-content\\\/uploads\\\/2017\\\/03\\\/WEB-GLOBAL-SM-9204-102-01-GLOBAL.jpg\",\"contentUrl\":\"https:\\\/\\\/globalsew.com\\\/wp-content\\\/uploads\\\/2017\\\/03\\\/WEB-GLOBAL-SM-9204-102-01-GLOBAL.jpg\",\"width\":555,\"height\":347},{\"@type\":\"BreadcrumbList\",\"@id\":\"https:\\\/\\\/globalsew.com\\\/product\\\/sm-9204-102\\\/#breadcrumb\",\"itemListElement\":[{\"@type\":\"ListItem\",\"position\":1,\"name\":\"Home\",\"item\":\"https:\\\/\\\/globalsew.com\\\/\"},{\"@type\":\"ListItem\",\"position\":2,\"name\":\"Products\",\"item\":\"https:\\\/\\\/globalsew.com\\\/products\\\/\"},{\"@type\":\"ListItem\",\"position\":3,\"name\":\"SM 9204-102\"}]},{\"@type\":\"WebSite\",\"@id\":\"https:\\\/\\\/globalsew.com\\\/#website\",\"url\":\"https:\\\/\\\/globalsew.com\\\/\",\"name\":\"Global International B.V.\",\"description\":\"Industrial Sewing Machines\",\"potentialAction\":[{\"@type\":\"SearchAction\",\"target\":{\"@type\":\"EntryPoint\",\"urlTemplate\":\"https:\\\/\\\/globalsew.com\\\/?s={search_term_string}\"},\"query-input\":{\"@type\":\"PropertyValueSpecification\",\"valueRequired\":true,\"valueName\":\"search_term_string\"}}],\"inLanguage\":\"fr-FR\"}]}<\/script>\n<!-- \/ Yoast SEO plugin. -->","yoast_head_json":{"title":"SM 9204-102 - Global International B.V.","robots":{"index":"index","follow":"follow","max-snippet":"max-snippet:-1","max-image-preview":"max-image-preview:large","max-video-preview":"max-video-preview:-1"},"canonical":"https:\/\/globalsew.com\/fr\/produit\/sm-9204-102\/","og_locale":"fr_FR","og_type":"article","og_title":"SM 9204-102 - Global International B.V.","og_description":"Download Leaflet   &nbsp;  The product specifications for the SM 9204-102:   Machine speed: max 650 spm  Oiling system: manual  Hook type: shuttle hook  Stitch length: max 8 mm  Presser foot lift: by hand max 10 mm, by knee max 15 mm  Back tack &amp; presser foot lift: optional (pneumatic)  Needle type: 794  Needle distance : standard 5 mm, optional: 6 and 7 mm  Cord size: max 2 mm  Product configurator, please make your selection below.","og_url":"https:\/\/globalsew.com\/fr\/produit\/sm-9204-102\/","og_site_name":"Global International B.V.","article_modified_time":"2024-05-22T07:44:14+00:00","og_image":[{"width":555,"height":347,"url":"https:\/\/globalsew.com\/wp-content\/uploads\/2017\/03\/WEB-GLOBAL-SM-9204-102-01-GLOBAL.jpg","type":"image\/jpeg"}],"twitter_card":"summary_large_image","twitter_misc":{"Dur\u00e9e de lecture estim\u00e9e":"1 minute"},"schema":{"@context":"https:\/\/schema.org","@graph":[{"@type":"WebPage","@id":"https:\/\/globalsew.com\/product\/sm-9204-102\/","url":"https:\/\/globalsew.com\/product\/sm-9204-102\/","name":"SM 9204-102 - Global International B.V.","isPartOf":{"@id":"https:\/\/globalsew.com\/#website"},"primaryImageOfPage":{"@id":"https:\/\/globalsew.com\/product\/sm-9204-102\/#primaryimage"},"image":{"@id":"https:\/\/globalsew.com\/product\/sm-9204-102\/#primaryimage"},"thumbnailUrl":"https:\/\/globalsew.com\/wp-content\/uploads\/2017\/03\/WEB-GLOBAL-SM-9204-102-01-GLOBAL.jpg","datePublished":"2017-03-02T10:16:08+00:00","dateModified":"2024-05-22T07:44:14+00:00","breadcrumb":{"@id":"https:\/\/globalsew.com\/product\/sm-9204-102\/#breadcrumb"},"inLanguage":"fr-FR","potentialAction":[{"@type":"ReadAction","target":["https:\/\/globalsew.com\/product\/sm-9204-102\/"]}]},{"@type":"ImageObject","inLanguage":"fr-FR","@id":"https:\/\/globalsew.com\/product\/sm-9204-102\/#primaryimage","url":"https:\/\/globalsew.com\/wp-content\/uploads\/2017\/03\/WEB-GLOBAL-SM-9204-102-01-GLOBAL.jpg","contentUrl":"https:\/\/globalsew.com\/wp-content\/uploads\/2017\/03\/WEB-GLOBAL-SM-9204-102-01-GLOBAL.jpg","width":555,"height":347},{"@type":"BreadcrumbList","@id":"https:\/\/globalsew.com\/product\/sm-9204-102\/#breadcrumb","itemListElement":[{"@type":"ListItem","position":1,"name":"Home","item":"https:\/\/globalsew.com\/"},{"@type":"ListItem","position":2,"name":"Products","item":"https:\/\/globalsew.com\/products\/"},{"@type":"ListItem","position":3,"name":"SM 9204-102"}]},{"@type":"WebSite","@id":"https:\/\/globalsew.com\/#website","url":"https:\/\/globalsew.com\/","name":"Global International B.V.","description":"Machines \u00e0 coudre industrielles","potentialAction":[{"@type":"SearchAction","target":{"@type":"EntryPoint","urlTemplate":"https:\/\/globalsew.com\/?s={search_term_string}"},"query-input":{"@type":"PropertyValueSpecification","valueRequired":true,"valueName":"search_term_string"}}],"inLanguage":"fr-FR"}]}},"_links":{"self":[{"href":"https:\/\/globalsew.com\/fr\/wp-json\/wp\/v2\/product\/66378","targetHints":{"allow":["GET"]}}],"collection":[{"href":"https:\/\/globalsew.com\/fr\/wp-json\/wp\/v2\/product"}],"about":[{"href":"https:\/\/globalsew.com\/fr\/wp-json\/wp\/v2\/types\/product"}],"wp:featuredmedia":[{"embeddable":true,"href":"https:\/\/globalsew.com\/fr\/wp-json\/wp\/v2\/media\/90402"}],"wp:attachment":[{"href":"https:\/\/globalsew.com\/fr\/wp-json\/wp\/v2\/media?parent=66378"}],"wp:term":[{"taxonomy":"product_brand","embeddable":true,"href":"https:\/\/globalsew.com\/fr\/wp-json\/wp\/v2\/product_brand?post=66378"},{"taxonomy":"product_cat","embeddable":true,"href":"https:\/\/globalsew.com\/fr\/wp-json\/wp\/v2\/product_cat?post=66378"},{"taxonomy":"product_tag","embeddable":true,"href":"https:\/\/globalsew.com\/fr\/wp-json\/wp\/v2\/product_tag?post=66378"}],"curies":[{"name":"wp","href":"https:\/\/api.w.org\/{rel}","templated":true}]}}