{"id":66317,"date":"2017-04-06T13:11:30","date_gmt":"2017-04-06T11:11:30","guid":{"rendered":"https:\/\/globalsew.com\/?post_type=product&#038;p=66317"},"modified":"2024-01-18T16:14:54","modified_gmt":"2024-01-18T15:14:54","slug":"vb-1010-complet","status":"publish","type":"product","link":"https:\/\/globalsew.com\/fr\/product\/vb-1010-complete\/","title":{"rendered":"VB 1010 complet"},"content":{"rendered":"<div class=\"wpb-content-wrapper\"><div class=\"vc_row wpb_row vc_row-fluid\"><div class=\"wpb_column vc_column_container vc_col-sm-6\"><div class=\"vc_column-inner\"><div class=\"wpb_wrapper\">\n\t<div class=\"wpb_text_column wpb_content_element\" >\n\t\t<div class=\"wpb_wrapper\">\n\t\t\t<p><strong>VB 1010<br \/>\n<\/strong><br \/>\nMachine point nou\u00e9 deux aiguilles entra\u00een\u00e9e par Mitsubishi-VINCO, entra\u00eenement direct PLK-G, crochet navette et coupe-fil. Cette machine a \u00e9t\u00e9 modifi\u00e9e pour \u00eatre adapt\u00e9e \u00e0 l'industrie de la chaussure. Le dispositif double couleur (DCT - Double Colour Technology), brevet\u00e9 par VINCO, permet de coudre avec 2 fils de couleurs\/\u00e9paisseurs diff\u00e9rentes en un seul cycle de couture. Gr\u00e2ce aux deux barres d'aiguille s\u00e9par\u00e9es, il est possible de passer automatiquement d'une aiguille \u00e0 l'autre en suivant le motif de couture. Il est \u00e9galement possible d'acheter un logiciel pour cr\u00e9er les patrons sur le PC ou d'envoyer un croquis \u00e0 notre d\u00e9partement de conception et nous ferons le patron pour vous et l'enverrons par e-mail. Vous pouvez le t\u00e9l\u00e9charger sur une cl\u00e9 USB et le charger sur la machine. Il est possible de stocker 512 motifs diff\u00e9rents dans la m\u00e9moire interne. Des pinces sp\u00e9ciales pour vos mod\u00e8les sont disponibles sur demande.<\/p>\n\n\t\t<\/div>\n\t<\/div>\n<\/div><\/div><\/div><div class=\"wpb_column vc_column_container vc_col-sm-6\"><div class=\"vc_column-inner\"><div class=\"wpb_wrapper\">\n\t<div class=\"wpb_video_widget wpb_content_element vc_clearfix   vc_video-aspect-ratio-169 vc_video-el-width-100 vc_video-align-left\" >\n\t\t<div class=\"wpb_wrapper\">\n\t\t\t\n\t\t\t<div class=\"wpb_video_wrapper\"><iframe title=\"Global VB1010 - Machine \u00e0 chaussures sp\u00e9ciale\" width=\"500\" height=\"281\" src=\"https:\/\/www.youtube.com\/embed\/zpAeyfPYXEE?feature=oembed\" frameborder=\"0\" allow=\"accelerometer; autoplay; clipboard-write; encrypted-media; gyroscope; picture-in-picture; web-share\" referrerpolicy=\"strict-origin-when-cross-origin\" allowfullscreen><\/iframe><\/div>\n\t\t<\/div>\n\t<\/div>\n<\/div><\/div><\/div><\/div>\n<\/div>","protected":false},"excerpt":{"rendered":"<div class=\"row\">\n<div class=\"col-md-6\"><a class=\"download-button\" href=\"https:\/\/globalsew.com\/wp-content\/uploads\/2018\/01\/vb1010leaf.pdf\" target=\"_blank\" rel=\"noopener\">T\u00e9l\u00e9charger le d\u00e9pliant<\/a><\/div>\n<\/div>\n<p>&nbsp;<\/p>\n<p>Complet avec table, support et moteur.<\/p>\n<p>&nbsp;<\/p>\n<p>Les sp\u00e9cifications du produit Global VB 1010 :<\/p>\n<ul>\n<li>Vitesse de la machine : max. 2500 SPM<\/li>\n<li>Syst\u00e8me d'alimentation : par moteur \u00e0 impulsion (X - Y)<\/li>\n<li>Longueur de point : max. 20 mm<\/li>\n<li>Type de crochet : crochet \u00e0 navette<\/li>\n<li>Type d'aiguille : DPx17<\/li>\n<li>Plage de couture : 258\u00d7158 mm<\/li>\n<li>Source d'alimentation : Monophas\u00e9, 220 V, 50 \/60 Hz, servomoteur AC Mitsubishi (750 Watt) \u00e0 entra\u00eenement direct<\/li>\n<\/ul>\n<div class=\"col-md-4\"><a href=\"#video\"><img decoding=\"async\" src=\"https:\/\/globalsew.com\/wp-content\/uploads\/2017\/11\/youtube-logo-4.png\" width=\"60\" height=\"42\" \/><\/a><\/div>","protected":false},"featured_media":88832,"template":"","meta":{"_acf_changed":false},"product_brand":[],"product_cat":[122,25],"product_tag":[],"class_list":{"0":"post-66317","1":"product","2":"type-product","3":"status-publish","4":"has-post-thumbnail","6":"product_cat-shoe-machines","7":"product_cat-shoes","8":"tm-no-options","10":"first","11":"instock","12":"shipping-taxable","13":"purchasable","14":"product-type-simple"},"acf":[],"gallery_images":[88833],"yoast_head":"<!-- This site is optimized with the Yoast SEO plugin v27.3 - https:\/\/yoast.com\/product\/yoast-seo-wordpress\/ -->\n<title>VB 1010 complete - Global International B.V.<\/title>\n<meta name=\"robots\" content=\"index, follow, max-snippet:-1, max-image-preview:large, max-video-preview:-1\" \/>\n<link rel=\"canonical\" href=\"https:\/\/globalsew.com\/fr\/produit\/vb-1010-complet\/\" \/>\n<meta property=\"og:locale\" content=\"fr_FR\" \/>\n<meta property=\"og:type\" content=\"article\" \/>\n<meta property=\"og:title\" content=\"VB 1010 complete - Global International B.V.\" \/>\n<meta property=\"og:description\" content=\"Download Leaflet  &nbsp;  Complete with table, stand and motor.  &nbsp;  The product specifications for the Global VB 1010:   Machine speed: max. 2500 SPM  Feeding system: by pulse motor (X - Y)  Stitch length: max. 20 mm  Hook type: shuttle hook  Needle type: DPx17  Sewing range: 258x158 mm  Power source: Single phase, 220 V, 50 \/60 Hz, AC servomotor Mitsubishi (750 Watt) direct drive\" \/>\n<meta property=\"og:url\" content=\"https:\/\/globalsew.com\/fr\/produit\/vb-1010-complet\/\" \/>\n<meta property=\"og:site_name\" content=\"Global International B.V.\" \/>\n<meta property=\"article:modified_time\" content=\"2024-01-18T15:14:54+00:00\" \/>\n<meta property=\"og:image\" content=\"https:\/\/globalsew.com\/wp-content\/uploads\/2017\/02\/WEB-GLOBAL-VINCO-VB-1010-01-GLOBAL-sewing-machines.jpg\" \/>\n\t<meta property=\"og:image:width\" content=\"555\" \/>\n\t<meta property=\"og:image:height\" content=\"347\" \/>\n\t<meta property=\"og:image:type\" content=\"image\/jpeg\" \/>\n<meta name=\"twitter:card\" content=\"summary_large_image\" \/>\n<meta name=\"twitter:label1\" content=\"Dur\u00e9e de lecture estim\u00e9e\" \/>\n\t<meta name=\"twitter:data1\" content=\"1 minute\" \/>\n<script type=\"application\/ld+json\" class=\"yoast-schema-graph\">{\"@context\":\"https:\\\/\\\/schema.org\",\"@graph\":[{\"@type\":\"WebPage\",\"@id\":\"https:\\\/\\\/globalsew.com\\\/product\\\/vb-1010-complete\\\/\",\"url\":\"https:\\\/\\\/globalsew.com\\\/product\\\/vb-1010-complete\\\/\",\"name\":\"VB 1010 complete - Global International B.V.\",\"isPartOf\":{\"@id\":\"https:\\\/\\\/globalsew.com\\\/#website\"},\"primaryImageOfPage\":{\"@id\":\"https:\\\/\\\/globalsew.com\\\/product\\\/vb-1010-complete\\\/#primaryimage\"},\"image\":{\"@id\":\"https:\\\/\\\/globalsew.com\\\/product\\\/vb-1010-complete\\\/#primaryimage\"},\"thumbnailUrl\":\"https:\\\/\\\/globalsew.com\\\/wp-content\\\/uploads\\\/2017\\\/02\\\/WEB-GLOBAL-VINCO-VB-1010-01-GLOBAL-sewing-machines.jpg\",\"datePublished\":\"2017-04-06T11:11:30+00:00\",\"dateModified\":\"2024-01-18T15:14:54+00:00\",\"breadcrumb\":{\"@id\":\"https:\\\/\\\/globalsew.com\\\/product\\\/vb-1010-complete\\\/#breadcrumb\"},\"inLanguage\":\"fr-FR\",\"potentialAction\":[{\"@type\":\"ReadAction\",\"target\":[\"https:\\\/\\\/globalsew.com\\\/product\\\/vb-1010-complete\\\/\"]}]},{\"@type\":\"ImageObject\",\"inLanguage\":\"fr-FR\",\"@id\":\"https:\\\/\\\/globalsew.com\\\/product\\\/vb-1010-complete\\\/#primaryimage\",\"url\":\"https:\\\/\\\/globalsew.com\\\/wp-content\\\/uploads\\\/2017\\\/02\\\/WEB-GLOBAL-VINCO-VB-1010-01-GLOBAL-sewing-machines.jpg\",\"contentUrl\":\"https:\\\/\\\/globalsew.com\\\/wp-content\\\/uploads\\\/2017\\\/02\\\/WEB-GLOBAL-VINCO-VB-1010-01-GLOBAL-sewing-machines.jpg\",\"width\":555,\"height\":347,\"caption\":\"WEB-GLOBAL-VINCO-VB-1010-01-GLOBAL-sewing-machines\"},{\"@type\":\"BreadcrumbList\",\"@id\":\"https:\\\/\\\/globalsew.com\\\/product\\\/vb-1010-complete\\\/#breadcrumb\",\"itemListElement\":[{\"@type\":\"ListItem\",\"position\":1,\"name\":\"Home\",\"item\":\"https:\\\/\\\/globalsew.com\\\/\"},{\"@type\":\"ListItem\",\"position\":2,\"name\":\"Products\",\"item\":\"https:\\\/\\\/globalsew.com\\\/products\\\/\"},{\"@type\":\"ListItem\",\"position\":3,\"name\":\"VB 1010 complete\"}]},{\"@type\":\"WebSite\",\"@id\":\"https:\\\/\\\/globalsew.com\\\/#website\",\"url\":\"https:\\\/\\\/globalsew.com\\\/\",\"name\":\"Global International B.V.\",\"description\":\"Industrial Sewing Machines\",\"potentialAction\":[{\"@type\":\"SearchAction\",\"target\":{\"@type\":\"EntryPoint\",\"urlTemplate\":\"https:\\\/\\\/globalsew.com\\\/?s={search_term_string}\"},\"query-input\":{\"@type\":\"PropertyValueSpecification\",\"valueRequired\":true,\"valueName\":\"search_term_string\"}}],\"inLanguage\":\"fr-FR\"}]}<\/script>\n<!-- \/ Yoast SEO plugin. -->","yoast_head_json":{"title":"VB 1010 complet - Global International B.V.","robots":{"index":"index","follow":"follow","max-snippet":"max-snippet:-1","max-image-preview":"max-image-preview:large","max-video-preview":"max-video-preview:-1"},"canonical":"https:\/\/globalsew.com\/fr\/produit\/vb-1010-complet\/","og_locale":"fr_FR","og_type":"article","og_title":"VB 1010 complete - Global International B.V.","og_description":"Download Leaflet  &nbsp;  Complete with table, stand and motor.  &nbsp;  The product specifications for the Global VB 1010:   Machine speed: max. 2500 SPM  Feeding system: by pulse motor (X - Y)  Stitch length: max. 20 mm  Hook type: shuttle hook  Needle type: DPx17  Sewing range: 258x158 mm  Power source: Single phase, 220 V, 50 \/60 Hz, AC servomotor Mitsubishi (750 Watt) direct drive","og_url":"https:\/\/globalsew.com\/fr\/produit\/vb-1010-complet\/","og_site_name":"Global International B.V.","article_modified_time":"2024-01-18T15:14:54+00:00","og_image":[{"width":555,"height":347,"url":"https:\/\/globalsew.com\/wp-content\/uploads\/2017\/02\/WEB-GLOBAL-VINCO-VB-1010-01-GLOBAL-sewing-machines.jpg","type":"image\/jpeg"}],"twitter_card":"summary_large_image","twitter_misc":{"Dur\u00e9e de lecture estim\u00e9e":"1 minute"},"schema":{"@context":"https:\/\/schema.org","@graph":[{"@type":"WebPage","@id":"https:\/\/globalsew.com\/product\/vb-1010-complete\/","url":"https:\/\/globalsew.com\/product\/vb-1010-complete\/","name":"VB 1010 complet - Global International B.V.","isPartOf":{"@id":"https:\/\/globalsew.com\/#website"},"primaryImageOfPage":{"@id":"https:\/\/globalsew.com\/product\/vb-1010-complete\/#primaryimage"},"image":{"@id":"https:\/\/globalsew.com\/product\/vb-1010-complete\/#primaryimage"},"thumbnailUrl":"https:\/\/globalsew.com\/wp-content\/uploads\/2017\/02\/WEB-GLOBAL-VINCO-VB-1010-01-GLOBAL-sewing-machines.jpg","datePublished":"2017-04-06T11:11:30+00:00","dateModified":"2024-01-18T15:14:54+00:00","breadcrumb":{"@id":"https:\/\/globalsew.com\/product\/vb-1010-complete\/#breadcrumb"},"inLanguage":"fr-FR","potentialAction":[{"@type":"ReadAction","target":["https:\/\/globalsew.com\/product\/vb-1010-complete\/"]}]},{"@type":"ImageObject","inLanguage":"fr-FR","@id":"https:\/\/globalsew.com\/product\/vb-1010-complete\/#primaryimage","url":"https:\/\/globalsew.com\/wp-content\/uploads\/2017\/02\/WEB-GLOBAL-VINCO-VB-1010-01-GLOBAL-sewing-machines.jpg","contentUrl":"https:\/\/globalsew.com\/wp-content\/uploads\/2017\/02\/WEB-GLOBAL-VINCO-VB-1010-01-GLOBAL-sewing-machines.jpg","width":555,"height":347,"caption":"WEB-GLOBAL-VINCO-VB-1010-01-GLOBAL-sewing-machines"},{"@type":"BreadcrumbList","@id":"https:\/\/globalsew.com\/product\/vb-1010-complete\/#breadcrumb","itemListElement":[{"@type":"ListItem","position":1,"name":"Home","item":"https:\/\/globalsew.com\/"},{"@type":"ListItem","position":2,"name":"Products","item":"https:\/\/globalsew.com\/products\/"},{"@type":"ListItem","position":3,"name":"VB 1010 complete"}]},{"@type":"WebSite","@id":"https:\/\/globalsew.com\/#website","url":"https:\/\/globalsew.com\/","name":"Global International B.V.","description":"Machines \u00e0 coudre industrielles","potentialAction":[{"@type":"SearchAction","target":{"@type":"EntryPoint","urlTemplate":"https:\/\/globalsew.com\/?s={search_term_string}"},"query-input":{"@type":"PropertyValueSpecification","valueRequired":true,"valueName":"search_term_string"}}],"inLanguage":"fr-FR"}]}},"_links":{"self":[{"href":"https:\/\/globalsew.com\/fr\/wp-json\/wp\/v2\/product\/66317","targetHints":{"allow":["GET"]}}],"collection":[{"href":"https:\/\/globalsew.com\/fr\/wp-json\/wp\/v2\/product"}],"about":[{"href":"https:\/\/globalsew.com\/fr\/wp-json\/wp\/v2\/types\/product"}],"wp:featuredmedia":[{"embeddable":true,"href":"https:\/\/globalsew.com\/fr\/wp-json\/wp\/v2\/media\/88832"}],"wp:attachment":[{"href":"https:\/\/globalsew.com\/fr\/wp-json\/wp\/v2\/media?parent=66317"}],"wp:term":[{"taxonomy":"product_brand","embeddable":true,"href":"https:\/\/globalsew.com\/fr\/wp-json\/wp\/v2\/product_brand?post=66317"},{"taxonomy":"product_cat","embeddable":true,"href":"https:\/\/globalsew.com\/fr\/wp-json\/wp\/v2\/product_cat?post=66317"},{"taxonomy":"product_tag","embeddable":true,"href":"https:\/\/globalsew.com\/fr\/wp-json\/wp\/v2\/product_tag?post=66317"}],"curies":[{"name":"wp","href":"https:\/\/api.w.org\/{rel}","templated":true}]}}