{"id":52261,"date":"2017-02-20T12:44:16","date_gmt":"2017-02-20T11:44:16","guid":{"rendered":"https:\/\/globalsew.com\/?post_type=product&#038;p=52261"},"modified":"2024-05-22T09:42:36","modified_gmt":"2024-05-22T07:42:36","slug":"bh-9982-oeillet","status":"publish","type":"product","link":"https:\/\/globalsew.com\/fr\/product\/bh-9982-eyelet\/","title":{"rendered":"BH 9982 \u0152illet"},"content":{"rendered":"<p>Machine \u00e0 boutonni\u00e8res \u00e0 grande vitesse, \u00e0 point de cha\u00eenette \u00e0 deux fils, \u00e0 \u0153illet \u00e9lectronique, avec coupe-fil pour le fil sup\u00e9rieur et le fil inf\u00e9rieur. Le bo\u00eetier de commande programmable permet de passer facilement de \"coupe apr\u00e8s\" \u00e0 \"coupe avant\", de faire des boutonni\u00e8res avec ou sans barre de mouche et barre transversale. Jusqu'\u00e0 9 programmes de cycle diff\u00e9rents peuvent \u00eatre m\u00e9moris\u00e9s. La machine est livr\u00e9e compl\u00e8te avec son support, son plateau et son moteur. Cette machine permet de coudre des \u0153illets ronds de 2 \u00e0 5 mm. Les pi\u00e8ces sp\u00e9ciales n\u00e9cessaires doivent \u00eatre achet\u00e9es s\u00e9par\u00e9ment.<\/p>","protected":false},"excerpt":{"rendered":"<div class=\"row\">\n<div class=\"col-md-6\"><a class=\"download-button\" href=\"https:\/\/globalsew.com\/wp-content\/uploads\/2017\/02\/BH-9982-Leaflet.pdf\" target=\"_blank\" rel=\"noopener\">T\u00e9l\u00e9charger le d\u00e9pliant<\/a><\/div>\n<div class=\"col-md-6\"><a class=\"download-button\" href=\"https:\/\/globalsew.com\/wp-content\/uploads\/2023\/02\/BH-9982-instructions.pdf\" target=\"_blank\" rel=\"noopener\">T\u00e9l\u00e9charger le manuel<\/a><\/div>\n<div class=\"col-md-6\"><a class=\"download-button\" href=\"https:\/\/globalsew.com\/wp-content\/uploads\/2023\/02\/bh9982-parts.pdf\" target=\"_blank\" rel=\"noopener\">T\u00e9l\u00e9charger le manuel des pi\u00e8ces d\u00e9tach\u00e9es<\/a><\/div>\n<\/div>\n<p>&nbsp;<\/p>\n<p>Les sp\u00e9cifications du produit BH 9982 Eyelet :<\/p>\n<ul>\n<li>Vitesse de la machine : max 2000 spm<\/li>\n<li>Type de point : 401<\/li>\n<li>Nombre d'aiguilles : 1<\/li>\n<li>Points par cycle : r\u00e9glable<\/li>\n<li>Hauteur de la pince de travail : 12 mm<\/li>\n<li>Type d'alimentation : moteurs \u00e0 impulsions pour une alimentation x-y pr\u00e9cise<\/li>\n<li>Type d'aiguille : 558<\/li>\n<li>Taille de la boutonni\u00e8re : 13-38 mm<\/li>\n<li>Taille des \u0153illets ronds : 2, 3, 4 et 5 mm (kit de couture, couteaux et blocs en option)<\/li>\n<\/ul>","protected":false},"featured_media":67371,"template":"","meta":{"_acf_changed":false},"product_brand":[],"product_cat":[68,24],"product_tag":[],"class_list":{"0":"post-52261","1":"product","2":"type-product","3":"status-publish","4":"has-post-thumbnail","6":"product_cat-eyelet-buttonhole","7":"product_cat-garment","8":"tm-no-options","10":"first","11":"instock","12":"shipping-taxable","13":"purchasable","14":"product-type-simple"},"acf":[],"gallery_images":[105758,105761],"yoast_head":"<!-- This site is optimized with the Yoast SEO plugin v27.3 - https:\/\/yoast.com\/product\/yoast-seo-wordpress\/ -->\n<title>BH 9982 Eyelet - Global International B.V.<\/title>\n<meta name=\"robots\" content=\"index, follow, max-snippet:-1, max-image-preview:large, max-video-preview:-1\" \/>\n<link rel=\"canonical\" href=\"https:\/\/globalsew.com\/fr\/produit\/bh-9982-oeillet\/\" \/>\n<meta property=\"og:locale\" content=\"fr_FR\" \/>\n<meta property=\"og:type\" content=\"article\" \/>\n<meta property=\"og:title\" content=\"BH 9982 Eyelet - Global International B.V.\" \/>\n<meta property=\"og:description\" content=\"Download Leaflet Download Manual Download Partsmanual  &nbsp;  The product specifications for the BH 9982 Eyelet:   Machine speed: max 2000 spm  Stitch type: 401  Number of needles: 1  Stitches per cycle: adjustable  Work clamp height: 12 mm  Feed type: pulse motors for accurate x-y feeding  Needle type: 558  Buttonhole size: 13-38 mm  Round eyelet size: 2,3,4 and 5 mm (sewingset,knives and blocks are optional)\" \/>\n<meta property=\"og:url\" content=\"https:\/\/globalsew.com\/fr\/produit\/bh-9982-oeillet\/\" \/>\n<meta property=\"og:site_name\" content=\"Global International B.V.\" \/>\n<meta property=\"article:modified_time\" content=\"2024-05-22T07:42:36+00:00\" \/>\n<meta property=\"og:image\" content=\"https:\/\/globalsew.com\/wp-content\/uploads\/2017\/02\/WEB-GLOBAL-BH-9982-01-GLOBAL-sewing-machines.jpg\" \/>\n\t<meta property=\"og:image:width\" content=\"555\" \/>\n\t<meta property=\"og:image:height\" content=\"347\" \/>\n\t<meta property=\"og:image:type\" content=\"image\/jpeg\" \/>\n<meta name=\"twitter:card\" content=\"summary_large_image\" \/>\n<meta name=\"twitter:label1\" content=\"Dur\u00e9e de lecture estim\u00e9e\" \/>\n\t<meta name=\"twitter:data1\" content=\"1 minute\" \/>\n<script type=\"application\/ld+json\" class=\"yoast-schema-graph\">{\"@context\":\"https:\\\/\\\/schema.org\",\"@graph\":[{\"@type\":\"WebPage\",\"@id\":\"https:\\\/\\\/globalsew.com\\\/product\\\/bh-9982-eyelet\\\/\",\"url\":\"https:\\\/\\\/globalsew.com\\\/product\\\/bh-9982-eyelet\\\/\",\"name\":\"BH 9982 Eyelet - Global International B.V.\",\"isPartOf\":{\"@id\":\"https:\\\/\\\/globalsew.com\\\/#website\"},\"primaryImageOfPage\":{\"@id\":\"https:\\\/\\\/globalsew.com\\\/product\\\/bh-9982-eyelet\\\/#primaryimage\"},\"image\":{\"@id\":\"https:\\\/\\\/globalsew.com\\\/product\\\/bh-9982-eyelet\\\/#primaryimage\"},\"thumbnailUrl\":\"https:\\\/\\\/globalsew.com\\\/wp-content\\\/uploads\\\/2017\\\/02\\\/WEB-GLOBAL-BH-9982-01-GLOBAL-sewing-machines.jpg\",\"datePublished\":\"2017-02-20T11:44:16+00:00\",\"dateModified\":\"2024-05-22T07:42:36+00:00\",\"breadcrumb\":{\"@id\":\"https:\\\/\\\/globalsew.com\\\/product\\\/bh-9982-eyelet\\\/#breadcrumb\"},\"inLanguage\":\"fr-FR\",\"potentialAction\":[{\"@type\":\"ReadAction\",\"target\":[\"https:\\\/\\\/globalsew.com\\\/product\\\/bh-9982-eyelet\\\/\"]}]},{\"@type\":\"ImageObject\",\"inLanguage\":\"fr-FR\",\"@id\":\"https:\\\/\\\/globalsew.com\\\/product\\\/bh-9982-eyelet\\\/#primaryimage\",\"url\":\"https:\\\/\\\/globalsew.com\\\/wp-content\\\/uploads\\\/2017\\\/02\\\/WEB-GLOBAL-BH-9982-01-GLOBAL-sewing-machines.jpg\",\"contentUrl\":\"https:\\\/\\\/globalsew.com\\\/wp-content\\\/uploads\\\/2017\\\/02\\\/WEB-GLOBAL-BH-9982-01-GLOBAL-sewing-machines.jpg\",\"width\":555,\"height\":347,\"caption\":\"WEB-GLOBAL-BH-9982-01-GLOBAL-sewing-machines\"},{\"@type\":\"BreadcrumbList\",\"@id\":\"https:\\\/\\\/globalsew.com\\\/product\\\/bh-9982-eyelet\\\/#breadcrumb\",\"itemListElement\":[{\"@type\":\"ListItem\",\"position\":1,\"name\":\"Home\",\"item\":\"https:\\\/\\\/globalsew.com\\\/\"},{\"@type\":\"ListItem\",\"position\":2,\"name\":\"Products\",\"item\":\"https:\\\/\\\/globalsew.com\\\/products\\\/\"},{\"@type\":\"ListItem\",\"position\":3,\"name\":\"BH 9982 Eyelet\"}]},{\"@type\":\"WebSite\",\"@id\":\"https:\\\/\\\/globalsew.com\\\/#website\",\"url\":\"https:\\\/\\\/globalsew.com\\\/\",\"name\":\"Global International B.V.\",\"description\":\"Industrial Sewing Machines\",\"potentialAction\":[{\"@type\":\"SearchAction\",\"target\":{\"@type\":\"EntryPoint\",\"urlTemplate\":\"https:\\\/\\\/globalsew.com\\\/?s={search_term_string}\"},\"query-input\":{\"@type\":\"PropertyValueSpecification\",\"valueRequired\":true,\"valueName\":\"search_term_string\"}}],\"inLanguage\":\"fr-FR\"}]}<\/script>\n<!-- \/ Yoast SEO plugin. -->","yoast_head_json":{"title":"BH 9982 \u0152illet - Global International B.V.","robots":{"index":"index","follow":"follow","max-snippet":"max-snippet:-1","max-image-preview":"max-image-preview:large","max-video-preview":"max-video-preview:-1"},"canonical":"https:\/\/globalsew.com\/fr\/produit\/bh-9982-oeillet\/","og_locale":"fr_FR","og_type":"article","og_title":"BH 9982 Eyelet - Global International B.V.","og_description":"Download Leaflet Download Manual Download Partsmanual  &nbsp;  The product specifications for the BH 9982 Eyelet:   Machine speed: max 2000 spm  Stitch type: 401  Number of needles: 1  Stitches per cycle: adjustable  Work clamp height: 12 mm  Feed type: pulse motors for accurate x-y feeding  Needle type: 558  Buttonhole size: 13-38 mm  Round eyelet size: 2,3,4 and 5 mm (sewingset,knives and blocks are optional)","og_url":"https:\/\/globalsew.com\/fr\/produit\/bh-9982-oeillet\/","og_site_name":"Global International B.V.","article_modified_time":"2024-05-22T07:42:36+00:00","og_image":[{"width":555,"height":347,"url":"https:\/\/globalsew.com\/wp-content\/uploads\/2017\/02\/WEB-GLOBAL-BH-9982-01-GLOBAL-sewing-machines.jpg","type":"image\/jpeg"}],"twitter_card":"summary_large_image","twitter_misc":{"Dur\u00e9e de lecture estim\u00e9e":"1 minute"},"schema":{"@context":"https:\/\/schema.org","@graph":[{"@type":"WebPage","@id":"https:\/\/globalsew.com\/product\/bh-9982-eyelet\/","url":"https:\/\/globalsew.com\/product\/bh-9982-eyelet\/","name":"BH 9982 \u0152illet - Global International B.V.","isPartOf":{"@id":"https:\/\/globalsew.com\/#website"},"primaryImageOfPage":{"@id":"https:\/\/globalsew.com\/product\/bh-9982-eyelet\/#primaryimage"},"image":{"@id":"https:\/\/globalsew.com\/product\/bh-9982-eyelet\/#primaryimage"},"thumbnailUrl":"https:\/\/globalsew.com\/wp-content\/uploads\/2017\/02\/WEB-GLOBAL-BH-9982-01-GLOBAL-sewing-machines.jpg","datePublished":"2017-02-20T11:44:16+00:00","dateModified":"2024-05-22T07:42:36+00:00","breadcrumb":{"@id":"https:\/\/globalsew.com\/product\/bh-9982-eyelet\/#breadcrumb"},"inLanguage":"fr-FR","potentialAction":[{"@type":"ReadAction","target":["https:\/\/globalsew.com\/product\/bh-9982-eyelet\/"]}]},{"@type":"ImageObject","inLanguage":"fr-FR","@id":"https:\/\/globalsew.com\/product\/bh-9982-eyelet\/#primaryimage","url":"https:\/\/globalsew.com\/wp-content\/uploads\/2017\/02\/WEB-GLOBAL-BH-9982-01-GLOBAL-sewing-machines.jpg","contentUrl":"https:\/\/globalsew.com\/wp-content\/uploads\/2017\/02\/WEB-GLOBAL-BH-9982-01-GLOBAL-sewing-machines.jpg","width":555,"height":347,"caption":"WEB-GLOBAL-BH-9982-01-GLOBAL-sewing-machines"},{"@type":"BreadcrumbList","@id":"https:\/\/globalsew.com\/product\/bh-9982-eyelet\/#breadcrumb","itemListElement":[{"@type":"ListItem","position":1,"name":"Home","item":"https:\/\/globalsew.com\/"},{"@type":"ListItem","position":2,"name":"Products","item":"https:\/\/globalsew.com\/products\/"},{"@type":"ListItem","position":3,"name":"BH 9982 Eyelet"}]},{"@type":"WebSite","@id":"https:\/\/globalsew.com\/#website","url":"https:\/\/globalsew.com\/","name":"Global International B.V.","description":"Machines \u00e0 coudre industrielles","potentialAction":[{"@type":"SearchAction","target":{"@type":"EntryPoint","urlTemplate":"https:\/\/globalsew.com\/?s={search_term_string}"},"query-input":{"@type":"PropertyValueSpecification","valueRequired":true,"valueName":"search_term_string"}}],"inLanguage":"fr-FR"}]}},"_links":{"self":[{"href":"https:\/\/globalsew.com\/fr\/wp-json\/wp\/v2\/product\/52261","targetHints":{"allow":["GET"]}}],"collection":[{"href":"https:\/\/globalsew.com\/fr\/wp-json\/wp\/v2\/product"}],"about":[{"href":"https:\/\/globalsew.com\/fr\/wp-json\/wp\/v2\/types\/product"}],"wp:featuredmedia":[{"embeddable":true,"href":"https:\/\/globalsew.com\/fr\/wp-json\/wp\/v2\/media\/67371"}],"wp:attachment":[{"href":"https:\/\/globalsew.com\/fr\/wp-json\/wp\/v2\/media?parent=52261"}],"wp:term":[{"taxonomy":"product_brand","embeddable":true,"href":"https:\/\/globalsew.com\/fr\/wp-json\/wp\/v2\/product_brand?post=52261"},{"taxonomy":"product_cat","embeddable":true,"href":"https:\/\/globalsew.com\/fr\/wp-json\/wp\/v2\/product_cat?post=52261"},{"taxonomy":"product_tag","embeddable":true,"href":"https:\/\/globalsew.com\/fr\/wp-json\/wp\/v2\/product_tag?post=52261"}],"curies":[{"name":"wp","href":"https:\/\/api.w.org\/{rel}","templated":true}]}}