{"id":21214,"date":"2017-02-09T15:11:56","date_gmt":"2017-02-09T14:11:56","guid":{"rendered":"https:\/\/globalsew.com\/?post_type=product&#038;p=21214"},"modified":"2026-02-23T14:48:43","modified_gmt":"2026-02-23T13:48:43","slug":"ov-400-serie-dd","status":"publish","type":"product","link":"https:\/\/globalsew.com\/fr\/product\/ov-400-dd-series\/","title":{"rendered":"S\u00e9rie OV 400 DD"},"content":{"rendered":"<div class=\"wpb-content-wrapper\"><div class=\"vc_row wpb_row vc_row-fluid\"><div class=\"wpb_column vc_column_container vc_col-sm-6\"><div class=\"vc_column-inner\"><div class=\"wpb_wrapper\">\n\t<div class=\"wpb_text_column wpb_content_element\" >\n\t\t<div class=\"wpb_wrapper\">\n\t\t\t<h2>Surjeteuses \u00e0 entra\u00eenement direct<\/h2>\n<p><strong>OV 404-010 DD<\/strong><br \/>\nSurjeteuse \u00e0 entra\u00eenement direct, une aiguille, 3 fils, avec servomoteur int\u00e9gr\u00e9 et bo\u00eetier de commande. Surjet de 2 mm pour les mouchoirs ou autres travaux de couture \u00e9troits. Lubrification enti\u00e8rement automatique. Vitesse maximale de la machine 7000 SPM.<\/p>\n<p><strong>OV 404-040 DD<\/strong><br \/>\nSurjeteuse \u00e0 entra\u00eenement direct, une aiguille, 3 fils, avec servomoteur et bo\u00eetier de commande int\u00e9gr\u00e9s. Lubrification enti\u00e8rement automatique. Vitesse maximale de la machine 7000 SPM.<br \/>\n<strong>OV 404-040 L-DD<br \/>\n<\/strong>Identique \u00e0 l'OV 404-040 DD, mais machine pour gaucher.<\/p>\n<p><strong>OV 414-240 DD<\/strong><br \/>\nSurjeteuse \u00e0 entra\u00eenement direct, 2 aiguilles, 4 fils, avec servomoteur int\u00e9gr\u00e9 et bo\u00eetier de commande. Ecartement d'aiguille 2 mm, largeur de surjet 4 mm (total 6 mm). Lubrification enti\u00e8rement automatique. Vitesse max. de la machine 7000 SPM<\/p>\n<p><strong>OV 416-350 DD<\/strong><br \/>\nSurjeteuse \u00e0 entra\u00eenement direct, 2 aiguilles, 5 fils, avec servomoteur int\u00e9gr\u00e9 et bo\u00eetier de commande. Ecartement d'aiguille 3 mm, largeur de surjet 5 mm (total 8 mm). Lubrification enti\u00e8rement automatique. Vitesse max. de la machine 7000 SPM<br \/>\n<strong>OV 413-350 L-DD<\/strong><br \/>\nIdentique \u00e0 l'OV 416-350 DD, mais machine pour gaucher.<\/p>\n<p><strong>OV 416-550 DD<\/strong><br \/>\nSurjeteuse \u00e0 entra\u00eenement direct, 2 aiguilles, 5 fils, avec servomoteur int\u00e9gr\u00e9 et bo\u00eetier de commande. Ecartement d'aiguille 5 mm, largeur de surjet 5 mm (total 10 mm). Lubrification enti\u00e8rement automatique. Vitesse max. de la machine 7000 SPM<\/p>\n<p><strong>OV 416-558 DD<\/strong><br \/>\nSurjeteuse \u00e0 entra\u00eenement direct, 2 aiguilles, 5 fils, point de s\u00e9curit\u00e9, avec relevage et pied tracteur pour les travaux tr\u00e8s lourds, avec servomoteur et bo\u00eetier de commande int\u00e9gr\u00e9s. Ecartement d'aiguille 5 mm, largeur de surjet 5 mm (total 10 mm). Lubrification enti\u00e8rement automatique. Vitesse max. de la machine 6500 SPM<\/p>\n\n\t\t<\/div>\n\t<\/div>\n<\/div><\/div><\/div><div class=\"wpb_column vc_column_container vc_col-sm-6\"><div class=\"vc_column-inner\"><div class=\"wpb_wrapper\">\n\t<div class=\"wpb_text_column wpb_content_element\" >\n\t\t<div class=\"wpb_wrapper\">\n\t\t\t<p><a class=\"video-anchor\" name=\"video\"><\/a><\/p>\n\n\t\t<\/div>\n\t<\/div>\n\n\t<div class=\"wpb_video_widget wpb_content_element vc_clearfix   vc_video-aspect-ratio-169 vc_video-el-width-100 vc_video-align-center\" >\n\t\t<div class=\"wpb_wrapper\">\n\t\t\t\n\t\t\t<div class=\"wpb_video_wrapper\"><iframe title=\"Global OV 414 240 DD - Machines \u00e0 coudre surjeteuses \u00e0 grande vitesse avec entra\u00eenement direct.\" width=\"500\" height=\"281\" src=\"https:\/\/www.youtube.com\/embed\/RNZZWg-MbAs?feature=oembed\" frameborder=\"0\" allow=\"accelerometer; autoplay; clipboard-write; encrypted-media; gyroscope; picture-in-picture; web-share\" allowfullscreen><\/iframe><\/div>\n\t\t<\/div>\n\t<\/div>\n<\/div><\/div><\/div><\/div>\n<\/div>","protected":false},"excerpt":{"rendered":"<p>Pour les t\u00e9l\u00e9chargements, voir notre page de t\u00e9l\u00e9chargements pour l'application <a class=\"download-link\" href=\"https:\/\/globalsew.com\/fr\/telecharger\/serie-ov-400\/\">surjeteuse s\u00e9rie OV 400<\/a>.<\/p>\n<div class=\"col-md-4\"><a href=\"#video\"><img decoding=\"async\" src=\"https:\/\/globalsew.com\/wp-content\/uploads\/2017\/11\/youtube-logo-4.png\" width=\"60px\" height=\"42px\" \/><\/a><\/div>\n<p><img decoding=\"async\" src=\"HIER PLAATS JE DE LINK VAN DE AFBEELDING\" \/><\/p>","protected":false},"featured_media":105381,"template":"","meta":{"_acf_changed":false},"product_brand":[],"product_cat":[24,118,109],"product_tag":[],"class_list":{"0":"post-21214","1":"product","2":"type-product","3":"status-publish","4":"has-post-thumbnail","6":"product_cat-garment","7":"product_cat-overlock-machines-overlock-machines","8":"product_cat-overlock-machines","9":"tm-has-options","11":"first","12":"instock","13":"shipping-taxable","14":"purchasable","15":"product-type-simple"},"acf":[],"gallery_images":[105755,105382,105384,105386],"yoast_head":"<!-- This site is optimized with the Yoast SEO plugin v27.3 - https:\/\/yoast.com\/product\/yoast-seo-wordpress\/ -->\n<title>OV 400 DD Series - Global International B.V.<\/title>\n<meta name=\"robots\" content=\"index, follow, max-snippet:-1, max-image-preview:large, max-video-preview:-1\" \/>\n<link rel=\"canonical\" href=\"https:\/\/globalsew.com\/fr\/produit\/ov-400-serie-dd\/\" \/>\n<meta property=\"og:locale\" content=\"fr_FR\" \/>\n<meta property=\"og:type\" content=\"article\" \/>\n<meta property=\"og:title\" content=\"OV 400 DD Series - Global International B.V.\" \/>\n<meta property=\"og:description\" content=\"For downloads see our downloads page for the overlock OV 400 series.\" \/>\n<meta property=\"og:url\" content=\"https:\/\/globalsew.com\/fr\/produit\/ov-400-serie-dd\/\" \/>\n<meta property=\"og:site_name\" content=\"Global International B.V.\" \/>\n<meta property=\"article:modified_time\" content=\"2026-02-23T13:48:43+00:00\" \/>\n<meta property=\"og:image\" content=\"https:\/\/globalsew.com\/wp-content\/uploads\/2017\/02\/products-OV0404-010-DD-08-global-1080-website-2024.jpg\" \/>\n\t<meta property=\"og:image:width\" content=\"1819\" \/>\n\t<meta property=\"og:image:height\" content=\"1080\" \/>\n\t<meta property=\"og:image:type\" content=\"image\/jpeg\" \/>\n<meta name=\"twitter:card\" content=\"summary_large_image\" \/>\n<meta name=\"twitter:label1\" content=\"Dur\u00e9e de lecture estim\u00e9e\" \/>\n\t<meta name=\"twitter:data1\" content=\"2 minutes\" \/>\n<script type=\"application\/ld+json\" class=\"yoast-schema-graph\">{\"@context\":\"https:\\\/\\\/schema.org\",\"@graph\":[{\"@type\":\"WebPage\",\"@id\":\"https:\\\/\\\/globalsew.com\\\/product\\\/ov-400-dd-series\\\/\",\"url\":\"https:\\\/\\\/globalsew.com\\\/product\\\/ov-400-dd-series\\\/\",\"name\":\"OV 400 DD Series - Global International B.V.\",\"isPartOf\":{\"@id\":\"https:\\\/\\\/globalsew.com\\\/#website\"},\"primaryImageOfPage\":{\"@id\":\"https:\\\/\\\/globalsew.com\\\/product\\\/ov-400-dd-series\\\/#primaryimage\"},\"image\":{\"@id\":\"https:\\\/\\\/globalsew.com\\\/product\\\/ov-400-dd-series\\\/#primaryimage\"},\"thumbnailUrl\":\"https:\\\/\\\/globalsew.com\\\/wp-content\\\/uploads\\\/2017\\\/02\\\/products-OV0404-010-DD-08-global-1080-website-2024.jpg\",\"datePublished\":\"2017-02-09T14:11:56+00:00\",\"dateModified\":\"2026-02-23T13:48:43+00:00\",\"breadcrumb\":{\"@id\":\"https:\\\/\\\/globalsew.com\\\/product\\\/ov-400-dd-series\\\/#breadcrumb\"},\"inLanguage\":\"fr-FR\",\"potentialAction\":[{\"@type\":\"ReadAction\",\"target\":[\"https:\\\/\\\/globalsew.com\\\/product\\\/ov-400-dd-series\\\/\"]}]},{\"@type\":\"ImageObject\",\"inLanguage\":\"fr-FR\",\"@id\":\"https:\\\/\\\/globalsew.com\\\/product\\\/ov-400-dd-series\\\/#primaryimage\",\"url\":\"https:\\\/\\\/globalsew.com\\\/wp-content\\\/uploads\\\/2017\\\/02\\\/products-OV0404-010-DD-08-global-1080-website-2024.jpg\",\"contentUrl\":\"https:\\\/\\\/globalsew.com\\\/wp-content\\\/uploads\\\/2017\\\/02\\\/products-OV0404-010-DD-08-global-1080-website-2024.jpg\",\"width\":1819,\"height\":1080,\"caption\":\"OV 404-010 DD\"},{\"@type\":\"BreadcrumbList\",\"@id\":\"https:\\\/\\\/globalsew.com\\\/product\\\/ov-400-dd-series\\\/#breadcrumb\",\"itemListElement\":[{\"@type\":\"ListItem\",\"position\":1,\"name\":\"Home\",\"item\":\"https:\\\/\\\/globalsew.com\\\/\"},{\"@type\":\"ListItem\",\"position\":2,\"name\":\"Products\",\"item\":\"https:\\\/\\\/globalsew.com\\\/products\\\/\"},{\"@type\":\"ListItem\",\"position\":3,\"name\":\"OV 400 DD Series\"}]},{\"@type\":\"WebSite\",\"@id\":\"https:\\\/\\\/globalsew.com\\\/#website\",\"url\":\"https:\\\/\\\/globalsew.com\\\/\",\"name\":\"Global International B.V.\",\"description\":\"Industrial Sewing Machines\",\"potentialAction\":[{\"@type\":\"SearchAction\",\"target\":{\"@type\":\"EntryPoint\",\"urlTemplate\":\"https:\\\/\\\/globalsew.com\\\/?s={search_term_string}\"},\"query-input\":{\"@type\":\"PropertyValueSpecification\",\"valueRequired\":true,\"valueName\":\"search_term_string\"}}],\"inLanguage\":\"fr-FR\"}]}<\/script>\n<!-- \/ Yoast SEO plugin. -->","yoast_head_json":{"title":"S\u00e9rie OV 400 DD - Global International B.V.","robots":{"index":"index","follow":"follow","max-snippet":"max-snippet:-1","max-image-preview":"max-image-preview:large","max-video-preview":"max-video-preview:-1"},"canonical":"https:\/\/globalsew.com\/fr\/produit\/ov-400-serie-dd\/","og_locale":"fr_FR","og_type":"article","og_title":"OV 400 DD Series - Global International B.V.","og_description":"For downloads see our downloads page for the overlock OV 400 series.","og_url":"https:\/\/globalsew.com\/fr\/produit\/ov-400-serie-dd\/","og_site_name":"Global International B.V.","article_modified_time":"2026-02-23T13:48:43+00:00","og_image":[{"width":1819,"height":1080,"url":"https:\/\/globalsew.com\/wp-content\/uploads\/2017\/02\/products-OV0404-010-DD-08-global-1080-website-2024.jpg","type":"image\/jpeg"}],"twitter_card":"summary_large_image","twitter_misc":{"Dur\u00e9e de lecture estim\u00e9e":"2 minutes"},"schema":{"@context":"https:\/\/schema.org","@graph":[{"@type":"WebPage","@id":"https:\/\/globalsew.com\/product\/ov-400-dd-series\/","url":"https:\/\/globalsew.com\/product\/ov-400-dd-series\/","name":"S\u00e9rie OV 400 DD - Global International B.V.","isPartOf":{"@id":"https:\/\/globalsew.com\/#website"},"primaryImageOfPage":{"@id":"https:\/\/globalsew.com\/product\/ov-400-dd-series\/#primaryimage"},"image":{"@id":"https:\/\/globalsew.com\/product\/ov-400-dd-series\/#primaryimage"},"thumbnailUrl":"https:\/\/globalsew.com\/wp-content\/uploads\/2017\/02\/products-OV0404-010-DD-08-global-1080-website-2024.jpg","datePublished":"2017-02-09T14:11:56+00:00","dateModified":"2026-02-23T13:48:43+00:00","breadcrumb":{"@id":"https:\/\/globalsew.com\/product\/ov-400-dd-series\/#breadcrumb"},"inLanguage":"fr-FR","potentialAction":[{"@type":"ReadAction","target":["https:\/\/globalsew.com\/product\/ov-400-dd-series\/"]}]},{"@type":"ImageObject","inLanguage":"fr-FR","@id":"https:\/\/globalsew.com\/product\/ov-400-dd-series\/#primaryimage","url":"https:\/\/globalsew.com\/wp-content\/uploads\/2017\/02\/products-OV0404-010-DD-08-global-1080-website-2024.jpg","contentUrl":"https:\/\/globalsew.com\/wp-content\/uploads\/2017\/02\/products-OV0404-010-DD-08-global-1080-website-2024.jpg","width":1819,"height":1080,"caption":"OV 404-010 DD"},{"@type":"BreadcrumbList","@id":"https:\/\/globalsew.com\/product\/ov-400-dd-series\/#breadcrumb","itemListElement":[{"@type":"ListItem","position":1,"name":"Home","item":"https:\/\/globalsew.com\/"},{"@type":"ListItem","position":2,"name":"Products","item":"https:\/\/globalsew.com\/products\/"},{"@type":"ListItem","position":3,"name":"OV 400 DD Series"}]},{"@type":"WebSite","@id":"https:\/\/globalsew.com\/#website","url":"https:\/\/globalsew.com\/","name":"Global International B.V.","description":"Machines \u00e0 coudre industrielles","potentialAction":[{"@type":"SearchAction","target":{"@type":"EntryPoint","urlTemplate":"https:\/\/globalsew.com\/?s={search_term_string}"},"query-input":{"@type":"PropertyValueSpecification","valueRequired":true,"valueName":"search_term_string"}}],"inLanguage":"fr-FR"}]}},"_links":{"self":[{"href":"https:\/\/globalsew.com\/fr\/wp-json\/wp\/v2\/product\/21214","targetHints":{"allow":["GET"]}}],"collection":[{"href":"https:\/\/globalsew.com\/fr\/wp-json\/wp\/v2\/product"}],"about":[{"href":"https:\/\/globalsew.com\/fr\/wp-json\/wp\/v2\/types\/product"}],"wp:featuredmedia":[{"embeddable":true,"href":"https:\/\/globalsew.com\/fr\/wp-json\/wp\/v2\/media\/105381"}],"wp:attachment":[{"href":"https:\/\/globalsew.com\/fr\/wp-json\/wp\/v2\/media?parent=21214"}],"wp:term":[{"taxonomy":"product_brand","embeddable":true,"href":"https:\/\/globalsew.com\/fr\/wp-json\/wp\/v2\/product_brand?post=21214"},{"taxonomy":"product_cat","embeddable":true,"href":"https:\/\/globalsew.com\/fr\/wp-json\/wp\/v2\/product_cat?post=21214"},{"taxonomy":"product_tag","embeddable":true,"href":"https:\/\/globalsew.com\/fr\/wp-json\/wp\/v2\/product_tag?post=21214"}],"curies":[{"name":"wp","href":"https:\/\/api.w.org\/{rel}","templated":true}]}}