{"id":15320,"date":"2017-02-09T11:09:29","date_gmt":"2017-02-09T10:09:29","guid":{"rendered":"https:\/\/globalsew.com\/?post_type=product&#038;p=15320"},"modified":"2024-05-22T09:35:38","modified_gmt":"2024-05-22T07:35:38","slug":"zz-509-ps","status":"publish","type":"product","link":"https:\/\/globalsew.com\/fr\/product\/zz-509-ps\/","title":{"rendered":"ZZ 509 PS"},"content":{"rendered":"<div class=\"wpb-content-wrapper\"><div class=\"vc_row wpb_row vc_row-fluid\"><div class=\"wpb_column vc_column_container vc_col-sm-6\"><div class=\"vc_column-inner\"><div class=\"wpb_wrapper\">\n\t<div class=\"wpb_text_column wpb_content_element\" >\n\t\t<div class=\"wpb_wrapper\">\n\t\t\t<p><strong>ZZ 509 PS<\/strong><br \/>\n- Machine \u00e0 coudre sp\u00e9ciale \"point de perle\". Cette machine ZZ 509 convertie a \u00e9t\u00e9 sp\u00e9cialement con\u00e7ue pour r\u00e9aliser divers<br \/>\ntypes de points d\u00e9coratifs. Cette machine est \u00e9quip\u00e9e d'un syst\u00e8me de lubrification semi-automatique.<\/p>\n<p>&nbsp;<\/p>\n<p>&nbsp;<\/p>\n<p><img decoding=\"async\" class=\"alignnone size-full wp-image-94796\" src=\"https:\/\/globalsew.com\/wp-content\/uploads\/2017\/11\/koban-xs-global.jpg\" alt=\"\" width=\"73\" height=\"68\" \/>\u00a0 \u00a0 \u00a0 \u00a0 \u00a0 \u00a0 \u00a0 \u00a0 \u00a0 \u00a0 \u00a0 \u00a0 \u00a0 \u00a0 \u00a0 \u00a0 \u00a0 \u00a0 \u00a0 \u00a0 \u00a0 \u00a0 \u00a0 \u00a0 \u00a0 \u00a0 \u00a0 \u00a0 \u00a0 \u00a0 \u00a0 \u00a0 \u00a0 \u00a0 \u00a0 \u00a0 \u00a0<img decoding=\"async\" class=\"alignnone size-full wp-image-94794\" src=\"https:\/\/globalsew.com\/wp-content\/uploads\/2017\/04\/eac-xs-global.jpg\" alt=\"\" width=\"73\" height=\"68\" \/>\u00a0\u00a0<img decoding=\"async\" class=\"alignnone size-full wp-image-94793\" src=\"https:\/\/globalsew.com\/wp-content\/uploads\/2017\/04\/ce-xs-global.jpg\" alt=\"\" width=\"73\" height=\"68\" \/><\/p>\n\n\t\t<\/div>\n\t<\/div>\n<\/div><\/div><\/div><div class=\"wpb_column vc_column_container vc_col-sm-6\"><div class=\"vc_column-inner\"><div class=\"wpb_wrapper\">\n\t<div class=\"wpb_video_widget wpb_content_element vc_clearfix   vc_video-aspect-ratio-169 vc_video-el-width-100 vc_video-align-left\" >\n\t\t<div class=\"wpb_wrapper\">\n\t\t\t\n\t\t\t<div class=\"wpb_video_wrapper\"><iframe title=\"Global ZZ 509 PS - Machine \u00e0 coudre point de perle ou point fantaisie\" width=\"500\" height=\"281\" src=\"https:\/\/www.youtube.com\/embed\/eokW_KvSN7M?feature=oembed\" frameborder=\"0\" allow=\"accelerometer; autoplay; clipboard-write; encrypted-media; gyroscope; picture-in-picture; web-share\" allowfullscreen><\/iframe><\/div>\n\t\t<\/div>\n\t<\/div>\n<\/div><\/div><\/div><\/div>\n<\/div>","protected":false},"excerpt":{"rendered":"<p>Pour les t\u00e9l\u00e9chargements, voir notre page de t\u00e9l\u00e9chargements pour l'application <a class=\"download-link\" href=\"https:\/\/globalsew.com\/fr\/telecharger\/zz-509-machine-zig-zag\/\">ZZ 509 s\u00e9rie zig-zag<\/a>.<\/p>","protected":false},"featured_media":105862,"template":"","meta":{"_acf_changed":false},"product_brand":[],"product_cat":[24,377],"product_tag":[],"class_list":{"0":"post-15320","1":"product","2":"type-product","3":"status-publish","4":"has-post-thumbnail","6":"product_cat-garment","7":"product_cat-zig-zag-machines-garment","8":"tm-has-options","10":"first","11":"instock","12":"shipping-taxable","13":"purchasable","14":"product-type-simple"},"acf":[],"gallery_images":[],"yoast_head":"<!-- This site is optimized with the Yoast SEO plugin v27.3 - https:\/\/yoast.com\/product\/yoast-seo-wordpress\/ -->\n<title>ZZ 509 PS - Global International B.V.<\/title>\n<meta name=\"robots\" content=\"index, follow, max-snippet:-1, max-image-preview:large, max-video-preview:-1\" \/>\n<link rel=\"canonical\" href=\"https:\/\/globalsew.com\/fr\/produit\/zz-509-ps\/\" \/>\n<meta property=\"og:locale\" content=\"fr_FR\" \/>\n<meta property=\"og:type\" content=\"article\" \/>\n<meta property=\"og:title\" content=\"ZZ 509 PS - Global International B.V.\" \/>\n<meta property=\"og:description\" content=\"For downloads see our downloads page for the ZZ 509 zig-zag series.\" \/>\n<meta property=\"og:url\" content=\"https:\/\/globalsew.com\/fr\/produit\/zz-509-ps\/\" \/>\n<meta property=\"og:site_name\" content=\"Global International B.V.\" \/>\n<meta property=\"article:modified_time\" content=\"2024-05-22T07:35:38+00:00\" \/>\n<meta property=\"og:image\" content=\"https:\/\/globalsew.com\/wp-content\/uploads\/2017\/02\/products-PS-509-PS-03-global-1080-website-2024.jpg\" \/>\n\t<meta property=\"og:image:width\" content=\"1819\" \/>\n\t<meta property=\"og:image:height\" content=\"1080\" \/>\n\t<meta property=\"og:image:type\" content=\"image\/jpeg\" \/>\n<meta name=\"twitter:card\" content=\"summary_large_image\" \/>\n<meta name=\"twitter:label1\" content=\"Dur\u00e9e de lecture estim\u00e9e\" \/>\n\t<meta name=\"twitter:data1\" content=\"1 minute\" \/>\n<script type=\"application\/ld+json\" class=\"yoast-schema-graph\">{\"@context\":\"https:\\\/\\\/schema.org\",\"@graph\":[{\"@type\":\"WebPage\",\"@id\":\"https:\\\/\\\/globalsew.com\\\/product\\\/zz-509-ps\\\/\",\"url\":\"https:\\\/\\\/globalsew.com\\\/product\\\/zz-509-ps\\\/\",\"name\":\"ZZ 509 PS - Global International B.V.\",\"isPartOf\":{\"@id\":\"https:\\\/\\\/globalsew.com\\\/#website\"},\"primaryImageOfPage\":{\"@id\":\"https:\\\/\\\/globalsew.com\\\/product\\\/zz-509-ps\\\/#primaryimage\"},\"image\":{\"@id\":\"https:\\\/\\\/globalsew.com\\\/product\\\/zz-509-ps\\\/#primaryimage\"},\"thumbnailUrl\":\"https:\\\/\\\/globalsew.com\\\/wp-content\\\/uploads\\\/2017\\\/02\\\/products-PS-509-PS-03-global-1080-website-2024.jpg\",\"datePublished\":\"2017-02-09T10:09:29+00:00\",\"dateModified\":\"2024-05-22T07:35:38+00:00\",\"breadcrumb\":{\"@id\":\"https:\\\/\\\/globalsew.com\\\/product\\\/zz-509-ps\\\/#breadcrumb\"},\"inLanguage\":\"fr-FR\",\"potentialAction\":[{\"@type\":\"ReadAction\",\"target\":[\"https:\\\/\\\/globalsew.com\\\/product\\\/zz-509-ps\\\/\"]}]},{\"@type\":\"ImageObject\",\"inLanguage\":\"fr-FR\",\"@id\":\"https:\\\/\\\/globalsew.com\\\/product\\\/zz-509-ps\\\/#primaryimage\",\"url\":\"https:\\\/\\\/globalsew.com\\\/wp-content\\\/uploads\\\/2017\\\/02\\\/products-PS-509-PS-03-global-1080-website-2024.jpg\",\"contentUrl\":\"https:\\\/\\\/globalsew.com\\\/wp-content\\\/uploads\\\/2017\\\/02\\\/products-PS-509-PS-03-global-1080-website-2024.jpg\",\"width\":1819,\"height\":1080,\"caption\":\"ZZ 509 PS\"},{\"@type\":\"BreadcrumbList\",\"@id\":\"https:\\\/\\\/globalsew.com\\\/product\\\/zz-509-ps\\\/#breadcrumb\",\"itemListElement\":[{\"@type\":\"ListItem\",\"position\":1,\"name\":\"Home\",\"item\":\"https:\\\/\\\/globalsew.com\\\/\"},{\"@type\":\"ListItem\",\"position\":2,\"name\":\"Products\",\"item\":\"https:\\\/\\\/globalsew.com\\\/products\\\/\"},{\"@type\":\"ListItem\",\"position\":3,\"name\":\"ZZ 509 PS\"}]},{\"@type\":\"WebSite\",\"@id\":\"https:\\\/\\\/globalsew.com\\\/#website\",\"url\":\"https:\\\/\\\/globalsew.com\\\/\",\"name\":\"Global International B.V.\",\"description\":\"Industrial Sewing Machines\",\"potentialAction\":[{\"@type\":\"SearchAction\",\"target\":{\"@type\":\"EntryPoint\",\"urlTemplate\":\"https:\\\/\\\/globalsew.com\\\/?s={search_term_string}\"},\"query-input\":{\"@type\":\"PropertyValueSpecification\",\"valueRequired\":true,\"valueName\":\"search_term_string\"}}],\"inLanguage\":\"fr-FR\"}]}<\/script>\n<!-- \/ Yoast SEO plugin. -->","yoast_head_json":{"title":"ZZ 509 PS - Global International B.V.","robots":{"index":"index","follow":"follow","max-snippet":"max-snippet:-1","max-image-preview":"max-image-preview:large","max-video-preview":"max-video-preview:-1"},"canonical":"https:\/\/globalsew.com\/fr\/produit\/zz-509-ps\/","og_locale":"fr_FR","og_type":"article","og_title":"ZZ 509 PS - Global International B.V.","og_description":"For downloads see our downloads page for the ZZ 509 zig-zag series.","og_url":"https:\/\/globalsew.com\/fr\/produit\/zz-509-ps\/","og_site_name":"Global International B.V.","article_modified_time":"2024-05-22T07:35:38+00:00","og_image":[{"width":1819,"height":1080,"url":"https:\/\/globalsew.com\/wp-content\/uploads\/2017\/02\/products-PS-509-PS-03-global-1080-website-2024.jpg","type":"image\/jpeg"}],"twitter_card":"summary_large_image","twitter_misc":{"Dur\u00e9e de lecture estim\u00e9e":"1 minute"},"schema":{"@context":"https:\/\/schema.org","@graph":[{"@type":"WebPage","@id":"https:\/\/globalsew.com\/product\/zz-509-ps\/","url":"https:\/\/globalsew.com\/product\/zz-509-ps\/","name":"ZZ 509 PS - Global International B.V.","isPartOf":{"@id":"https:\/\/globalsew.com\/#website"},"primaryImageOfPage":{"@id":"https:\/\/globalsew.com\/product\/zz-509-ps\/#primaryimage"},"image":{"@id":"https:\/\/globalsew.com\/product\/zz-509-ps\/#primaryimage"},"thumbnailUrl":"https:\/\/globalsew.com\/wp-content\/uploads\/2017\/02\/products-PS-509-PS-03-global-1080-website-2024.jpg","datePublished":"2017-02-09T10:09:29+00:00","dateModified":"2024-05-22T07:35:38+00:00","breadcrumb":{"@id":"https:\/\/globalsew.com\/product\/zz-509-ps\/#breadcrumb"},"inLanguage":"fr-FR","potentialAction":[{"@type":"ReadAction","target":["https:\/\/globalsew.com\/product\/zz-509-ps\/"]}]},{"@type":"ImageObject","inLanguage":"fr-FR","@id":"https:\/\/globalsew.com\/product\/zz-509-ps\/#primaryimage","url":"https:\/\/globalsew.com\/wp-content\/uploads\/2017\/02\/products-PS-509-PS-03-global-1080-website-2024.jpg","contentUrl":"https:\/\/globalsew.com\/wp-content\/uploads\/2017\/02\/products-PS-509-PS-03-global-1080-website-2024.jpg","width":1819,"height":1080,"caption":"ZZ 509 PS"},{"@type":"BreadcrumbList","@id":"https:\/\/globalsew.com\/product\/zz-509-ps\/#breadcrumb","itemListElement":[{"@type":"ListItem","position":1,"name":"Home","item":"https:\/\/globalsew.com\/"},{"@type":"ListItem","position":2,"name":"Products","item":"https:\/\/globalsew.com\/products\/"},{"@type":"ListItem","position":3,"name":"ZZ 509 PS"}]},{"@type":"WebSite","@id":"https:\/\/globalsew.com\/#website","url":"https:\/\/globalsew.com\/","name":"Global International B.V.","description":"Machines \u00e0 coudre industrielles","potentialAction":[{"@type":"SearchAction","target":{"@type":"EntryPoint","urlTemplate":"https:\/\/globalsew.com\/?s={search_term_string}"},"query-input":{"@type":"PropertyValueSpecification","valueRequired":true,"valueName":"search_term_string"}}],"inLanguage":"fr-FR"}]}},"_links":{"self":[{"href":"https:\/\/globalsew.com\/fr\/wp-json\/wp\/v2\/product\/15320","targetHints":{"allow":["GET"]}}],"collection":[{"href":"https:\/\/globalsew.com\/fr\/wp-json\/wp\/v2\/product"}],"about":[{"href":"https:\/\/globalsew.com\/fr\/wp-json\/wp\/v2\/types\/product"}],"wp:featuredmedia":[{"embeddable":true,"href":"https:\/\/globalsew.com\/fr\/wp-json\/wp\/v2\/media\/105862"}],"wp:attachment":[{"href":"https:\/\/globalsew.com\/fr\/wp-json\/wp\/v2\/media?parent=15320"}],"wp:term":[{"taxonomy":"product_brand","embeddable":true,"href":"https:\/\/globalsew.com\/fr\/wp-json\/wp\/v2\/product_brand?post=15320"},{"taxonomy":"product_cat","embeddable":true,"href":"https:\/\/globalsew.com\/fr\/wp-json\/wp\/v2\/product_cat?post=15320"},{"taxonomy":"product_tag","embeddable":true,"href":"https:\/\/globalsew.com\/fr\/wp-json\/wp\/v2\/product_tag?post=15320"}],"curies":[{"name":"wp","href":"https:\/\/api.w.org\/{rel}","templated":true}]}}