{"id":115405,"date":"2026-05-07T10:59:22","date_gmt":"2026-05-07T08:59:22","guid":{"rendered":"https:\/\/globalsew.com\/?post_type=product&#038;p=115405"},"modified":"2026-05-07T12:39:20","modified_gmt":"2026-05-07T10:39:20","slug":"wf1669ddseries","status":"publish","type":"product","link":"https:\/\/globalsew.com\/fr\/product\/wf1669ddseries\/","title":{"rendered":"WF 1669 s\u00e9rie DD"},"content":{"rendered":"<div class=\"wpb-content-wrapper\"><div class=\"vc_row wpb_row vc_row-fluid\"><div class=\"wpb_column vc_column_container vc_col-sm-12\"><div class=\"vc_column-inner\"><div class=\"wpb_wrapper\">\n\t<div class=\"wpb_text_column wpb_content_element\" >\n\t\t<div class=\"wpb_wrapper\">\n\t\t\t<p><strong>WF 1669 DD<\/strong><br \/>\n- Machine \u00e0 pied \u00e0 bras cylindrique, une aiguille, avec moteur \u00e0 entra\u00eenement direct et bo\u00eetier de commande int\u00e9gr\u00e9. Cette machine est une machine de bonne qualit\u00e9, bas\u00e9e sur le mod\u00e8le DA 669. Longueur de point jusqu'\u00e0 9 mm, lev\u00e9e du pied presseur 0 -9 mm. Vitesse max. de la machine 3500 SPM selon le mat\u00e9riel.<\/p>\n<p><strong>WF 1669 DD-AUT<\/strong><br \/>\n- Identique \u00e0 la WF 1669 DD, mais \u00e9quip\u00e9e d'un coupe-fil \u00e9lectrique, d'un releveur de pied-de-biche et d'une bride arri\u00e8re pneumatiques et d'un r\u00e9glage rapide de la course du pied-de-biche.<\/p>\n\n\t\t<\/div>\n\t<\/div>\n<\/div><\/div><\/div><\/div>\n<\/div>","protected":false},"excerpt":{"rendered":"<p>Pour les t\u00e9l\u00e9chargements, voir notre page de t\u00e9l\u00e9chargements pour l'application <a href=\"https:\/\/globalsew.com\/fr\/telecharger\/machines-a-pieds-cylindriques-de-la-serie-wf-1570\/\">Machines \u00e0 pied \u00e0 bras cylindrique<\/a><\/p>\n<p>&nbsp;<\/p>","protected":false},"featured_media":115338,"template":"","meta":{"_acf_changed":false},"product_brand":[],"product_cat":[21,23,161,26,155,63,99],"product_tag":[],"class_list":{"0":"post-115405","1":"product","2":"type-product","3":"status-publish","4":"has-post-thumbnail","6":"product_cat-automotive","7":"product_cat-cylinder-arm-walking-foot-walking-foot","8":"product_cat-cylinder-arm-walking-foot","9":"product_cat-miscellaneous","10":"product_cat-upholstery-upholstery","11":"product_cat-upholstery","12":"product_cat-upholstery-automotive-sewing-machines-global-wf","13":"tm-has-options","15":"first","16":"instock","17":"shipping-taxable","18":"purchasable","19":"product-type-variable"},"acf":[],"gallery_images":[],"yoast_head":"<!-- This site is optimized with the Yoast SEO plugin v27.5 - https:\/\/yoast.com\/product\/yoast-seo-wordpress\/ -->\n<title>WF 1669 DD series - Global International B.V.<\/title>\n<meta name=\"robots\" content=\"index, follow, max-snippet:-1, max-image-preview:large, max-video-preview:-1\" \/>\n<link rel=\"canonical\" href=\"https:\/\/globalsew.com\/fr\/produit\/wf1669ddseries\/\" \/>\n<meta property=\"og:locale\" content=\"fr_FR\" \/>\n<meta property=\"og:type\" content=\"article\" \/>\n<meta property=\"og:title\" content=\"WF 1669 DD series - Global International B.V.\" \/>\n<meta property=\"og:description\" content=\"For downloads see our downloads page for the Cylinder arm walking foot machines  &nbsp;\" \/>\n<meta property=\"og:url\" content=\"https:\/\/globalsew.com\/fr\/produit\/wf1669ddseries\/\" \/>\n<meta property=\"og:site_name\" content=\"Global International B.V.\" \/>\n<meta property=\"article:modified_time\" content=\"2026-05-07T10:39:20+00:00\" \/>\n<meta property=\"og:image\" content=\"https:\/\/globalsew.com\/wp-content\/uploads\/2026\/03\/wf-1669-dd-aut-7.jpg\" \/>\n\t<meta property=\"og:image:width\" content=\"1819\" \/>\n\t<meta property=\"og:image:height\" content=\"1080\" \/>\n\t<meta property=\"og:image:type\" content=\"image\/jpeg\" \/>\n<meta name=\"twitter:card\" content=\"summary_large_image\" \/>\n<meta name=\"twitter:label1\" content=\"Dur\u00e9e de lecture estim\u00e9e\" \/>\n\t<meta name=\"twitter:data1\" content=\"1 minute\" \/>\n<script type=\"application\/ld+json\" class=\"yoast-schema-graph\">{\"@context\":\"https:\\\/\\\/schema.org\",\"@graph\":[{\"@type\":\"WebPage\",\"@id\":\"https:\\\/\\\/globalsew.com\\\/product\\\/wf1669ddseries\\\/\",\"url\":\"https:\\\/\\\/globalsew.com\\\/product\\\/wf1669ddseries\\\/\",\"name\":\"WF 1669 DD series - Global International B.V.\",\"isPartOf\":{\"@id\":\"https:\\\/\\\/globalsew.com\\\/#website\"},\"primaryImageOfPage\":{\"@id\":\"https:\\\/\\\/globalsew.com\\\/product\\\/wf1669ddseries\\\/#primaryimage\"},\"image\":{\"@id\":\"https:\\\/\\\/globalsew.com\\\/product\\\/wf1669ddseries\\\/#primaryimage\"},\"thumbnailUrl\":\"https:\\\/\\\/globalsew.com\\\/wp-content\\\/uploads\\\/2026\\\/03\\\/wf-1669-dd-aut-7.jpg\",\"datePublished\":\"2026-05-07T08:59:22+00:00\",\"dateModified\":\"2026-05-07T10:39:20+00:00\",\"breadcrumb\":{\"@id\":\"https:\\\/\\\/globalsew.com\\\/product\\\/wf1669ddseries\\\/#breadcrumb\"},\"inLanguage\":\"fr-FR\",\"potentialAction\":[{\"@type\":\"ReadAction\",\"target\":[\"https:\\\/\\\/globalsew.com\\\/product\\\/wf1669ddseries\\\/\"]}]},{\"@type\":\"ImageObject\",\"inLanguage\":\"fr-FR\",\"@id\":\"https:\\\/\\\/globalsew.com\\\/product\\\/wf1669ddseries\\\/#primaryimage\",\"url\":\"https:\\\/\\\/globalsew.com\\\/wp-content\\\/uploads\\\/2026\\\/03\\\/wf-1669-dd-aut-7.jpg\",\"contentUrl\":\"https:\\\/\\\/globalsew.com\\\/wp-content\\\/uploads\\\/2026\\\/03\\\/wf-1669-dd-aut-7.jpg\",\"width\":1819,\"height\":1080},{\"@type\":\"BreadcrumbList\",\"@id\":\"https:\\\/\\\/globalsew.com\\\/product\\\/wf1669ddseries\\\/#breadcrumb\",\"itemListElement\":[{\"@type\":\"ListItem\",\"position\":1,\"name\":\"Home\",\"item\":\"https:\\\/\\\/globalsew.com\\\/\"},{\"@type\":\"ListItem\",\"position\":2,\"name\":\"Products\",\"item\":\"https:\\\/\\\/globalsew.com\\\/products\\\/\"},{\"@type\":\"ListItem\",\"position\":3,\"name\":\"WF 1669 DD series\"}]},{\"@type\":\"WebSite\",\"@id\":\"https:\\\/\\\/globalsew.com\\\/#website\",\"url\":\"https:\\\/\\\/globalsew.com\\\/\",\"name\":\"Global International B.V.\",\"description\":\"Industrial Sewing Machines\",\"potentialAction\":[{\"@type\":\"SearchAction\",\"target\":{\"@type\":\"EntryPoint\",\"urlTemplate\":\"https:\\\/\\\/globalsew.com\\\/?s={search_term_string}\"},\"query-input\":{\"@type\":\"PropertyValueSpecification\",\"valueRequired\":true,\"valueName\":\"search_term_string\"}}],\"inLanguage\":\"fr-FR\"}]}<\/script>\n<!-- \/ Yoast SEO plugin. -->","yoast_head_json":{"title":"WF 1669 s\u00e9rie DD - Global International B.V.","robots":{"index":"index","follow":"follow","max-snippet":"max-snippet:-1","max-image-preview":"max-image-preview:large","max-video-preview":"max-video-preview:-1"},"canonical":"https:\/\/globalsew.com\/fr\/produit\/wf1669ddseries\/","og_locale":"fr_FR","og_type":"article","og_title":"WF 1669 DD series - Global International B.V.","og_description":"For downloads see our downloads page for the Cylinder arm walking foot machines  &nbsp;","og_url":"https:\/\/globalsew.com\/fr\/produit\/wf1669ddseries\/","og_site_name":"Global International B.V.","article_modified_time":"2026-05-07T10:39:20+00:00","og_image":[{"width":1819,"height":1080,"url":"https:\/\/globalsew.com\/wp-content\/uploads\/2026\/03\/wf-1669-dd-aut-7.jpg","type":"image\/jpeg"}],"twitter_card":"summary_large_image","twitter_misc":{"Dur\u00e9e de lecture estim\u00e9e":"1 minute"},"schema":{"@context":"https:\/\/schema.org","@graph":[{"@type":"WebPage","@id":"https:\/\/globalsew.com\/product\/wf1669ddseries\/","url":"https:\/\/globalsew.com\/product\/wf1669ddseries\/","name":"WF 1669 s\u00e9rie DD - Global International B.V.","isPartOf":{"@id":"https:\/\/globalsew.com\/#website"},"primaryImageOfPage":{"@id":"https:\/\/globalsew.com\/product\/wf1669ddseries\/#primaryimage"},"image":{"@id":"https:\/\/globalsew.com\/product\/wf1669ddseries\/#primaryimage"},"thumbnailUrl":"https:\/\/globalsew.com\/wp-content\/uploads\/2026\/03\/wf-1669-dd-aut-7.jpg","datePublished":"2026-05-07T08:59:22+00:00","dateModified":"2026-05-07T10:39:20+00:00","breadcrumb":{"@id":"https:\/\/globalsew.com\/product\/wf1669ddseries\/#breadcrumb"},"inLanguage":"fr-FR","potentialAction":[{"@type":"ReadAction","target":["https:\/\/globalsew.com\/product\/wf1669ddseries\/"]}]},{"@type":"ImageObject","inLanguage":"fr-FR","@id":"https:\/\/globalsew.com\/product\/wf1669ddseries\/#primaryimage","url":"https:\/\/globalsew.com\/wp-content\/uploads\/2026\/03\/wf-1669-dd-aut-7.jpg","contentUrl":"https:\/\/globalsew.com\/wp-content\/uploads\/2026\/03\/wf-1669-dd-aut-7.jpg","width":1819,"height":1080},{"@type":"BreadcrumbList","@id":"https:\/\/globalsew.com\/product\/wf1669ddseries\/#breadcrumb","itemListElement":[{"@type":"ListItem","position":1,"name":"Home","item":"https:\/\/globalsew.com\/"},{"@type":"ListItem","position":2,"name":"Products","item":"https:\/\/globalsew.com\/products\/"},{"@type":"ListItem","position":3,"name":"WF 1669 DD series"}]},{"@type":"WebSite","@id":"https:\/\/globalsew.com\/#website","url":"https:\/\/globalsew.com\/","name":"Global International B.V.","description":"Machines \u00e0 coudre industrielles","potentialAction":[{"@type":"SearchAction","target":{"@type":"EntryPoint","urlTemplate":"https:\/\/globalsew.com\/?s={search_term_string}"},"query-input":{"@type":"PropertyValueSpecification","valueRequired":true,"valueName":"search_term_string"}}],"inLanguage":"fr-FR"}]}},"_links":{"self":[{"href":"https:\/\/globalsew.com\/fr\/wp-json\/wp\/v2\/product\/115405","targetHints":{"allow":["GET"]}}],"collection":[{"href":"https:\/\/globalsew.com\/fr\/wp-json\/wp\/v2\/product"}],"about":[{"href":"https:\/\/globalsew.com\/fr\/wp-json\/wp\/v2\/types\/product"}],"wp:featuredmedia":[{"embeddable":true,"href":"https:\/\/globalsew.com\/fr\/wp-json\/wp\/v2\/media\/115338"}],"wp:attachment":[{"href":"https:\/\/globalsew.com\/fr\/wp-json\/wp\/v2\/media?parent=115405"}],"wp:term":[{"taxonomy":"product_brand","embeddable":true,"href":"https:\/\/globalsew.com\/fr\/wp-json\/wp\/v2\/product_brand?post=115405"},{"taxonomy":"product_cat","embeddable":true,"href":"https:\/\/globalsew.com\/fr\/wp-json\/wp\/v2\/product_cat?post=115405"},{"taxonomy":"product_tag","embeddable":true,"href":"https:\/\/globalsew.com\/fr\/wp-json\/wp\/v2\/product_tag?post=115405"}],"curies":[{"name":"wp","href":"https:\/\/api.w.org\/{rel}","templated":true}]}}