{"id":115233,"date":"2026-04-20T11:18:50","date_gmt":"2026-04-20T09:18:50","guid":{"rendered":"https:\/\/globalsew.com\/?post_type=product&#038;p=115233"},"modified":"2026-04-20T11:23:34","modified_gmt":"2026-04-20T09:23:34","slug":"serie-wf-1669","status":"publish","type":"product","link":"https:\/\/globalsew.com\/fr\/product\/wf-1669-series\/","title":{"rendered":"S\u00e9rie WF 1669"},"content":{"rendered":"<p><strong>WF 1669 DD<\/strong><br \/>\n- Machine \u00e0 pied cylindrique \u00e0 une aiguille, avec moteur \u00e0 entra\u00eenement direct et bo\u00eetier de commande int\u00e9gr\u00e9. Cette machine est une machine de bonne qualit\u00e9, bas\u00e9e sur le mod\u00e8le DA 669. Longueur de point jusqu'\u00e0 9 mm, lev\u00e9e du pied presseur 0 -9 mm. Vitesse maximale de la machine 3500 SPM selon le mat\u00e9riel.<\/p>\n<p><strong>WF 1669 DD-AUT<\/strong><br \/>\n- Identique \u00e0 la WF 1669 DD, mais \u00e9quip\u00e9e d'un coupe-fil \u00e9lectrique, d'un releveur de pied-de-biche pneumatique, d'une bride arri\u00e8re et d'un r\u00e9glage rapide de la course du pied-de-biche.<\/p>","protected":false},"excerpt":{"rendered":"<p><strong>Caract\u00e9ristiques techniques :<\/strong><\/p>\n<p><strong>Vitesse de la machine<\/strong>: max. 3500 spm<br \/>\n<strong>Syst\u00e8me d'huilage<\/strong>: enti\u00e8rement automatique<br \/>\n<strong>Alternance du pied-de-biche int\u00e9rieur<\/strong>: 1 - 8 mm<br \/>\n<strong>R\u00e9glage de l'int\u00e9rieur du pied<\/strong>t : pneumatique<br \/>\n<strong>Poin\u00e7on d'arr\u00eat et pied-de-biche<\/strong>: pneumatique<br \/>\n<strong>Coupe-fil<\/strong>: pneumatique<br \/>\n<strong>Hauteur du pied presseur<\/strong>: max. 18 mm<br \/>\n<strong>Syst\u00e8me d'aiguille<\/strong>: 134 - 35<br \/>\n<strong>Longueur du point<\/strong>6 mm en standard (9 mm en option)<\/p>\n<p>&nbsp;<\/p>\n<p>Pour les t\u00e9l\u00e9chargements, voir notre page de t\u00e9l\u00e9chargement <a href=\"https:\/\/globalsew.com\/fr\/telecharger\/machines-a-pieds-cylindriques-de-la-serie-wf-1570\/\">machines \u00e0 bras cylindrique \u00e0 pied de marche<\/a><\/p>","protected":false},"featured_media":115339,"template":"","meta":{"_acf_changed":false},"product_brand":[],"product_cat":[21,26,99],"product_tag":[],"class_list":{"0":"post-115233","1":"product","2":"type-product","3":"status-publish","4":"has-post-thumbnail","6":"product_cat-automotive","7":"product_cat-miscellaneous","8":"product_cat-upholstery-automotive-sewing-machines-global-wf","9":"tm-has-options","11":"first","12":"instock","13":"shipping-taxable","14":"purchasable","15":"product-type-simple"},"acf":[],"gallery_images":[115345,115340,115338,115334,115335,115336,115337,115347,115346,115343,115342,115333],"yoast_head":"<!-- This site is optimized with the Yoast SEO plugin v27.3 - https:\/\/yoast.com\/product\/yoast-seo-wordpress\/ -->\n<title>WF 1669 series - Global International B.V.<\/title>\n<meta name=\"robots\" content=\"index, follow, max-snippet:-1, max-image-preview:large, max-video-preview:-1\" \/>\n<link rel=\"canonical\" href=\"https:\/\/globalsew.com\/fr\/produit\/serie-wf-1669\/\" \/>\n<meta property=\"og:locale\" content=\"fr_FR\" \/>\n<meta property=\"og:type\" content=\"article\" \/>\n<meta property=\"og:title\" content=\"WF 1669 series - Global International B.V.\" \/>\n<meta property=\"og:description\" content=\"Technical specifications:  Machine speed: max. 3500 spm Oiling system: fully automatic Inner presser foot alternation: 1 - 8 mm Inner foot adjustment: pneumatic Back tack and presser foot: pneumatic Thread trimmer: pneumatic Presser foot height: max. 18 mm Needle system: 134 - 35 Stitch length: 6 mm standard (optional 9 mm)  &nbsp;  For downloads, see our download page cylinder arm walking foot machines\" \/>\n<meta property=\"og:url\" content=\"https:\/\/globalsew.com\/fr\/produit\/serie-wf-1669\/\" \/>\n<meta property=\"og:site_name\" content=\"Global International B.V.\" \/>\n<meta property=\"article:modified_time\" content=\"2026-04-20T09:23:34+00:00\" \/>\n<meta property=\"og:image\" content=\"https:\/\/globalsew.com\/wp-content\/uploads\/2026\/03\/wf-1669-dd-aut-8.jpg\" \/>\n\t<meta property=\"og:image:width\" content=\"1819\" \/>\n\t<meta property=\"og:image:height\" content=\"1080\" \/>\n\t<meta property=\"og:image:type\" content=\"image\/jpeg\" \/>\n<meta name=\"twitter:card\" content=\"summary_large_image\" \/>\n<meta name=\"twitter:label1\" content=\"Dur\u00e9e de lecture estim\u00e9e\" \/>\n\t<meta name=\"twitter:data1\" content=\"1 minute\" \/>\n<script type=\"application\/ld+json\" class=\"yoast-schema-graph\">{\"@context\":\"https:\\\/\\\/schema.org\",\"@graph\":[{\"@type\":\"WebPage\",\"@id\":\"https:\\\/\\\/globalsew.com\\\/product\\\/wf-1669-series\\\/\",\"url\":\"https:\\\/\\\/globalsew.com\\\/product\\\/wf-1669-series\\\/\",\"name\":\"WF 1669 series - Global International B.V.\",\"isPartOf\":{\"@id\":\"https:\\\/\\\/globalsew.com\\\/#website\"},\"primaryImageOfPage\":{\"@id\":\"https:\\\/\\\/globalsew.com\\\/product\\\/wf-1669-series\\\/#primaryimage\"},\"image\":{\"@id\":\"https:\\\/\\\/globalsew.com\\\/product\\\/wf-1669-series\\\/#primaryimage\"},\"thumbnailUrl\":\"https:\\\/\\\/globalsew.com\\\/wp-content\\\/uploads\\\/2026\\\/03\\\/wf-1669-dd-aut-8.jpg\",\"datePublished\":\"2026-04-20T09:18:50+00:00\",\"dateModified\":\"2026-04-20T09:23:34+00:00\",\"breadcrumb\":{\"@id\":\"https:\\\/\\\/globalsew.com\\\/product\\\/wf-1669-series\\\/#breadcrumb\"},\"inLanguage\":\"fr-FR\",\"potentialAction\":[{\"@type\":\"ReadAction\",\"target\":[\"https:\\\/\\\/globalsew.com\\\/product\\\/wf-1669-series\\\/\"]}]},{\"@type\":\"ImageObject\",\"inLanguage\":\"fr-FR\",\"@id\":\"https:\\\/\\\/globalsew.com\\\/product\\\/wf-1669-series\\\/#primaryimage\",\"url\":\"https:\\\/\\\/globalsew.com\\\/wp-content\\\/uploads\\\/2026\\\/03\\\/wf-1669-dd-aut-8.jpg\",\"contentUrl\":\"https:\\\/\\\/globalsew.com\\\/wp-content\\\/uploads\\\/2026\\\/03\\\/wf-1669-dd-aut-8.jpg\",\"width\":1819,\"height\":1080},{\"@type\":\"BreadcrumbList\",\"@id\":\"https:\\\/\\\/globalsew.com\\\/product\\\/wf-1669-series\\\/#breadcrumb\",\"itemListElement\":[{\"@type\":\"ListItem\",\"position\":1,\"name\":\"Home\",\"item\":\"https:\\\/\\\/globalsew.com\\\/\"},{\"@type\":\"ListItem\",\"position\":2,\"name\":\"Products\",\"item\":\"https:\\\/\\\/globalsew.com\\\/products\\\/\"},{\"@type\":\"ListItem\",\"position\":3,\"name\":\"WF 1669 series\"}]},{\"@type\":\"WebSite\",\"@id\":\"https:\\\/\\\/globalsew.com\\\/#website\",\"url\":\"https:\\\/\\\/globalsew.com\\\/\",\"name\":\"Global International B.V.\",\"description\":\"Industrial Sewing Machines\",\"potentialAction\":[{\"@type\":\"SearchAction\",\"target\":{\"@type\":\"EntryPoint\",\"urlTemplate\":\"https:\\\/\\\/globalsew.com\\\/?s={search_term_string}\"},\"query-input\":{\"@type\":\"PropertyValueSpecification\",\"valueRequired\":true,\"valueName\":\"search_term_string\"}}],\"inLanguage\":\"fr-FR\"}]}<\/script>\n<!-- \/ Yoast SEO plugin. -->","yoast_head_json":{"title":"S\u00e9rie WF 1669 - Global International B.V.","robots":{"index":"index","follow":"follow","max-snippet":"max-snippet:-1","max-image-preview":"max-image-preview:large","max-video-preview":"max-video-preview:-1"},"canonical":"https:\/\/globalsew.com\/fr\/produit\/serie-wf-1669\/","og_locale":"fr_FR","og_type":"article","og_title":"WF 1669 series - Global International B.V.","og_description":"Technical specifications:  Machine speed: max. 3500 spm Oiling system: fully automatic Inner presser foot alternation: 1 - 8 mm Inner foot adjustment: pneumatic Back tack and presser foot: pneumatic Thread trimmer: pneumatic Presser foot height: max. 18 mm Needle system: 134 - 35 Stitch length: 6 mm standard (optional 9 mm)  &nbsp;  For downloads, see our download page cylinder arm walking foot machines","og_url":"https:\/\/globalsew.com\/fr\/produit\/serie-wf-1669\/","og_site_name":"Global International B.V.","article_modified_time":"2026-04-20T09:23:34+00:00","og_image":[{"width":1819,"height":1080,"url":"https:\/\/globalsew.com\/wp-content\/uploads\/2026\/03\/wf-1669-dd-aut-8.jpg","type":"image\/jpeg"}],"twitter_card":"summary_large_image","twitter_misc":{"Dur\u00e9e de lecture estim\u00e9e":"1 minute"},"schema":{"@context":"https:\/\/schema.org","@graph":[{"@type":"WebPage","@id":"https:\/\/globalsew.com\/product\/wf-1669-series\/","url":"https:\/\/globalsew.com\/product\/wf-1669-series\/","name":"S\u00e9rie WF 1669 - Global International B.V.","isPartOf":{"@id":"https:\/\/globalsew.com\/#website"},"primaryImageOfPage":{"@id":"https:\/\/globalsew.com\/product\/wf-1669-series\/#primaryimage"},"image":{"@id":"https:\/\/globalsew.com\/product\/wf-1669-series\/#primaryimage"},"thumbnailUrl":"https:\/\/globalsew.com\/wp-content\/uploads\/2026\/03\/wf-1669-dd-aut-8.jpg","datePublished":"2026-04-20T09:18:50+00:00","dateModified":"2026-04-20T09:23:34+00:00","breadcrumb":{"@id":"https:\/\/globalsew.com\/product\/wf-1669-series\/#breadcrumb"},"inLanguage":"fr-FR","potentialAction":[{"@type":"ReadAction","target":["https:\/\/globalsew.com\/product\/wf-1669-series\/"]}]},{"@type":"ImageObject","inLanguage":"fr-FR","@id":"https:\/\/globalsew.com\/product\/wf-1669-series\/#primaryimage","url":"https:\/\/globalsew.com\/wp-content\/uploads\/2026\/03\/wf-1669-dd-aut-8.jpg","contentUrl":"https:\/\/globalsew.com\/wp-content\/uploads\/2026\/03\/wf-1669-dd-aut-8.jpg","width":1819,"height":1080},{"@type":"BreadcrumbList","@id":"https:\/\/globalsew.com\/product\/wf-1669-series\/#breadcrumb","itemListElement":[{"@type":"ListItem","position":1,"name":"Home","item":"https:\/\/globalsew.com\/"},{"@type":"ListItem","position":2,"name":"Products","item":"https:\/\/globalsew.com\/products\/"},{"@type":"ListItem","position":3,"name":"WF 1669 series"}]},{"@type":"WebSite","@id":"https:\/\/globalsew.com\/#website","url":"https:\/\/globalsew.com\/","name":"Global International B.V.","description":"Machines \u00e0 coudre industrielles","potentialAction":[{"@type":"SearchAction","target":{"@type":"EntryPoint","urlTemplate":"https:\/\/globalsew.com\/?s={search_term_string}"},"query-input":{"@type":"PropertyValueSpecification","valueRequired":true,"valueName":"search_term_string"}}],"inLanguage":"fr-FR"}]}},"_links":{"self":[{"href":"https:\/\/globalsew.com\/fr\/wp-json\/wp\/v2\/product\/115233","targetHints":{"allow":["GET"]}}],"collection":[{"href":"https:\/\/globalsew.com\/fr\/wp-json\/wp\/v2\/product"}],"about":[{"href":"https:\/\/globalsew.com\/fr\/wp-json\/wp\/v2\/types\/product"}],"wp:featuredmedia":[{"embeddable":true,"href":"https:\/\/globalsew.com\/fr\/wp-json\/wp\/v2\/media\/115339"}],"wp:attachment":[{"href":"https:\/\/globalsew.com\/fr\/wp-json\/wp\/v2\/media?parent=115233"}],"wp:term":[{"taxonomy":"product_brand","embeddable":true,"href":"https:\/\/globalsew.com\/fr\/wp-json\/wp\/v2\/product_brand?post=115233"},{"taxonomy":"product_cat","embeddable":true,"href":"https:\/\/globalsew.com\/fr\/wp-json\/wp\/v2\/product_cat?post=115233"},{"taxonomy":"product_tag","embeddable":true,"href":"https:\/\/globalsew.com\/fr\/wp-json\/wp\/v2\/product_tag?post=115233"}],"curies":[{"name":"wp","href":"https:\/\/api.w.org\/{rel}","templated":true}]}}