{"id":115141,"date":"2026-02-05T11:55:10","date_gmt":"2026-02-05T10:55:10","guid":{"rendered":"https:\/\/globalsew.com\/?post_type=product&#038;p=115141"},"modified":"2026-02-05T11:55:10","modified_gmt":"2026-02-05T10:55:10","slug":"titan-dk-2500-ag-3","status":"publish","type":"product","link":"https:\/\/globalsew.com\/fr\/product\/titan-dk-2500-ag-3\/","title":{"rendered":"Titan DK 2500 AG"},"content":{"rendered":"","protected":false},"excerpt":{"rendered":"<p>Surjeteuse de tapis industrielle \u00e0 une aiguille et 2 fils avec cadran de point externe et releveur de pied presseur pneumatique. Compl\u00e8te avec table, support et bo\u00eetier de contr\u00f4le Efka DC 1600 AB611A et mini servomoteur de 750 Watt (220V).<\/p>","protected":false},"featured_media":115142,"template":"","meta":{"_acf_changed":false},"product_brand":[],"product_cat":[351,317,363],"product_tag":[],"class_list":{"0":"post-115141","1":"product","2":"type-product","3":"status-publish","4":"has-post-thumbnail","6":"product_cat-new-arrivals","7":"product_cat-used-products","8":"product_cat-various","9":"tm-no-options","11":"first","12":"instock","13":"shipping-taxable","14":"purchasable","15":"product-type-simple"},"acf":[],"gallery_images":[],"yoast_head":"<!-- This site is optimized with the Yoast SEO plugin v27.3 - https:\/\/yoast.com\/product\/yoast-seo-wordpress\/ -->\n<title>Titan DK 2500 AG - Global International B.V.<\/title>\n<meta name=\"robots\" content=\"index, follow, max-snippet:-1, max-image-preview:large, max-video-preview:-1\" \/>\n<link rel=\"canonical\" href=\"https:\/\/globalsew.com\/fr\/produit\/titan-dk-2500-ag-3\/\" \/>\n<meta property=\"og:locale\" content=\"fr_FR\" \/>\n<meta property=\"og:type\" content=\"article\" \/>\n<meta property=\"og:title\" content=\"Titan DK 2500 AG - Global International B.V.\" \/>\n<meta property=\"og:description\" content=\"Industrial single needle 2 thread heavy duty carpet overedger with external stitch dial and pneumatic presser foot lifter. Complete with table, stand and Efka DC 1600 AB611A control box and 750 Watt mini servomotor (220V).\" \/>\n<meta property=\"og:url\" content=\"https:\/\/globalsew.com\/fr\/produit\/titan-dk-2500-ag-3\/\" \/>\n<meta property=\"og:site_name\" content=\"Global International B.V.\" \/>\n<meta property=\"og:image\" content=\"https:\/\/globalsew.com\/wp-content\/uploads\/2026\/02\/foto-4-5feb26.jpeg\" \/>\n\t<meta property=\"og:image:width\" content=\"1530\" \/>\n\t<meta property=\"og:image:height\" content=\"2040\" \/>\n\t<meta property=\"og:image:type\" content=\"image\/jpeg\" \/>\n<meta name=\"twitter:card\" content=\"summary_large_image\" \/>\n<meta name=\"twitter:label1\" content=\"Dur\u00e9e de lecture estim\u00e9e\" \/>\n\t<meta name=\"twitter:data1\" content=\"1 minute\" \/>\n<script type=\"application\/ld+json\" class=\"yoast-schema-graph\">{\"@context\":\"https:\\\/\\\/schema.org\",\"@graph\":[{\"@type\":\"WebPage\",\"@id\":\"https:\\\/\\\/globalsew.com\\\/product\\\/titan-dk-2500-ag-3\\\/\",\"url\":\"https:\\\/\\\/globalsew.com\\\/product\\\/titan-dk-2500-ag-3\\\/\",\"name\":\"Titan DK 2500 AG - Global International B.V.\",\"isPartOf\":{\"@id\":\"https:\\\/\\\/globalsew.com\\\/#website\"},\"primaryImageOfPage\":{\"@id\":\"https:\\\/\\\/globalsew.com\\\/product\\\/titan-dk-2500-ag-3\\\/#primaryimage\"},\"image\":{\"@id\":\"https:\\\/\\\/globalsew.com\\\/product\\\/titan-dk-2500-ag-3\\\/#primaryimage\"},\"thumbnailUrl\":\"https:\\\/\\\/globalsew.com\\\/wp-content\\\/uploads\\\/2026\\\/02\\\/foto-4-5feb26.jpeg\",\"datePublished\":\"2026-02-05T10:55:10+00:00\",\"breadcrumb\":{\"@id\":\"https:\\\/\\\/globalsew.com\\\/product\\\/titan-dk-2500-ag-3\\\/#breadcrumb\"},\"inLanguage\":\"fr-FR\",\"potentialAction\":[{\"@type\":\"ReadAction\",\"target\":[\"https:\\\/\\\/globalsew.com\\\/product\\\/titan-dk-2500-ag-3\\\/\"]}]},{\"@type\":\"ImageObject\",\"inLanguage\":\"fr-FR\",\"@id\":\"https:\\\/\\\/globalsew.com\\\/product\\\/titan-dk-2500-ag-3\\\/#primaryimage\",\"url\":\"https:\\\/\\\/globalsew.com\\\/wp-content\\\/uploads\\\/2026\\\/02\\\/foto-4-5feb26.jpeg\",\"contentUrl\":\"https:\\\/\\\/globalsew.com\\\/wp-content\\\/uploads\\\/2026\\\/02\\\/foto-4-5feb26.jpeg\",\"width\":1530,\"height\":2040},{\"@type\":\"BreadcrumbList\",\"@id\":\"https:\\\/\\\/globalsew.com\\\/product\\\/titan-dk-2500-ag-3\\\/#breadcrumb\",\"itemListElement\":[{\"@type\":\"ListItem\",\"position\":1,\"name\":\"Home\",\"item\":\"https:\\\/\\\/globalsew.com\\\/\"},{\"@type\":\"ListItem\",\"position\":2,\"name\":\"Products\",\"item\":\"https:\\\/\\\/globalsew.com\\\/products\\\/\"},{\"@type\":\"ListItem\",\"position\":3,\"name\":\"Titan DK 2500 AG\"}]},{\"@type\":\"WebSite\",\"@id\":\"https:\\\/\\\/globalsew.com\\\/#website\",\"url\":\"https:\\\/\\\/globalsew.com\\\/\",\"name\":\"Global International B.V.\",\"description\":\"Industrial Sewing Machines\",\"potentialAction\":[{\"@type\":\"SearchAction\",\"target\":{\"@type\":\"EntryPoint\",\"urlTemplate\":\"https:\\\/\\\/globalsew.com\\\/?s={search_term_string}\"},\"query-input\":{\"@type\":\"PropertyValueSpecification\",\"valueRequired\":true,\"valueName\":\"search_term_string\"}}],\"inLanguage\":\"fr-FR\"}]}<\/script>\n<!-- \/ Yoast SEO plugin. -->","yoast_head_json":{"title":"Titan DK 2500 AG - Global International B.V.","robots":{"index":"index","follow":"follow","max-snippet":"max-snippet:-1","max-image-preview":"max-image-preview:large","max-video-preview":"max-video-preview:-1"},"canonical":"https:\/\/globalsew.com\/fr\/produit\/titan-dk-2500-ag-3\/","og_locale":"fr_FR","og_type":"article","og_title":"Titan DK 2500 AG - Global International B.V.","og_description":"Industrial single needle 2 thread heavy duty carpet overedger with external stitch dial and pneumatic presser foot lifter. Complete with table, stand and Efka DC 1600 AB611A control box and 750 Watt mini servomotor (220V).","og_url":"https:\/\/globalsew.com\/fr\/produit\/titan-dk-2500-ag-3\/","og_site_name":"Global International B.V.","og_image":[{"width":1530,"height":2040,"url":"https:\/\/globalsew.com\/wp-content\/uploads\/2026\/02\/foto-4-5feb26.jpeg","type":"image\/jpeg"}],"twitter_card":"summary_large_image","twitter_misc":{"Dur\u00e9e de lecture estim\u00e9e":"1 minute"},"schema":{"@context":"https:\/\/schema.org","@graph":[{"@type":"WebPage","@id":"https:\/\/globalsew.com\/product\/titan-dk-2500-ag-3\/","url":"https:\/\/globalsew.com\/product\/titan-dk-2500-ag-3\/","name":"Titan DK 2500 AG - Global International B.V.","isPartOf":{"@id":"https:\/\/globalsew.com\/#website"},"primaryImageOfPage":{"@id":"https:\/\/globalsew.com\/product\/titan-dk-2500-ag-3\/#primaryimage"},"image":{"@id":"https:\/\/globalsew.com\/product\/titan-dk-2500-ag-3\/#primaryimage"},"thumbnailUrl":"https:\/\/globalsew.com\/wp-content\/uploads\/2026\/02\/foto-4-5feb26.jpeg","datePublished":"2026-02-05T10:55:10+00:00","breadcrumb":{"@id":"https:\/\/globalsew.com\/product\/titan-dk-2500-ag-3\/#breadcrumb"},"inLanguage":"fr-FR","potentialAction":[{"@type":"ReadAction","target":["https:\/\/globalsew.com\/product\/titan-dk-2500-ag-3\/"]}]},{"@type":"ImageObject","inLanguage":"fr-FR","@id":"https:\/\/globalsew.com\/product\/titan-dk-2500-ag-3\/#primaryimage","url":"https:\/\/globalsew.com\/wp-content\/uploads\/2026\/02\/foto-4-5feb26.jpeg","contentUrl":"https:\/\/globalsew.com\/wp-content\/uploads\/2026\/02\/foto-4-5feb26.jpeg","width":1530,"height":2040},{"@type":"BreadcrumbList","@id":"https:\/\/globalsew.com\/product\/titan-dk-2500-ag-3\/#breadcrumb","itemListElement":[{"@type":"ListItem","position":1,"name":"Home","item":"https:\/\/globalsew.com\/"},{"@type":"ListItem","position":2,"name":"Products","item":"https:\/\/globalsew.com\/products\/"},{"@type":"ListItem","position":3,"name":"Titan DK 2500 AG"}]},{"@type":"WebSite","@id":"https:\/\/globalsew.com\/#website","url":"https:\/\/globalsew.com\/","name":"Global International B.V.","description":"Machines \u00e0 coudre industrielles","potentialAction":[{"@type":"SearchAction","target":{"@type":"EntryPoint","urlTemplate":"https:\/\/globalsew.com\/?s={search_term_string}"},"query-input":{"@type":"PropertyValueSpecification","valueRequired":true,"valueName":"search_term_string"}}],"inLanguage":"fr-FR"}]}},"_links":{"self":[{"href":"https:\/\/globalsew.com\/fr\/wp-json\/wp\/v2\/product\/115141","targetHints":{"allow":["GET"]}}],"collection":[{"href":"https:\/\/globalsew.com\/fr\/wp-json\/wp\/v2\/product"}],"about":[{"href":"https:\/\/globalsew.com\/fr\/wp-json\/wp\/v2\/types\/product"}],"wp:featuredmedia":[{"embeddable":true,"href":"https:\/\/globalsew.com\/fr\/wp-json\/wp\/v2\/media\/115142"}],"wp:attachment":[{"href":"https:\/\/globalsew.com\/fr\/wp-json\/wp\/v2\/media?parent=115141"}],"wp:term":[{"taxonomy":"product_brand","embeddable":true,"href":"https:\/\/globalsew.com\/fr\/wp-json\/wp\/v2\/product_brand?post=115141"},{"taxonomy":"product_cat","embeddable":true,"href":"https:\/\/globalsew.com\/fr\/wp-json\/wp\/v2\/product_cat?post=115141"},{"taxonomy":"product_tag","embeddable":true,"href":"https:\/\/globalsew.com\/fr\/wp-json\/wp\/v2\/product_tag?post=115141"}],"curies":[{"name":"wp","href":"https:\/\/api.w.org\/{rel}","templated":true}]}}