{"id":113738,"date":"2025-09-29T13:10:44","date_gmt":"2025-09-29T11:10:44","guid":{"rendered":"https:\/\/globalsew.com\/?post_type=product&#038;p=113738"},"modified":"2025-10-20T16:12:49","modified_gmt":"2025-10-20T14:12:49","slug":"lp2881-725aut","status":"publish","type":"product","link":"https:\/\/globalsew.com\/fr\/product\/lp2881-725aut\/","title":{"rendered":"LP 2881-725 AUT"},"content":{"rendered":"<div class=\"wpb-content-wrapper\"><div class=\"vc_row wpb_row vc_row-fluid\"><div class=\"wpb_column vc_column_container vc_col-sm-12\"><div class=\"vc_column-inner\"><div class=\"wpb_wrapper\">\n\t<div class=\"wpb_text_column wpb_content_element\" >\n\t\t<div class=\"wpb_wrapper\">\n\t\t\t<p><strong>LP 2881-725 AUT<\/strong><br \/>\nMachine \u00e0 coudre \u00e0 bras gauche, une aiguille, avec crochet standard, coupe-fil, releveur de pied-de-biche et arr\u00eats automatiques (tout \u00e9lectrique). Ce mod\u00e8le est entra\u00een\u00e9 par 3 moteurs pas \u00e0 pas sur le rouleau presseur, la roue d'entra\u00eenement inf\u00e9rieure et le m\u00e9canisme d'entra\u00eenement de l'aiguille, ce qui assure une excellente finition du point. Cette machine est \u00e9quip\u00e9e d'un coupe-bordure \u00e9lectrique \u00e0 entra\u00eenement inf\u00e9rieur avec un r\u00e9gulateur de vitesse s\u00e9par\u00e9.<\/p>\n\n\t\t<\/div>\n\t<\/div>\n<\/div><\/div><\/div><\/div>\n<\/div>","protected":false},"excerpt":{"rendered":"<p><strong>Caract\u00e9ristiques techniques :<\/strong><\/p>\n<ul>\n<li>Vitesse de la machine : 2500 spm<\/li>\n<li>Syst\u00e8me d'ouverture : enti\u00e8rement automatique<\/li>\n<li>Type d'alimentation : alimentation par aiguille et par roue, presseur \u00e0 rouleaux entra\u00een\u00e9 par le haut et par des moteurs pas \u00e0 pas<\/li>\n<li>Lev\u00e9e du pied presseur : max 10 mm<\/li>\n<li>Type de crochet : standard<\/li>\n<li>Syst\u00e8me d'aiguille : 134 LR<\/li>\n<li>Longueur de point : max 5 mm<\/li>\n<\/ul>\n<p>&nbsp;<\/p>\n<div class=\"row\">\n<div class=\"col-md-4\"><a class=\"download-button\" href=\"https:\/\/globalsew.com\/wp-content\/uploads\/2021\/03\/Global-LP-2881-725-AUT.pdf\" target=\"_blank\" rel=\"noopener noreferrer\">D\u00e9pliant<\/a><\/div>\n<\/div>","protected":false},"featured_media":113918,"template":"","meta":{"_acf_changed":false},"product_brand":[],"product_cat":[21,122,25,63],"product_tag":[],"class_list":{"0":"post-113738","1":"product","2":"type-product","3":"status-publish","4":"has-post-thumbnail","6":"product_cat-automotive","7":"product_cat-shoe-machines","8":"product_cat-shoes","9":"product_cat-upholstery","10":"tm-has-options","12":"first","13":"instock","14":"shipping-taxable","15":"purchasable","16":"product-type-simple"},"acf":[],"gallery_images":[113919,113920,113921],"yoast_head":"<!-- This site is optimized with the Yoast SEO plugin v27.3 - https:\/\/yoast.com\/product\/yoast-seo-wordpress\/ -->\n<title>LP 2881-725 AUT - Global International B.V.<\/title>\n<meta name=\"robots\" content=\"index, follow, max-snippet:-1, max-image-preview:large, max-video-preview:-1\" \/>\n<link rel=\"canonical\" href=\"https:\/\/globalsew.com\/fr\/produit\/lp2881-725aut\/\" \/>\n<meta property=\"og:locale\" content=\"fr_FR\" \/>\n<meta property=\"og:type\" content=\"article\" \/>\n<meta property=\"og:title\" content=\"LP 2881-725 AUT - Global International B.V.\" \/>\n<meta property=\"og:description\" content=\"Technical specifications:   Machine speed: 2500 spm  Oling system: fully automatic  Feed type: needle and wheel feed, top driven roller presser driven by stepping motors  Presser foot lift: max 10 mm  Hook type: standard  Needle system: 134 LR  Stitch length: max 5 mm  &nbsp;  Leaflet\" \/>\n<meta property=\"og:url\" content=\"https:\/\/globalsew.com\/fr\/produit\/lp2881-725aut\/\" \/>\n<meta property=\"og:site_name\" content=\"Global International B.V.\" \/>\n<meta property=\"article:modified_time\" content=\"2025-10-20T14:12:49+00:00\" \/>\n<meta property=\"og:image\" content=\"https:\/\/globalsew.com\/wp-content\/uploads\/2025\/09\/products-LP-2881-721-01-global-1080-website-2025-copy.jpg\" \/>\n\t<meta property=\"og:image:width\" content=\"1819\" \/>\n\t<meta property=\"og:image:height\" content=\"1080\" \/>\n\t<meta property=\"og:image:type\" content=\"image\/jpeg\" \/>\n<meta name=\"twitter:card\" content=\"summary_large_image\" \/>\n<meta name=\"twitter:label1\" content=\"Dur\u00e9e de lecture estim\u00e9e\" \/>\n\t<meta name=\"twitter:data1\" content=\"1 minute\" \/>\n<script type=\"application\/ld+json\" class=\"yoast-schema-graph\">{\"@context\":\"https:\\\/\\\/schema.org\",\"@graph\":[{\"@type\":\"WebPage\",\"@id\":\"https:\\\/\\\/globalsew.com\\\/product\\\/lp2881-725aut\\\/\",\"url\":\"https:\\\/\\\/globalsew.com\\\/product\\\/lp2881-725aut\\\/\",\"name\":\"LP 2881-725 AUT - Global International B.V.\",\"isPartOf\":{\"@id\":\"https:\\\/\\\/globalsew.com\\\/#website\"},\"primaryImageOfPage\":{\"@id\":\"https:\\\/\\\/globalsew.com\\\/product\\\/lp2881-725aut\\\/#primaryimage\"},\"image\":{\"@id\":\"https:\\\/\\\/globalsew.com\\\/product\\\/lp2881-725aut\\\/#primaryimage\"},\"thumbnailUrl\":\"https:\\\/\\\/globalsew.com\\\/wp-content\\\/uploads\\\/2025\\\/09\\\/products-LP-2881-721-01-global-1080-website-2025-copy.jpg\",\"datePublished\":\"2025-09-29T11:10:44+00:00\",\"dateModified\":\"2025-10-20T14:12:49+00:00\",\"breadcrumb\":{\"@id\":\"https:\\\/\\\/globalsew.com\\\/product\\\/lp2881-725aut\\\/#breadcrumb\"},\"inLanguage\":\"fr-FR\",\"potentialAction\":[{\"@type\":\"ReadAction\",\"target\":[\"https:\\\/\\\/globalsew.com\\\/product\\\/lp2881-725aut\\\/\"]}]},{\"@type\":\"ImageObject\",\"inLanguage\":\"fr-FR\",\"@id\":\"https:\\\/\\\/globalsew.com\\\/product\\\/lp2881-725aut\\\/#primaryimage\",\"url\":\"https:\\\/\\\/globalsew.com\\\/wp-content\\\/uploads\\\/2025\\\/09\\\/products-LP-2881-721-01-global-1080-website-2025-copy.jpg\",\"contentUrl\":\"https:\\\/\\\/globalsew.com\\\/wp-content\\\/uploads\\\/2025\\\/09\\\/products-LP-2881-721-01-global-1080-website-2025-copy.jpg\",\"width\":1819,\"height\":1080},{\"@type\":\"BreadcrumbList\",\"@id\":\"https:\\\/\\\/globalsew.com\\\/product\\\/lp2881-725aut\\\/#breadcrumb\",\"itemListElement\":[{\"@type\":\"ListItem\",\"position\":1,\"name\":\"Home\",\"item\":\"https:\\\/\\\/globalsew.com\\\/\"},{\"@type\":\"ListItem\",\"position\":2,\"name\":\"Products\",\"item\":\"https:\\\/\\\/globalsew.com\\\/products\\\/\"},{\"@type\":\"ListItem\",\"position\":3,\"name\":\"LP 2881-725 AUT\"}]},{\"@type\":\"WebSite\",\"@id\":\"https:\\\/\\\/globalsew.com\\\/#website\",\"url\":\"https:\\\/\\\/globalsew.com\\\/\",\"name\":\"Global International B.V.\",\"description\":\"Industrial Sewing Machines\",\"potentialAction\":[{\"@type\":\"SearchAction\",\"target\":{\"@type\":\"EntryPoint\",\"urlTemplate\":\"https:\\\/\\\/globalsew.com\\\/?s={search_term_string}\"},\"query-input\":{\"@type\":\"PropertyValueSpecification\",\"valueRequired\":true,\"valueName\":\"search_term_string\"}}],\"inLanguage\":\"fr-FR\"}]}<\/script>\n<!-- \/ Yoast SEO plugin. -->","yoast_head_json":{"title":"LP 2881-725 AUT - Global International B.V.","robots":{"index":"index","follow":"follow","max-snippet":"max-snippet:-1","max-image-preview":"max-image-preview:large","max-video-preview":"max-video-preview:-1"},"canonical":"https:\/\/globalsew.com\/fr\/produit\/lp2881-725aut\/","og_locale":"fr_FR","og_type":"article","og_title":"LP 2881-725 AUT - Global International B.V.","og_description":"Technical specifications:   Machine speed: 2500 spm  Oling system: fully automatic  Feed type: needle and wheel feed, top driven roller presser driven by stepping motors  Presser foot lift: max 10 mm  Hook type: standard  Needle system: 134 LR  Stitch length: max 5 mm  &nbsp;  Leaflet","og_url":"https:\/\/globalsew.com\/fr\/produit\/lp2881-725aut\/","og_site_name":"Global International B.V.","article_modified_time":"2025-10-20T14:12:49+00:00","og_image":[{"width":1819,"height":1080,"url":"https:\/\/globalsew.com\/wp-content\/uploads\/2025\/09\/products-LP-2881-721-01-global-1080-website-2025-copy.jpg","type":"image\/jpeg"}],"twitter_card":"summary_large_image","twitter_misc":{"Dur\u00e9e de lecture estim\u00e9e":"1 minute"},"schema":{"@context":"https:\/\/schema.org","@graph":[{"@type":"WebPage","@id":"https:\/\/globalsew.com\/product\/lp2881-725aut\/","url":"https:\/\/globalsew.com\/product\/lp2881-725aut\/","name":"LP 2881-725 AUT - Global International B.V.","isPartOf":{"@id":"https:\/\/globalsew.com\/#website"},"primaryImageOfPage":{"@id":"https:\/\/globalsew.com\/product\/lp2881-725aut\/#primaryimage"},"image":{"@id":"https:\/\/globalsew.com\/product\/lp2881-725aut\/#primaryimage"},"thumbnailUrl":"https:\/\/globalsew.com\/wp-content\/uploads\/2025\/09\/products-LP-2881-721-01-global-1080-website-2025-copy.jpg","datePublished":"2025-09-29T11:10:44+00:00","dateModified":"2025-10-20T14:12:49+00:00","breadcrumb":{"@id":"https:\/\/globalsew.com\/product\/lp2881-725aut\/#breadcrumb"},"inLanguage":"fr-FR","potentialAction":[{"@type":"ReadAction","target":["https:\/\/globalsew.com\/product\/lp2881-725aut\/"]}]},{"@type":"ImageObject","inLanguage":"fr-FR","@id":"https:\/\/globalsew.com\/product\/lp2881-725aut\/#primaryimage","url":"https:\/\/globalsew.com\/wp-content\/uploads\/2025\/09\/products-LP-2881-721-01-global-1080-website-2025-copy.jpg","contentUrl":"https:\/\/globalsew.com\/wp-content\/uploads\/2025\/09\/products-LP-2881-721-01-global-1080-website-2025-copy.jpg","width":1819,"height":1080},{"@type":"BreadcrumbList","@id":"https:\/\/globalsew.com\/product\/lp2881-725aut\/#breadcrumb","itemListElement":[{"@type":"ListItem","position":1,"name":"Home","item":"https:\/\/globalsew.com\/"},{"@type":"ListItem","position":2,"name":"Products","item":"https:\/\/globalsew.com\/products\/"},{"@type":"ListItem","position":3,"name":"LP 2881-725 AUT"}]},{"@type":"WebSite","@id":"https:\/\/globalsew.com\/#website","url":"https:\/\/globalsew.com\/","name":"Global International B.V.","description":"Machines \u00e0 coudre industrielles","potentialAction":[{"@type":"SearchAction","target":{"@type":"EntryPoint","urlTemplate":"https:\/\/globalsew.com\/?s={search_term_string}"},"query-input":{"@type":"PropertyValueSpecification","valueRequired":true,"valueName":"search_term_string"}}],"inLanguage":"fr-FR"}]}},"_links":{"self":[{"href":"https:\/\/globalsew.com\/fr\/wp-json\/wp\/v2\/product\/113738","targetHints":{"allow":["GET"]}}],"collection":[{"href":"https:\/\/globalsew.com\/fr\/wp-json\/wp\/v2\/product"}],"about":[{"href":"https:\/\/globalsew.com\/fr\/wp-json\/wp\/v2\/types\/product"}],"wp:featuredmedia":[{"embeddable":true,"href":"https:\/\/globalsew.com\/fr\/wp-json\/wp\/v2\/media\/113918"}],"wp:attachment":[{"href":"https:\/\/globalsew.com\/fr\/wp-json\/wp\/v2\/media?parent=113738"}],"wp:term":[{"taxonomy":"product_brand","embeddable":true,"href":"https:\/\/globalsew.com\/fr\/wp-json\/wp\/v2\/product_brand?post=113738"},{"taxonomy":"product_cat","embeddable":true,"href":"https:\/\/globalsew.com\/fr\/wp-json\/wp\/v2\/product_cat?post=113738"},{"taxonomy":"product_tag","embeddable":true,"href":"https:\/\/globalsew.com\/fr\/wp-json\/wp\/v2\/product_tag?post=113738"}],"curies":[{"name":"wp","href":"https:\/\/api.w.org\/{rel}","templated":true}]}}