{"id":113737,"date":"2025-09-29T12:59:53","date_gmt":"2025-09-29T10:59:53","guid":{"rendered":"https:\/\/globalsew.com\/?post_type=product&#038;p=113737"},"modified":"2025-10-20T16:14:50","modified_gmt":"2025-10-20T14:14:50","slug":"lp-2881-360","status":"publish","type":"product","link":"https:\/\/globalsew.com\/fr\/product\/lp-2881-360\/","title":{"rendered":"LP 2881-360"},"content":{"rendered":"<p style=\"text-align: left;\"><strong>Global LP 2881-360<br \/>\n<\/strong>Machine \u00e0 coudre \u00e0 une aiguille, bras rotatif \u00e0 360 degr\u00e9s avec crochet standard, rouleau presseur \u00e0 entra\u00eenement sup\u00e9rieur, roue<br \/>\net l'entra\u00eenement de l'aiguille. La machine est \u00e9quip\u00e9e d'un releveur de pied-de-biche \u00e9lectrique et d'un point d'arr\u00eat \u00e9lectrique. Ce mod\u00e8le<br \/>\nest entra\u00een\u00e9 par 3 moteurs pas \u00e0 pas ; sur le presseur \u00e0 rouleaux, le m\u00e9canisme de la roue d'alimentation et le m\u00e9canisme d'alimentation par aiguille,<br \/>\nce qui assure une excellente finition point par point.<br \/>\nLa machine convient \u00e0 la couture de bottes en cuir, de sacs \u00e0 main, de chaussures et d'autres mat\u00e9riaux tr\u00e8s sp\u00e9cifiques.<br \/>\nLe point est r\u00e9gl\u00e9 \u00e9lectroniquement, ce qui rend la longueur du point et l'inversion du \"point dans le point\" pr\u00e9cis et de l'ordre de l'aiguille.<br \/>\nla plus haute qualit\u00e9. Cette machine est excellente pour piquer les plis et les finitions lat\u00e9rales tr\u00e8s pr\u00e8s du bord de l'ouvrage.<br \/>\nle mat\u00e9riel.<\/p>","protected":false},"excerpt":{"rendered":"<p><strong>Caract\u00e9ristiques techniques :<\/strong><\/p>\n<ul>\n<li>Vitesse de la machine : 800 spm<\/li>\n<li>Syst\u00e8me d'ouverture : semi-automatique<\/li>\n<li>Type d'alimentation : alimentation par aiguille et par roue, presseur \u00e0 rouleaux entra\u00een\u00e9 par le haut, moteur pas \u00e0 pas 3x<\/li>\n<li>Lev\u00e9e du pied presseur : max 10 mm<\/li>\n<li>Type d'aiguille : 135\u00d75<\/li>\n<li>Longueur du bras : 34 cm<\/li>\n<li>Longueur du point : 5 mm<\/li>\n<\/ul>\n<p>&nbsp;<\/p>\n<div class=\"row\">\n<div class=\"col-md-4\"><a class=\"download-button\" href=\"https:\/\/globalsew.com\/wp-content\/uploads\/2021\/03\/Global-LP-2881-360.pdf\" target=\"_blank\" rel=\"noopener noreferrer\">D\u00e9pliant<\/a><\/div>\n<\/div>","protected":false},"featured_media":113922,"template":"","meta":{"_acf_changed":false},"product_brand":[],"product_cat":[157,25,83],"product_tag":[],"class_list":{"0":"post-113737","1":"product","2":"type-product","3":"status-publish","4":"has-post-thumbnail","6":"product_cat-pattern-sewing-machines-upholstery","7":"product_cat-shoes","8":"product_cat-special-shoe-machines","9":"tm-no-options","11":"first","12":"instock","13":"shipping-taxable","14":"purchasable","15":"product-type-simple"},"acf":[],"gallery_images":[],"yoast_head":"<!-- This site is optimized with the Yoast SEO plugin v27.3 - https:\/\/yoast.com\/product\/yoast-seo-wordpress\/ -->\n<title>LP 2881-360 - Global International B.V.<\/title>\n<meta name=\"robots\" content=\"index, follow, max-snippet:-1, max-image-preview:large, max-video-preview:-1\" \/>\n<link rel=\"canonical\" href=\"https:\/\/globalsew.com\/fr\/produit\/lp-2881-360\/\" \/>\n<meta property=\"og:locale\" content=\"fr_FR\" \/>\n<meta property=\"og:type\" content=\"article\" \/>\n<meta property=\"og:title\" content=\"LP 2881-360 - Global International B.V.\" \/>\n<meta property=\"og:description\" content=\"Technical specifications:   Machine speed: 800 spm  Oling system: semi automatic  Feed type: needle and wheel feed, top driven roller presser, 3x stepping motor  Presser foot lift: max 10 mm  Needle type: 135x5  Arm length: 34 cm  Stitch length: 5 mm  &nbsp;  Leaflet\" \/>\n<meta property=\"og:url\" content=\"https:\/\/globalsew.com\/fr\/produit\/lp-2881-360\/\" \/>\n<meta property=\"og:site_name\" content=\"Global International B.V.\" \/>\n<meta property=\"article:modified_time\" content=\"2025-10-20T14:14:50+00:00\" \/>\n<meta property=\"og:image\" content=\"https:\/\/globalsew.com\/wp-content\/uploads\/2025\/09\/products-LP-2881-360-01-global-1080-website-2025-copy.jpg\" \/>\n\t<meta property=\"og:image:width\" content=\"1819\" \/>\n\t<meta property=\"og:image:height\" content=\"1080\" \/>\n\t<meta property=\"og:image:type\" content=\"image\/jpeg\" \/>\n<meta name=\"twitter:card\" content=\"summary_large_image\" \/>\n<meta name=\"twitter:label1\" content=\"Dur\u00e9e de lecture estim\u00e9e\" \/>\n\t<meta name=\"twitter:data1\" content=\"1 minute\" \/>\n<script type=\"application\/ld+json\" class=\"yoast-schema-graph\">{\"@context\":\"https:\\\/\\\/schema.org\",\"@graph\":[{\"@type\":\"WebPage\",\"@id\":\"https:\\\/\\\/globalsew.com\\\/product\\\/lp-2881-360\\\/\",\"url\":\"https:\\\/\\\/globalsew.com\\\/product\\\/lp-2881-360\\\/\",\"name\":\"LP 2881-360 - Global International B.V.\",\"isPartOf\":{\"@id\":\"https:\\\/\\\/globalsew.com\\\/#website\"},\"primaryImageOfPage\":{\"@id\":\"https:\\\/\\\/globalsew.com\\\/product\\\/lp-2881-360\\\/#primaryimage\"},\"image\":{\"@id\":\"https:\\\/\\\/globalsew.com\\\/product\\\/lp-2881-360\\\/#primaryimage\"},\"thumbnailUrl\":\"https:\\\/\\\/globalsew.com\\\/wp-content\\\/uploads\\\/2025\\\/09\\\/products-LP-2881-360-01-global-1080-website-2025-copy.jpg\",\"datePublished\":\"2025-09-29T10:59:53+00:00\",\"dateModified\":\"2025-10-20T14:14:50+00:00\",\"breadcrumb\":{\"@id\":\"https:\\\/\\\/globalsew.com\\\/product\\\/lp-2881-360\\\/#breadcrumb\"},\"inLanguage\":\"fr-FR\",\"potentialAction\":[{\"@type\":\"ReadAction\",\"target\":[\"https:\\\/\\\/globalsew.com\\\/product\\\/lp-2881-360\\\/\"]}]},{\"@type\":\"ImageObject\",\"inLanguage\":\"fr-FR\",\"@id\":\"https:\\\/\\\/globalsew.com\\\/product\\\/lp-2881-360\\\/#primaryimage\",\"url\":\"https:\\\/\\\/globalsew.com\\\/wp-content\\\/uploads\\\/2025\\\/09\\\/products-LP-2881-360-01-global-1080-website-2025-copy.jpg\",\"contentUrl\":\"https:\\\/\\\/globalsew.com\\\/wp-content\\\/uploads\\\/2025\\\/09\\\/products-LP-2881-360-01-global-1080-website-2025-copy.jpg\",\"width\":1819,\"height\":1080},{\"@type\":\"BreadcrumbList\",\"@id\":\"https:\\\/\\\/globalsew.com\\\/product\\\/lp-2881-360\\\/#breadcrumb\",\"itemListElement\":[{\"@type\":\"ListItem\",\"position\":1,\"name\":\"Home\",\"item\":\"https:\\\/\\\/globalsew.com\\\/\"},{\"@type\":\"ListItem\",\"position\":2,\"name\":\"Products\",\"item\":\"https:\\\/\\\/globalsew.com\\\/products\\\/\"},{\"@type\":\"ListItem\",\"position\":3,\"name\":\"LP 2881-360\"}]},{\"@type\":\"WebSite\",\"@id\":\"https:\\\/\\\/globalsew.com\\\/#website\",\"url\":\"https:\\\/\\\/globalsew.com\\\/\",\"name\":\"Global International B.V.\",\"description\":\"Industrial Sewing Machines\",\"potentialAction\":[{\"@type\":\"SearchAction\",\"target\":{\"@type\":\"EntryPoint\",\"urlTemplate\":\"https:\\\/\\\/globalsew.com\\\/?s={search_term_string}\"},\"query-input\":{\"@type\":\"PropertyValueSpecification\",\"valueRequired\":true,\"valueName\":\"search_term_string\"}}],\"inLanguage\":\"fr-FR\"}]}<\/script>\n<!-- \/ Yoast SEO plugin. -->","yoast_head_json":{"title":"LP 2881-360 - Global International B.V.","robots":{"index":"index","follow":"follow","max-snippet":"max-snippet:-1","max-image-preview":"max-image-preview:large","max-video-preview":"max-video-preview:-1"},"canonical":"https:\/\/globalsew.com\/fr\/produit\/lp-2881-360\/","og_locale":"fr_FR","og_type":"article","og_title":"LP 2881-360 - Global International B.V.","og_description":"Technical specifications:   Machine speed: 800 spm  Oling system: semi automatic  Feed type: needle and wheel feed, top driven roller presser, 3x stepping motor  Presser foot lift: max 10 mm  Needle type: 135x5  Arm length: 34 cm  Stitch length: 5 mm  &nbsp;  Leaflet","og_url":"https:\/\/globalsew.com\/fr\/produit\/lp-2881-360\/","og_site_name":"Global International B.V.","article_modified_time":"2025-10-20T14:14:50+00:00","og_image":[{"width":1819,"height":1080,"url":"https:\/\/globalsew.com\/wp-content\/uploads\/2025\/09\/products-LP-2881-360-01-global-1080-website-2025-copy.jpg","type":"image\/jpeg"}],"twitter_card":"summary_large_image","twitter_misc":{"Dur\u00e9e de lecture estim\u00e9e":"1 minute"},"schema":{"@context":"https:\/\/schema.org","@graph":[{"@type":"WebPage","@id":"https:\/\/globalsew.com\/product\/lp-2881-360\/","url":"https:\/\/globalsew.com\/product\/lp-2881-360\/","name":"LP 2881-360 - Global International B.V.","isPartOf":{"@id":"https:\/\/globalsew.com\/#website"},"primaryImageOfPage":{"@id":"https:\/\/globalsew.com\/product\/lp-2881-360\/#primaryimage"},"image":{"@id":"https:\/\/globalsew.com\/product\/lp-2881-360\/#primaryimage"},"thumbnailUrl":"https:\/\/globalsew.com\/wp-content\/uploads\/2025\/09\/products-LP-2881-360-01-global-1080-website-2025-copy.jpg","datePublished":"2025-09-29T10:59:53+00:00","dateModified":"2025-10-20T14:14:50+00:00","breadcrumb":{"@id":"https:\/\/globalsew.com\/product\/lp-2881-360\/#breadcrumb"},"inLanguage":"fr-FR","potentialAction":[{"@type":"ReadAction","target":["https:\/\/globalsew.com\/product\/lp-2881-360\/"]}]},{"@type":"ImageObject","inLanguage":"fr-FR","@id":"https:\/\/globalsew.com\/product\/lp-2881-360\/#primaryimage","url":"https:\/\/globalsew.com\/wp-content\/uploads\/2025\/09\/products-LP-2881-360-01-global-1080-website-2025-copy.jpg","contentUrl":"https:\/\/globalsew.com\/wp-content\/uploads\/2025\/09\/products-LP-2881-360-01-global-1080-website-2025-copy.jpg","width":1819,"height":1080},{"@type":"BreadcrumbList","@id":"https:\/\/globalsew.com\/product\/lp-2881-360\/#breadcrumb","itemListElement":[{"@type":"ListItem","position":1,"name":"Home","item":"https:\/\/globalsew.com\/"},{"@type":"ListItem","position":2,"name":"Products","item":"https:\/\/globalsew.com\/products\/"},{"@type":"ListItem","position":3,"name":"LP 2881-360"}]},{"@type":"WebSite","@id":"https:\/\/globalsew.com\/#website","url":"https:\/\/globalsew.com\/","name":"Global International B.V.","description":"Machines \u00e0 coudre industrielles","potentialAction":[{"@type":"SearchAction","target":{"@type":"EntryPoint","urlTemplate":"https:\/\/globalsew.com\/?s={search_term_string}"},"query-input":{"@type":"PropertyValueSpecification","valueRequired":true,"valueName":"search_term_string"}}],"inLanguage":"fr-FR"}]}},"_links":{"self":[{"href":"https:\/\/globalsew.com\/fr\/wp-json\/wp\/v2\/product\/113737","targetHints":{"allow":["GET"]}}],"collection":[{"href":"https:\/\/globalsew.com\/fr\/wp-json\/wp\/v2\/product"}],"about":[{"href":"https:\/\/globalsew.com\/fr\/wp-json\/wp\/v2\/types\/product"}],"wp:featuredmedia":[{"embeddable":true,"href":"https:\/\/globalsew.com\/fr\/wp-json\/wp\/v2\/media\/113922"}],"wp:attachment":[{"href":"https:\/\/globalsew.com\/fr\/wp-json\/wp\/v2\/media?parent=113737"}],"wp:term":[{"taxonomy":"product_brand","embeddable":true,"href":"https:\/\/globalsew.com\/fr\/wp-json\/wp\/v2\/product_brand?post=113737"},{"taxonomy":"product_cat","embeddable":true,"href":"https:\/\/globalsew.com\/fr\/wp-json\/wp\/v2\/product_cat?post=113737"},{"taxonomy":"product_tag","embeddable":true,"href":"https:\/\/globalsew.com\/fr\/wp-json\/wp\/v2\/product_tag?post=113737"}],"curies":[{"name":"wp","href":"https:\/\/api.w.org\/{rel}","templated":true}]}}