{"id":112777,"date":"2025-02-24T11:22:33","date_gmt":"2025-02-24T10:22:33","guid":{"rendered":"https:\/\/globalsew.com\/?post_type=product&#038;p=112777"},"modified":"2025-02-24T12:49:19","modified_gmt":"2025-02-24T11:49:19","slug":"bt-250x160-s","status":"publish","type":"product","link":"https:\/\/globalsew.com\/fr\/product\/bt-250x160-s\/","title":{"rendered":"BT 250\u00d7160 S"},"content":{"rendered":"<p><strong>BT 250\u00d7150 S<br \/>\n<\/strong>Cette machine \u00e0 coudre programmable, avec crochet navette, convient \u00e0 la couture de mat\u00e9riaux moyens \/ lourds avec une zone de couture de 250 x 160 mm. La hauteur du pied-de-biche peut \u00eatre r\u00e9gl\u00e9e par un moteur pas \u00e0 pas. Elle est \u00e9quip\u00e9e en standard d'un capteur de casse-fil, d'une deuxi\u00e8me tension et de pinces \u00e0 doigts (pour les ceintures de s\u00e9curit\u00e9 (max. 4 couches)). Le refroidissement de l'aiguille et le d\u00e9gagement rapide peuvent \u00eatre livr\u00e9s avec cette machine (en option). La machine est livr\u00e9e avec une table, un support et un mini-moteur servo \u00e0 entra\u00eenement direct. Vitesse maximale de la machine : 2400 spm.<\/p>\n<p style=\"padding-left: 40px;\"><img fetchpriority=\"high\" decoding=\"async\" class=\"alignleft wp-image-95401\" src=\"https:\/\/globalsew.com\/wp-content\/uploads\/2020\/03\/BT-SOFTWARE-DAHAO-GLOBAL-1-1024x603.jpg\" alt=\"\" width=\"355\" height=\"209\" srcset=\"https:\/\/globalsew.com\/wp-content\/uploads\/2020\/03\/BT-SOFTWARE-DAHAO-GLOBAL-1-1024x603.jpg 1024w, https:\/\/globalsew.com\/wp-content\/uploads\/2020\/03\/BT-SOFTWARE-DAHAO-GLOBAL-1-1080x636.jpg 1080w, https:\/\/globalsew.com\/wp-content\/uploads\/2020\/03\/BT-SOFTWARE-DAHAO-GLOBAL-1-555x327.jpg 555w, https:\/\/globalsew.com\/wp-content\/uploads\/2020\/03\/BT-SOFTWARE-DAHAO-GLOBAL-1-300x177.jpg 300w, https:\/\/globalsew.com\/wp-content\/uploads\/2020\/03\/BT-SOFTWARE-DAHAO-GLOBAL-1-768x452.jpg 768w, https:\/\/globalsew.com\/wp-content\/uploads\/2020\/03\/BT-SOFTWARE-DAHAO-GLOBAL-1-205x121.jpg 205w, https:\/\/globalsew.com\/wp-content\/uploads\/2020\/03\/BT-SOFTWARE-DAHAO-GLOBAL-1.jpg 1417w\" sizes=\"(max-width: 355px) 100vw, 355px\" \/><img decoding=\"async\" class=\"wp-image-95338 alignright\" src=\"https:\/\/globalsew.com\/wp-content\/uploads\/2020\/03\/bt-panel-pc-global-m-300x180.jpg\" alt=\"\" width=\"299\" height=\"180\" srcset=\"https:\/\/globalsew.com\/wp-content\/uploads\/2020\/03\/bt-panel-pc-global-m-300x180.jpg 300w, https:\/\/globalsew.com\/wp-content\/uploads\/2020\/03\/bt-panel-pc-global-m-205x123.jpg 205w, https:\/\/globalsew.com\/wp-content\/uploads\/2020\/03\/bt-panel-pc-global-m.jpg 369w\" sizes=\"(max-width: 299px) 100vw, 299px\" \/><\/p>\n<p style=\"text-align: left;\">Dahao Technologies vous permet de concevoir et de modifier des motifs \u00e0 la fois sur l'\u00e9cran tactile facile \u00e0 utiliser et par logiciel, qui peut \u00eatre directement t\u00e9l\u00e9charg\u00e9 par USB. La machine peut lire : <span style=\"font-size: 10pt;\"><strong>Fichiers .DXF .NSP .DST .SEW .EMB<\/strong><\/span><\/p>\n<p><a href=\"https:\/\/globalsew.com\/fr\/dahao\/\"><img decoding=\"async\" class=\"alignnone wp-image-95625\" src=\"https:\/\/globalsew.com\/wp-content\/uploads\/2020\/03\/BANNER-TEST2-GLOBAL-DAHOA.jpg\" alt=\"\" width=\"176\" height=\"51\" srcset=\"https:\/\/globalsew.com\/wp-content\/uploads\/2020\/03\/BANNER-TEST2-GLOBAL-DAHOA.jpg 789w, https:\/\/globalsew.com\/wp-content\/uploads\/2020\/03\/BANNER-TEST2-GLOBAL-DAHOA-555x160.jpg 555w, https:\/\/globalsew.com\/wp-content\/uploads\/2020\/03\/BANNER-TEST2-GLOBAL-DAHOA-300x87.jpg 300w, https:\/\/globalsew.com\/wp-content\/uploads\/2020\/03\/BANNER-TEST2-GLOBAL-DAHOA-768x222.jpg 768w, https:\/\/globalsew.com\/wp-content\/uploads\/2020\/03\/BANNER-TEST2-GLOBAL-DAHOA-205x59.jpg 205w\" sizes=\"(max-width: 176px) 100vw, 176px\" \/><\/a><\/p>","protected":false},"excerpt":{"rendered":"<p>BT 250&#215;150 S This programmable pattern sewing machine, with shuttle hook, is suitable to sew medium \/ heavy materials with a sewing area of 250 x 160 mm. The height of the presser foot can be adjusted by a stepping motor. Standard equipped with thread breaking sensor, second tension and finger clamps (for safety belts [&hellip;]<\/p>\n","protected":false},"featured_media":112778,"template":"","meta":{"_acf_changed":false},"product_brand":[],"product_cat":[97,152],"product_tag":[],"class_list":{"0":"post-112777","1":"product","2":"type-product","3":"status-publish","4":"has-post-thumbnail","6":"product_cat-pattern-sewing-machines","7":"product_cat-patternsewers","8":"tm-has-options","10":"first","11":"instock","12":"shipping-taxable","13":"purchasable","14":"product-type-simple"},"acf":[],"gallery_images":[112781,112780,112779,112782],"yoast_head":"<!-- This site is optimized with the Yoast SEO plugin v27.3 - https:\/\/yoast.com\/product\/yoast-seo-wordpress\/ -->\n<title>BT 250x160 S - Global International B.V.<\/title>\n<meta name=\"robots\" content=\"index, follow, max-snippet:-1, max-image-preview:large, max-video-preview:-1\" \/>\n<link rel=\"canonical\" href=\"https:\/\/globalsew.com\/fr\/produit\/bt-250x160-s\/\" \/>\n<meta property=\"og:locale\" content=\"fr_FR\" \/>\n<meta property=\"og:type\" content=\"article\" \/>\n<meta property=\"og:title\" content=\"BT 250x160 S - Global International B.V.\" \/>\n<meta property=\"og:description\" content=\"BT 250&#215;150 S This programmable pattern sewing machine, with shuttle hook, is suitable to sew medium \/ heavy materials with a sewing area of 250 x 160 mm. The height of the presser foot can be adjusted by a stepping motor. Standard equipped with thread breaking sensor, second tension and finger clamps (for safety belts [&hellip;]\" \/>\n<meta property=\"og:url\" content=\"https:\/\/globalsew.com\/fr\/produit\/bt-250x160-s\/\" \/>\n<meta property=\"og:site_name\" content=\"Global International B.V.\" \/>\n<meta property=\"article:modified_time\" content=\"2025-02-24T11:49:19+00:00\" \/>\n<meta property=\"og:image\" content=\"https:\/\/globalsew.com\/wp-content\/uploads\/2025\/02\/products-BT-250X16-C-03-global-1080-website-2025.jpg\" \/>\n\t<meta property=\"og:image:width\" content=\"1819\" \/>\n\t<meta property=\"og:image:height\" content=\"1080\" \/>\n\t<meta property=\"og:image:type\" content=\"image\/jpeg\" \/>\n<meta name=\"twitter:card\" content=\"summary_large_image\" \/>\n<meta name=\"twitter:label1\" content=\"Dur\u00e9e de lecture estim\u00e9e\" \/>\n\t<meta name=\"twitter:data1\" content=\"2 minutes\" \/>\n<script type=\"application\/ld+json\" class=\"yoast-schema-graph\">{\"@context\":\"https:\\\/\\\/schema.org\",\"@graph\":[{\"@type\":\"WebPage\",\"@id\":\"https:\\\/\\\/globalsew.com\\\/product\\\/bt-250x160-s\\\/\",\"url\":\"https:\\\/\\\/globalsew.com\\\/product\\\/bt-250x160-s\\\/\",\"name\":\"BT 250x160 S - Global International B.V.\",\"isPartOf\":{\"@id\":\"https:\\\/\\\/globalsew.com\\\/#website\"},\"primaryImageOfPage\":{\"@id\":\"https:\\\/\\\/globalsew.com\\\/product\\\/bt-250x160-s\\\/#primaryimage\"},\"image\":{\"@id\":\"https:\\\/\\\/globalsew.com\\\/product\\\/bt-250x160-s\\\/#primaryimage\"},\"thumbnailUrl\":\"https:\\\/\\\/globalsew.com\\\/wp-content\\\/uploads\\\/2025\\\/02\\\/products-BT-250X16-C-03-global-1080-website-2025.jpg\",\"datePublished\":\"2025-02-24T10:22:33+00:00\",\"dateModified\":\"2025-02-24T11:49:19+00:00\",\"breadcrumb\":{\"@id\":\"https:\\\/\\\/globalsew.com\\\/product\\\/bt-250x160-s\\\/#breadcrumb\"},\"inLanguage\":\"fr-FR\",\"potentialAction\":[{\"@type\":\"ReadAction\",\"target\":[\"https:\\\/\\\/globalsew.com\\\/product\\\/bt-250x160-s\\\/\"]}]},{\"@type\":\"ImageObject\",\"inLanguage\":\"fr-FR\",\"@id\":\"https:\\\/\\\/globalsew.com\\\/product\\\/bt-250x160-s\\\/#primaryimage\",\"url\":\"https:\\\/\\\/globalsew.com\\\/wp-content\\\/uploads\\\/2025\\\/02\\\/products-BT-250X16-C-03-global-1080-website-2025.jpg\",\"contentUrl\":\"https:\\\/\\\/globalsew.com\\\/wp-content\\\/uploads\\\/2025\\\/02\\\/products-BT-250X16-C-03-global-1080-website-2025.jpg\",\"width\":1819,\"height\":1080},{\"@type\":\"BreadcrumbList\",\"@id\":\"https:\\\/\\\/globalsew.com\\\/product\\\/bt-250x160-s\\\/#breadcrumb\",\"itemListElement\":[{\"@type\":\"ListItem\",\"position\":1,\"name\":\"Home\",\"item\":\"https:\\\/\\\/globalsew.com\\\/\"},{\"@type\":\"ListItem\",\"position\":2,\"name\":\"Products\",\"item\":\"https:\\\/\\\/globalsew.com\\\/products\\\/\"},{\"@type\":\"ListItem\",\"position\":3,\"name\":\"BT 250&#215;160 S\"}]},{\"@type\":\"WebSite\",\"@id\":\"https:\\\/\\\/globalsew.com\\\/#website\",\"url\":\"https:\\\/\\\/globalsew.com\\\/\",\"name\":\"Global International B.V.\",\"description\":\"Industrial Sewing Machines\",\"potentialAction\":[{\"@type\":\"SearchAction\",\"target\":{\"@type\":\"EntryPoint\",\"urlTemplate\":\"https:\\\/\\\/globalsew.com\\\/?s={search_term_string}\"},\"query-input\":{\"@type\":\"PropertyValueSpecification\",\"valueRequired\":true,\"valueName\":\"search_term_string\"}}],\"inLanguage\":\"fr-FR\"}]}<\/script>\n<!-- \/ Yoast SEO plugin. -->","yoast_head_json":{"title":"BT 250x160 S - Global International B.V.","robots":{"index":"index","follow":"follow","max-snippet":"max-snippet:-1","max-image-preview":"max-image-preview:large","max-video-preview":"max-video-preview:-1"},"canonical":"https:\/\/globalsew.com\/fr\/produit\/bt-250x160-s\/","og_locale":"fr_FR","og_type":"article","og_title":"BT 250x160 S - Global International B.V.","og_description":"BT 250&#215;150 S This programmable pattern sewing machine, with shuttle hook, is suitable to sew medium \/ heavy materials with a sewing area of 250 x 160 mm. The height of the presser foot can be adjusted by a stepping motor. Standard equipped with thread breaking sensor, second tension and finger clamps (for safety belts [&hellip;]","og_url":"https:\/\/globalsew.com\/fr\/produit\/bt-250x160-s\/","og_site_name":"Global International B.V.","article_modified_time":"2025-02-24T11:49:19+00:00","og_image":[{"width":1819,"height":1080,"url":"https:\/\/globalsew.com\/wp-content\/uploads\/2025\/02\/products-BT-250X16-C-03-global-1080-website-2025.jpg","type":"image\/jpeg"}],"twitter_card":"summary_large_image","twitter_misc":{"Dur\u00e9e de lecture estim\u00e9e":"2 minutes"},"schema":{"@context":"https:\/\/schema.org","@graph":[{"@type":"WebPage","@id":"https:\/\/globalsew.com\/product\/bt-250x160-s\/","url":"https:\/\/globalsew.com\/product\/bt-250x160-s\/","name":"BT 250x160 S - Global International B.V.","isPartOf":{"@id":"https:\/\/globalsew.com\/#website"},"primaryImageOfPage":{"@id":"https:\/\/globalsew.com\/product\/bt-250x160-s\/#primaryimage"},"image":{"@id":"https:\/\/globalsew.com\/product\/bt-250x160-s\/#primaryimage"},"thumbnailUrl":"https:\/\/globalsew.com\/wp-content\/uploads\/2025\/02\/products-BT-250X16-C-03-global-1080-website-2025.jpg","datePublished":"2025-02-24T10:22:33+00:00","dateModified":"2025-02-24T11:49:19+00:00","breadcrumb":{"@id":"https:\/\/globalsew.com\/product\/bt-250x160-s\/#breadcrumb"},"inLanguage":"fr-FR","potentialAction":[{"@type":"ReadAction","target":["https:\/\/globalsew.com\/product\/bt-250x160-s\/"]}]},{"@type":"ImageObject","inLanguage":"fr-FR","@id":"https:\/\/globalsew.com\/product\/bt-250x160-s\/#primaryimage","url":"https:\/\/globalsew.com\/wp-content\/uploads\/2025\/02\/products-BT-250X16-C-03-global-1080-website-2025.jpg","contentUrl":"https:\/\/globalsew.com\/wp-content\/uploads\/2025\/02\/products-BT-250X16-C-03-global-1080-website-2025.jpg","width":1819,"height":1080},{"@type":"BreadcrumbList","@id":"https:\/\/globalsew.com\/product\/bt-250x160-s\/#breadcrumb","itemListElement":[{"@type":"ListItem","position":1,"name":"Home","item":"https:\/\/globalsew.com\/"},{"@type":"ListItem","position":2,"name":"Products","item":"https:\/\/globalsew.com\/products\/"},{"@type":"ListItem","position":3,"name":"BT 250&#215;160 S"}]},{"@type":"WebSite","@id":"https:\/\/globalsew.com\/#website","url":"https:\/\/globalsew.com\/","name":"Global International B.V.","description":"Machines \u00e0 coudre industrielles","potentialAction":[{"@type":"SearchAction","target":{"@type":"EntryPoint","urlTemplate":"https:\/\/globalsew.com\/?s={search_term_string}"},"query-input":{"@type":"PropertyValueSpecification","valueRequired":true,"valueName":"search_term_string"}}],"inLanguage":"fr-FR"}]}},"_links":{"self":[{"href":"https:\/\/globalsew.com\/fr\/wp-json\/wp\/v2\/product\/112777","targetHints":{"allow":["GET"]}}],"collection":[{"href":"https:\/\/globalsew.com\/fr\/wp-json\/wp\/v2\/product"}],"about":[{"href":"https:\/\/globalsew.com\/fr\/wp-json\/wp\/v2\/types\/product"}],"wp:featuredmedia":[{"embeddable":true,"href":"https:\/\/globalsew.com\/fr\/wp-json\/wp\/v2\/media\/112778"}],"wp:attachment":[{"href":"https:\/\/globalsew.com\/fr\/wp-json\/wp\/v2\/media?parent=112777"}],"wp:term":[{"taxonomy":"product_brand","embeddable":true,"href":"https:\/\/globalsew.com\/fr\/wp-json\/wp\/v2\/product_brand?post=112777"},{"taxonomy":"product_cat","embeddable":true,"href":"https:\/\/globalsew.com\/fr\/wp-json\/wp\/v2\/product_cat?post=112777"},{"taxonomy":"product_tag","embeddable":true,"href":"https:\/\/globalsew.com\/fr\/wp-json\/wp\/v2\/product_tag?post=112777"}],"curies":[{"name":"wp","href":"https:\/\/api.w.org\/{rel}","templated":true}]}}