{"id":112312,"date":"2025-01-23T11:19:18","date_gmt":"2025-01-23T10:19:18","guid":{"rendered":"https:\/\/globalsew.com\/?post_type=product&#038;p=112312"},"modified":"2025-12-17T16:31:23","modified_gmt":"2025-12-17T15:31:23","slug":"bt-1000-x-600-360","status":"publish","type":"product","link":"https:\/\/globalsew.com\/fr\/product\/bt-1000-x-600-360\/","title":{"rendered":"BT 1000 X 600-360"},"content":{"rendered":"<div class=\"wpb-content-wrapper\"><div class=\"vc_row wpb_row vc_row-fluid\"><div class=\"wpb_column vc_column_container vc_col-sm-12\"><div class=\"vc_column-inner\"><div class=\"wpb_wrapper\">\n\t<div class=\"wpb_text_column wpb_content_element\" >\n\t\t<div class=\"wpb_wrapper\">\n\t\t\t<p><strong>BT 1000\u00d7600-360<\/strong><br \/>\nCette machine \u00e0 coudre programmable convient aux mat\u00e9riaux lourds gr\u00e2ce \u00e0 la rotation \u00e0 360 degr\u00e9s de la t\u00eate de la machine et de l'unit\u00e9 de crochet, qui ajustent toutes deux la direction de la couture. Gr\u00e2ce \u00e0 cette conception, la machine prend le point avec pr\u00e9cision et \u00e9limine le risque de sauter des points, quel que soit le sens de la couture.<\/p>\n<p>La construction de la machine permet de soulever la t\u00eate de couture, qui est utilis\u00e9e dans la production de sacs, d'automobiles, de chaussures et bien d'autres choses encore. Le gabarit peut \u00eatre ajust\u00e9 \u00e0 n'importe quelle conception, en fonction du mod\u00e8le de couture.<\/p>\n<p>Caract\u00e9ristiques techniques :<br \/>\n* Rotation \u00e0 360 degr\u00e9s de la t\u00eate de la machine et de l'unit\u00e9 de crochet - les deux s'adaptent \u00e0 la direction de la couture.<br \/>\n* Moteurs pas \u00e0 pas rapides et pr\u00e9cis int\u00e9gr\u00e9s, responsables de la t\u00eate de couture, de l'unit\u00e9 de crochet et du travail du rail dans les axes X et Y pour l'entra\u00eenement de la barre \u00e0 aiguille.<br \/>\n* Ecran tactile LCD 7 pouces avec port USB pour le transfert de donn\u00e9es et le stockage de motifs dans la m\u00e9moire interne jusqu'\u00e0 999 motifs.<br \/>\n* La quantit\u00e9 maximale de points dans le motif est de 20 000 points.<br \/>\n* \u00c9dition de motifs existants ou programm\u00e9s.<br \/>\n* Commutateur automatique start-stop, fonction pause \/ continue.<br \/>\n* Angle de rotation programmable par pas de 0,05 degr\u00e9.<br \/>\n* Coupe-fil automatique<br \/>\n* Point de s\u00e9curit\u00e9 et d\u00e9tection de rupture de fil<br \/>\n* Longueur de point 0,5 - 12,7 mm<br \/>\n* Bobineur de canette externe<\/p>\n<p>&nbsp;<\/p>\n\n\t\t<\/div>\n\t<\/div>\n<\/div><\/div><\/div><\/div>\n<\/div>","protected":false},"excerpt":{"rendered":"<p>Pour les t\u00e9l\u00e9chargements, voir notre page de t\u00e9l\u00e9chargements pour l'application <a class=\"download-link\" href=\"https:\/\/globalsew.com\/fr\/telecharger\/machines-a-coudre-electroniques-de-la-serie-bt-machines-a-coudre-a-patron-programmable-depliants-uniquement\/\">S\u00e9rie BT<\/a>.<\/p>\n<p>Les sp\u00e9cifications du produit BT 1000\u00d7600-360 sont les suivantes :<\/p>\n<ul>\n<li>Table compl\u00e8te, support et moteur<\/li>\n<li>Vitesse de la machine : 200 - 2400 RPM<\/li>\n<li>Syst\u00e8me d'alimentation : par moteur \u00e0 impulsion (X-Y-Z)<\/li>\n<li>Type de crochet : Crochet rotatif double<\/li>\n<li>Longueur de point : 0,1 - 12,7 mm<\/li>\n<li>Lev\u00e9e du pied presseur : max 16 mm<\/li>\n<li>Lev\u00e9e de la pince : jusqu'\u00e0 20 mm (pneumatique)<\/li>\n<li>Type d'aiguille : 135\u00d717<\/li>\n<li>Plage de couture : 1000 x 600 mm<\/li>\n<li>Source d'alimentation : 240 V, 1 phase, 50 - 60 Hz, servomoteur AC \u00e0 entra\u00eenement direct<\/li>\n<\/ul>","protected":false},"featured_media":110233,"template":"","meta":{"_acf_changed":false},"product_brand":[],"product_cat":[157,97,122,25,63],"product_tag":[],"class_list":{"0":"post-112312","1":"product","2":"type-product","3":"status-publish","4":"has-post-thumbnail","6":"product_cat-pattern-sewing-machines-upholstery","7":"product_cat-pattern-sewing-machines","8":"product_cat-shoe-machines","9":"product_cat-shoes","10":"product_cat-upholstery","11":"tm-has-options","13":"first","14":"instock","15":"shipping-taxable","16":"purchasable","17":"product-type-simple"},"acf":[],"gallery_images":[110233,110234,110236,110237,110238],"yoast_head":"<!-- This site is optimized with the Yoast SEO plugin v27.3 - https:\/\/yoast.com\/product\/yoast-seo-wordpress\/ -->\n<title>BT 1000 X 600-360 - Global International B.V.<\/title>\n<meta name=\"robots\" content=\"index, follow, max-snippet:-1, max-image-preview:large, max-video-preview:-1\" \/>\n<link rel=\"canonical\" href=\"https:\/\/globalsew.com\/fr\/produit\/bt-1000-x-600-360\/\" \/>\n<meta property=\"og:locale\" content=\"fr_FR\" \/>\n<meta property=\"og:type\" content=\"article\" \/>\n<meta property=\"og:title\" content=\"BT 1000 X 600-360 - Global International B.V.\" \/>\n<meta property=\"og:description\" content=\"For downloads see our downloads page for the BT Series.  The product specifications for the BT 1000x600-360 are:   Complete table, stand and motor  Machine speed: 200 - 2400 RPM  Feeding system: by pulse motor (X-Y-Z)  Hook type: Double size rotary hook  Stitch length: 0,1 - 12,7 mm  Presser foot lift: max 16 mm  Clamp lift: up to 20 mm (pneumatic)  Needle type: 135x17  Sewing range: 1000 x 600 mm  Power source: 240 V,\u00a0 1 phase, 50 - 60 Hz, direct drive AC servomotor\" \/>\n<meta property=\"og:url\" content=\"https:\/\/globalsew.com\/fr\/produit\/bt-1000-x-600-360\/\" \/>\n<meta property=\"og:site_name\" content=\"Global International B.V.\" \/>\n<meta property=\"article:modified_time\" content=\"2025-12-17T15:31:23+00:00\" \/>\n<meta property=\"og:image\" content=\"https:\/\/globalsew.com\/wp-content\/uploads\/2024\/06\/products-BT-1000X600-05-global-1080-website-2024.jpg\" \/>\n\t<meta property=\"og:image:width\" content=\"1819\" \/>\n\t<meta property=\"og:image:height\" content=\"1080\" \/>\n\t<meta property=\"og:image:type\" content=\"image\/jpeg\" \/>\n<meta name=\"twitter:card\" content=\"summary_large_image\" \/>\n<meta name=\"twitter:label1\" content=\"Dur\u00e9e de lecture estim\u00e9e\" \/>\n\t<meta name=\"twitter:data1\" content=\"1 minute\" \/>\n<script type=\"application\/ld+json\" class=\"yoast-schema-graph\">{\"@context\":\"https:\\\/\\\/schema.org\",\"@graph\":[{\"@type\":\"WebPage\",\"@id\":\"https:\\\/\\\/globalsew.com\\\/product\\\/bt-1000-x-600-360\\\/\",\"url\":\"https:\\\/\\\/globalsew.com\\\/product\\\/bt-1000-x-600-360\\\/\",\"name\":\"BT 1000 X 600-360 - Global International B.V.\",\"isPartOf\":{\"@id\":\"https:\\\/\\\/globalsew.com\\\/#website\"},\"primaryImageOfPage\":{\"@id\":\"https:\\\/\\\/globalsew.com\\\/product\\\/bt-1000-x-600-360\\\/#primaryimage\"},\"image\":{\"@id\":\"https:\\\/\\\/globalsew.com\\\/product\\\/bt-1000-x-600-360\\\/#primaryimage\"},\"thumbnailUrl\":\"https:\\\/\\\/globalsew.com\\\/wp-content\\\/uploads\\\/2024\\\/06\\\/products-BT-1000X600-05-global-1080-website-2024.jpg\",\"datePublished\":\"2025-01-23T10:19:18+00:00\",\"dateModified\":\"2025-12-17T15:31:23+00:00\",\"breadcrumb\":{\"@id\":\"https:\\\/\\\/globalsew.com\\\/product\\\/bt-1000-x-600-360\\\/#breadcrumb\"},\"inLanguage\":\"fr-FR\",\"potentialAction\":[{\"@type\":\"ReadAction\",\"target\":[\"https:\\\/\\\/globalsew.com\\\/product\\\/bt-1000-x-600-360\\\/\"]}]},{\"@type\":\"ImageObject\",\"inLanguage\":\"fr-FR\",\"@id\":\"https:\\\/\\\/globalsew.com\\\/product\\\/bt-1000-x-600-360\\\/#primaryimage\",\"url\":\"https:\\\/\\\/globalsew.com\\\/wp-content\\\/uploads\\\/2024\\\/06\\\/products-BT-1000X600-05-global-1080-website-2024.jpg\",\"contentUrl\":\"https:\\\/\\\/globalsew.com\\\/wp-content\\\/uploads\\\/2024\\\/06\\\/products-BT-1000X600-05-global-1080-website-2024.jpg\",\"width\":1819,\"height\":1080,\"caption\":\"products-BT-1000X600-05-global-1080-website-2024\"},{\"@type\":\"BreadcrumbList\",\"@id\":\"https:\\\/\\\/globalsew.com\\\/product\\\/bt-1000-x-600-360\\\/#breadcrumb\",\"itemListElement\":[{\"@type\":\"ListItem\",\"position\":1,\"name\":\"Home\",\"item\":\"https:\\\/\\\/globalsew.com\\\/\"},{\"@type\":\"ListItem\",\"position\":2,\"name\":\"Products\",\"item\":\"https:\\\/\\\/globalsew.com\\\/products\\\/\"},{\"@type\":\"ListItem\",\"position\":3,\"name\":\"BT 1000 X 600-360\"}]},{\"@type\":\"WebSite\",\"@id\":\"https:\\\/\\\/globalsew.com\\\/#website\",\"url\":\"https:\\\/\\\/globalsew.com\\\/\",\"name\":\"Global International B.V.\",\"description\":\"Industrial Sewing Machines\",\"potentialAction\":[{\"@type\":\"SearchAction\",\"target\":{\"@type\":\"EntryPoint\",\"urlTemplate\":\"https:\\\/\\\/globalsew.com\\\/?s={search_term_string}\"},\"query-input\":{\"@type\":\"PropertyValueSpecification\",\"valueRequired\":true,\"valueName\":\"search_term_string\"}}],\"inLanguage\":\"fr-FR\"}]}<\/script>\n<!-- \/ Yoast SEO plugin. -->","yoast_head_json":{"title":"BT 1000 X 600-360 - Global International B.V.","robots":{"index":"index","follow":"follow","max-snippet":"max-snippet:-1","max-image-preview":"max-image-preview:large","max-video-preview":"max-video-preview:-1"},"canonical":"https:\/\/globalsew.com\/fr\/produit\/bt-1000-x-600-360\/","og_locale":"fr_FR","og_type":"article","og_title":"BT 1000 X 600-360 - Global International B.V.","og_description":"For downloads see our downloads page for the BT Series.  The product specifications for the BT 1000x600-360 are:   Complete table, stand and motor  Machine speed: 200 - 2400 RPM  Feeding system: by pulse motor (X-Y-Z)  Hook type: Double size rotary hook  Stitch length: 0,1 - 12,7 mm  Presser foot lift: max 16 mm  Clamp lift: up to 20 mm (pneumatic)  Needle type: 135x17  Sewing range: 1000 x 600 mm  Power source: 240 V,\u00a0 1 phase, 50 - 60 Hz, direct drive AC servomotor","og_url":"https:\/\/globalsew.com\/fr\/produit\/bt-1000-x-600-360\/","og_site_name":"Global International B.V.","article_modified_time":"2025-12-17T15:31:23+00:00","og_image":[{"width":1819,"height":1080,"url":"https:\/\/globalsew.com\/wp-content\/uploads\/2024\/06\/products-BT-1000X600-05-global-1080-website-2024.jpg","type":"image\/jpeg"}],"twitter_card":"summary_large_image","twitter_misc":{"Dur\u00e9e de lecture estim\u00e9e":"1 minute"},"schema":{"@context":"https:\/\/schema.org","@graph":[{"@type":"WebPage","@id":"https:\/\/globalsew.com\/product\/bt-1000-x-600-360\/","url":"https:\/\/globalsew.com\/product\/bt-1000-x-600-360\/","name":"BT 1000 X 600-360 - Global International B.V.","isPartOf":{"@id":"https:\/\/globalsew.com\/#website"},"primaryImageOfPage":{"@id":"https:\/\/globalsew.com\/product\/bt-1000-x-600-360\/#primaryimage"},"image":{"@id":"https:\/\/globalsew.com\/product\/bt-1000-x-600-360\/#primaryimage"},"thumbnailUrl":"https:\/\/globalsew.com\/wp-content\/uploads\/2024\/06\/products-BT-1000X600-05-global-1080-website-2024.jpg","datePublished":"2025-01-23T10:19:18+00:00","dateModified":"2025-12-17T15:31:23+00:00","breadcrumb":{"@id":"https:\/\/globalsew.com\/product\/bt-1000-x-600-360\/#breadcrumb"},"inLanguage":"fr-FR","potentialAction":[{"@type":"ReadAction","target":["https:\/\/globalsew.com\/product\/bt-1000-x-600-360\/"]}]},{"@type":"ImageObject","inLanguage":"fr-FR","@id":"https:\/\/globalsew.com\/product\/bt-1000-x-600-360\/#primaryimage","url":"https:\/\/globalsew.com\/wp-content\/uploads\/2024\/06\/products-BT-1000X600-05-global-1080-website-2024.jpg","contentUrl":"https:\/\/globalsew.com\/wp-content\/uploads\/2024\/06\/products-BT-1000X600-05-global-1080-website-2024.jpg","width":1819,"height":1080,"caption":"products-BT-1000X600-05-global-1080-website-2024"},{"@type":"BreadcrumbList","@id":"https:\/\/globalsew.com\/product\/bt-1000-x-600-360\/#breadcrumb","itemListElement":[{"@type":"ListItem","position":1,"name":"Home","item":"https:\/\/globalsew.com\/"},{"@type":"ListItem","position":2,"name":"Products","item":"https:\/\/globalsew.com\/products\/"},{"@type":"ListItem","position":3,"name":"BT 1000 X 600-360"}]},{"@type":"WebSite","@id":"https:\/\/globalsew.com\/#website","url":"https:\/\/globalsew.com\/","name":"Global International B.V.","description":"Machines \u00e0 coudre industrielles","potentialAction":[{"@type":"SearchAction","target":{"@type":"EntryPoint","urlTemplate":"https:\/\/globalsew.com\/?s={search_term_string}"},"query-input":{"@type":"PropertyValueSpecification","valueRequired":true,"valueName":"search_term_string"}}],"inLanguage":"fr-FR"}]}},"_links":{"self":[{"href":"https:\/\/globalsew.com\/fr\/wp-json\/wp\/v2\/product\/112312","targetHints":{"allow":["GET"]}}],"collection":[{"href":"https:\/\/globalsew.com\/fr\/wp-json\/wp\/v2\/product"}],"about":[{"href":"https:\/\/globalsew.com\/fr\/wp-json\/wp\/v2\/types\/product"}],"wp:featuredmedia":[{"embeddable":true,"href":"https:\/\/globalsew.com\/fr\/wp-json\/wp\/v2\/media\/110233"}],"wp:attachment":[{"href":"https:\/\/globalsew.com\/fr\/wp-json\/wp\/v2\/media?parent=112312"}],"wp:term":[{"taxonomy":"product_brand","embeddable":true,"href":"https:\/\/globalsew.com\/fr\/wp-json\/wp\/v2\/product_brand?post=112312"},{"taxonomy":"product_cat","embeddable":true,"href":"https:\/\/globalsew.com\/fr\/wp-json\/wp\/v2\/product_cat?post=112312"},{"taxonomy":"product_tag","embeddable":true,"href":"https:\/\/globalsew.com\/fr\/wp-json\/wp\/v2\/product_tag?post=112312"}],"curies":[{"name":"wp","href":"https:\/\/api.w.org\/{rel}","templated":true}]}}