{"id":111270,"date":"2024-10-31T10:17:50","date_gmt":"2024-10-31T09:17:50","guid":{"rendered":"https:\/\/globalsew.com\/?post_type=product&#038;p=111270"},"modified":"2024-10-31T10:17:50","modified_gmt":"2024-10-31T09:17:50","slug":"emery-1404-pmd","status":"publish","type":"product","link":"https:\/\/globalsew.com\/fr\/product\/emery-1404-pmd\/","title":{"rendered":"Emery 1404 PMD"},"content":{"rendered":"","protected":false},"excerpt":{"rendered":"<p>Machine industrielle 4 aiguilles 8 fils point de cha\u00eenette (jauge 31,8 mm), \u00e9quip\u00e9e d'un puller \u00e0 entra\u00eenement sup\u00e9rieur et d'un dispositif de dosage inf\u00e9rieur et d'une plieuse sp\u00e9ciale pour l'insertion de bandes \u00e9lastiques dans les cale\u00e7ons.<\/p>","protected":false},"featured_media":111268,"template":"","meta":{"_acf_changed":false},"product_brand":[],"product_cat":[351,317,363],"product_tag":[],"class_list":{"0":"post-111270","1":"product","2":"type-product","3":"status-publish","4":"has-post-thumbnail","6":"product_cat-new-arrivals","7":"product_cat-used-products","8":"product_cat-various","9":"tm-no-options","11":"first","12":"instock","13":"shipping-taxable","14":"purchasable","15":"product-type-simple"},"acf":[],"gallery_images":[],"yoast_head":"<!-- This site is optimized with the Yoast SEO plugin v27.3 - https:\/\/yoast.com\/product\/yoast-seo-wordpress\/ -->\n<title>Emery 1404 PMD - Global International B.V.<\/title>\n<meta name=\"robots\" content=\"index, follow, max-snippet:-1, max-image-preview:large, max-video-preview:-1\" \/>\n<link rel=\"canonical\" href=\"https:\/\/globalsew.com\/fr\/produit\/emery-1404-pmd\/\" \/>\n<meta property=\"og:locale\" content=\"fr_FR\" \/>\n<meta property=\"og:type\" content=\"article\" \/>\n<meta property=\"og:title\" content=\"Emery 1404 PMD - Global International B.V.\" \/>\n<meta property=\"og:description\" content=\"Industrial 4 needle 8 thread chainstitch machine (gauge 31,8 mm), equipped with top driven puller and bottom metering device and special folder for inserting elastic tape in boxer shorts.\" \/>\n<meta property=\"og:url\" content=\"https:\/\/globalsew.com\/fr\/produit\/emery-1404-pmd\/\" \/>\n<meta property=\"og:site_name\" content=\"Global International B.V.\" \/>\n<meta property=\"og:image\" content=\"https:\/\/globalsew.com\/wp-content\/uploads\/2024\/10\/Afbeelding-van-WhatsApp-op-2024-10-31-om-09.29.54_e9d8ce37.jpg\" \/>\n\t<meta property=\"og:image:width\" content=\"1200\" \/>\n\t<meta property=\"og:image:height\" content=\"1600\" \/>\n\t<meta property=\"og:image:type\" content=\"image\/jpeg\" \/>\n<meta name=\"twitter:card\" content=\"summary_large_image\" \/>\n<meta name=\"twitter:label1\" content=\"Dur\u00e9e de lecture estim\u00e9e\" \/>\n\t<meta name=\"twitter:data1\" content=\"1 minute\" \/>\n<script type=\"application\/ld+json\" class=\"yoast-schema-graph\">{\"@context\":\"https:\\\/\\\/schema.org\",\"@graph\":[{\"@type\":\"WebPage\",\"@id\":\"https:\\\/\\\/globalsew.com\\\/product\\\/emery-1404-pmd\\\/\",\"url\":\"https:\\\/\\\/globalsew.com\\\/product\\\/emery-1404-pmd\\\/\",\"name\":\"Emery 1404 PMD - Global International B.V.\",\"isPartOf\":{\"@id\":\"https:\\\/\\\/globalsew.com\\\/#website\"},\"primaryImageOfPage\":{\"@id\":\"https:\\\/\\\/globalsew.com\\\/product\\\/emery-1404-pmd\\\/#primaryimage\"},\"image\":{\"@id\":\"https:\\\/\\\/globalsew.com\\\/product\\\/emery-1404-pmd\\\/#primaryimage\"},\"thumbnailUrl\":\"https:\\\/\\\/globalsew.com\\\/wp-content\\\/uploads\\\/2024\\\/10\\\/Afbeelding-van-WhatsApp-op-2024-10-31-om-09.29.54_e9d8ce37.jpg\",\"datePublished\":\"2024-10-31T09:17:50+00:00\",\"breadcrumb\":{\"@id\":\"https:\\\/\\\/globalsew.com\\\/product\\\/emery-1404-pmd\\\/#breadcrumb\"},\"inLanguage\":\"fr-FR\",\"potentialAction\":[{\"@type\":\"ReadAction\",\"target\":[\"https:\\\/\\\/globalsew.com\\\/product\\\/emery-1404-pmd\\\/\"]}]},{\"@type\":\"ImageObject\",\"inLanguage\":\"fr-FR\",\"@id\":\"https:\\\/\\\/globalsew.com\\\/product\\\/emery-1404-pmd\\\/#primaryimage\",\"url\":\"https:\\\/\\\/globalsew.com\\\/wp-content\\\/uploads\\\/2024\\\/10\\\/Afbeelding-van-WhatsApp-op-2024-10-31-om-09.29.54_e9d8ce37.jpg\",\"contentUrl\":\"https:\\\/\\\/globalsew.com\\\/wp-content\\\/uploads\\\/2024\\\/10\\\/Afbeelding-van-WhatsApp-op-2024-10-31-om-09.29.54_e9d8ce37.jpg\",\"width\":1200,\"height\":1600},{\"@type\":\"BreadcrumbList\",\"@id\":\"https:\\\/\\\/globalsew.com\\\/product\\\/emery-1404-pmd\\\/#breadcrumb\",\"itemListElement\":[{\"@type\":\"ListItem\",\"position\":1,\"name\":\"Home\",\"item\":\"https:\\\/\\\/globalsew.com\\\/\"},{\"@type\":\"ListItem\",\"position\":2,\"name\":\"Products\",\"item\":\"https:\\\/\\\/globalsew.com\\\/products\\\/\"},{\"@type\":\"ListItem\",\"position\":3,\"name\":\"Emery 1404 PMD\"}]},{\"@type\":\"WebSite\",\"@id\":\"https:\\\/\\\/globalsew.com\\\/#website\",\"url\":\"https:\\\/\\\/globalsew.com\\\/\",\"name\":\"Global International B.V.\",\"description\":\"Industrial Sewing Machines\",\"potentialAction\":[{\"@type\":\"SearchAction\",\"target\":{\"@type\":\"EntryPoint\",\"urlTemplate\":\"https:\\\/\\\/globalsew.com\\\/?s={search_term_string}\"},\"query-input\":{\"@type\":\"PropertyValueSpecification\",\"valueRequired\":true,\"valueName\":\"search_term_string\"}}],\"inLanguage\":\"fr-FR\"}]}<\/script>\n<!-- \/ Yoast SEO plugin. -->","yoast_head_json":{"title":"Emery 1404 PMD - Global International B.V.","robots":{"index":"index","follow":"follow","max-snippet":"max-snippet:-1","max-image-preview":"max-image-preview:large","max-video-preview":"max-video-preview:-1"},"canonical":"https:\/\/globalsew.com\/fr\/produit\/emery-1404-pmd\/","og_locale":"fr_FR","og_type":"article","og_title":"Emery 1404 PMD - Global International B.V.","og_description":"Industrial 4 needle 8 thread chainstitch machine (gauge 31,8 mm), equipped with top driven puller and bottom metering device and special folder for inserting elastic tape in boxer shorts.","og_url":"https:\/\/globalsew.com\/fr\/produit\/emery-1404-pmd\/","og_site_name":"Global International B.V.","og_image":[{"width":1200,"height":1600,"url":"https:\/\/globalsew.com\/wp-content\/uploads\/2024\/10\/Afbeelding-van-WhatsApp-op-2024-10-31-om-09.29.54_e9d8ce37.jpg","type":"image\/jpeg"}],"twitter_card":"summary_large_image","twitter_misc":{"Dur\u00e9e de lecture estim\u00e9e":"1 minute"},"schema":{"@context":"https:\/\/schema.org","@graph":[{"@type":"WebPage","@id":"https:\/\/globalsew.com\/product\/emery-1404-pmd\/","url":"https:\/\/globalsew.com\/product\/emery-1404-pmd\/","name":"Emery 1404 PMD - Global International B.V.","isPartOf":{"@id":"https:\/\/globalsew.com\/#website"},"primaryImageOfPage":{"@id":"https:\/\/globalsew.com\/product\/emery-1404-pmd\/#primaryimage"},"image":{"@id":"https:\/\/globalsew.com\/product\/emery-1404-pmd\/#primaryimage"},"thumbnailUrl":"https:\/\/globalsew.com\/wp-content\/uploads\/2024\/10\/Afbeelding-van-WhatsApp-op-2024-10-31-om-09.29.54_e9d8ce37.jpg","datePublished":"2024-10-31T09:17:50+00:00","breadcrumb":{"@id":"https:\/\/globalsew.com\/product\/emery-1404-pmd\/#breadcrumb"},"inLanguage":"fr-FR","potentialAction":[{"@type":"ReadAction","target":["https:\/\/globalsew.com\/product\/emery-1404-pmd\/"]}]},{"@type":"ImageObject","inLanguage":"fr-FR","@id":"https:\/\/globalsew.com\/product\/emery-1404-pmd\/#primaryimage","url":"https:\/\/globalsew.com\/wp-content\/uploads\/2024\/10\/Afbeelding-van-WhatsApp-op-2024-10-31-om-09.29.54_e9d8ce37.jpg","contentUrl":"https:\/\/globalsew.com\/wp-content\/uploads\/2024\/10\/Afbeelding-van-WhatsApp-op-2024-10-31-om-09.29.54_e9d8ce37.jpg","width":1200,"height":1600},{"@type":"BreadcrumbList","@id":"https:\/\/globalsew.com\/product\/emery-1404-pmd\/#breadcrumb","itemListElement":[{"@type":"ListItem","position":1,"name":"Home","item":"https:\/\/globalsew.com\/"},{"@type":"ListItem","position":2,"name":"Products","item":"https:\/\/globalsew.com\/products\/"},{"@type":"ListItem","position":3,"name":"Emery 1404 PMD"}]},{"@type":"WebSite","@id":"https:\/\/globalsew.com\/#website","url":"https:\/\/globalsew.com\/","name":"Global International B.V.","description":"Machines \u00e0 coudre industrielles","potentialAction":[{"@type":"SearchAction","target":{"@type":"EntryPoint","urlTemplate":"https:\/\/globalsew.com\/?s={search_term_string}"},"query-input":{"@type":"PropertyValueSpecification","valueRequired":true,"valueName":"search_term_string"}}],"inLanguage":"fr-FR"}]}},"_links":{"self":[{"href":"https:\/\/globalsew.com\/fr\/wp-json\/wp\/v2\/product\/111270","targetHints":{"allow":["GET"]}}],"collection":[{"href":"https:\/\/globalsew.com\/fr\/wp-json\/wp\/v2\/product"}],"about":[{"href":"https:\/\/globalsew.com\/fr\/wp-json\/wp\/v2\/types\/product"}],"wp:featuredmedia":[{"embeddable":true,"href":"https:\/\/globalsew.com\/fr\/wp-json\/wp\/v2\/media\/111268"}],"wp:attachment":[{"href":"https:\/\/globalsew.com\/fr\/wp-json\/wp\/v2\/media?parent=111270"}],"wp:term":[{"taxonomy":"product_brand","embeddable":true,"href":"https:\/\/globalsew.com\/fr\/wp-json\/wp\/v2\/product_brand?post=111270"},{"taxonomy":"product_cat","embeddable":true,"href":"https:\/\/globalsew.com\/fr\/wp-json\/wp\/v2\/product_cat?post=111270"},{"taxonomy":"product_tag","embeddable":true,"href":"https:\/\/globalsew.com\/fr\/wp-json\/wp\/v2\/product_tag?post=111270"}],"curies":[{"name":"wp","href":"https:\/\/api.w.org\/{rel}","templated":true}]}}