{"id":110980,"date":"2024-09-10T13:35:36","date_gmt":"2024-09-10T11:35:36","guid":{"rendered":"https:\/\/globalsew.com\/?post_type=product&#038;p=110980"},"modified":"2026-02-25T09:03:38","modified_gmt":"2026-02-25T08:03:38","slug":"serie-wf-1510-65-dd","status":"publish","type":"product","link":"https:\/\/globalsew.com\/fr\/product\/wf-1510-65-dd-series\/","title":{"rendered":"WF 1510-65 s\u00e9rie DD"},"content":{"rendered":"<p><strong>WF 1515-65 DD<\/strong><br \/>\n- Machine \u00e0 bras long, une aiguille, pied-de-biche avec une longueur de point de 9 mm et un r\u00e9glage de la course du pied alternatif. La machine est \u00e9quip\u00e9e d'un grand crochet \u00e0 axe vertical, d'un relevage pneumatique du pied-de-biche et d'une bride arri\u00e8re. (espace de travail de 65 cm).<br \/>\n<strong>WF 1515-65 DD-AUT<\/strong><br \/>\n- Identique \u00e0 la pr\u00e9c\u00e9dente, mais avec coupe-fil \u00e9lectrique et r\u00e9glage de la course du pied alternatif par cadran avec limitation automatique de la vitesse.<br \/>\n<strong>WF 1516-65 DD<\/strong><br \/>\n- Machine \u00e0 bras long, double aiguille \u00e0 pied marchant avec une longueur de point de 9 mm et un r\u00e9glage de la course du pied alternatif. L'aiguille standard est de 8 mm. La machine est \u00e9quip\u00e9e de grands crochets \u00e0 axe vertical, d'un relevage pneumatique du pied-de-biche et d'un point d'arr\u00eat. (espace de travail de 65 cm).<br \/>\n<strong>WF 1516-65 DD-AUT<\/strong><br \/>\n- Identique \u00e0 la pr\u00e9c\u00e9dente, mais avec coupe-fil \u00e9lectrique et r\u00e9glage de la course du pied alternatif par cadran avec limitation automatique de la vitesse.<\/p>\n<p>&nbsp;<\/p>","protected":false},"excerpt":{"rendered":"<p>Pour les t\u00e9l\u00e9chargements, voir notre page de t\u00e9l\u00e9chargements pour l'application <a class=\"download-link\" href=\"https:\/\/globalsew.com\/fr\/telecharger\/serie-wf-1500\/\">S\u00e9rie WF 1500<\/a>.<\/p>","protected":false},"featured_media":115243,"template":"","meta":{"_acf_changed":false},"product_brand":[],"product_cat":[21,160,95,63,159,22],"product_tag":[],"class_list":{"0":"post-110980","1":"product","2":"type-product","3":"status-publish","4":"has-post-thumbnail","6":"product_cat-automotive","7":"product_cat-flat-bed-walking-foot-machine-walking-foot-upholstery","8":"product_cat-flat-bed-walking-foot-machine","9":"product_cat-upholstery","10":"product_cat-walking-foot-upholstery","11":"product_cat-walking-foot","12":"tm-has-options","14":"first","15":"instock","16":"shipping-taxable","17":"purchasable","18":"product-type-simple"},"acf":[],"gallery_images":[115242,115244,115245,115246,115247],"yoast_head":"<!-- This site is optimized with the Yoast SEO plugin v27.3 - https:\/\/yoast.com\/product\/yoast-seo-wordpress\/ -->\n<title>WF 1510-65 DD series - Global International B.V.<\/title>\n<meta name=\"robots\" content=\"index, follow, max-snippet:-1, max-image-preview:large, max-video-preview:-1\" \/>\n<link rel=\"canonical\" href=\"https:\/\/globalsew.com\/fr\/produit\/serie-wf-1510-65-dd\/\" \/>\n<meta property=\"og:locale\" content=\"fr_FR\" \/>\n<meta property=\"og:type\" content=\"article\" \/>\n<meta property=\"og:title\" content=\"WF 1510-65 DD series - Global International B.V.\" \/>\n<meta property=\"og:description\" content=\"For downloads see our downloads page for the WF 1500 series.\" \/>\n<meta property=\"og:url\" content=\"https:\/\/globalsew.com\/fr\/produit\/serie-wf-1510-65-dd\/\" \/>\n<meta property=\"og:site_name\" content=\"Global International B.V.\" \/>\n<meta property=\"article:modified_time\" content=\"2026-02-25T08:03:38+00:00\" \/>\n<meta property=\"og:image\" content=\"https:\/\/globalsew.com\/wp-content\/uploads\/2024\/09\/products-wf-1515-65-dd-aut-09-global-1080-website-2024-Recovered.jpg\" \/>\n\t<meta property=\"og:image:width\" content=\"1819\" \/>\n\t<meta property=\"og:image:height\" content=\"1080\" \/>\n\t<meta property=\"og:image:type\" content=\"image\/jpeg\" \/>\n<meta name=\"twitter:card\" content=\"summary_large_image\" \/>\n<meta name=\"twitter:label1\" content=\"Dur\u00e9e de lecture estim\u00e9e\" \/>\n\t<meta name=\"twitter:data1\" content=\"1 minute\" \/>\n<script type=\"application\/ld+json\" class=\"yoast-schema-graph\">{\"@context\":\"https:\\\/\\\/schema.org\",\"@graph\":[{\"@type\":\"WebPage\",\"@id\":\"https:\\\/\\\/globalsew.com\\\/product\\\/wf-1510-65-dd-series\\\/\",\"url\":\"https:\\\/\\\/globalsew.com\\\/product\\\/wf-1510-65-dd-series\\\/\",\"name\":\"WF 1510-65 DD series - Global International B.V.\",\"isPartOf\":{\"@id\":\"https:\\\/\\\/globalsew.com\\\/#website\"},\"primaryImageOfPage\":{\"@id\":\"https:\\\/\\\/globalsew.com\\\/product\\\/wf-1510-65-dd-series\\\/#primaryimage\"},\"image\":{\"@id\":\"https:\\\/\\\/globalsew.com\\\/product\\\/wf-1510-65-dd-series\\\/#primaryimage\"},\"thumbnailUrl\":\"https:\\\/\\\/globalsew.com\\\/wp-content\\\/uploads\\\/2024\\\/09\\\/products-wf-1515-65-dd-aut-09-global-1080-website-2024-Recovered.jpg\",\"datePublished\":\"2024-09-10T11:35:36+00:00\",\"dateModified\":\"2026-02-25T08:03:38+00:00\",\"breadcrumb\":{\"@id\":\"https:\\\/\\\/globalsew.com\\\/product\\\/wf-1510-65-dd-series\\\/#breadcrumb\"},\"inLanguage\":\"fr-FR\",\"potentialAction\":[{\"@type\":\"ReadAction\",\"target\":[\"https:\\\/\\\/globalsew.com\\\/product\\\/wf-1510-65-dd-series\\\/\"]}]},{\"@type\":\"ImageObject\",\"inLanguage\":\"fr-FR\",\"@id\":\"https:\\\/\\\/globalsew.com\\\/product\\\/wf-1510-65-dd-series\\\/#primaryimage\",\"url\":\"https:\\\/\\\/globalsew.com\\\/wp-content\\\/uploads\\\/2024\\\/09\\\/products-wf-1515-65-dd-aut-09-global-1080-website-2024-Recovered.jpg\",\"contentUrl\":\"https:\\\/\\\/globalsew.com\\\/wp-content\\\/uploads\\\/2024\\\/09\\\/products-wf-1515-65-dd-aut-09-global-1080-website-2024-Recovered.jpg\",\"width\":1819,\"height\":1080},{\"@type\":\"BreadcrumbList\",\"@id\":\"https:\\\/\\\/globalsew.com\\\/product\\\/wf-1510-65-dd-series\\\/#breadcrumb\",\"itemListElement\":[{\"@type\":\"ListItem\",\"position\":1,\"name\":\"Home\",\"item\":\"https:\\\/\\\/globalsew.com\\\/\"},{\"@type\":\"ListItem\",\"position\":2,\"name\":\"Products\",\"item\":\"https:\\\/\\\/globalsew.com\\\/products\\\/\"},{\"@type\":\"ListItem\",\"position\":3,\"name\":\"WF 1510-65 DD series\"}]},{\"@type\":\"WebSite\",\"@id\":\"https:\\\/\\\/globalsew.com\\\/#website\",\"url\":\"https:\\\/\\\/globalsew.com\\\/\",\"name\":\"Global International B.V.\",\"description\":\"Industrial Sewing Machines\",\"potentialAction\":[{\"@type\":\"SearchAction\",\"target\":{\"@type\":\"EntryPoint\",\"urlTemplate\":\"https:\\\/\\\/globalsew.com\\\/?s={search_term_string}\"},\"query-input\":{\"@type\":\"PropertyValueSpecification\",\"valueRequired\":true,\"valueName\":\"search_term_string\"}}],\"inLanguage\":\"fr-FR\"}]}<\/script>\n<!-- \/ Yoast SEO plugin. -->","yoast_head_json":{"title":"WF 1510-65 s\u00e9rie DD - Global International B.V.","robots":{"index":"index","follow":"follow","max-snippet":"max-snippet:-1","max-image-preview":"max-image-preview:large","max-video-preview":"max-video-preview:-1"},"canonical":"https:\/\/globalsew.com\/fr\/produit\/serie-wf-1510-65-dd\/","og_locale":"fr_FR","og_type":"article","og_title":"WF 1510-65 DD series - Global International B.V.","og_description":"For downloads see our downloads page for the WF 1500 series.","og_url":"https:\/\/globalsew.com\/fr\/produit\/serie-wf-1510-65-dd\/","og_site_name":"Global International B.V.","article_modified_time":"2026-02-25T08:03:38+00:00","og_image":[{"width":1819,"height":1080,"url":"https:\/\/globalsew.com\/wp-content\/uploads\/2024\/09\/products-wf-1515-65-dd-aut-09-global-1080-website-2024-Recovered.jpg","type":"image\/jpeg"}],"twitter_card":"summary_large_image","twitter_misc":{"Dur\u00e9e de lecture estim\u00e9e":"1 minute"},"schema":{"@context":"https:\/\/schema.org","@graph":[{"@type":"WebPage","@id":"https:\/\/globalsew.com\/product\/wf-1510-65-dd-series\/","url":"https:\/\/globalsew.com\/product\/wf-1510-65-dd-series\/","name":"WF 1510-65 s\u00e9rie DD - Global International B.V.","isPartOf":{"@id":"https:\/\/globalsew.com\/#website"},"primaryImageOfPage":{"@id":"https:\/\/globalsew.com\/product\/wf-1510-65-dd-series\/#primaryimage"},"image":{"@id":"https:\/\/globalsew.com\/product\/wf-1510-65-dd-series\/#primaryimage"},"thumbnailUrl":"https:\/\/globalsew.com\/wp-content\/uploads\/2024\/09\/products-wf-1515-65-dd-aut-09-global-1080-website-2024-Recovered.jpg","datePublished":"2024-09-10T11:35:36+00:00","dateModified":"2026-02-25T08:03:38+00:00","breadcrumb":{"@id":"https:\/\/globalsew.com\/product\/wf-1510-65-dd-series\/#breadcrumb"},"inLanguage":"fr-FR","potentialAction":[{"@type":"ReadAction","target":["https:\/\/globalsew.com\/product\/wf-1510-65-dd-series\/"]}]},{"@type":"ImageObject","inLanguage":"fr-FR","@id":"https:\/\/globalsew.com\/product\/wf-1510-65-dd-series\/#primaryimage","url":"https:\/\/globalsew.com\/wp-content\/uploads\/2024\/09\/products-wf-1515-65-dd-aut-09-global-1080-website-2024-Recovered.jpg","contentUrl":"https:\/\/globalsew.com\/wp-content\/uploads\/2024\/09\/products-wf-1515-65-dd-aut-09-global-1080-website-2024-Recovered.jpg","width":1819,"height":1080},{"@type":"BreadcrumbList","@id":"https:\/\/globalsew.com\/product\/wf-1510-65-dd-series\/#breadcrumb","itemListElement":[{"@type":"ListItem","position":1,"name":"Home","item":"https:\/\/globalsew.com\/"},{"@type":"ListItem","position":2,"name":"Products","item":"https:\/\/globalsew.com\/products\/"},{"@type":"ListItem","position":3,"name":"WF 1510-65 DD series"}]},{"@type":"WebSite","@id":"https:\/\/globalsew.com\/#website","url":"https:\/\/globalsew.com\/","name":"Global International B.V.","description":"Machines \u00e0 coudre industrielles","potentialAction":[{"@type":"SearchAction","target":{"@type":"EntryPoint","urlTemplate":"https:\/\/globalsew.com\/?s={search_term_string}"},"query-input":{"@type":"PropertyValueSpecification","valueRequired":true,"valueName":"search_term_string"}}],"inLanguage":"fr-FR"}]}},"_links":{"self":[{"href":"https:\/\/globalsew.com\/fr\/wp-json\/wp\/v2\/product\/110980","targetHints":{"allow":["GET"]}}],"collection":[{"href":"https:\/\/globalsew.com\/fr\/wp-json\/wp\/v2\/product"}],"about":[{"href":"https:\/\/globalsew.com\/fr\/wp-json\/wp\/v2\/types\/product"}],"wp:featuredmedia":[{"embeddable":true,"href":"https:\/\/globalsew.com\/fr\/wp-json\/wp\/v2\/media\/115243"}],"wp:attachment":[{"href":"https:\/\/globalsew.com\/fr\/wp-json\/wp\/v2\/media?parent=110980"}],"wp:term":[{"taxonomy":"product_brand","embeddable":true,"href":"https:\/\/globalsew.com\/fr\/wp-json\/wp\/v2\/product_brand?post=110980"},{"taxonomy":"product_cat","embeddable":true,"href":"https:\/\/globalsew.com\/fr\/wp-json\/wp\/v2\/product_cat?post=110980"},{"taxonomy":"product_tag","embeddable":true,"href":"https:\/\/globalsew.com\/fr\/wp-json\/wp\/v2\/product_tag?post=110980"}],"curies":[{"name":"wp","href":"https:\/\/api.w.org\/{rel}","templated":true}]}}