{"id":109644,"date":"2024-05-24T10:11:39","date_gmt":"2024-05-24T08:11:39","guid":{"rendered":"https:\/\/globalsew.com\/?post_type=product&#038;p=109644"},"modified":"2026-02-24T16:54:58","modified_gmt":"2026-02-24T15:54:58","slug":"serie-wf-1510-45-dd","status":"publish","type":"product","link":"https:\/\/globalsew.com\/fr\/product\/wf-1510-45-dd-series\/","title":{"rendered":"WF 1510-45 s\u00e9rie DD"},"content":{"rendered":"<p><strong>WF 1515-45 DD<\/strong><br \/>\n- Machine \u00e0 pied une aiguille \"tout en un\" \u00e0 entra\u00eenement direct. L'espace de travail sous le bras est de 45 cm. La machine est \u00e9quip\u00e9e d'une bride arri\u00e8re pneumatique, d'un relevage pneumatique du pied-de-biche, d'un embrayage de s\u00e9curit\u00e9 pour le crochet \u00e0 grand axe vertical et d'un graissage enti\u00e8rement automatique.<br \/>\n<strong>WF 1515-45 DD-AUT<\/strong><br \/>\n- Identique \u00e0 la WF 1515-45 DD, mais en version enti\u00e8rement automatique avec coupe-fil \u00e9lectrique, arr\u00eat pneumatique et relevage pneumatique du pied-de-biche.<br \/>\n<strong>WF 1516-45 DD<\/strong><br \/>\n- Machine \u00e0 bras long, double aiguille \u00e0 pied marchant avec une longueur de point de 9 mm et un r\u00e9glage de la course du pied alternatif. Jauge d'aiguille standard 8 mm. Diff\u00e9rents jeux de jauges sont disponibles. La machine est \u00e9quip\u00e9e de grands crochets \u00e0 axe vertical, d'un relevage pneumatique du pied-de-biche et d'un point d'arr\u00eat. (Espace de travail de 45 cm).<br \/>\n<strong>WF 1516-45 DD-AUT<\/strong><br \/>\n- Identique \u00e0 la WF 1516-45 DD mais en version enti\u00e8rement automatique avec coupe-fil \u00e9lectrique, bride arri\u00e8re pneumatique et relevage pneumatique du pied-de-biche.<\/p>\n<p>&nbsp;<\/p>","protected":false},"excerpt":{"rendered":"<p>WF 1515-45 DD &#8211; single needle \u201call in one\u201d direct drive single needle walking foot machine. Working space under the arm of 45 cm. Machine is equipped with pneumatic back tack, pneumatic presser foot lift, large vertical axis hook safety clutch and fully automatic lubrication. WF 1515-45 DD-AUT &#8211; same as WF 1515-45 DD, however [&hellip;]<\/p>\n","protected":false},"featured_media":115236,"template":"","meta":{"_acf_changed":false},"product_brand":[],"product_cat":[21,160,95,63,159,22],"product_tag":[],"class_list":{"0":"post-109644","1":"product","2":"type-product","3":"status-publish","4":"has-post-thumbnail","6":"product_cat-automotive","7":"product_cat-flat-bed-walking-foot-machine-walking-foot-upholstery","8":"product_cat-flat-bed-walking-foot-machine","9":"product_cat-upholstery","10":"product_cat-walking-foot-upholstery","11":"product_cat-walking-foot","12":"tm-has-options","14":"first","15":"instock","16":"shipping-taxable","17":"purchasable","18":"product-type-simple"},"acf":[],"gallery_images":[115238,115239,115240],"yoast_head":"<!-- This site is optimized with the Yoast SEO plugin v27.3 - https:\/\/yoast.com\/product\/yoast-seo-wordpress\/ -->\n<title>WF 1510-45 DD series - Global International B.V.<\/title>\n<meta name=\"robots\" content=\"index, follow, max-snippet:-1, max-image-preview:large, max-video-preview:-1\" \/>\n<link rel=\"canonical\" href=\"https:\/\/globalsew.com\/fr\/produit\/serie-wf-1510-45-dd\/\" \/>\n<meta property=\"og:locale\" content=\"fr_FR\" \/>\n<meta property=\"og:type\" content=\"article\" \/>\n<meta property=\"og:title\" content=\"WF 1510-45 DD series - Global International B.V.\" \/>\n<meta property=\"og:description\" content=\"WF 1515-45 DD &#8211; single needle \u201call in one\u201d direct drive single needle walking foot machine. Working space under the arm of 45 cm. Machine is equipped with pneumatic back tack, pneumatic presser foot lift, large vertical axis hook safety clutch and fully automatic lubrication. WF 1515-45 DD-AUT &#8211; same as WF 1515-45 DD, however [&hellip;]\" \/>\n<meta property=\"og:url\" content=\"https:\/\/globalsew.com\/fr\/produit\/serie-wf-1510-45-dd\/\" \/>\n<meta property=\"og:site_name\" content=\"Global International B.V.\" \/>\n<meta property=\"article:modified_time\" content=\"2026-02-24T15:54:58+00:00\" \/>\n<meta property=\"og:image\" content=\"https:\/\/globalsew.com\/wp-content\/uploads\/2024\/05\/products-wf-1516-45-dd-01-global-1080-website-2024.jpg\" \/>\n\t<meta property=\"og:image:width\" content=\"1819\" \/>\n\t<meta property=\"og:image:height\" content=\"1080\" \/>\n\t<meta property=\"og:image:type\" content=\"image\/jpeg\" \/>\n<meta name=\"twitter:card\" content=\"summary_large_image\" \/>\n<meta name=\"twitter:label1\" content=\"Dur\u00e9e de lecture estim\u00e9e\" \/>\n\t<meta name=\"twitter:data1\" content=\"1 minute\" \/>\n<script type=\"application\/ld+json\" class=\"yoast-schema-graph\">{\"@context\":\"https:\\\/\\\/schema.org\",\"@graph\":[{\"@type\":\"WebPage\",\"@id\":\"https:\\\/\\\/globalsew.com\\\/product\\\/wf-1510-45-dd-series\\\/\",\"url\":\"https:\\\/\\\/globalsew.com\\\/product\\\/wf-1510-45-dd-series\\\/\",\"name\":\"WF 1510-45 DD series - Global International B.V.\",\"isPartOf\":{\"@id\":\"https:\\\/\\\/globalsew.com\\\/#website\"},\"primaryImageOfPage\":{\"@id\":\"https:\\\/\\\/globalsew.com\\\/product\\\/wf-1510-45-dd-series\\\/#primaryimage\"},\"image\":{\"@id\":\"https:\\\/\\\/globalsew.com\\\/product\\\/wf-1510-45-dd-series\\\/#primaryimage\"},\"thumbnailUrl\":\"https:\\\/\\\/globalsew.com\\\/wp-content\\\/uploads\\\/2024\\\/05\\\/products-wf-1516-45-dd-01-global-1080-website-2024.jpg\",\"datePublished\":\"2024-05-24T08:11:39+00:00\",\"dateModified\":\"2026-02-24T15:54:58+00:00\",\"breadcrumb\":{\"@id\":\"https:\\\/\\\/globalsew.com\\\/product\\\/wf-1510-45-dd-series\\\/#breadcrumb\"},\"inLanguage\":\"fr-FR\",\"potentialAction\":[{\"@type\":\"ReadAction\",\"target\":[\"https:\\\/\\\/globalsew.com\\\/product\\\/wf-1510-45-dd-series\\\/\"]}]},{\"@type\":\"ImageObject\",\"inLanguage\":\"fr-FR\",\"@id\":\"https:\\\/\\\/globalsew.com\\\/product\\\/wf-1510-45-dd-series\\\/#primaryimage\",\"url\":\"https:\\\/\\\/globalsew.com\\\/wp-content\\\/uploads\\\/2024\\\/05\\\/products-wf-1516-45-dd-01-global-1080-website-2024.jpg\",\"contentUrl\":\"https:\\\/\\\/globalsew.com\\\/wp-content\\\/uploads\\\/2024\\\/05\\\/products-wf-1516-45-dd-01-global-1080-website-2024.jpg\",\"width\":1819,\"height\":1080},{\"@type\":\"BreadcrumbList\",\"@id\":\"https:\\\/\\\/globalsew.com\\\/product\\\/wf-1510-45-dd-series\\\/#breadcrumb\",\"itemListElement\":[{\"@type\":\"ListItem\",\"position\":1,\"name\":\"Home\",\"item\":\"https:\\\/\\\/globalsew.com\\\/\"},{\"@type\":\"ListItem\",\"position\":2,\"name\":\"Products\",\"item\":\"https:\\\/\\\/globalsew.com\\\/products\\\/\"},{\"@type\":\"ListItem\",\"position\":3,\"name\":\"WF 1510-45 DD series\"}]},{\"@type\":\"WebSite\",\"@id\":\"https:\\\/\\\/globalsew.com\\\/#website\",\"url\":\"https:\\\/\\\/globalsew.com\\\/\",\"name\":\"Global International B.V.\",\"description\":\"Industrial Sewing Machines\",\"potentialAction\":[{\"@type\":\"SearchAction\",\"target\":{\"@type\":\"EntryPoint\",\"urlTemplate\":\"https:\\\/\\\/globalsew.com\\\/?s={search_term_string}\"},\"query-input\":{\"@type\":\"PropertyValueSpecification\",\"valueRequired\":true,\"valueName\":\"search_term_string\"}}],\"inLanguage\":\"fr-FR\"}]}<\/script>\n<!-- \/ Yoast SEO plugin. -->","yoast_head_json":{"title":"WF 1510-45 s\u00e9rie DD - Global International B.V.","robots":{"index":"index","follow":"follow","max-snippet":"max-snippet:-1","max-image-preview":"max-image-preview:large","max-video-preview":"max-video-preview:-1"},"canonical":"https:\/\/globalsew.com\/fr\/produit\/serie-wf-1510-45-dd\/","og_locale":"fr_FR","og_type":"article","og_title":"WF 1510-45 DD series - Global International B.V.","og_description":"WF 1515-45 DD &#8211; single needle \u201call in one\u201d direct drive single needle walking foot machine. Working space under the arm of 45 cm. Machine is equipped with pneumatic back tack, pneumatic presser foot lift, large vertical axis hook safety clutch and fully automatic lubrication. WF 1515-45 DD-AUT &#8211; same as WF 1515-45 DD, however [&hellip;]","og_url":"https:\/\/globalsew.com\/fr\/produit\/serie-wf-1510-45-dd\/","og_site_name":"Global International B.V.","article_modified_time":"2026-02-24T15:54:58+00:00","og_image":[{"width":1819,"height":1080,"url":"https:\/\/globalsew.com\/wp-content\/uploads\/2024\/05\/products-wf-1516-45-dd-01-global-1080-website-2024.jpg","type":"image\/jpeg"}],"twitter_card":"summary_large_image","twitter_misc":{"Dur\u00e9e de lecture estim\u00e9e":"1 minute"},"schema":{"@context":"https:\/\/schema.org","@graph":[{"@type":"WebPage","@id":"https:\/\/globalsew.com\/product\/wf-1510-45-dd-series\/","url":"https:\/\/globalsew.com\/product\/wf-1510-45-dd-series\/","name":"WF 1510-45 s\u00e9rie DD - Global International B.V.","isPartOf":{"@id":"https:\/\/globalsew.com\/#website"},"primaryImageOfPage":{"@id":"https:\/\/globalsew.com\/product\/wf-1510-45-dd-series\/#primaryimage"},"image":{"@id":"https:\/\/globalsew.com\/product\/wf-1510-45-dd-series\/#primaryimage"},"thumbnailUrl":"https:\/\/globalsew.com\/wp-content\/uploads\/2024\/05\/products-wf-1516-45-dd-01-global-1080-website-2024.jpg","datePublished":"2024-05-24T08:11:39+00:00","dateModified":"2026-02-24T15:54:58+00:00","breadcrumb":{"@id":"https:\/\/globalsew.com\/product\/wf-1510-45-dd-series\/#breadcrumb"},"inLanguage":"fr-FR","potentialAction":[{"@type":"ReadAction","target":["https:\/\/globalsew.com\/product\/wf-1510-45-dd-series\/"]}]},{"@type":"ImageObject","inLanguage":"fr-FR","@id":"https:\/\/globalsew.com\/product\/wf-1510-45-dd-series\/#primaryimage","url":"https:\/\/globalsew.com\/wp-content\/uploads\/2024\/05\/products-wf-1516-45-dd-01-global-1080-website-2024.jpg","contentUrl":"https:\/\/globalsew.com\/wp-content\/uploads\/2024\/05\/products-wf-1516-45-dd-01-global-1080-website-2024.jpg","width":1819,"height":1080},{"@type":"BreadcrumbList","@id":"https:\/\/globalsew.com\/product\/wf-1510-45-dd-series\/#breadcrumb","itemListElement":[{"@type":"ListItem","position":1,"name":"Home","item":"https:\/\/globalsew.com\/"},{"@type":"ListItem","position":2,"name":"Products","item":"https:\/\/globalsew.com\/products\/"},{"@type":"ListItem","position":3,"name":"WF 1510-45 DD series"}]},{"@type":"WebSite","@id":"https:\/\/globalsew.com\/#website","url":"https:\/\/globalsew.com\/","name":"Global International B.V.","description":"Machines \u00e0 coudre industrielles","potentialAction":[{"@type":"SearchAction","target":{"@type":"EntryPoint","urlTemplate":"https:\/\/globalsew.com\/?s={search_term_string}"},"query-input":{"@type":"PropertyValueSpecification","valueRequired":true,"valueName":"search_term_string"}}],"inLanguage":"fr-FR"}]}},"_links":{"self":[{"href":"https:\/\/globalsew.com\/fr\/wp-json\/wp\/v2\/product\/109644","targetHints":{"allow":["GET"]}}],"collection":[{"href":"https:\/\/globalsew.com\/fr\/wp-json\/wp\/v2\/product"}],"about":[{"href":"https:\/\/globalsew.com\/fr\/wp-json\/wp\/v2\/types\/product"}],"wp:featuredmedia":[{"embeddable":true,"href":"https:\/\/globalsew.com\/fr\/wp-json\/wp\/v2\/media\/115236"}],"wp:attachment":[{"href":"https:\/\/globalsew.com\/fr\/wp-json\/wp\/v2\/media?parent=109644"}],"wp:term":[{"taxonomy":"product_brand","embeddable":true,"href":"https:\/\/globalsew.com\/fr\/wp-json\/wp\/v2\/product_brand?post=109644"},{"taxonomy":"product_cat","embeddable":true,"href":"https:\/\/globalsew.com\/fr\/wp-json\/wp\/v2\/product_cat?post=109644"},{"taxonomy":"product_tag","embeddable":true,"href":"https:\/\/globalsew.com\/fr\/wp-json\/wp\/v2\/product_tag?post=109644"}],"curies":[{"name":"wp","href":"https:\/\/api.w.org\/{rel}","templated":true}]}}