{"id":106432,"date":"2024-03-05T12:28:34","date_gmt":"2024-03-05T11:28:34","guid":{"rendered":"https:\/\/globalsew.com\/?post_type=product&#038;p=106432"},"modified":"2025-01-09T16:26:54","modified_gmt":"2025-01-09T15:26:54","slug":"emma-g2-1605-v-materiaux-synthetiques-europe-global","status":"publish","type":"product","link":"https:\/\/globalsew.com\/fr\/product\/emma-g2-1605-v-synthetic-materials-europe-global\/","title":{"rendered":"Emma G2-1605 + V4"},"content":{"rendered":"","protected":false},"excerpt":{"rendered":"<p><strong>Machine de d\u00e9coupe intelligente visualis\u00e9e<br \/>\n<\/strong>- 2 projecteurs<br \/>\n- 2 t\u00eates de coupe fonctionnant ind\u00e9pendamment l'une de l'autre<br \/>\n- 4 objectifs de cam\u00e9ra industrielle HD<br \/>\n- 4 modes de travail.<br \/>\n- coupe intelligente multicouches et transmission automatique<br \/>\n- affichage de la production (op\u00e9ration interconnect\u00e9e sur plusieurs machines)<br \/>\nDimension<span class=\"Apple-converted-space\">\u00a0\u00a0<\/span>(L)4070mm \u00d7 (L)2470mm \u00d7 (H)2240mm<br \/>\nZone de coupe<span class=\"Apple-converted-space\">\u00a0\u00a0<\/span>(L)1560mm \u00d7 (L)660mm<br \/>\nTension<span class=\"Apple-converted-space\">\u00a0\u00a0<\/span>AC 220V 60HZ \/ 380 V 50Hz<br \/>\nPoids<span class=\"Apple-converted-space\"> 2672 <\/span>kg<br \/>\nConsommation totale 10,5 kw<\/p>\n<p>&nbsp;<\/p>\n<p>Pour les t\u00e9l\u00e9chargements, voir notre page de t\u00e9l\u00e9chargements pour l'application <a class=\"download-link\" href=\"https:\/\/globalsew.com\/fr\/telecharger\/machines-de-coupe-emma\/\">Machines de d\u00e9coupe Emma<\/a>.<\/p>","protected":false},"featured_media":106398,"template":"","meta":{"_acf_changed":false},"product_brand":[],"product_cat":[140,1752],"product_tag":[],"class_list":{"0":"post-106432","1":"product","2":"type-product","3":"status-publish","4":"has-post-thumbnail","6":"product_cat-cutting-machines-miscellaneous","7":"product_cat-emma-cutting-machines","8":"tm-no-options","10":"first","11":"instock","12":"shipping-taxable","13":"purchasable","14":"product-type-simple"},"acf":[],"gallery_images":[106399],"yoast_head":"<!-- This site is optimized with the Yoast SEO plugin v27.3 - https:\/\/yoast.com\/product\/yoast-seo-wordpress\/ -->\n<title>Emma G2-1605 + V4 - Global International B.V.<\/title>\n<meta name=\"description\" content=\"CNC cutting machines use precision automation to cut synthetics into custom shapes and designs.\" \/>\n<meta name=\"robots\" content=\"index, follow, max-snippet:-1, max-image-preview:large, max-video-preview:-1\" \/>\n<link rel=\"canonical\" href=\"https:\/\/globalsew.com\/fr\/produit\/emma-g2-1605-v-materiaux-synthetiques-europe-global\/\" \/>\n<meta property=\"og:locale\" content=\"fr_FR\" \/>\n<meta property=\"og:type\" content=\"article\" \/>\n<meta property=\"og:title\" content=\"Emma G2-1605 + V4 - Global International B.V.\" \/>\n<meta property=\"og:description\" content=\"CNC cutting machines use precision automation to cut synthetics into custom shapes and designs.\" \/>\n<meta property=\"og:url\" content=\"https:\/\/globalsew.com\/fr\/produit\/emma-g2-1605-v-materiaux-synthetiques-europe-global\/\" \/>\n<meta property=\"og:site_name\" content=\"Global International B.V.\" \/>\n<meta property=\"article:modified_time\" content=\"2025-01-09T15:26:54+00:00\" \/>\n<meta property=\"og:image\" content=\"https:\/\/globalsew.com\/wp-content\/uploads\/2024\/03\/products-EMMA-G2-16-5-2-01-global-1080-website-2024.jpg\" \/>\n\t<meta property=\"og:image:width\" content=\"1819\" \/>\n\t<meta property=\"og:image:height\" content=\"1080\" \/>\n\t<meta property=\"og:image:type\" content=\"image\/jpeg\" \/>\n<meta name=\"twitter:card\" content=\"summary_large_image\" \/>\n<meta name=\"twitter:label1\" content=\"Dur\u00e9e de lecture estim\u00e9e\" \/>\n\t<meta name=\"twitter:data1\" content=\"1 minute\" \/>\n<script type=\"application\/ld+json\" class=\"yoast-schema-graph\">{\"@context\":\"https:\\\/\\\/schema.org\",\"@graph\":[{\"@type\":\"WebPage\",\"@id\":\"https:\\\/\\\/globalsew.com\\\/product\\\/emma-g2-1605-v-synthetic-materials-europe-global\\\/\",\"url\":\"https:\\\/\\\/globalsew.com\\\/product\\\/emma-g2-1605-v-synthetic-materials-europe-global\\\/\",\"name\":\"Emma G2-1605 + V4 - Global International B.V.\",\"isPartOf\":{\"@id\":\"https:\\\/\\\/globalsew.com\\\/#website\"},\"primaryImageOfPage\":{\"@id\":\"https:\\\/\\\/globalsew.com\\\/product\\\/emma-g2-1605-v-synthetic-materials-europe-global\\\/#primaryimage\"},\"image\":{\"@id\":\"https:\\\/\\\/globalsew.com\\\/product\\\/emma-g2-1605-v-synthetic-materials-europe-global\\\/#primaryimage\"},\"thumbnailUrl\":\"https:\\\/\\\/globalsew.com\\\/wp-content\\\/uploads\\\/2024\\\/03\\\/products-EMMA-G2-16-5-2-01-global-1080-website-2024.jpg\",\"datePublished\":\"2024-03-05T11:28:34+00:00\",\"dateModified\":\"2025-01-09T15:26:54+00:00\",\"description\":\"CNC cutting machines use precision automation to cut synthetics into custom shapes and designs.\",\"breadcrumb\":{\"@id\":\"https:\\\/\\\/globalsew.com\\\/product\\\/emma-g2-1605-v-synthetic-materials-europe-global\\\/#breadcrumb\"},\"inLanguage\":\"fr-FR\",\"potentialAction\":[{\"@type\":\"ReadAction\",\"target\":[\"https:\\\/\\\/globalsew.com\\\/product\\\/emma-g2-1605-v-synthetic-materials-europe-global\\\/\"]}]},{\"@type\":\"ImageObject\",\"inLanguage\":\"fr-FR\",\"@id\":\"https:\\\/\\\/globalsew.com\\\/product\\\/emma-g2-1605-v-synthetic-materials-europe-global\\\/#primaryimage\",\"url\":\"https:\\\/\\\/globalsew.com\\\/wp-content\\\/uploads\\\/2024\\\/03\\\/products-EMMA-G2-16-5-2-01-global-1080-website-2024.jpg\",\"contentUrl\":\"https:\\\/\\\/globalsew.com\\\/wp-content\\\/uploads\\\/2024\\\/03\\\/products-EMMA-G2-16-5-2-01-global-1080-website-2024.jpg\",\"width\":1819,\"height\":1080,\"caption\":\"Emma G2-1605 + V4\"},{\"@type\":\"BreadcrumbList\",\"@id\":\"https:\\\/\\\/globalsew.com\\\/product\\\/emma-g2-1605-v-synthetic-materials-europe-global\\\/#breadcrumb\",\"itemListElement\":[{\"@type\":\"ListItem\",\"position\":1,\"name\":\"Home\",\"item\":\"https:\\\/\\\/globalsew.com\\\/\"},{\"@type\":\"ListItem\",\"position\":2,\"name\":\"Products\",\"item\":\"https:\\\/\\\/globalsew.com\\\/products\\\/\"},{\"@type\":\"ListItem\",\"position\":3,\"name\":\"Emma G2-1605 + V4\"}]},{\"@type\":\"WebSite\",\"@id\":\"https:\\\/\\\/globalsew.com\\\/#website\",\"url\":\"https:\\\/\\\/globalsew.com\\\/\",\"name\":\"Global International B.V.\",\"description\":\"Industrial Sewing Machines\",\"potentialAction\":[{\"@type\":\"SearchAction\",\"target\":{\"@type\":\"EntryPoint\",\"urlTemplate\":\"https:\\\/\\\/globalsew.com\\\/?s={search_term_string}\"},\"query-input\":{\"@type\":\"PropertyValueSpecification\",\"valueRequired\":true,\"valueName\":\"search_term_string\"}}],\"inLanguage\":\"fr-FR\"}]}<\/script>\n<!-- \/ Yoast SEO plugin. -->","yoast_head_json":{"title":"Emma G2-1605 + V4 - Global International B.V.","description":"Les machines de d\u00e9coupe CNC utilisent l'automatisation de pr\u00e9cision pour d\u00e9couper les mati\u00e8res synth\u00e9tiques dans des formes et des designs personnalis\u00e9s.","robots":{"index":"index","follow":"follow","max-snippet":"max-snippet:-1","max-image-preview":"max-image-preview:large","max-video-preview":"max-video-preview:-1"},"canonical":"https:\/\/globalsew.com\/fr\/produit\/emma-g2-1605-v-materiaux-synthetiques-europe-global\/","og_locale":"fr_FR","og_type":"article","og_title":"Emma G2-1605 + V4 - Global International B.V.","og_description":"CNC cutting machines use precision automation to cut synthetics into custom shapes and designs.","og_url":"https:\/\/globalsew.com\/fr\/produit\/emma-g2-1605-v-materiaux-synthetiques-europe-global\/","og_site_name":"Global International B.V.","article_modified_time":"2025-01-09T15:26:54+00:00","og_image":[{"width":1819,"height":1080,"url":"https:\/\/globalsew.com\/wp-content\/uploads\/2024\/03\/products-EMMA-G2-16-5-2-01-global-1080-website-2024.jpg","type":"image\/jpeg"}],"twitter_card":"summary_large_image","twitter_misc":{"Dur\u00e9e de lecture estim\u00e9e":"1 minute"},"schema":{"@context":"https:\/\/schema.org","@graph":[{"@type":"WebPage","@id":"https:\/\/globalsew.com\/product\/emma-g2-1605-v-synthetic-materials-europe-global\/","url":"https:\/\/globalsew.com\/product\/emma-g2-1605-v-synthetic-materials-europe-global\/","name":"Emma G2-1605 + V4 - Global International B.V.","isPartOf":{"@id":"https:\/\/globalsew.com\/#website"},"primaryImageOfPage":{"@id":"https:\/\/globalsew.com\/product\/emma-g2-1605-v-synthetic-materials-europe-global\/#primaryimage"},"image":{"@id":"https:\/\/globalsew.com\/product\/emma-g2-1605-v-synthetic-materials-europe-global\/#primaryimage"},"thumbnailUrl":"https:\/\/globalsew.com\/wp-content\/uploads\/2024\/03\/products-EMMA-G2-16-5-2-01-global-1080-website-2024.jpg","datePublished":"2024-03-05T11:28:34+00:00","dateModified":"2025-01-09T15:26:54+00:00","description":"Les machines de d\u00e9coupe CNC utilisent l'automatisation de pr\u00e9cision pour d\u00e9couper les mati\u00e8res synth\u00e9tiques dans des formes et des designs personnalis\u00e9s.","breadcrumb":{"@id":"https:\/\/globalsew.com\/product\/emma-g2-1605-v-synthetic-materials-europe-global\/#breadcrumb"},"inLanguage":"fr-FR","potentialAction":[{"@type":"ReadAction","target":["https:\/\/globalsew.com\/product\/emma-g2-1605-v-synthetic-materials-europe-global\/"]}]},{"@type":"ImageObject","inLanguage":"fr-FR","@id":"https:\/\/globalsew.com\/product\/emma-g2-1605-v-synthetic-materials-europe-global\/#primaryimage","url":"https:\/\/globalsew.com\/wp-content\/uploads\/2024\/03\/products-EMMA-G2-16-5-2-01-global-1080-website-2024.jpg","contentUrl":"https:\/\/globalsew.com\/wp-content\/uploads\/2024\/03\/products-EMMA-G2-16-5-2-01-global-1080-website-2024.jpg","width":1819,"height":1080,"caption":"Emma G2-1605 + V4"},{"@type":"BreadcrumbList","@id":"https:\/\/globalsew.com\/product\/emma-g2-1605-v-synthetic-materials-europe-global\/#breadcrumb","itemListElement":[{"@type":"ListItem","position":1,"name":"Home","item":"https:\/\/globalsew.com\/"},{"@type":"ListItem","position":2,"name":"Products","item":"https:\/\/globalsew.com\/products\/"},{"@type":"ListItem","position":3,"name":"Emma G2-1605 + V4"}]},{"@type":"WebSite","@id":"https:\/\/globalsew.com\/#website","url":"https:\/\/globalsew.com\/","name":"Global International B.V.","description":"Machines \u00e0 coudre industrielles","potentialAction":[{"@type":"SearchAction","target":{"@type":"EntryPoint","urlTemplate":"https:\/\/globalsew.com\/?s={search_term_string}"},"query-input":{"@type":"PropertyValueSpecification","valueRequired":true,"valueName":"search_term_string"}}],"inLanguage":"fr-FR"}]}},"_links":{"self":[{"href":"https:\/\/globalsew.com\/fr\/wp-json\/wp\/v2\/product\/106432","targetHints":{"allow":["GET"]}}],"collection":[{"href":"https:\/\/globalsew.com\/fr\/wp-json\/wp\/v2\/product"}],"about":[{"href":"https:\/\/globalsew.com\/fr\/wp-json\/wp\/v2\/types\/product"}],"wp:featuredmedia":[{"embeddable":true,"href":"https:\/\/globalsew.com\/fr\/wp-json\/wp\/v2\/media\/106398"}],"wp:attachment":[{"href":"https:\/\/globalsew.com\/fr\/wp-json\/wp\/v2\/media?parent=106432"}],"wp:term":[{"taxonomy":"product_brand","embeddable":true,"href":"https:\/\/globalsew.com\/fr\/wp-json\/wp\/v2\/product_brand?post=106432"},{"taxonomy":"product_cat","embeddable":true,"href":"https:\/\/globalsew.com\/fr\/wp-json\/wp\/v2\/product_cat?post=106432"},{"taxonomy":"product_tag","embeddable":true,"href":"https:\/\/globalsew.com\/fr\/wp-json\/wp\/v2\/product_tag?post=106432"}],"curies":[{"name":"wp","href":"https:\/\/api.w.org\/{rel}","templated":true}]}}