{"id":106395,"date":"2024-03-04T13:55:02","date_gmt":"2024-03-04T12:55:02","guid":{"rendered":"https:\/\/globalsew.com\/?post_type=product&#038;p=106395"},"modified":"2024-04-30T16:44:33","modified_gmt":"2024-04-30T14:44:33","slug":"emma-c906","status":"publish","type":"product","link":"https:\/\/globalsew.com\/fr\/product\/emma-c906\/","title":{"rendered":"Emma C906"},"content":{"rendered":"","protected":false},"excerpt":{"rendered":"<p><strong>Machine de d\u00e9coupe automatique<br \/>\n<\/strong>Cette machine \u00e0 d\u00e9couper compacte convient aux immeubles de bureaux en ville et aux salles d'\u00e9chantillons de diverses soci\u00e9t\u00e9s commerciales et centres de d\u00e9veloppement. Le design industriel \u00e0 la mode est choisi par la plupart des entreprises pour la d\u00e9coupe intelligente des salles d'\u00e9chantillons.<br \/>\nDimension<span class=\"Apple-converted-space\">\u00a0\u00a0<\/span>(L)1660mm \u00d7 (L)1500mm \u00d7 (H)2200mm<br \/>\nZone de coupe<span class=\"Apple-converted-space\">\u00a0\u00a0<\/span>(L)820mm \u00d7 (L)600mm<br \/>\nTension<span class=\"Apple-converted-space\">\u00a0\u00a0<\/span>AC 220V 60HZ<br \/>\nPoids<span class=\"Apple-converted-space\">\u00a0\u00a0<\/span>497 kg<br \/>\nConsommation totale 4kw<\/p>\n<p>&nbsp;<\/p>\n<p>Pour les t\u00e9l\u00e9chargements, voir notre page de t\u00e9l\u00e9chargements pour l'application <a class=\"download-link\" href=\"https:\/\/globalsew.com\/fr\/telecharger\/machines-de-coupe-emma\/\">Machines de d\u00e9coupe Emma<\/a>.<\/p>","protected":false},"featured_media":106397,"template":"","meta":{"_acf_changed":false},"product_brand":[],"product_cat":[140,1752],"product_tag":[],"class_list":{"0":"post-106395","1":"product","2":"type-product","3":"status-publish","4":"has-post-thumbnail","6":"product_cat-cutting-machines-miscellaneous","7":"product_cat-emma-cutting-machines","8":"tm-no-options","10":"first","11":"instock","12":"shipping-taxable","13":"purchasable","14":"product-type-simple"},"acf":[],"gallery_images":[],"yoast_head":"<!-- This site is optimized with the Yoast SEO plugin v27.3 - https:\/\/yoast.com\/product\/yoast-seo-wordpress\/ -->\n<title>Emma C906 - Global International B.V.<\/title>\n<meta name=\"robots\" content=\"index, follow, max-snippet:-1, max-image-preview:large, max-video-preview:-1\" \/>\n<link rel=\"canonical\" href=\"https:\/\/globalsew.com\/fr\/produit\/emma-c906\/\" \/>\n<meta property=\"og:locale\" content=\"fr_FR\" \/>\n<meta property=\"og:type\" content=\"article\" \/>\n<meta property=\"og:title\" content=\"Emma C906 - Global International B.V.\" \/>\n<meta property=\"og:description\" content=\"Automatic cutting machine A compact cutting machine suitable for office buildings in the city and sample rooms of various trading companies and development centers. Fashionable industrial design, the most companies choose for sample room smart cutting. Dimension\u00a0\u00a0(L)1660mm \u00d7 (W)1500mm \u00d7 (H)2200mm Cutting area\u00a0\u00a0(L)820mm \u00d7 (W)600mm Voltage\u00a0\u00a0AC 220V 60HZ Weight\u00a0\u00a0497kg Total consumption 4kw  &nbsp;  For downloads see our downloads page for the Emma cutting machines.\" \/>\n<meta property=\"og:url\" content=\"https:\/\/globalsew.com\/fr\/produit\/emma-c906\/\" \/>\n<meta property=\"og:site_name\" content=\"Global International B.V.\" \/>\n<meta property=\"article:modified_time\" content=\"2024-04-30T14:44:33+00:00\" \/>\n<meta property=\"og:image\" content=\"https:\/\/globalsew.com\/wp-content\/uploads\/2024\/03\/products-EMMA-C906-2-01-global-1080-website-2024.jpg\" \/>\n\t<meta property=\"og:image:width\" content=\"1819\" \/>\n\t<meta property=\"og:image:height\" content=\"1080\" \/>\n\t<meta property=\"og:image:type\" content=\"image\/jpeg\" \/>\n<meta name=\"twitter:card\" content=\"summary_large_image\" \/>\n<meta name=\"twitter:label1\" content=\"Dur\u00e9e de lecture estim\u00e9e\" \/>\n\t<meta name=\"twitter:data1\" content=\"1 minute\" \/>\n<script type=\"application\/ld+json\" class=\"yoast-schema-graph\">{\"@context\":\"https:\\\/\\\/schema.org\",\"@graph\":[{\"@type\":\"WebPage\",\"@id\":\"https:\\\/\\\/globalsew.com\\\/product\\\/emma-c906\\\/\",\"url\":\"https:\\\/\\\/globalsew.com\\\/product\\\/emma-c906\\\/\",\"name\":\"Emma C906 - Global International B.V.\",\"isPartOf\":{\"@id\":\"https:\\\/\\\/globalsew.com\\\/#website\"},\"primaryImageOfPage\":{\"@id\":\"https:\\\/\\\/globalsew.com\\\/product\\\/emma-c906\\\/#primaryimage\"},\"image\":{\"@id\":\"https:\\\/\\\/globalsew.com\\\/product\\\/emma-c906\\\/#primaryimage\"},\"thumbnailUrl\":\"https:\\\/\\\/globalsew.com\\\/wp-content\\\/uploads\\\/2024\\\/03\\\/products-EMMA-C906-2-01-global-1080-website-2024.jpg\",\"datePublished\":\"2024-03-04T12:55:02+00:00\",\"dateModified\":\"2024-04-30T14:44:33+00:00\",\"breadcrumb\":{\"@id\":\"https:\\\/\\\/globalsew.com\\\/product\\\/emma-c906\\\/#breadcrumb\"},\"inLanguage\":\"fr-FR\",\"potentialAction\":[{\"@type\":\"ReadAction\",\"target\":[\"https:\\\/\\\/globalsew.com\\\/product\\\/emma-c906\\\/\"]}]},{\"@type\":\"ImageObject\",\"inLanguage\":\"fr-FR\",\"@id\":\"https:\\\/\\\/globalsew.com\\\/product\\\/emma-c906\\\/#primaryimage\",\"url\":\"https:\\\/\\\/globalsew.com\\\/wp-content\\\/uploads\\\/2024\\\/03\\\/products-EMMA-C906-2-01-global-1080-website-2024.jpg\",\"contentUrl\":\"https:\\\/\\\/globalsew.com\\\/wp-content\\\/uploads\\\/2024\\\/03\\\/products-EMMA-C906-2-01-global-1080-website-2024.jpg\",\"width\":1819,\"height\":1080,\"caption\":\"Emma C906\"},{\"@type\":\"BreadcrumbList\",\"@id\":\"https:\\\/\\\/globalsew.com\\\/product\\\/emma-c906\\\/#breadcrumb\",\"itemListElement\":[{\"@type\":\"ListItem\",\"position\":1,\"name\":\"Home\",\"item\":\"https:\\\/\\\/globalsew.com\\\/\"},{\"@type\":\"ListItem\",\"position\":2,\"name\":\"Products\",\"item\":\"https:\\\/\\\/globalsew.com\\\/products\\\/\"},{\"@type\":\"ListItem\",\"position\":3,\"name\":\"Emma C906\"}]},{\"@type\":\"WebSite\",\"@id\":\"https:\\\/\\\/globalsew.com\\\/#website\",\"url\":\"https:\\\/\\\/globalsew.com\\\/\",\"name\":\"Global International B.V.\",\"description\":\"Industrial Sewing Machines\",\"potentialAction\":[{\"@type\":\"SearchAction\",\"target\":{\"@type\":\"EntryPoint\",\"urlTemplate\":\"https:\\\/\\\/globalsew.com\\\/?s={search_term_string}\"},\"query-input\":{\"@type\":\"PropertyValueSpecification\",\"valueRequired\":true,\"valueName\":\"search_term_string\"}}],\"inLanguage\":\"fr-FR\"}]}<\/script>\n<!-- \/ Yoast SEO plugin. -->","yoast_head_json":{"title":"Emma C906 - Global International B.V.","robots":{"index":"index","follow":"follow","max-snippet":"max-snippet:-1","max-image-preview":"max-image-preview:large","max-video-preview":"max-video-preview:-1"},"canonical":"https:\/\/globalsew.com\/fr\/produit\/emma-c906\/","og_locale":"fr_FR","og_type":"article","og_title":"Emma C906 - Global International B.V.","og_description":"Automatic cutting machine A compact cutting machine suitable for office buildings in the city and sample rooms of various trading companies and development centers. Fashionable industrial design, the most companies choose for sample room smart cutting. Dimension\u00a0\u00a0(L)1660mm \u00d7 (W)1500mm \u00d7 (H)2200mm Cutting area\u00a0\u00a0(L)820mm \u00d7 (W)600mm Voltage\u00a0\u00a0AC 220V 60HZ Weight\u00a0\u00a0497kg Total consumption 4kw  &nbsp;  For downloads see our downloads page for the Emma cutting machines.","og_url":"https:\/\/globalsew.com\/fr\/produit\/emma-c906\/","og_site_name":"Global International B.V.","article_modified_time":"2024-04-30T14:44:33+00:00","og_image":[{"width":1819,"height":1080,"url":"https:\/\/globalsew.com\/wp-content\/uploads\/2024\/03\/products-EMMA-C906-2-01-global-1080-website-2024.jpg","type":"image\/jpeg"}],"twitter_card":"summary_large_image","twitter_misc":{"Dur\u00e9e de lecture estim\u00e9e":"1 minute"},"schema":{"@context":"https:\/\/schema.org","@graph":[{"@type":"WebPage","@id":"https:\/\/globalsew.com\/product\/emma-c906\/","url":"https:\/\/globalsew.com\/product\/emma-c906\/","name":"Emma C906 - Global International B.V.","isPartOf":{"@id":"https:\/\/globalsew.com\/#website"},"primaryImageOfPage":{"@id":"https:\/\/globalsew.com\/product\/emma-c906\/#primaryimage"},"image":{"@id":"https:\/\/globalsew.com\/product\/emma-c906\/#primaryimage"},"thumbnailUrl":"https:\/\/globalsew.com\/wp-content\/uploads\/2024\/03\/products-EMMA-C906-2-01-global-1080-website-2024.jpg","datePublished":"2024-03-04T12:55:02+00:00","dateModified":"2024-04-30T14:44:33+00:00","breadcrumb":{"@id":"https:\/\/globalsew.com\/product\/emma-c906\/#breadcrumb"},"inLanguage":"fr-FR","potentialAction":[{"@type":"ReadAction","target":["https:\/\/globalsew.com\/product\/emma-c906\/"]}]},{"@type":"ImageObject","inLanguage":"fr-FR","@id":"https:\/\/globalsew.com\/product\/emma-c906\/#primaryimage","url":"https:\/\/globalsew.com\/wp-content\/uploads\/2024\/03\/products-EMMA-C906-2-01-global-1080-website-2024.jpg","contentUrl":"https:\/\/globalsew.com\/wp-content\/uploads\/2024\/03\/products-EMMA-C906-2-01-global-1080-website-2024.jpg","width":1819,"height":1080,"caption":"Emma C906"},{"@type":"BreadcrumbList","@id":"https:\/\/globalsew.com\/product\/emma-c906\/#breadcrumb","itemListElement":[{"@type":"ListItem","position":1,"name":"Home","item":"https:\/\/globalsew.com\/"},{"@type":"ListItem","position":2,"name":"Products","item":"https:\/\/globalsew.com\/products\/"},{"@type":"ListItem","position":3,"name":"Emma C906"}]},{"@type":"WebSite","@id":"https:\/\/globalsew.com\/#website","url":"https:\/\/globalsew.com\/","name":"Global International B.V.","description":"Machines \u00e0 coudre industrielles","potentialAction":[{"@type":"SearchAction","target":{"@type":"EntryPoint","urlTemplate":"https:\/\/globalsew.com\/?s={search_term_string}"},"query-input":{"@type":"PropertyValueSpecification","valueRequired":true,"valueName":"search_term_string"}}],"inLanguage":"fr-FR"}]}},"_links":{"self":[{"href":"https:\/\/globalsew.com\/fr\/wp-json\/wp\/v2\/product\/106395","targetHints":{"allow":["GET"]}}],"collection":[{"href":"https:\/\/globalsew.com\/fr\/wp-json\/wp\/v2\/product"}],"about":[{"href":"https:\/\/globalsew.com\/fr\/wp-json\/wp\/v2\/types\/product"}],"wp:featuredmedia":[{"embeddable":true,"href":"https:\/\/globalsew.com\/fr\/wp-json\/wp\/v2\/media\/106397"}],"wp:attachment":[{"href":"https:\/\/globalsew.com\/fr\/wp-json\/wp\/v2\/media?parent=106395"}],"wp:term":[{"taxonomy":"product_brand","embeddable":true,"href":"https:\/\/globalsew.com\/fr\/wp-json\/wp\/v2\/product_brand?post=106395"},{"taxonomy":"product_cat","embeddable":true,"href":"https:\/\/globalsew.com\/fr\/wp-json\/wp\/v2\/product_cat?post=106395"},{"taxonomy":"product_tag","embeddable":true,"href":"https:\/\/globalsew.com\/fr\/wp-json\/wp\/v2\/product_tag?post=106395"}],"curies":[{"name":"wp","href":"https:\/\/api.w.org\/{rel}","templated":true}]}}