{"id":105688,"date":"2024-02-21T10:25:35","date_gmt":"2024-02-21T09:25:35","guid":{"rendered":"https:\/\/globalsew.com\/?post_type=product&#038;p=105688"},"modified":"2024-02-21T10:34:20","modified_gmt":"2024-02-21T09:34:20","slug":"serie-us-2200","status":"publish","type":"product","link":"https:\/\/globalsew.com\/fr\/product\/us-2200-series\/","title":{"rendered":"S\u00e9rie US 2200"},"content":{"rendered":"<p><strong>US 2200-1<br \/>\n<\/strong>- Machine \u00e0 fermer les sacs \u00e0 fil unique de style \"Union Special\" de haute qualit\u00e9. Cette machine \u00e0 fermer les sacs portable est une machine polyvalente pour fermer les sacs de diff\u00e9rents types de mat\u00e9riaux.<\/p>\n<p><strong>US 2200-2<\/strong><br \/>\n- Idem que ci-dessus, mais version \u00e0 2 fils.<\/p>","protected":false},"excerpt":{"rendered":"<p>US 2200-1 - Machine \u00e0 fermer les sacs \u00e0 fil unique de style \"Union Special\" de haute qualit\u00e9. Cette fermeuse de sacs portable est une machine polyvalente pour fermer des sacs de diff\u00e9rents types de mat\u00e9riaux. US 2200-2 - Identique \u00e0 la pr\u00e9c\u00e9dente, mais version \u00e0 2 fils.<\/p>","protected":false},"featured_media":105694,"template":"","meta":{"_acf_changed":false},"product_brand":[],"product_cat":[114,24,138],"product_tag":[],"class_list":{"0":"post-105688","1":"product","2":"type-product","3":"status-publish","4":"has-post-thumbnail","6":"product_cat-fusing-machines","7":"product_cat-garment","8":"product_cat-pressing-equipment","9":"tm-has-options","11":"first","12":"instock","13":"shipping-taxable","14":"purchasable","15":"product-type-variable"},"acf":[],"gallery_images":[105696],"yoast_head":"<!-- This site is optimized with the Yoast SEO plugin v27.3 - https:\/\/yoast.com\/product\/yoast-seo-wordpress\/ -->\n<title>US 2200 series - Global International B.V.<\/title>\n<meta name=\"robots\" content=\"index, follow, max-snippet:-1, max-image-preview:large, max-video-preview:-1\" \/>\n<link rel=\"canonical\" href=\"https:\/\/globalsew.com\/fr\/produit\/serie-us-2200\/\" \/>\n<meta property=\"og:locale\" content=\"fr_FR\" \/>\n<meta property=\"og:type\" content=\"article\" \/>\n<meta property=\"og:title\" content=\"US 2200 series - Global International B.V.\" \/>\n<meta property=\"og:description\" content=\"US 2200-1 &#8211; Single thread bag closing machine &#8220;Union Special&#8221; style of high quality. This portable bag closing machine is an all-round machine for closing bags of different kinds of materials. US 2200-2 &#8211; Same as above, however 2 thread version.\" \/>\n<meta property=\"og:url\" content=\"https:\/\/globalsew.com\/fr\/produit\/serie-us-2200\/\" \/>\n<meta property=\"og:site_name\" content=\"Global International B.V.\" \/>\n<meta property=\"article:modified_time\" content=\"2024-02-21T09:34:20+00:00\" \/>\n<meta property=\"og:image\" content=\"https:\/\/globalsew.com\/wp-content\/uploads\/2024\/02\/products-US-2200-01-342-global-1080-website-2024.jpg\" \/>\n\t<meta property=\"og:image:width\" content=\"1819\" \/>\n\t<meta property=\"og:image:height\" content=\"1080\" \/>\n\t<meta property=\"og:image:type\" content=\"image\/jpeg\" \/>\n<meta name=\"twitter:card\" content=\"summary_large_image\" \/>\n<meta name=\"twitter:label1\" content=\"Dur\u00e9e de lecture estim\u00e9e\" \/>\n\t<meta name=\"twitter:data1\" content=\"1 minute\" \/>\n<script type=\"application\/ld+json\" class=\"yoast-schema-graph\">{\"@context\":\"https:\\\/\\\/schema.org\",\"@graph\":[{\"@type\":\"WebPage\",\"@id\":\"https:\\\/\\\/globalsew.com\\\/product\\\/us-2200-series\\\/\",\"url\":\"https:\\\/\\\/globalsew.com\\\/product\\\/us-2200-series\\\/\",\"name\":\"US 2200 series - Global International B.V.\",\"isPartOf\":{\"@id\":\"https:\\\/\\\/globalsew.com\\\/#website\"},\"primaryImageOfPage\":{\"@id\":\"https:\\\/\\\/globalsew.com\\\/product\\\/us-2200-series\\\/#primaryimage\"},\"image\":{\"@id\":\"https:\\\/\\\/globalsew.com\\\/product\\\/us-2200-series\\\/#primaryimage\"},\"thumbnailUrl\":\"https:\\\/\\\/globalsew.com\\\/wp-content\\\/uploads\\\/2024\\\/02\\\/products-US-2200-01-342-global-1080-website-2024.jpg\",\"datePublished\":\"2024-02-21T09:25:35+00:00\",\"dateModified\":\"2024-02-21T09:34:20+00:00\",\"breadcrumb\":{\"@id\":\"https:\\\/\\\/globalsew.com\\\/product\\\/us-2200-series\\\/#breadcrumb\"},\"inLanguage\":\"fr-FR\",\"potentialAction\":[{\"@type\":\"ReadAction\",\"target\":[\"https:\\\/\\\/globalsew.com\\\/product\\\/us-2200-series\\\/\"]}]},{\"@type\":\"ImageObject\",\"inLanguage\":\"fr-FR\",\"@id\":\"https:\\\/\\\/globalsew.com\\\/product\\\/us-2200-series\\\/#primaryimage\",\"url\":\"https:\\\/\\\/globalsew.com\\\/wp-content\\\/uploads\\\/2024\\\/02\\\/products-US-2200-01-342-global-1080-website-2024.jpg\",\"contentUrl\":\"https:\\\/\\\/globalsew.com\\\/wp-content\\\/uploads\\\/2024\\\/02\\\/products-US-2200-01-342-global-1080-website-2024.jpg\",\"width\":1819,\"height\":1080,\"caption\":\"US 2200-1\"},{\"@type\":\"BreadcrumbList\",\"@id\":\"https:\\\/\\\/globalsew.com\\\/product\\\/us-2200-series\\\/#breadcrumb\",\"itemListElement\":[{\"@type\":\"ListItem\",\"position\":1,\"name\":\"Home\",\"item\":\"https:\\\/\\\/globalsew.com\\\/\"},{\"@type\":\"ListItem\",\"position\":2,\"name\":\"Products\",\"item\":\"https:\\\/\\\/globalsew.com\\\/products\\\/\"},{\"@type\":\"ListItem\",\"position\":3,\"name\":\"US 2200 series\"}]},{\"@type\":\"WebSite\",\"@id\":\"https:\\\/\\\/globalsew.com\\\/#website\",\"url\":\"https:\\\/\\\/globalsew.com\\\/\",\"name\":\"Global International B.V.\",\"description\":\"Industrial Sewing Machines\",\"potentialAction\":[{\"@type\":\"SearchAction\",\"target\":{\"@type\":\"EntryPoint\",\"urlTemplate\":\"https:\\\/\\\/globalsew.com\\\/?s={search_term_string}\"},\"query-input\":{\"@type\":\"PropertyValueSpecification\",\"valueRequired\":true,\"valueName\":\"search_term_string\"}}],\"inLanguage\":\"fr-FR\"}]}<\/script>\n<!-- \/ Yoast SEO plugin. -->","yoast_head_json":{"title":"S\u00e9rie US 2200 - Global International B.V.","robots":{"index":"index","follow":"follow","max-snippet":"max-snippet:-1","max-image-preview":"max-image-preview:large","max-video-preview":"max-video-preview:-1"},"canonical":"https:\/\/globalsew.com\/fr\/produit\/serie-us-2200\/","og_locale":"fr_FR","og_type":"article","og_title":"US 2200 series - Global International B.V.","og_description":"US 2200-1 &#8211; Single thread bag closing machine &#8220;Union Special&#8221; style of high quality. This portable bag closing machine is an all-round machine for closing bags of different kinds of materials. US 2200-2 &#8211; Same as above, however 2 thread version.","og_url":"https:\/\/globalsew.com\/fr\/produit\/serie-us-2200\/","og_site_name":"Global International B.V.","article_modified_time":"2024-02-21T09:34:20+00:00","og_image":[{"width":1819,"height":1080,"url":"https:\/\/globalsew.com\/wp-content\/uploads\/2024\/02\/products-US-2200-01-342-global-1080-website-2024.jpg","type":"image\/jpeg"}],"twitter_card":"summary_large_image","twitter_misc":{"Dur\u00e9e de lecture estim\u00e9e":"1 minute"},"schema":{"@context":"https:\/\/schema.org","@graph":[{"@type":"WebPage","@id":"https:\/\/globalsew.com\/product\/us-2200-series\/","url":"https:\/\/globalsew.com\/product\/us-2200-series\/","name":"S\u00e9rie US 2200 - Global International B.V.","isPartOf":{"@id":"https:\/\/globalsew.com\/#website"},"primaryImageOfPage":{"@id":"https:\/\/globalsew.com\/product\/us-2200-series\/#primaryimage"},"image":{"@id":"https:\/\/globalsew.com\/product\/us-2200-series\/#primaryimage"},"thumbnailUrl":"https:\/\/globalsew.com\/wp-content\/uploads\/2024\/02\/products-US-2200-01-342-global-1080-website-2024.jpg","datePublished":"2024-02-21T09:25:35+00:00","dateModified":"2024-02-21T09:34:20+00:00","breadcrumb":{"@id":"https:\/\/globalsew.com\/product\/us-2200-series\/#breadcrumb"},"inLanguage":"fr-FR","potentialAction":[{"@type":"ReadAction","target":["https:\/\/globalsew.com\/product\/us-2200-series\/"]}]},{"@type":"ImageObject","inLanguage":"fr-FR","@id":"https:\/\/globalsew.com\/product\/us-2200-series\/#primaryimage","url":"https:\/\/globalsew.com\/wp-content\/uploads\/2024\/02\/products-US-2200-01-342-global-1080-website-2024.jpg","contentUrl":"https:\/\/globalsew.com\/wp-content\/uploads\/2024\/02\/products-US-2200-01-342-global-1080-website-2024.jpg","width":1819,"height":1080,"caption":"US 2200-1"},{"@type":"BreadcrumbList","@id":"https:\/\/globalsew.com\/product\/us-2200-series\/#breadcrumb","itemListElement":[{"@type":"ListItem","position":1,"name":"Home","item":"https:\/\/globalsew.com\/"},{"@type":"ListItem","position":2,"name":"Products","item":"https:\/\/globalsew.com\/products\/"},{"@type":"ListItem","position":3,"name":"US 2200 series"}]},{"@type":"WebSite","@id":"https:\/\/globalsew.com\/#website","url":"https:\/\/globalsew.com\/","name":"Global International B.V.","description":"Machines \u00e0 coudre industrielles","potentialAction":[{"@type":"SearchAction","target":{"@type":"EntryPoint","urlTemplate":"https:\/\/globalsew.com\/?s={search_term_string}"},"query-input":{"@type":"PropertyValueSpecification","valueRequired":true,"valueName":"search_term_string"}}],"inLanguage":"fr-FR"}]}},"_links":{"self":[{"href":"https:\/\/globalsew.com\/fr\/wp-json\/wp\/v2\/product\/105688","targetHints":{"allow":["GET"]}}],"collection":[{"href":"https:\/\/globalsew.com\/fr\/wp-json\/wp\/v2\/product"}],"about":[{"href":"https:\/\/globalsew.com\/fr\/wp-json\/wp\/v2\/types\/product"}],"wp:featuredmedia":[{"embeddable":true,"href":"https:\/\/globalsew.com\/fr\/wp-json\/wp\/v2\/media\/105694"}],"wp:attachment":[{"href":"https:\/\/globalsew.com\/fr\/wp-json\/wp\/v2\/media?parent=105688"}],"wp:term":[{"taxonomy":"product_brand","embeddable":true,"href":"https:\/\/globalsew.com\/fr\/wp-json\/wp\/v2\/product_brand?post=105688"},{"taxonomy":"product_cat","embeddable":true,"href":"https:\/\/globalsew.com\/fr\/wp-json\/wp\/v2\/product_cat?post=105688"},{"taxonomy":"product_tag","embeddable":true,"href":"https:\/\/globalsew.com\/fr\/wp-json\/wp\/v2\/product_tag?post=105688"}],"curies":[{"name":"wp","href":"https:\/\/api.w.org\/{rel}","templated":true}]}}