{"id":105507,"date":"2024-02-15T13:17:26","date_gmt":"2024-02-15T12:17:26","guid":{"rendered":"https:\/\/globalsew.com\/?post_type=product&#038;p=105507"},"modified":"2024-02-15T13:27:50","modified_gmt":"2024-02-15T12:27:50","slug":"3200-aut","status":"publish","type":"product","link":"https:\/\/globalsew.com\/fr\/product\/3200-aut\/","title":{"rendered":"3200 AUT"},"content":{"rendered":"<div class=\"wpb-content-wrapper\"><div class=\"vc_row wpb_row vc_row-fluid\"><div class=\"wpb_column vc_column_container vc_col-sm-6\"><div class=\"vc_column-inner\"><div class=\"wpb_wrapper\">\n\t<div class=\"wpb_text_column wpb_content_element\" >\n\t\t<div class=\"wpb_wrapper\">\n\t\t\t<p><strong>3200 AUT<\/strong><br \/>\n- Machine \u00e0 point nou\u00e9, t\u00eate semi-s\u00e8che, une aiguille, entra\u00een\u00e9e par un mini servomoteur int\u00e9gr\u00e9 et un bo\u00eetier de commande. La machine est \u00e9quip\u00e9e d'un dispositif de coupe-fil, d'un point d'arr\u00eat automatique et d'un releveur de pied-de-biche (tous \u00e9lectriques). Vitesse maximale de la machine 5000 SPM.<\/p>\n\n\t\t<\/div>\n\t<\/div>\n<\/div><\/div><\/div><\/div>\n<\/div>","protected":false},"excerpt":{"rendered":"<p>Pour les t\u00e9l\u00e9chargements, voir notre page de t\u00e9l\u00e9chargements pour l'application <a href=\"https:\/\/globalsew.com\/fr\/telecharger\/serie-3200\/\">3200 AUT point nou\u00e9<\/a><a class=\"download-link\" download=\"\"> machine<\/a>.<\/p>\n<p>Caract\u00e9ristiques techniques :<\/p>\n<ul>\n<li>Vitesse de la machine : max 5000 spm<\/li>\n<li>Syst\u00e8me d'huilage : t\u00eate semi-s\u00e8che<\/li>\n<li>Longueur de point : max 5 mm<\/li>\n<li>Lev\u00e9e du pied-de-biche : max 7 mm (\u00e9lectrique)<\/li>\n<li>Course de la barre d'aiguille : 31 mm<\/li>\n<li>Type d'aiguille : 134 R<\/li>\n<li>Source d'alimentation : 240 V, monophas\u00e9, 50\/60 Hz, mini-moteur servo \u00e0 entra\u00eenement direct<\/li>\n<\/ul>","protected":false},"featured_media":105508,"template":"","meta":{"_acf_changed":false},"product_brand":[],"product_cat":[24,29,102],"product_tag":[],"class_list":{"0":"post-105507","1":"product","2":"type-product","3":"status-publish","4":"has-post-thumbnail","6":"product_cat-garment","7":"product_cat-lockstitch","8":"product_cat-single-needle-needle-feed-machines","9":"tm-has-options","11":"first","12":"instock","13":"shipping-taxable","14":"purchasable","15":"product-type-simple"},"acf":[],"gallery_images":[105509,105510,105511,105512],"yoast_head":"<!-- This site is optimized with the Yoast SEO plugin v27.3 - https:\/\/yoast.com\/product\/yoast-seo-wordpress\/ -->\n<title>3200 AUT - Global International B.V.<\/title>\n<meta name=\"robots\" content=\"index, follow, max-snippet:-1, max-image-preview:large, max-video-preview:-1\" \/>\n<link rel=\"canonical\" href=\"https:\/\/globalsew.com\/fr\/produit\/3200-aut\/\" \/>\n<meta property=\"og:locale\" content=\"fr_FR\" \/>\n<meta property=\"og:type\" content=\"article\" \/>\n<meta property=\"og:title\" content=\"3200 AUT - Global International B.V.\" \/>\n<meta property=\"og:description\" content=\"For downloads see our downloads page for the 3200 AUT lockstitch machine.  Technical specifications:   Machine speed: max 5000 spm  Oiling system: semi dry head  Stitch length: max 5 mm  Presser foot lift: max 7 mm (electric)  Needle bar stroke: 31 mm  Needle type: 134 R  Power source: 240 V, single phase, 50\/60 Hz direct drive mini servo motor\" \/>\n<meta property=\"og:url\" content=\"https:\/\/globalsew.com\/fr\/produit\/3200-aut\/\" \/>\n<meta property=\"og:site_name\" content=\"Global International B.V.\" \/>\n<meta property=\"article:modified_time\" content=\"2024-02-15T12:27:50+00:00\" \/>\n<meta property=\"og:image\" content=\"https:\/\/globalsew.com\/wp-content\/uploads\/2024\/02\/products-3200-AUT-03-global-1080-website-2024.jpg\" \/>\n\t<meta property=\"og:image:width\" content=\"1819\" \/>\n\t<meta property=\"og:image:height\" content=\"1080\" \/>\n\t<meta property=\"og:image:type\" content=\"image\/jpeg\" \/>\n<meta name=\"twitter:card\" content=\"summary_large_image\" \/>\n<meta name=\"twitter:label1\" content=\"Dur\u00e9e de lecture estim\u00e9e\" \/>\n\t<meta name=\"twitter:data1\" content=\"1 minute\" \/>\n<script type=\"application\/ld+json\" class=\"yoast-schema-graph\">{\"@context\":\"https:\\\/\\\/schema.org\",\"@graph\":[{\"@type\":\"WebPage\",\"@id\":\"https:\\\/\\\/globalsew.com\\\/product\\\/3200-aut\\\/\",\"url\":\"https:\\\/\\\/globalsew.com\\\/product\\\/3200-aut\\\/\",\"name\":\"3200 AUT - Global International B.V.\",\"isPartOf\":{\"@id\":\"https:\\\/\\\/globalsew.com\\\/#website\"},\"primaryImageOfPage\":{\"@id\":\"https:\\\/\\\/globalsew.com\\\/product\\\/3200-aut\\\/#primaryimage\"},\"image\":{\"@id\":\"https:\\\/\\\/globalsew.com\\\/product\\\/3200-aut\\\/#primaryimage\"},\"thumbnailUrl\":\"https:\\\/\\\/globalsew.com\\\/wp-content\\\/uploads\\\/2024\\\/02\\\/products-3200-AUT-03-global-1080-website-2024.jpg\",\"datePublished\":\"2024-02-15T12:17:26+00:00\",\"dateModified\":\"2024-02-15T12:27:50+00:00\",\"breadcrumb\":{\"@id\":\"https:\\\/\\\/globalsew.com\\\/product\\\/3200-aut\\\/#breadcrumb\"},\"inLanguage\":\"fr-FR\",\"potentialAction\":[{\"@type\":\"ReadAction\",\"target\":[\"https:\\\/\\\/globalsew.com\\\/product\\\/3200-aut\\\/\"]}]},{\"@type\":\"ImageObject\",\"inLanguage\":\"fr-FR\",\"@id\":\"https:\\\/\\\/globalsew.com\\\/product\\\/3200-aut\\\/#primaryimage\",\"url\":\"https:\\\/\\\/globalsew.com\\\/wp-content\\\/uploads\\\/2024\\\/02\\\/products-3200-AUT-03-global-1080-website-2024.jpg\",\"contentUrl\":\"https:\\\/\\\/globalsew.com\\\/wp-content\\\/uploads\\\/2024\\\/02\\\/products-3200-AUT-03-global-1080-website-2024.jpg\",\"width\":1819,\"height\":1080},{\"@type\":\"BreadcrumbList\",\"@id\":\"https:\\\/\\\/globalsew.com\\\/product\\\/3200-aut\\\/#breadcrumb\",\"itemListElement\":[{\"@type\":\"ListItem\",\"position\":1,\"name\":\"Home\",\"item\":\"https:\\\/\\\/globalsew.com\\\/\"},{\"@type\":\"ListItem\",\"position\":2,\"name\":\"Products\",\"item\":\"https:\\\/\\\/globalsew.com\\\/products\\\/\"},{\"@type\":\"ListItem\",\"position\":3,\"name\":\"3200 AUT\"}]},{\"@type\":\"WebSite\",\"@id\":\"https:\\\/\\\/globalsew.com\\\/#website\",\"url\":\"https:\\\/\\\/globalsew.com\\\/\",\"name\":\"Global International B.V.\",\"description\":\"Industrial Sewing Machines\",\"potentialAction\":[{\"@type\":\"SearchAction\",\"target\":{\"@type\":\"EntryPoint\",\"urlTemplate\":\"https:\\\/\\\/globalsew.com\\\/?s={search_term_string}\"},\"query-input\":{\"@type\":\"PropertyValueSpecification\",\"valueRequired\":true,\"valueName\":\"search_term_string\"}}],\"inLanguage\":\"fr-FR\"}]}<\/script>\n<!-- \/ Yoast SEO plugin. -->","yoast_head_json":{"title":"3200 AUT - Global International B.V.","robots":{"index":"index","follow":"follow","max-snippet":"max-snippet:-1","max-image-preview":"max-image-preview:large","max-video-preview":"max-video-preview:-1"},"canonical":"https:\/\/globalsew.com\/fr\/produit\/3200-aut\/","og_locale":"fr_FR","og_type":"article","og_title":"3200 AUT - Global International B.V.","og_description":"For downloads see our downloads page for the 3200 AUT lockstitch machine.  Technical specifications:   Machine speed: max 5000 spm  Oiling system: semi dry head  Stitch length: max 5 mm  Presser foot lift: max 7 mm (electric)  Needle bar stroke: 31 mm  Needle type: 134 R  Power source: 240 V, single phase, 50\/60 Hz direct drive mini servo motor","og_url":"https:\/\/globalsew.com\/fr\/produit\/3200-aut\/","og_site_name":"Global International B.V.","article_modified_time":"2024-02-15T12:27:50+00:00","og_image":[{"width":1819,"height":1080,"url":"https:\/\/globalsew.com\/wp-content\/uploads\/2024\/02\/products-3200-AUT-03-global-1080-website-2024.jpg","type":"image\/jpeg"}],"twitter_card":"summary_large_image","twitter_misc":{"Dur\u00e9e de lecture estim\u00e9e":"1 minute"},"schema":{"@context":"https:\/\/schema.org","@graph":[{"@type":"WebPage","@id":"https:\/\/globalsew.com\/product\/3200-aut\/","url":"https:\/\/globalsew.com\/product\/3200-aut\/","name":"3200 AUT - Global International B.V.","isPartOf":{"@id":"https:\/\/globalsew.com\/#website"},"primaryImageOfPage":{"@id":"https:\/\/globalsew.com\/product\/3200-aut\/#primaryimage"},"image":{"@id":"https:\/\/globalsew.com\/product\/3200-aut\/#primaryimage"},"thumbnailUrl":"https:\/\/globalsew.com\/wp-content\/uploads\/2024\/02\/products-3200-AUT-03-global-1080-website-2024.jpg","datePublished":"2024-02-15T12:17:26+00:00","dateModified":"2024-02-15T12:27:50+00:00","breadcrumb":{"@id":"https:\/\/globalsew.com\/product\/3200-aut\/#breadcrumb"},"inLanguage":"fr-FR","potentialAction":[{"@type":"ReadAction","target":["https:\/\/globalsew.com\/product\/3200-aut\/"]}]},{"@type":"ImageObject","inLanguage":"fr-FR","@id":"https:\/\/globalsew.com\/product\/3200-aut\/#primaryimage","url":"https:\/\/globalsew.com\/wp-content\/uploads\/2024\/02\/products-3200-AUT-03-global-1080-website-2024.jpg","contentUrl":"https:\/\/globalsew.com\/wp-content\/uploads\/2024\/02\/products-3200-AUT-03-global-1080-website-2024.jpg","width":1819,"height":1080},{"@type":"BreadcrumbList","@id":"https:\/\/globalsew.com\/product\/3200-aut\/#breadcrumb","itemListElement":[{"@type":"ListItem","position":1,"name":"Home","item":"https:\/\/globalsew.com\/"},{"@type":"ListItem","position":2,"name":"Products","item":"https:\/\/globalsew.com\/products\/"},{"@type":"ListItem","position":3,"name":"3200 AUT"}]},{"@type":"WebSite","@id":"https:\/\/globalsew.com\/#website","url":"https:\/\/globalsew.com\/","name":"Global International B.V.","description":"Machines \u00e0 coudre industrielles","potentialAction":[{"@type":"SearchAction","target":{"@type":"EntryPoint","urlTemplate":"https:\/\/globalsew.com\/?s={search_term_string}"},"query-input":{"@type":"PropertyValueSpecification","valueRequired":true,"valueName":"search_term_string"}}],"inLanguage":"fr-FR"}]}},"_links":{"self":[{"href":"https:\/\/globalsew.com\/fr\/wp-json\/wp\/v2\/product\/105507","targetHints":{"allow":["GET"]}}],"collection":[{"href":"https:\/\/globalsew.com\/fr\/wp-json\/wp\/v2\/product"}],"about":[{"href":"https:\/\/globalsew.com\/fr\/wp-json\/wp\/v2\/types\/product"}],"wp:featuredmedia":[{"embeddable":true,"href":"https:\/\/globalsew.com\/fr\/wp-json\/wp\/v2\/media\/105508"}],"wp:attachment":[{"href":"https:\/\/globalsew.com\/fr\/wp-json\/wp\/v2\/media?parent=105507"}],"wp:term":[{"taxonomy":"product_brand","embeddable":true,"href":"https:\/\/globalsew.com\/fr\/wp-json\/wp\/v2\/product_brand?post=105507"},{"taxonomy":"product_cat","embeddable":true,"href":"https:\/\/globalsew.com\/fr\/wp-json\/wp\/v2\/product_cat?post=105507"},{"taxonomy":"product_tag","embeddable":true,"href":"https:\/\/globalsew.com\/fr\/wp-json\/wp\/v2\/product_tag?post=105507"}],"curies":[{"name":"wp","href":"https:\/\/api.w.org\/{rel}","templated":true}]}}