{"id":10533,"date":"2017-02-06T15:18:03","date_gmt":"2017-02-06T14:18:03","guid":{"rendered":"https:\/\/globalsew.com\/product\/nf-3901-series\/"},"modified":"2024-11-25T09:56:48","modified_gmt":"2024-11-25T08:56:48","slug":"nf-3901-lh-dd","status":"publish","type":"product","link":"https:\/\/globalsew.com\/fr\/product\/nf-3901-lh-dd\/","title":{"rendered":"S\u00e9rie NF 3901"},"content":{"rendered":"<div class=\"wpb-content-wrapper\"><div class=\"vc_row wpb_row vc_row-fluid\"><div class=\"wpb_column vc_column_container vc_col-sm-6\"><div class=\"vc_column-inner\"><div class=\"wpb_wrapper\">\n\t<div class=\"wpb_text_column wpb_content_element\" >\n\t\t<div class=\"wpb_wrapper\">\n\t\t\t<h2>Machines point nou\u00e9 \u00e0 grande vitesse et \u00e0 entra\u00eenement par aiguille<\/h2>\n<p><strong>NF 3901 DD<\/strong><br \/>\n- Machine point nou\u00e9 \u00e0 entra\u00eenement direct de l'aiguille, \u00e0 grande vitesse, avec lubrification enti\u00e8rement automatique. Equip\u00e9e d'un moteur int\u00e9gr\u00e9 et d'un bo\u00eetier de commande s\u00e9par\u00e9. Le bobineur de canette est int\u00e9gr\u00e9 dans la t\u00eate de la machine.<br \/>\n<strong>NF 3901 LH-DD<\/strong><br \/>\n- Identique au pr\u00e9c\u00e9dent, mais \u00e9quip\u00e9 d'un grand crochet.<br \/>\n<strong>NF 3901 AUT<\/strong><br \/>\n- Machine \u00e0 point nou\u00e9 \u00e0 entra\u00eenement direct, haute vitesse, tout-en-un, avec coupe-fil et arr\u00eats automatiques. La machine est \u00e9quip\u00e9e d'un syst\u00e8me de lubrification enti\u00e8rement automatique et le moteur, le bo\u00eetier de commande et le panneau de contr\u00f4le sont int\u00e9gr\u00e9s dans la machine. <strong>L'\u00e9l\u00e9vation du pied presseur est disponible en option.<br \/>\nNF 3901 LH-AUT<br \/>\n<\/strong>- Identique au pr\u00e9c\u00e9dent, mais \u00e9quip\u00e9 d'un grand crochet.<\/p>\n\n\t\t<\/div>\n\t<\/div>\n<\/div><\/div><\/div><\/div>\n<\/div>","protected":false},"excerpt":{"rendered":"<p>Pour les t\u00e9l\u00e9chargements, voir notre page de t\u00e9l\u00e9chargements pour l'application <a href=\"https:\/\/globalsew.com\/fr\/telecharger\/serie-nf\/\">Machines \u00e0 point nou\u00e9 \u00e0 grande vitesse, \u00e0 une aiguille.<\/a><\/p>","protected":false},"featured_media":105657,"template":"","meta":{"_acf_changed":false},"product_brand":[],"product_cat":[24,29,102],"product_tag":[],"class_list":{"0":"post-10533","1":"product","2":"type-product","3":"status-publish","4":"has-post-thumbnail","6":"product_cat-garment","7":"product_cat-lockstitch","8":"product_cat-single-needle-needle-feed-machines","9":"tm-has-options","11":"first","12":"instock","13":"shipping-taxable","14":"purchasable","15":"product-type-variable"},"acf":[],"gallery_images":[105719],"yoast_head":"<!-- This site is optimized with the Yoast SEO plugin v27.3 - https:\/\/yoast.com\/product\/yoast-seo-wordpress\/ -->\n<title>NF 3901 series - Global International B.V.<\/title>\n<meta name=\"robots\" content=\"index, follow, max-snippet:-1, max-image-preview:large, max-video-preview:-1\" \/>\n<link rel=\"canonical\" href=\"https:\/\/globalsew.com\/fr\/produit\/nf-3901-lh-dd\/\" \/>\n<meta property=\"og:locale\" content=\"fr_FR\" \/>\n<meta property=\"og:type\" content=\"article\" \/>\n<meta property=\"og:title\" content=\"NF 3901 series - Global International B.V.\" \/>\n<meta property=\"og:description\" content=\"For downloads see our downloads page for the High Speed single needle, needle lockstitch machines.\" \/>\n<meta property=\"og:url\" content=\"https:\/\/globalsew.com\/fr\/produit\/nf-3901-lh-dd\/\" \/>\n<meta property=\"og:site_name\" content=\"Global International B.V.\" \/>\n<meta property=\"article:modified_time\" content=\"2024-11-25T08:56:48+00:00\" \/>\n<meta property=\"og:image\" content=\"https:\/\/globalsew.com\/wp-content\/uploads\/2024\/02\/NF3901lhautvideo.jpg\" \/>\n\t<meta property=\"og:image:width\" content=\"1819\" \/>\n\t<meta property=\"og:image:height\" content=\"1080\" \/>\n\t<meta property=\"og:image:type\" content=\"image\/jpeg\" \/>\n<meta name=\"twitter:card\" content=\"summary_large_image\" \/>\n<meta name=\"twitter:label1\" content=\"Dur\u00e9e de lecture estim\u00e9e\" \/>\n\t<meta name=\"twitter:data1\" content=\"1 minute\" \/>\n<script type=\"application\/ld+json\" class=\"yoast-schema-graph\">{\"@context\":\"https:\\\/\\\/schema.org\",\"@graph\":[{\"@type\":\"WebPage\",\"@id\":\"https:\\\/\\\/globalsew.com\\\/product\\\/nf-3901-lh-dd\\\/\",\"url\":\"https:\\\/\\\/globalsew.com\\\/product\\\/nf-3901-lh-dd\\\/\",\"name\":\"NF 3901 series - Global International B.V.\",\"isPartOf\":{\"@id\":\"https:\\\/\\\/globalsew.com\\\/#website\"},\"primaryImageOfPage\":{\"@id\":\"https:\\\/\\\/globalsew.com\\\/product\\\/nf-3901-lh-dd\\\/#primaryimage\"},\"image\":{\"@id\":\"https:\\\/\\\/globalsew.com\\\/product\\\/nf-3901-lh-dd\\\/#primaryimage\"},\"thumbnailUrl\":\"https:\\\/\\\/globalsew.com\\\/wp-content\\\/uploads\\\/2024\\\/02\\\/NF3901lhautvideo.jpg\",\"datePublished\":\"2017-02-06T14:18:03+00:00\",\"dateModified\":\"2024-11-25T08:56:48+00:00\",\"breadcrumb\":{\"@id\":\"https:\\\/\\\/globalsew.com\\\/product\\\/nf-3901-lh-dd\\\/#breadcrumb\"},\"inLanguage\":\"fr-FR\",\"potentialAction\":[{\"@type\":\"ReadAction\",\"target\":[\"https:\\\/\\\/globalsew.com\\\/product\\\/nf-3901-lh-dd\\\/\"]}]},{\"@type\":\"ImageObject\",\"inLanguage\":\"fr-FR\",\"@id\":\"https:\\\/\\\/globalsew.com\\\/product\\\/nf-3901-lh-dd\\\/#primaryimage\",\"url\":\"https:\\\/\\\/globalsew.com\\\/wp-content\\\/uploads\\\/2024\\\/02\\\/NF3901lhautvideo.jpg\",\"contentUrl\":\"https:\\\/\\\/globalsew.com\\\/wp-content\\\/uploads\\\/2024\\\/02\\\/NF3901lhautvideo.jpg\",\"width\":1819,\"height\":1080},{\"@type\":\"BreadcrumbList\",\"@id\":\"https:\\\/\\\/globalsew.com\\\/product\\\/nf-3901-lh-dd\\\/#breadcrumb\",\"itemListElement\":[{\"@type\":\"ListItem\",\"position\":1,\"name\":\"Home\",\"item\":\"https:\\\/\\\/globalsew.com\\\/\"},{\"@type\":\"ListItem\",\"position\":2,\"name\":\"Products\",\"item\":\"https:\\\/\\\/globalsew.com\\\/products\\\/\"},{\"@type\":\"ListItem\",\"position\":3,\"name\":\"NF 3901 series\"}]},{\"@type\":\"WebSite\",\"@id\":\"https:\\\/\\\/globalsew.com\\\/#website\",\"url\":\"https:\\\/\\\/globalsew.com\\\/\",\"name\":\"Global International B.V.\",\"description\":\"Industrial Sewing Machines\",\"potentialAction\":[{\"@type\":\"SearchAction\",\"target\":{\"@type\":\"EntryPoint\",\"urlTemplate\":\"https:\\\/\\\/globalsew.com\\\/?s={search_term_string}\"},\"query-input\":{\"@type\":\"PropertyValueSpecification\",\"valueRequired\":true,\"valueName\":\"search_term_string\"}}],\"inLanguage\":\"fr-FR\"}]}<\/script>\n<!-- \/ Yoast SEO plugin. -->","yoast_head_json":{"title":"S\u00e9rie NF 3901 - Global International B.V.","robots":{"index":"index","follow":"follow","max-snippet":"max-snippet:-1","max-image-preview":"max-image-preview:large","max-video-preview":"max-video-preview:-1"},"canonical":"https:\/\/globalsew.com\/fr\/produit\/nf-3901-lh-dd\/","og_locale":"fr_FR","og_type":"article","og_title":"NF 3901 series - Global International B.V.","og_description":"For downloads see our downloads page for the High Speed single needle, needle lockstitch machines.","og_url":"https:\/\/globalsew.com\/fr\/produit\/nf-3901-lh-dd\/","og_site_name":"Global International B.V.","article_modified_time":"2024-11-25T08:56:48+00:00","og_image":[{"width":1819,"height":1080,"url":"https:\/\/globalsew.com\/wp-content\/uploads\/2024\/02\/NF3901lhautvideo.jpg","type":"image\/jpeg"}],"twitter_card":"summary_large_image","twitter_misc":{"Dur\u00e9e de lecture estim\u00e9e":"1 minute"},"schema":{"@context":"https:\/\/schema.org","@graph":[{"@type":"WebPage","@id":"https:\/\/globalsew.com\/product\/nf-3901-lh-dd\/","url":"https:\/\/globalsew.com\/product\/nf-3901-lh-dd\/","name":"S\u00e9rie NF 3901 - Global International B.V.","isPartOf":{"@id":"https:\/\/globalsew.com\/#website"},"primaryImageOfPage":{"@id":"https:\/\/globalsew.com\/product\/nf-3901-lh-dd\/#primaryimage"},"image":{"@id":"https:\/\/globalsew.com\/product\/nf-3901-lh-dd\/#primaryimage"},"thumbnailUrl":"https:\/\/globalsew.com\/wp-content\/uploads\/2024\/02\/NF3901lhautvideo.jpg","datePublished":"2017-02-06T14:18:03+00:00","dateModified":"2024-11-25T08:56:48+00:00","breadcrumb":{"@id":"https:\/\/globalsew.com\/product\/nf-3901-lh-dd\/#breadcrumb"},"inLanguage":"fr-FR","potentialAction":[{"@type":"ReadAction","target":["https:\/\/globalsew.com\/product\/nf-3901-lh-dd\/"]}]},{"@type":"ImageObject","inLanguage":"fr-FR","@id":"https:\/\/globalsew.com\/product\/nf-3901-lh-dd\/#primaryimage","url":"https:\/\/globalsew.com\/wp-content\/uploads\/2024\/02\/NF3901lhautvideo.jpg","contentUrl":"https:\/\/globalsew.com\/wp-content\/uploads\/2024\/02\/NF3901lhautvideo.jpg","width":1819,"height":1080},{"@type":"BreadcrumbList","@id":"https:\/\/globalsew.com\/product\/nf-3901-lh-dd\/#breadcrumb","itemListElement":[{"@type":"ListItem","position":1,"name":"Home","item":"https:\/\/globalsew.com\/"},{"@type":"ListItem","position":2,"name":"Products","item":"https:\/\/globalsew.com\/products\/"},{"@type":"ListItem","position":3,"name":"NF 3901 series"}]},{"@type":"WebSite","@id":"https:\/\/globalsew.com\/#website","url":"https:\/\/globalsew.com\/","name":"Global International B.V.","description":"Machines \u00e0 coudre industrielles","potentialAction":[{"@type":"SearchAction","target":{"@type":"EntryPoint","urlTemplate":"https:\/\/globalsew.com\/?s={search_term_string}"},"query-input":{"@type":"PropertyValueSpecification","valueRequired":true,"valueName":"search_term_string"}}],"inLanguage":"fr-FR"}]}},"_links":{"self":[{"href":"https:\/\/globalsew.com\/fr\/wp-json\/wp\/v2\/product\/10533","targetHints":{"allow":["GET"]}}],"collection":[{"href":"https:\/\/globalsew.com\/fr\/wp-json\/wp\/v2\/product"}],"about":[{"href":"https:\/\/globalsew.com\/fr\/wp-json\/wp\/v2\/types\/product"}],"wp:featuredmedia":[{"embeddable":true,"href":"https:\/\/globalsew.com\/fr\/wp-json\/wp\/v2\/media\/105657"}],"wp:attachment":[{"href":"https:\/\/globalsew.com\/fr\/wp-json\/wp\/v2\/media?parent=10533"}],"wp:term":[{"taxonomy":"product_brand","embeddable":true,"href":"https:\/\/globalsew.com\/fr\/wp-json\/wp\/v2\/product_brand?post=10533"},{"taxonomy":"product_cat","embeddable":true,"href":"https:\/\/globalsew.com\/fr\/wp-json\/wp\/v2\/product_cat?post=10533"},{"taxonomy":"product_tag","embeddable":true,"href":"https:\/\/globalsew.com\/fr\/wp-json\/wp\/v2\/product_tag?post=10533"}],"curies":[{"name":"wp","href":"https:\/\/api.w.org\/{rel}","templated":true}]}}