{"id":95941,"date":"2020-09-25T13:00:05","date_gmt":"2020-09-25T11:00:05","guid":{"rendered":"https:\/\/globalsew.com\/?page_id=95941"},"modified":"2025-12-09T10:00:07","modified_gmt":"2025-12-09T09:00:07","slug":"dossier-de-presse-machine-a-coudre-globale","status":"publish","type":"page","link":"https:\/\/globalsew.com\/fr\/press-kit-global-sewing-machine\/","title":{"rendered":"Dossier de presse"},"content":{"rendered":"<div class=\"wpb-content-wrapper\"><div class=\"vc_row wpb_row vc_row-fluid\"><div class=\"wpb_column vc_column_container vc_col-sm-12\"><div class=\"vc_column-inner\"><div class=\"wpb_wrapper\">\n\t<div class=\"wpb_text_column wpb_content_element\" >\n\t\t<div class=\"wpb_wrapper\">\n\t\t\t<h2 style=\"text-align: center;\">Dossier de presse<\/h2>\n\n\t\t<\/div>\n\t<\/div>\n<div class=\"vc_separator wpb_content_element vc_separator_align_center vc_sep_width_20 vc_sep_pos_align_center vc_separator_no_text wpb_content_element  wpb_content_element\" ><span class=\"vc_sep_holder vc_sep_holder_l\"><span style=\"border-color:#0868c0;\" class=\"vc_sep_line\"><\/span><\/span><span class=\"vc_sep_holder vc_sep_holder_r\"><span style=\"border-color:#0868c0;\" class=\"vc_sep_line\"><\/span><\/span>\n<\/div>\n\t<div  class=\"wpb_single_image wpb_content_element vc_align_center wpb_content_element\">\n\t\t\n\t\t<figure class=\"wpb_wrapper vc_figure\">\n\t\t\t<div class=\"vc_single_image-wrapper   vc_box_border_grey\"><img fetchpriority=\"high\" decoding=\"async\" width=\"1100\" height=\"400\" src=\"https:\/\/globalsew.com\/wp-content\/uploads\/2020\/10\/global-banner-downloads-images-logos-website-global.jpg\" class=\"vc_single_image-img attachment-full\" alt=\"\" title=\"global-banner-presskit-main-website-global\" srcset=\"https:\/\/globalsew.com\/wp-content\/uploads\/2020\/10\/global-banner-downloads-images-logos-website-global.jpg 1100w, https:\/\/globalsew.com\/wp-content\/uploads\/2020\/10\/global-banner-downloads-images-logos-website-global-1080x393.jpg 1080w, https:\/\/globalsew.com\/wp-content\/uploads\/2020\/10\/global-banner-downloads-images-logos-website-global-555x202.jpg 555w, https:\/\/globalsew.com\/wp-content\/uploads\/2020\/10\/global-banner-downloads-images-logos-website-global-300x109.jpg 300w, https:\/\/globalsew.com\/wp-content\/uploads\/2020\/10\/global-banner-downloads-images-logos-website-global-1024x372.jpg 1024w, https:\/\/globalsew.com\/wp-content\/uploads\/2020\/10\/global-banner-downloads-images-logos-website-global-768x279.jpg 768w, https:\/\/globalsew.com\/wp-content\/uploads\/2020\/10\/global-banner-downloads-images-logos-website-global-205x75.jpg 205w\" sizes=\"(max-width: 1100px) 100vw, 1100px\" \/><\/div>\n\t\t<\/figure>\n\t<\/div>\n\n\t<div class=\"wpb_text_column wpb_content_element\" >\n\t\t<div class=\"wpb_wrapper\">\n\t\t\t<h2>T\u00e9l\u00e9chargez notre dossier de presse ci-dessous<\/h2>\n\n\t\t<\/div>\n\t<\/div>\n<\/div><\/div><\/div><\/div><div class=\"vc_row wpb_row vc_row-fluid\"><div class=\"wpb_column vc_column_container vc_col-sm-4\"><div class=\"vc_column-inner\"><div class=\"wpb_wrapper\">\n\t<div  class=\"wpb_single_image wpb_content_element vc_align_center wpb_content_element vc_custom_1606734078862\">\n\t\t\n\t\t<figure class=\"wpb_wrapper vc_figure\">\n\t\t\t<div class=\"vc_single_image-wrapper   vc_box_border_grey\"><img decoding=\"async\" width=\"1400\" height=\"1400\" src=\"https:\/\/globalsew.com\/wp-content\/uploads\/2020\/11\/press-kit-globalsew-ho-hsing-logo.png\" class=\"vc_single_image-img attachment-full\" alt=\"press-kit-globalsew-ho-hsing-logo\" title=\"press-kit-globalsew-ho-hsing-logo\" srcset=\"https:\/\/globalsew.com\/wp-content\/uploads\/2020\/11\/press-kit-globalsew-ho-hsing-logo.png 1400w, https:\/\/globalsew.com\/wp-content\/uploads\/2020\/11\/press-kit-globalsew-ho-hsing-logo-1080x1080.png 1080w, https:\/\/globalsew.com\/wp-content\/uploads\/2020\/11\/press-kit-globalsew-ho-hsing-logo-555x555.png 555w, https:\/\/globalsew.com\/wp-content\/uploads\/2020\/11\/press-kit-globalsew-ho-hsing-logo-300x300.png 300w, https:\/\/globalsew.com\/wp-content\/uploads\/2020\/11\/press-kit-globalsew-ho-hsing-logo-1024x1024.png 1024w, https:\/\/globalsew.com\/wp-content\/uploads\/2020\/11\/press-kit-globalsew-ho-hsing-logo-150x150.png 150w, https:\/\/globalsew.com\/wp-content\/uploads\/2020\/11\/press-kit-globalsew-ho-hsing-logo-768x768.png 768w, https:\/\/globalsew.com\/wp-content\/uploads\/2020\/11\/press-kit-globalsew-ho-hsing-logo-205x205.png 205w, https:\/\/globalsew.com\/wp-content\/uploads\/2020\/11\/press-kit-globalsew-ho-hsing-logo-347x347.png 347w, https:\/\/globalsew.com\/wp-content\/uploads\/2020\/11\/press-kit-globalsew-ho-hsing-logo-600x600.png 600w\" sizes=\"(max-width: 1400px) 100vw, 1400px\" \/><\/div>\n\t\t<\/figure>\n\t<\/div>\n\n\t<div class=\"wpb_text_column wpb_content_element\" >\n\t\t<div class=\"wpb_wrapper\">\n\t\t\t<h2 style=\"text-align: center;\">Logo's<\/h2>\n\n\t\t<\/div>\n\t<\/div>\n<div class=\"vc_btn3-container vc_btn3-center vc_do_btn\" ><a class=\"vc_general vc_btn3 vc_btn3-size-md vc_btn3-shape-rounded vc_btn3-style-modern vc_btn3-icon-left vc_btn3-color-grey\" href=\"https:\/\/\/fr\/globalsew.com\/download\/presskit-logos-global.zip\/\" title=\"\"><i class=\"vc_btn3-icon fas fa-download\"><\/i> T\u00e9l\u00e9charger les logos<\/a><\/div><\/div><\/div><\/div><div class=\"wpb_column vc_column_container vc_col-sm-4\"><div class=\"vc_column-inner\"><div class=\"wpb_wrapper\">\n\t<div  class=\"wpb_single_image wpb_content_element vc_align_center wpb_content_element vc_custom_1606734085945\">\n\t\t\n\t\t<figure class=\"wpb_wrapper vc_figure\">\n\t\t\t<div class=\"vc_single_image-wrapper   vc_box_border_grey\"><img decoding=\"async\" width=\"555\" height=\"555\" src=\"https:\/\/globalsew.com\/wp-content\/uploads\/2020\/11\/press-kit-global-sew-sewing-machines.jpg\" class=\"vc_single_image-img attachment-full\" alt=\"press-kit-global-sew-sewing-machines\" title=\"press-kit-global-sew-sewing-machines\" \/><\/div>\n\t\t<\/figure>\n\t<\/div>\n\n\t<div class=\"wpb_text_column wpb_content_element\" >\n\t\t<div class=\"wpb_wrapper\">\n\t\t\t<h2 style=\"text-align: center;\">Machines<\/h2>\n\n\t\t<\/div>\n\t<\/div>\n<div class=\"vc_btn3-container vc_btn3-center vc_do_btn\" ><a class=\"vc_general vc_btn3 vc_btn3-size-md vc_btn3-shape-rounded vc_btn3-style-modern vc_btn3-icon-left vc_btn3-color-grey\" href=\"https:\/\/\/fr\/globalsew.com\/download\/presskit-machines-global.zip\/\" title=\"\"><i class=\"vc_btn3-icon fas fa-download\"><\/i> T\u00e9l\u00e9charger les machines<\/a><\/div><\/div><\/div><\/div><div class=\"wpb_column vc_column_container vc_col-sm-4\"><div class=\"vc_column-inner\"><div class=\"wpb_wrapper\">\n\t<div  class=\"wpb_single_image wpb_content_element vc_align_center wpb_content_element vc_custom_1606734246929\">\n\t\t\n\t\t<figure class=\"wpb_wrapper vc_figure\">\n\t\t\t<div class=\"vc_single_image-wrapper   vc_box_border_grey\"><img loading=\"lazy\" decoding=\"async\" width=\"1240\" height=\"1240\" src=\"https:\/\/globalsew.com\/wp-content\/uploads\/2020\/11\/press-kit-global-sew-sewing-machines-banner-global-strobel.jpg\" class=\"vc_single_image-img attachment-full\" alt=\"press-kit-global-sew-sewing-machines-banner-global-strobel\" title=\"press-kit-global-sew-sewing-machines-banner-global-strobel\" srcset=\"https:\/\/globalsew.com\/wp-content\/uploads\/2020\/11\/press-kit-global-sew-sewing-machines-banner-global-strobel.jpg 1240w, https:\/\/globalsew.com\/wp-content\/uploads\/2020\/11\/press-kit-global-sew-sewing-machines-banner-global-strobel-1080x1080.jpg 1080w, https:\/\/globalsew.com\/wp-content\/uploads\/2020\/11\/press-kit-global-sew-sewing-machines-banner-global-strobel-555x555.jpg 555w, https:\/\/globalsew.com\/wp-content\/uploads\/2020\/11\/press-kit-global-sew-sewing-machines-banner-global-strobel-300x300.jpg 300w, https:\/\/globalsew.com\/wp-content\/uploads\/2020\/11\/press-kit-global-sew-sewing-machines-banner-global-strobel-1024x1024.jpg 1024w, https:\/\/globalsew.com\/wp-content\/uploads\/2020\/11\/press-kit-global-sew-sewing-machines-banner-global-strobel-150x150.jpg 150w, https:\/\/globalsew.com\/wp-content\/uploads\/2020\/11\/press-kit-global-sew-sewing-machines-banner-global-strobel-768x768.jpg 768w, https:\/\/globalsew.com\/wp-content\/uploads\/2020\/11\/press-kit-global-sew-sewing-machines-banner-global-strobel-205x205.jpg 205w, https:\/\/globalsew.com\/wp-content\/uploads\/2020\/11\/press-kit-global-sew-sewing-machines-banner-global-strobel-347x347.jpg 347w, https:\/\/globalsew.com\/wp-content\/uploads\/2020\/11\/press-kit-global-sew-sewing-machines-banner-global-strobel-600x600.jpg 600w\" sizes=\"(max-width: 1240px) 100vw, 1240px\" \/><\/div>\n\t\t<\/figure>\n\t<\/div>\n\n\t<div class=\"wpb_text_column wpb_content_element\" >\n\t\t<div class=\"wpb_wrapper\">\n\t\t\t<h2 style=\"text-align: center;\">Annonces et banni\u00e8res<\/h2>\n\n\t\t<\/div>\n\t<\/div>\n<div class=\"vc_btn3-container vc_btn3-center vc_do_btn\" ><a class=\"vc_general vc_btn3 vc_btn3-size-md vc_btn3-shape-rounded vc_btn3-style-modern vc_btn3-icon-left vc_btn3-color-grey\" href=\"https:\/\/globalsew.com\/download\/presskit-add-global.zip\" title=\"\"><i class=\"vc_btn3-icon fas fa-download\"><\/i> T\u00e9l\u00e9charger des publicit\u00e9s et des banni\u00e8res<\/a><\/div><\/div><\/div><\/div><\/div>\n<\/div>","protected":false},"excerpt":{"rendered":"Dossier de presse T\u00e9l\u00e9charger notre dossier de presse ci-dessous Logo's T\u00e9l\u00e9charger le logo's Machines T\u00e9l\u00e9charger les machines Annonces et banni\u00e8res T\u00e9l\u00e9charger les annonces et banni\u00e8res","protected":false},"author":1,"featured_media":102276,"parent":0,"menu_order":0,"comment_status":"closed","ping_status":"closed","template":"","meta":{"_acf_changed":false,"footnotes":""},"class_list":["post-95941","page","type-page","status-publish","has-post-thumbnail","hentry"],"acf":[],"yoast_head":"<!-- This site is optimized with the Yoast SEO plugin v27.5 - https:\/\/yoast.com\/product\/yoast-seo-wordpress\/ -->\n<title>Press Kit! | GlobalSew.com<\/title>\n<meta name=\"description\" content=\"Download our Press kit. All images and visual for products and machines. Please contact us if you need something specifc.\" \/>\n<meta name=\"robots\" content=\"index, follow, max-snippet:-1, max-image-preview:large, max-video-preview:-1\" \/>\n<link rel=\"canonical\" href=\"https:\/\/globalsew.com\/fr\/dossier-de-presse-machine-a-coudre-globale\/\" \/>\n<meta property=\"og:locale\" content=\"fr_FR\" \/>\n<meta property=\"og:type\" content=\"article\" \/>\n<meta property=\"og:title\" content=\"Shoe Consulting from our Shoe Production Specialists! | GlobalSew.com\" \/>\n<meta property=\"og:description\" content=\"Production, technology, development and process optimization. We have expert knowledge in all areas of shoe production! Ask our Shoe Consulting Specialists.\" \/>\n<meta property=\"og:url\" content=\"https:\/\/globalsew.com\/fr\/dossier-de-presse-machine-a-coudre-globale\/\" \/>\n<meta property=\"og:site_name\" content=\"Global International B.V.\" \/>\n<meta property=\"article:modified_time\" content=\"2025-12-09T09:00:07+00:00\" \/>\n<meta name=\"twitter:card\" content=\"summary_large_image\" \/>\n<meta name=\"twitter:title\" content=\"Shoe Consulting from our Shoe Production Specialists! | GlobalSew.com\" \/>\n<meta name=\"twitter:description\" content=\"Production, technology, development and process optimization. We have expert knowledge in all areas of shoe production! Ask our Shoe Consulting Specialists.\" \/>\n<meta name=\"twitter:label1\" content=\"Dur\u00e9e de lecture estim\u00e9e\" \/>\n\t<meta name=\"twitter:data1\" content=\"1 minute\" \/>\n<script type=\"application\/ld+json\" class=\"yoast-schema-graph\">{\"@context\":\"https:\\\/\\\/schema.org\",\"@graph\":[{\"@type\":\"WebPage\",\"@id\":\"https:\\\/\\\/globalsew.com\\\/press-kit-global-sewing-machine\\\/\",\"url\":\"https:\\\/\\\/globalsew.com\\\/press-kit-global-sewing-machine\\\/\",\"name\":\"Press Kit! | GlobalSew.com\",\"isPartOf\":{\"@id\":\"https:\\\/\\\/globalsew.com\\\/#website\"},\"primaryImageOfPage\":{\"@id\":\"https:\\\/\\\/globalsew.com\\\/press-kit-global-sewing-machine\\\/#primaryimage\"},\"image\":{\"@id\":\"https:\\\/\\\/globalsew.com\\\/press-kit-global-sewing-machine\\\/#primaryimage\"},\"thumbnailUrl\":\"https:\\\/\\\/globalsew.com\\\/wp-content\\\/uploads\\\/2023\\\/11\\\/Global_Logo.jpg\",\"datePublished\":\"2020-09-25T11:00:05+00:00\",\"dateModified\":\"2025-12-09T09:00:07+00:00\",\"description\":\"Download our Press kit. All images and visual for products and machines. Please contact us if you need something specifc.\",\"breadcrumb\":{\"@id\":\"https:\\\/\\\/globalsew.com\\\/press-kit-global-sewing-machine\\\/#breadcrumb\"},\"inLanguage\":\"fr-FR\",\"potentialAction\":[{\"@type\":\"ReadAction\",\"target\":[\"https:\\\/\\\/globalsew.com\\\/press-kit-global-sewing-machine\\\/\"]}]},{\"@type\":\"ImageObject\",\"inLanguage\":\"fr-FR\",\"@id\":\"https:\\\/\\\/globalsew.com\\\/press-kit-global-sewing-machine\\\/#primaryimage\",\"url\":\"https:\\\/\\\/globalsew.com\\\/wp-content\\\/uploads\\\/2023\\\/11\\\/Global_Logo.jpg\",\"contentUrl\":\"https:\\\/\\\/globalsew.com\\\/wp-content\\\/uploads\\\/2023\\\/11\\\/Global_Logo.jpg\",\"width\":801,\"height\":801},{\"@type\":\"BreadcrumbList\",\"@id\":\"https:\\\/\\\/globalsew.com\\\/press-kit-global-sewing-machine\\\/#breadcrumb\",\"itemListElement\":[{\"@type\":\"ListItem\",\"position\":1,\"name\":\"Home\",\"item\":\"https:\\\/\\\/globalsew.com\\\/\"},{\"@type\":\"ListItem\",\"position\":2,\"name\":\"Press kit\"}]},{\"@type\":\"WebSite\",\"@id\":\"https:\\\/\\\/globalsew.com\\\/#website\",\"url\":\"https:\\\/\\\/globalsew.com\\\/\",\"name\":\"Global International B.V.\",\"description\":\"Industrial Sewing Machines\",\"potentialAction\":[{\"@type\":\"SearchAction\",\"target\":{\"@type\":\"EntryPoint\",\"urlTemplate\":\"https:\\\/\\\/globalsew.com\\\/?s={search_term_string}\"},\"query-input\":{\"@type\":\"PropertyValueSpecification\",\"valueRequired\":true,\"valueName\":\"search_term_string\"}}],\"inLanguage\":\"fr-FR\"}]}<\/script>\n<!-- \/ Yoast SEO plugin. -->","yoast_head_json":{"title":"Dossier de presse ! | GlobalSew.com","description":"T\u00e9l\u00e9chargez notre dossier de presse. Toutes les images et visuels des produits et machines. N'h\u00e9sitez pas \u00e0 nous contacter si vous avez besoin de quelque chose de sp\u00e9cifique.","robots":{"index":"index","follow":"follow","max-snippet":"max-snippet:-1","max-image-preview":"max-image-preview:large","max-video-preview":"max-video-preview:-1"},"canonical":"https:\/\/globalsew.com\/fr\/dossier-de-presse-machine-a-coudre-globale\/","og_locale":"fr_FR","og_type":"article","og_title":"Shoe Consulting from our Shoe Production Specialists! | GlobalSew.com","og_description":"Production, technology, development and process optimization. We have expert knowledge in all areas of shoe production! Ask our Shoe Consulting Specialists.","og_url":"https:\/\/globalsew.com\/fr\/dossier-de-presse-machine-a-coudre-globale\/","og_site_name":"Global International B.V.","article_modified_time":"2025-12-09T09:00:07+00:00","twitter_card":"summary_large_image","twitter_title":"Shoe Consulting from our Shoe Production Specialists! | GlobalSew.com","twitter_description":"Production, technology, development and process optimization. We have expert knowledge in all areas of shoe production! Ask our Shoe Consulting Specialists.","twitter_misc":{"Dur\u00e9e de lecture estim\u00e9e":"1 minute"},"schema":{"@context":"https:\/\/schema.org","@graph":[{"@type":"WebPage","@id":"https:\/\/globalsew.com\/press-kit-global-sewing-machine\/","url":"https:\/\/globalsew.com\/press-kit-global-sewing-machine\/","name":"Dossier de presse ! | GlobalSew.com","isPartOf":{"@id":"https:\/\/globalsew.com\/#website"},"primaryImageOfPage":{"@id":"https:\/\/globalsew.com\/press-kit-global-sewing-machine\/#primaryimage"},"image":{"@id":"https:\/\/globalsew.com\/press-kit-global-sewing-machine\/#primaryimage"},"thumbnailUrl":"https:\/\/globalsew.com\/wp-content\/uploads\/2023\/11\/Global_Logo.jpg","datePublished":"2020-09-25T11:00:05+00:00","dateModified":"2025-12-09T09:00:07+00:00","description":"T\u00e9l\u00e9chargez notre dossier de presse. Toutes les images et visuels des produits et machines. N'h\u00e9sitez pas \u00e0 nous contacter si vous avez besoin de quelque chose de sp\u00e9cifique.","breadcrumb":{"@id":"https:\/\/globalsew.com\/press-kit-global-sewing-machine\/#breadcrumb"},"inLanguage":"fr-FR","potentialAction":[{"@type":"ReadAction","target":["https:\/\/globalsew.com\/press-kit-global-sewing-machine\/"]}]},{"@type":"ImageObject","inLanguage":"fr-FR","@id":"https:\/\/globalsew.com\/press-kit-global-sewing-machine\/#primaryimage","url":"https:\/\/globalsew.com\/wp-content\/uploads\/2023\/11\/Global_Logo.jpg","contentUrl":"https:\/\/globalsew.com\/wp-content\/uploads\/2023\/11\/Global_Logo.jpg","width":801,"height":801},{"@type":"BreadcrumbList","@id":"https:\/\/globalsew.com\/press-kit-global-sewing-machine\/#breadcrumb","itemListElement":[{"@type":"ListItem","position":1,"name":"Home","item":"https:\/\/globalsew.com\/"},{"@type":"ListItem","position":2,"name":"Press kit"}]},{"@type":"WebSite","@id":"https:\/\/globalsew.com\/#website","url":"https:\/\/globalsew.com\/","name":"Global International B.V.","description":"Machines \u00e0 coudre industrielles","potentialAction":[{"@type":"SearchAction","target":{"@type":"EntryPoint","urlTemplate":"https:\/\/globalsew.com\/?s={search_term_string}"},"query-input":{"@type":"PropertyValueSpecification","valueRequired":true,"valueName":"search_term_string"}}],"inLanguage":"fr-FR"}]}},"_links":{"self":[{"href":"https:\/\/globalsew.com\/fr\/wp-json\/wp\/v2\/pages\/95941","targetHints":{"allow":["GET"]}}],"collection":[{"href":"https:\/\/globalsew.com\/fr\/wp-json\/wp\/v2\/pages"}],"about":[{"href":"https:\/\/globalsew.com\/fr\/wp-json\/wp\/v2\/types\/page"}],"author":[{"embeddable":true,"href":"https:\/\/globalsew.com\/fr\/wp-json\/wp\/v2\/users\/1"}],"replies":[{"embeddable":true,"href":"https:\/\/globalsew.com\/fr\/wp-json\/wp\/v2\/comments?post=95941"}],"version-history":[{"count":3,"href":"https:\/\/globalsew.com\/fr\/wp-json\/wp\/v2\/pages\/95941\/revisions"}],"predecessor-version":[{"id":114449,"href":"https:\/\/globalsew.com\/fr\/wp-json\/wp\/v2\/pages\/95941\/revisions\/114449"}],"wp:featuredmedia":[{"embeddable":true,"href":"https:\/\/globalsew.com\/fr\/wp-json\/wp\/v2\/media\/102276"}],"wp:attachment":[{"href":"https:\/\/globalsew.com\/fr\/wp-json\/wp\/v2\/media?parent=95941"}],"curies":[{"name":"wp","href":"https:\/\/api.w.org\/{rel}","templated":true}]}}