{"id":97086,"date":"2022-07-26T14:11:30","date_gmt":"2022-07-26T12:11:30","guid":{"rendered":"https:\/\/globalsew.com\/?post_type=product&#038;p=97086"},"modified":"2024-05-15T09:51:27","modified_gmt":"2024-05-15T07:51:27","slug":"serie-zz-1510","status":"publish","type":"product","link":"https:\/\/globalsew.com\/es\/product\/zz-1510-series\/","title":{"rendered":"Serie ZZ 1510"},"content":{"rendered":"<p><strong>ZZ 1512 DD<\/strong><br \/>\n- M\u00e1quina de coser de una aguja, de alimentaci\u00f3n por ca\u00edda, plana, en zig-zag, con lubricaci\u00f3n totalmente autom\u00e1tica y gancho rotativo de eje horizontal para coser material ligero a medio. Tipo de puntada: zig-zag de dos puntos.<br \/>\n<strong>ZZ 1513 DD<br \/>\n<\/strong> - Igual que ZZ 1512 DD, pero con tipo de puntada en zig-zag de tres puntos<br \/>\n<strong>ZZ 1514 DD<\/strong><br \/>\n- Igual que ZZ 1512 DD, pero con tipo de puntada en zig-zag de cuatro puntos<br \/>\n<strong>ZZ 1512-C5 DD<\/strong><br \/>\n- M\u00e1quina de coser de doble aguja, alimentaci\u00f3n por ca\u00edda, plana, en zig-zag, con lubricaci\u00f3n totalmente autom\u00e1tica y gancho rotativo de eje horizontal para coser material ligero a medio. Tipo de puntada: zig-zag de dos puntos. Esta m\u00e1quina est\u00e1 equipada con prensatelas de rodillo y juego de cordones. El calibre est\u00e1ndar de la aguja es de 4,8 mm. Pinzas de aguja adicionales en el juego de accesorios de 3,2 mm y 5,6 mm.<\/p>","protected":false},"excerpt":{"rendered":"<div class=\"row\">\n<div class=\"col-md-4\"><a class=\"download-button\" href=\"https:\/\/globalsew.com\/wp-content\/uploads\/2023\/04\/GLOBAL-ZZ-1510-SERIES-NEW.pdf\" target=\"_blank\" rel=\"noopener noreferrer\">Folleto<\/a><\/div>\n<div class=\"col-md-4\"><a class=\"download-button\" href=\"https:\/\/globalsew.com\/wp-content\/uploads\/2017\/03\/zz1510-parts-manual.pdf\" target=\"_blank\" rel=\"noopener noreferrer\">Manual<\/a><\/div>\n<\/div>\n<p>Especificaciones t\u00e9cnicas:<\/p>\n<ul>\n<li>Velocidad de la m\u00e1quina: m\u00e1x. 2000 spm<\/li>\n<li>Sistema de engrase: totalmente autom\u00e1tico<\/li>\n<li>Longitud de puntada: m\u00e1x. 4 mm<\/li>\n<li>Elevaci\u00f3n del prensatelas<br \/>\nA mano m\u00e1x. 7 mm<br \/>\nPor rodilla m\u00e1x. 10 mm<\/li>\n<li>Anchura del zig-zag: m\u00e1x. 9 mm<\/li>\n<li>Tipo de aguja: 134R* Reducir la velocidad m\u00e1xima de costura<br \/>\nde acuerdo con la costura<br \/>\ncondiciones<\/li>\n<\/ul>","protected":false},"featured_media":105370,"template":"","meta":{"_acf_changed":false},"product_brand":[],"product_cat":[21,24,375,25,127,100,377,151,126],"product_tag":[],"class_list":{"0":"post-97086","1":"product","2":"type-product","3":"status-publish","4":"has-post-thumbnail","6":"product_cat-automotive","7":"product_cat-garment","8":"product_cat-sailmaking-machines","9":"product_cat-shoes","10":"product_cat-zig-zag-machines-zig-zag-machines-shoes","11":"product_cat-zig-zag-machines","12":"product_cat-zig-zag-machines-garment","13":"product_cat-zig-zag-machines-heavy-duty","14":"product_cat-zig-zag-machines-shoes","15":"tm-has-options","17":"first","18":"instock","19":"shipping-taxable","20":"purchasable","21":"product-type-variable"},"acf":[],"gallery_images":[105360],"yoast_head":"<!-- This site is optimized with the Yoast SEO plugin v27.3 - https:\/\/yoast.com\/product\/yoast-seo-wordpress\/ -->\n<title>ZZ 1510 series - Global International B.V.<\/title>\n<meta name=\"robots\" content=\"index, follow, max-snippet:-1, max-image-preview:large, max-video-preview:-1\" \/>\n<link rel=\"canonical\" href=\"https:\/\/globalsew.com\/es\/producto\/serie-zz-1510\/\" \/>\n<meta property=\"og:locale\" content=\"es_ES\" \/>\n<meta property=\"og:type\" content=\"article\" \/>\n<meta property=\"og:title\" content=\"ZZ 1510 series - Global International B.V.\" \/>\n<meta property=\"og:description\" content=\"Leaflet Manual  Technical specifications:   Machine speed: max 2000 spm  Oiling system: fully automatic  Stitch length: max 4 mm  Presser foot lift By hand max 7 mm By knee max 10 mm  Zig-zag width: max 9 mm  Needle type: 134R* Reduce the max. sewing speed in accordance with the sewing conditions\" \/>\n<meta property=\"og:url\" content=\"https:\/\/globalsew.com\/es\/producto\/serie-zz-1510\/\" \/>\n<meta property=\"og:site_name\" content=\"Global International B.V.\" \/>\n<meta property=\"article:modified_time\" content=\"2024-05-15T07:51:27+00:00\" \/>\n<meta property=\"og:image\" content=\"https:\/\/globalsew.com\/wp-content\/uploads\/2022\/07\/products-ZZ-1513-DD-3002-global-1080-website-2024.jpg\" \/>\n\t<meta property=\"og:image:width\" content=\"1819\" \/>\n\t<meta property=\"og:image:height\" content=\"1080\" \/>\n\t<meta property=\"og:image:type\" content=\"image\/jpeg\" \/>\n<meta name=\"twitter:card\" content=\"summary_large_image\" \/>\n<meta name=\"twitter:label1\" content=\"Tiempo de lectura\" \/>\n\t<meta name=\"twitter:data1\" content=\"1 minuto\" \/>\n<script type=\"application\/ld+json\" class=\"yoast-schema-graph\">{\"@context\":\"https:\\\/\\\/schema.org\",\"@graph\":[{\"@type\":\"WebPage\",\"@id\":\"https:\\\/\\\/globalsew.com\\\/product\\\/zz-1510-series\\\/\",\"url\":\"https:\\\/\\\/globalsew.com\\\/product\\\/zz-1510-series\\\/\",\"name\":\"ZZ 1510 series - Global International B.V.\",\"isPartOf\":{\"@id\":\"https:\\\/\\\/globalsew.com\\\/#website\"},\"primaryImageOfPage\":{\"@id\":\"https:\\\/\\\/globalsew.com\\\/product\\\/zz-1510-series\\\/#primaryimage\"},\"image\":{\"@id\":\"https:\\\/\\\/globalsew.com\\\/product\\\/zz-1510-series\\\/#primaryimage\"},\"thumbnailUrl\":\"https:\\\/\\\/globalsew.com\\\/wp-content\\\/uploads\\\/2022\\\/07\\\/products-ZZ-1513-DD-3002-global-1080-website-2024.jpg\",\"datePublished\":\"2022-07-26T12:11:30+00:00\",\"dateModified\":\"2024-05-15T07:51:27+00:00\",\"breadcrumb\":{\"@id\":\"https:\\\/\\\/globalsew.com\\\/product\\\/zz-1510-series\\\/#breadcrumb\"},\"inLanguage\":\"es\",\"potentialAction\":[{\"@type\":\"ReadAction\",\"target\":[\"https:\\\/\\\/globalsew.com\\\/product\\\/zz-1510-series\\\/\"]}]},{\"@type\":\"ImageObject\",\"inLanguage\":\"es\",\"@id\":\"https:\\\/\\\/globalsew.com\\\/product\\\/zz-1510-series\\\/#primaryimage\",\"url\":\"https:\\\/\\\/globalsew.com\\\/wp-content\\\/uploads\\\/2022\\\/07\\\/products-ZZ-1513-DD-3002-global-1080-website-2024.jpg\",\"contentUrl\":\"https:\\\/\\\/globalsew.com\\\/wp-content\\\/uploads\\\/2022\\\/07\\\/products-ZZ-1513-DD-3002-global-1080-website-2024.jpg\",\"width\":1819,\"height\":1080,\"caption\":\"ZZ 1513 DD\"},{\"@type\":\"BreadcrumbList\",\"@id\":\"https:\\\/\\\/globalsew.com\\\/product\\\/zz-1510-series\\\/#breadcrumb\",\"itemListElement\":[{\"@type\":\"ListItem\",\"position\":1,\"name\":\"Home\",\"item\":\"https:\\\/\\\/globalsew.com\\\/\"},{\"@type\":\"ListItem\",\"position\":2,\"name\":\"Products\",\"item\":\"https:\\\/\\\/globalsew.com\\\/products\\\/\"},{\"@type\":\"ListItem\",\"position\":3,\"name\":\"ZZ 1510 series\"}]},{\"@type\":\"WebSite\",\"@id\":\"https:\\\/\\\/globalsew.com\\\/#website\",\"url\":\"https:\\\/\\\/globalsew.com\\\/\",\"name\":\"Global International B.V.\",\"description\":\"Industrial Sewing Machines\",\"potentialAction\":[{\"@type\":\"SearchAction\",\"target\":{\"@type\":\"EntryPoint\",\"urlTemplate\":\"https:\\\/\\\/globalsew.com\\\/?s={search_term_string}\"},\"query-input\":{\"@type\":\"PropertyValueSpecification\",\"valueRequired\":true,\"valueName\":\"search_term_string\"}}],\"inLanguage\":\"es\"}]}<\/script>\n<!-- \/ Yoast SEO plugin. -->","yoast_head_json":{"title":"Serie ZZ 1510 - Global International B.V.","robots":{"index":"index","follow":"follow","max-snippet":"max-snippet:-1","max-image-preview":"max-image-preview:large","max-video-preview":"max-video-preview:-1"},"canonical":"https:\/\/globalsew.com\/es\/producto\/serie-zz-1510\/","og_locale":"es_ES","og_type":"article","og_title":"ZZ 1510 series - Global International B.V.","og_description":"Leaflet Manual  Technical specifications:   Machine speed: max 2000 spm  Oiling system: fully automatic  Stitch length: max 4 mm  Presser foot lift By hand max 7 mm By knee max 10 mm  Zig-zag width: max 9 mm  Needle type: 134R* Reduce the max. sewing speed in accordance with the sewing conditions","og_url":"https:\/\/globalsew.com\/es\/producto\/serie-zz-1510\/","og_site_name":"Global International B.V.","article_modified_time":"2024-05-15T07:51:27+00:00","og_image":[{"width":1819,"height":1080,"url":"https:\/\/globalsew.com\/wp-content\/uploads\/2022\/07\/products-ZZ-1513-DD-3002-global-1080-website-2024.jpg","type":"image\/jpeg"}],"twitter_card":"summary_large_image","twitter_misc":{"Tiempo de lectura":"1 minuto"},"schema":{"@context":"https:\/\/schema.org","@graph":[{"@type":"WebPage","@id":"https:\/\/globalsew.com\/product\/zz-1510-series\/","url":"https:\/\/globalsew.com\/product\/zz-1510-series\/","name":"Serie ZZ 1510 - Global International B.V.","isPartOf":{"@id":"https:\/\/globalsew.com\/#website"},"primaryImageOfPage":{"@id":"https:\/\/globalsew.com\/product\/zz-1510-series\/#primaryimage"},"image":{"@id":"https:\/\/globalsew.com\/product\/zz-1510-series\/#primaryimage"},"thumbnailUrl":"https:\/\/globalsew.com\/wp-content\/uploads\/2022\/07\/products-ZZ-1513-DD-3002-global-1080-website-2024.jpg","datePublished":"2022-07-26T12:11:30+00:00","dateModified":"2024-05-15T07:51:27+00:00","breadcrumb":{"@id":"https:\/\/globalsew.com\/product\/zz-1510-series\/#breadcrumb"},"inLanguage":"es","potentialAction":[{"@type":"ReadAction","target":["https:\/\/globalsew.com\/product\/zz-1510-series\/"]}]},{"@type":"ImageObject","inLanguage":"es","@id":"https:\/\/globalsew.com\/product\/zz-1510-series\/#primaryimage","url":"https:\/\/globalsew.com\/wp-content\/uploads\/2022\/07\/products-ZZ-1513-DD-3002-global-1080-website-2024.jpg","contentUrl":"https:\/\/globalsew.com\/wp-content\/uploads\/2022\/07\/products-ZZ-1513-DD-3002-global-1080-website-2024.jpg","width":1819,"height":1080,"caption":"ZZ 1513 DD"},{"@type":"BreadcrumbList","@id":"https:\/\/globalsew.com\/product\/zz-1510-series\/#breadcrumb","itemListElement":[{"@type":"ListItem","position":1,"name":"Home","item":"https:\/\/globalsew.com\/"},{"@type":"ListItem","position":2,"name":"Products","item":"https:\/\/globalsew.com\/products\/"},{"@type":"ListItem","position":3,"name":"ZZ 1510 series"}]},{"@type":"WebSite","@id":"https:\/\/globalsew.com\/#website","url":"https:\/\/globalsew.com\/","name":"Global International B.V.","description":"M\u00e1quinas de coser industriales","potentialAction":[{"@type":"SearchAction","target":{"@type":"EntryPoint","urlTemplate":"https:\/\/globalsew.com\/?s={search_term_string}"},"query-input":{"@type":"PropertyValueSpecification","valueRequired":true,"valueName":"search_term_string"}}],"inLanguage":"es"}]}},"_links":{"self":[{"href":"https:\/\/globalsew.com\/es\/wp-json\/wp\/v2\/product\/97086","targetHints":{"allow":["GET"]}}],"collection":[{"href":"https:\/\/globalsew.com\/es\/wp-json\/wp\/v2\/product"}],"about":[{"href":"https:\/\/globalsew.com\/es\/wp-json\/wp\/v2\/types\/product"}],"wp:featuredmedia":[{"embeddable":true,"href":"https:\/\/globalsew.com\/es\/wp-json\/wp\/v2\/media\/105370"}],"wp:attachment":[{"href":"https:\/\/globalsew.com\/es\/wp-json\/wp\/v2\/media?parent=97086"}],"wp:term":[{"taxonomy":"product_brand","embeddable":true,"href":"https:\/\/globalsew.com\/es\/wp-json\/wp\/v2\/product_brand?post=97086"},{"taxonomy":"product_cat","embeddable":true,"href":"https:\/\/globalsew.com\/es\/wp-json\/wp\/v2\/product_cat?post=97086"},{"taxonomy":"product_tag","embeddable":true,"href":"https:\/\/globalsew.com\/es\/wp-json\/wp\/v2\/product_tag?post=97086"}],"curies":[{"name":"wp","href":"https:\/\/api.w.org\/{rel}","templated":true}]}}