{"id":97085,"date":"2022-07-26T14:02:20","date_gmt":"2022-07-26T12:02:20","guid":{"rendered":"https:\/\/globalsew.com\/?post_type=product&#038;p=97085"},"modified":"2024-09-03T10:49:26","modified_gmt":"2024-09-03T08:49:26","slug":"serie-cbz-1530","status":"publish","type":"product","link":"https:\/\/globalsew.com\/es\/product\/cbz-1530-series\/","title":{"rendered":"Serie CBZ 1530"},"content":{"rendered":"<p><strong>CBZ 1532 H-DD<\/strong><br \/>\n- M\u00e1quina de coser para encuadernaci\u00f3n, todo en uno, de una sola aguja, alimentaci\u00f3n superior e inferior, lecho cil\u00edndrico y zig-zag. La m\u00e1quina tiene lubricaci\u00f3n totalmente autom\u00e1tica y el motor, la caja de control y el panel de control est\u00e1n integrados en la m\u00e1quina. La bobinadora est\u00e1 integrada en el cabezal de la m\u00e1quina. La m\u00e1quina est\u00e1 equipada con un gran gancho rotativo de eje horizontal para coser materiales ligeros y medianos, como cuero, lona, etc.<br \/>\nTipo de puntada: zig-zag de dos puntos<br \/>\n<strong>CBZ 1532 H-NA-DD<\/strong><br \/>\n- Igual que la CBZ 1532 H-DD, pero con brazo cil\u00edndrico estrecho y gancho est\u00e1ndar.<br \/>\n<strong>CBZ 1532 XL-NA-DD<br \/>\n<\/strong>Igual que la CBZ 1532 H-NA-DD, pero con brazo cil\u00edndrico extra largo.<br \/>\n<strong>CBZ 1533 H-DD<br \/>\n<\/strong>- Igual que CBZ 1532 H-DD, pero con tipo de puntada en zig-zag de tres puntos<br \/>\n<strong>CBZ 1534 H-DD<\/strong><br \/>\n- Igual que la CBZ 1532 H-DD, pero con tipo de puntada en zig-zag de cuatro puntos.<\/p>\n<p>&nbsp;<\/p>\n<p>&nbsp;<\/p>\n<p><img decoding=\"async\" class=\"alignnone size-full wp-image-94791\" src=\"https:\/\/globalsew.com\/wp-content\/uploads\/2017\/04\/hohsing-xs-global.jpg\" alt=\"\" width=\"73\" height=\"68\" \/>\u00a0 \u00a0<img decoding=\"async\" class=\"alignnone size-full wp-image-94796\" src=\"https:\/\/globalsew.com\/wp-content\/uploads\/2017\/11\/koban-xs-global.jpg\" alt=\"\" width=\"73\" height=\"68\" \/>\u00a0 \u00a0 \u00a0 \u00a0 \u00a0 \u00a0 \u00a0 \u00a0 \u00a0 \u00a0 \u00a0 \u00a0 \u00a0 \u00a0 \u00a0 \u00a0 \u00a0 \u00a0 \u00a0 \u00a0 \u00a0 \u00a0 \u00a0 \u00a0 \u00a0 \u00a0 \u00a0 \u00a0 \u00a0 \u00a0 \u00a0 \u00a0 \u00a0 \u00a0 \u00a0 \u00a0 \u00a0 \u00a0 \u00a0 \u00a0 \u00a0 \u00a0 \u00a0 \u00a0 \u00a0 \u00a0 \u00a0 \u00a0 \u00a0 \u00a0 \u00a0 \u00a0 \u00a0 \u00a0 \u00a0 \u00a0 \u00a0 \u00a0 \u00a0 \u00a0 \u00a0 \u00a0 \u00a0 \u00a0 \u00a0 \u00a0 \u00a0 \u00a0 \u00a0 \u00a0 \u00a0 \u00a0 \u00a0 \u00a0 \u00a0 \u00a0 \u00a0 \u00a0 \u00a0 \u00a0 \u00a0 \u00a0 \u00a0 \u00a0 \u00a0 \u00a0 \u00a0 \u00a0 \u00a0 \u00a0 \u00a0 \u00a0 \u00a0 \u00a0 \u00a0 \u00a0\u00a0<img decoding=\"async\" class=\"alignnone size-full wp-image-94794\" src=\"https:\/\/globalsew.com\/wp-content\/uploads\/2017\/04\/eac-xs-global.jpg\" alt=\"\" width=\"73\" height=\"68\" \/>\u00a0\u00a0<img loading=\"lazy\" decoding=\"async\" class=\"alignnone size-full wp-image-94793\" src=\"https:\/\/globalsew.com\/wp-content\/uploads\/2017\/04\/ce-xs-global.jpg\" alt=\"\" width=\"73\" height=\"68\" \/><\/p>","protected":false},"excerpt":{"rendered":"<div class=\"row\">\n<div class=\"col-md-6\"><a class=\"download-button\" href=\"https:\/\/globalsew.com\/wp-content\/uploads\/2021\/03\/CBZ-1532.pdf\" target=\"_blank\" rel=\"noopener noreferrer\">Descargar folleto<\/a><\/div>\n<\/div>\n<p>&nbsp;<\/p>","protected":false},"featured_media":96966,"template":"","meta":{"_acf_changed":false},"product_brand":[],"product_cat":[24,25,154,126,127,377],"product_tag":[],"class_list":{"0":"post-97085","1":"product","2":"type-product","3":"status-publish","4":"has-post-thumbnail","6":"product_cat-garment","7":"product_cat-shoes","8":"product_cat-zig-zag-machines-upholstery","9":"product_cat-zig-zag-machines-shoes","10":"product_cat-zig-zag-machines-zig-zag-machines-shoes","11":"product_cat-zig-zag-machines-garment","12":"tm-has-options","14":"first","15":"instock","16":"shipping-taxable","17":"purchasable","18":"product-type-simple"},"acf":[],"gallery_images":[96967,110962],"yoast_head":"<!-- This site is optimized with the Yoast SEO plugin v27.5 - https:\/\/yoast.com\/product\/yoast-seo-wordpress\/ -->\n<title>CBZ 1530 series - Global International B.V.<\/title>\n<meta name=\"robots\" content=\"index, follow, max-snippet:-1, max-image-preview:large, max-video-preview:-1\" \/>\n<link rel=\"canonical\" href=\"https:\/\/globalsew.com\/es\/producto\/serie-cbz-1530\/\" \/>\n<meta property=\"og:locale\" content=\"es_ES\" \/>\n<meta property=\"og:type\" content=\"article\" \/>\n<meta property=\"og:title\" content=\"CBZ 1530 series - Global International B.V.\" \/>\n<meta property=\"og:description\" content=\"Download Leaflet  &nbsp;\" \/>\n<meta property=\"og:url\" content=\"https:\/\/globalsew.com\/es\/producto\/serie-cbz-1530\/\" \/>\n<meta property=\"og:site_name\" content=\"Global International B.V.\" \/>\n<meta property=\"article:modified_time\" content=\"2024-09-03T08:49:26+00:00\" \/>\n<meta property=\"og:image\" content=\"https:\/\/globalsew.com\/wp-content\/uploads\/2017\/11\/cbz1532hdd.jpg\" \/>\n\t<meta property=\"og:image:width\" content=\"940\" \/>\n\t<meta property=\"og:image:height\" content=\"587\" \/>\n\t<meta property=\"og:image:type\" content=\"image\/jpeg\" \/>\n<meta name=\"twitter:card\" content=\"summary_large_image\" \/>\n<meta name=\"twitter:label1\" content=\"Tiempo de lectura\" \/>\n\t<meta name=\"twitter:data1\" content=\"2 minutos\" \/>\n<script type=\"application\/ld+json\" class=\"yoast-schema-graph\">{\"@context\":\"https:\\\/\\\/schema.org\",\"@graph\":[{\"@type\":\"WebPage\",\"@id\":\"https:\\\/\\\/globalsew.com\\\/product\\\/cbz-1530-series\\\/\",\"url\":\"https:\\\/\\\/globalsew.com\\\/product\\\/cbz-1530-series\\\/\",\"name\":\"CBZ 1530 series - Global International B.V.\",\"isPartOf\":{\"@id\":\"https:\\\/\\\/globalsew.com\\\/#website\"},\"primaryImageOfPage\":{\"@id\":\"https:\\\/\\\/globalsew.com\\\/product\\\/cbz-1530-series\\\/#primaryimage\"},\"image\":{\"@id\":\"https:\\\/\\\/globalsew.com\\\/product\\\/cbz-1530-series\\\/#primaryimage\"},\"thumbnailUrl\":\"https:\\\/\\\/globalsew.com\\\/wp-content\\\/uploads\\\/2017\\\/11\\\/cbz1532hdd.jpg\",\"datePublished\":\"2022-07-26T12:02:20+00:00\",\"dateModified\":\"2024-09-03T08:49:26+00:00\",\"breadcrumb\":{\"@id\":\"https:\\\/\\\/globalsew.com\\\/product\\\/cbz-1530-series\\\/#breadcrumb\"},\"inLanguage\":\"es\",\"potentialAction\":[{\"@type\":\"ReadAction\",\"target\":[\"https:\\\/\\\/globalsew.com\\\/product\\\/cbz-1530-series\\\/\"]}]},{\"@type\":\"ImageObject\",\"inLanguage\":\"es\",\"@id\":\"https:\\\/\\\/globalsew.com\\\/product\\\/cbz-1530-series\\\/#primaryimage\",\"url\":\"https:\\\/\\\/globalsew.com\\\/wp-content\\\/uploads\\\/2017\\\/11\\\/cbz1532hdd.jpg\",\"contentUrl\":\"https:\\\/\\\/globalsew.com\\\/wp-content\\\/uploads\\\/2017\\\/11\\\/cbz1532hdd.jpg\",\"width\":940,\"height\":587},{\"@type\":\"BreadcrumbList\",\"@id\":\"https:\\\/\\\/globalsew.com\\\/product\\\/cbz-1530-series\\\/#breadcrumb\",\"itemListElement\":[{\"@type\":\"ListItem\",\"position\":1,\"name\":\"Home\",\"item\":\"https:\\\/\\\/globalsew.com\\\/\"},{\"@type\":\"ListItem\",\"position\":2,\"name\":\"Products\",\"item\":\"https:\\\/\\\/globalsew.com\\\/products\\\/\"},{\"@type\":\"ListItem\",\"position\":3,\"name\":\"CBZ 1530 series\"}]},{\"@type\":\"WebSite\",\"@id\":\"https:\\\/\\\/globalsew.com\\\/#website\",\"url\":\"https:\\\/\\\/globalsew.com\\\/\",\"name\":\"Global International B.V.\",\"description\":\"Industrial Sewing Machines\",\"potentialAction\":[{\"@type\":\"SearchAction\",\"target\":{\"@type\":\"EntryPoint\",\"urlTemplate\":\"https:\\\/\\\/globalsew.com\\\/?s={search_term_string}\"},\"query-input\":{\"@type\":\"PropertyValueSpecification\",\"valueRequired\":true,\"valueName\":\"search_term_string\"}}],\"inLanguage\":\"es\"}]}<\/script>\n<!-- \/ Yoast SEO plugin. -->","yoast_head_json":{"title":"Serie CBZ 1530 - Global International B.V.","robots":{"index":"index","follow":"follow","max-snippet":"max-snippet:-1","max-image-preview":"max-image-preview:large","max-video-preview":"max-video-preview:-1"},"canonical":"https:\/\/globalsew.com\/es\/producto\/serie-cbz-1530\/","og_locale":"es_ES","og_type":"article","og_title":"CBZ 1530 series - Global International B.V.","og_description":"Download Leaflet  &nbsp;","og_url":"https:\/\/globalsew.com\/es\/producto\/serie-cbz-1530\/","og_site_name":"Global International B.V.","article_modified_time":"2024-09-03T08:49:26+00:00","og_image":[{"width":940,"height":587,"url":"https:\/\/globalsew.com\/wp-content\/uploads\/2017\/11\/cbz1532hdd.jpg","type":"image\/jpeg"}],"twitter_card":"summary_large_image","twitter_misc":{"Tiempo de lectura":"2 minutos"},"schema":{"@context":"https:\/\/schema.org","@graph":[{"@type":"WebPage","@id":"https:\/\/globalsew.com\/product\/cbz-1530-series\/","url":"https:\/\/globalsew.com\/product\/cbz-1530-series\/","name":"Serie CBZ 1530 - Global International B.V.","isPartOf":{"@id":"https:\/\/globalsew.com\/#website"},"primaryImageOfPage":{"@id":"https:\/\/globalsew.com\/product\/cbz-1530-series\/#primaryimage"},"image":{"@id":"https:\/\/globalsew.com\/product\/cbz-1530-series\/#primaryimage"},"thumbnailUrl":"https:\/\/globalsew.com\/wp-content\/uploads\/2017\/11\/cbz1532hdd.jpg","datePublished":"2022-07-26T12:02:20+00:00","dateModified":"2024-09-03T08:49:26+00:00","breadcrumb":{"@id":"https:\/\/globalsew.com\/product\/cbz-1530-series\/#breadcrumb"},"inLanguage":"es","potentialAction":[{"@type":"ReadAction","target":["https:\/\/globalsew.com\/product\/cbz-1530-series\/"]}]},{"@type":"ImageObject","inLanguage":"es","@id":"https:\/\/globalsew.com\/product\/cbz-1530-series\/#primaryimage","url":"https:\/\/globalsew.com\/wp-content\/uploads\/2017\/11\/cbz1532hdd.jpg","contentUrl":"https:\/\/globalsew.com\/wp-content\/uploads\/2017\/11\/cbz1532hdd.jpg","width":940,"height":587},{"@type":"BreadcrumbList","@id":"https:\/\/globalsew.com\/product\/cbz-1530-series\/#breadcrumb","itemListElement":[{"@type":"ListItem","position":1,"name":"Home","item":"https:\/\/globalsew.com\/"},{"@type":"ListItem","position":2,"name":"Products","item":"https:\/\/globalsew.com\/products\/"},{"@type":"ListItem","position":3,"name":"CBZ 1530 series"}]},{"@type":"WebSite","@id":"https:\/\/globalsew.com\/#website","url":"https:\/\/globalsew.com\/","name":"Global International B.V.","description":"M\u00e1quinas de coser industriales","potentialAction":[{"@type":"SearchAction","target":{"@type":"EntryPoint","urlTemplate":"https:\/\/globalsew.com\/?s={search_term_string}"},"query-input":{"@type":"PropertyValueSpecification","valueRequired":true,"valueName":"search_term_string"}}],"inLanguage":"es"}]}},"_links":{"self":[{"href":"https:\/\/globalsew.com\/es\/wp-json\/wp\/v2\/product\/97085","targetHints":{"allow":["GET"]}}],"collection":[{"href":"https:\/\/globalsew.com\/es\/wp-json\/wp\/v2\/product"}],"about":[{"href":"https:\/\/globalsew.com\/es\/wp-json\/wp\/v2\/types\/product"}],"wp:featuredmedia":[{"embeddable":true,"href":"https:\/\/globalsew.com\/es\/wp-json\/wp\/v2\/media\/96966"}],"wp:attachment":[{"href":"https:\/\/globalsew.com\/es\/wp-json\/wp\/v2\/media?parent=97085"}],"wp:term":[{"taxonomy":"product_brand","embeddable":true,"href":"https:\/\/globalsew.com\/es\/wp-json\/wp\/v2\/product_brand?post=97085"},{"taxonomy":"product_cat","embeddable":true,"href":"https:\/\/globalsew.com\/es\/wp-json\/wp\/v2\/product_cat?post=97085"},{"taxonomy":"product_tag","embeddable":true,"href":"https:\/\/globalsew.com\/es\/wp-json\/wp\/v2\/product_tag?post=97085"}],"curies":[{"name":"wp","href":"https:\/\/api.w.org\/{rel}","templated":true}]}}