{"id":96076,"date":"2021-03-19T11:37:51","date_gmt":"2021-03-19T10:37:51","guid":{"rendered":"https:\/\/globalsew.com\/?post_type=product&#038;p=96076"},"modified":"2025-09-29T15:11:23","modified_gmt":"2025-09-29T13:11:23","slug":"serie-lp-2881","status":"publish","type":"product","link":"https:\/\/globalsew.com\/es\/product\/lp-2881-series\/","title":{"rendered":"Serie LP 2880"},"content":{"rendered":"<p><img fetchpriority=\"high\" decoding=\"async\" class=\"alignnone size-full wp-image-96085\" src=\"https:\/\/globalsew.com\/wp-content\/uploads\/2021\/03\/2881-banner-product-websites-global.jpg\" alt=\"\" width=\"786\" height=\"269\" srcset=\"https:\/\/globalsew.com\/wp-content\/uploads\/2021\/03\/2881-banner-product-websites-global.jpg 786w, https:\/\/globalsew.com\/wp-content\/uploads\/2021\/03\/2881-banner-product-websites-global-555x190.jpg 555w, https:\/\/globalsew.com\/wp-content\/uploads\/2021\/03\/2881-banner-product-websites-global-300x103.jpg 300w, https:\/\/globalsew.com\/wp-content\/uploads\/2021\/03\/2881-banner-product-websites-global-768x263.jpg 768w, https:\/\/globalsew.com\/wp-content\/uploads\/2021\/03\/2881-banner-product-websites-global-205x70.jpg 205w\" sizes=\"(max-width: 786px) 100vw, 786px\" \/><\/p>\n<p><strong>LP 2881 - AUT<br \/>\n<\/strong><img decoding=\"async\" class=\"alignnone size-full wp-image-95492\" src=\"https:\/\/globalsew.com\/wp-content\/uploads\/2017\/03\/ICONS-WEB-STANDARD-LP-8971-AUT-01GLOBAL-M.jpg\" alt=\"\" width=\"344\" height=\"48\" srcset=\"https:\/\/globalsew.com\/wp-content\/uploads\/2017\/03\/ICONS-WEB-STANDARD-LP-8971-AUT-01GLOBAL-M.jpg 344w, https:\/\/globalsew.com\/wp-content\/uploads\/2017\/03\/ICONS-WEB-STANDARD-LP-8971-AUT-01GLOBAL-M-300x42.jpg 300w, https:\/\/globalsew.com\/wp-content\/uploads\/2017\/03\/ICONS-WEB-STANDARD-LP-8971-AUT-01GLOBAL-M-205x29.jpg 205w\" sizes=\"(max-width: 344px) 100vw, 344px\" \/><\/p>\n<p>M\u00e1quina de alta velocidad de un solo poste de agujas. Totalmente el\u00e9ctrica y autom\u00e1tica con tres motores paso a paso que accionan la rueda de alimentaci\u00f3n, la aguja de alimentaci\u00f3n y el prensatelas de rodillo superior. La puntada se ajusta electr\u00f3nicamente lo que hace que la longitud de puntada y la puntada inversa en puntada sean precisas y de la m\u00e1s alta calidad. Avance diferencial programable (+\/- 1,0 mm) para el avance superior e inferior Se pueden realizar hasta 99 programas almacenados y transferidos de m\u00e1quina a m\u00e1quina v\u00eda USB. Otras caracter\u00edsticas incluyen, cortahilos , elevador de pie y remate autom\u00e1tico.<\/p>\n<p>&nbsp;<\/p>\n<p><img decoding=\"async\" class=\"alignnone wp-image-96087\" src=\"https:\/\/globalsew.com\/wp-content\/uploads\/2021\/03\/WEBSITES-MAIN-LP-2881-AUT-02-GLOBAL-2.jpg\" alt=\"\" width=\"394\" height=\"272\" srcset=\"https:\/\/globalsew.com\/wp-content\/uploads\/2021\/03\/WEBSITES-MAIN-LP-2881-AUT-02-GLOBAL-2.jpg 501w, https:\/\/globalsew.com\/wp-content\/uploads\/2021\/03\/WEBSITES-MAIN-LP-2881-AUT-02-GLOBAL-2-300x207.jpg 300w, https:\/\/globalsew.com\/wp-content\/uploads\/2021\/03\/WEBSITES-MAIN-LP-2881-AUT-02-GLOBAL-2-205x142.jpg 205w\" sizes=\"(max-width: 394px) 100vw, 394px\" \/><img loading=\"lazy\" decoding=\"async\" class=\"alignnone wp-image-96088\" src=\"https:\/\/globalsew.com\/wp-content\/uploads\/2021\/03\/WEBSITES-MAIN-LP-2881-02-GLOBAL.jpg\" alt=\"\" width=\"394\" height=\"272\" srcset=\"https:\/\/globalsew.com\/wp-content\/uploads\/2021\/03\/WEBSITES-MAIN-LP-2881-02-GLOBAL.jpg 501w, https:\/\/globalsew.com\/wp-content\/uploads\/2021\/03\/WEBSITES-MAIN-LP-2881-02-GLOBAL-300x207.jpg 300w, https:\/\/globalsew.com\/wp-content\/uploads\/2021\/03\/WEBSITES-MAIN-LP-2881-02-GLOBAL-205x142.jpg 205w\" sizes=\"(max-width: 394px) 100vw, 394px\" \/><\/p>\n<p>&nbsp;<\/p>\n<p><strong>LP 2881- LH - AUT<br \/>\n<\/strong><strong><img loading=\"lazy\" decoding=\"async\" class=\"alignnone size-full wp-image-95494\" src=\"https:\/\/globalsew.com\/wp-content\/uploads\/2017\/03\/ICONS-WEB-STANDARD-LP-8971-LH-AUT-GLOBAL-M.jpg\" alt=\"\" width=\"344\" height=\"48\" srcset=\"https:\/\/globalsew.com\/wp-content\/uploads\/2017\/03\/ICONS-WEB-STANDARD-LP-8971-LH-AUT-GLOBAL-M.jpg 344w, https:\/\/globalsew.com\/wp-content\/uploads\/2017\/03\/ICONS-WEB-STANDARD-LP-8971-LH-AUT-GLOBAL-M-300x42.jpg 300w, https:\/\/globalsew.com\/wp-content\/uploads\/2017\/03\/ICONS-WEB-STANDARD-LP-8971-LH-AUT-GLOBAL-M-205x29.jpg 205w\" sizes=\"(max-width: 344px) 100vw, 344px\" \/>\u00a0 \u00a0 \u00a0 \u00a0<\/strong><\/p>\n<p>LP 2881 LH AUT (C) Igual que LP 2881 AUT, pero con gancho grande.<\/p>\n<p><img loading=\"lazy\" decoding=\"async\" class=\"alignnone wp-image-96089\" src=\"https:\/\/globalsew.com\/wp-content\/uploads\/2021\/03\/WEBSITES-MAIN-LP-8971-I-LH-AUT-05-GLOBAL-2.jpg\" alt=\"\" width=\"397\" height=\"274\" srcset=\"https:\/\/globalsew.com\/wp-content\/uploads\/2021\/03\/WEBSITES-MAIN-LP-8971-I-LH-AUT-05-GLOBAL-2.jpg 501w, https:\/\/globalsew.com\/wp-content\/uploads\/2021\/03\/WEBSITES-MAIN-LP-8971-I-LH-AUT-05-GLOBAL-2-300x207.jpg 300w, https:\/\/globalsew.com\/wp-content\/uploads\/2021\/03\/WEBSITES-MAIN-LP-8971-I-LH-AUT-05-GLOBAL-2-205x142.jpg 205w\" sizes=\"(max-width: 397px) 100vw, 397px\" \/><img loading=\"lazy\" decoding=\"async\" class=\"alignnone wp-image-96090\" src=\"https:\/\/globalsew.com\/wp-content\/uploads\/2021\/03\/WEBSITES-MAIN-LP-2881-lh-04-GLOBAL.jpg\" alt=\"\" width=\"397\" height=\"274\" srcset=\"https:\/\/globalsew.com\/wp-content\/uploads\/2021\/03\/WEBSITES-MAIN-LP-2881-lh-04-GLOBAL.jpg 501w, https:\/\/globalsew.com\/wp-content\/uploads\/2021\/03\/WEBSITES-MAIN-LP-2881-lh-04-GLOBAL-300x207.jpg 300w, https:\/\/globalsew.com\/wp-content\/uploads\/2021\/03\/WEBSITES-MAIN-LP-2881-lh-04-GLOBAL-205x142.jpg 205w\" sizes=\"(max-width: 397px) 100vw, 397px\" \/><\/p>\n<p><strong>LP 2884 AUT<\/strong><br \/>\nM\u00e1quina de coser electr\u00f3nica, de doble aguja y lecho de postes con ganchos est\u00e1ndar, prensatelas de rodillo accionado desde arriba, alimentaci\u00f3n de rueda y aguja. La m\u00e1quina est\u00e1 equipada con cortahilos el\u00e9ctrico, elevador de prensatelas y remate trasero autom\u00e1tico. Este modelo est\u00e1 accionado por 3 motores paso a paso, en el prensatelas de rodillo, el mecanismo de rueda de alimentaci\u00f3n y el mecanismo de alimentaci\u00f3n de agujas, lo que garantiza un excelente acabado puntada a puntada. Se pueden almacenar hasta 95 programas y transferirlos de una m\u00e1quina a otra mediante USB. La puntada se ajusta electr\u00f3nicamente, lo que hace que la longitud de puntada y la puntada inversa en puntada sean precisas y de la m\u00e1xima calidad. Avance diferencial programable (+\/- 1,0 mm) para el avance superior e inferior. Calibre est\u00e1ndar de la aguja: 2,0 mm, 1,6 mm, 1,8 mm y 2,4 mm posible girando la pinza de la aguja. Opcional: 3,2 mm<\/p>\n<p>&nbsp;<\/p>\n<p><strong>LP 2884-LCH-AUT<br \/>\n<\/strong>Igual que LP 2884 AUT, pero con gancho de gran capacidad. (Japon\u00e9s)<strong><br \/>\n<\/strong><\/p>","protected":false},"excerpt":{"rendered":"<p>Para las descargas, consulte nuestra p\u00e1gina de descargas del <a class=\"download-link\" href=\"https:\/\/globalsew.com\/es\/descargar\/serie-lp-2881\/\" target=\"_blank\" rel=\"noopener\">Serie LP 2880<\/a>.<\/p>\n<p>Especificaciones t\u00e9cnicas:<\/p>\n<p>* Velocidad m\u00e1x. de la m\u00e1quina: 2500 spm<br \/>\n* Sistema de engrase: totalmente autom\u00e1tico<br \/>\n* Tipo de alimentaci\u00f3n: alimentaci\u00f3n por agujas y ruedas, prensador de rodillos accionado superiormente por motores paso a paso.<br \/>\n* Longitud de puntada: m\u00e1x. 4,9 mm<br \/>\n* Elevaci\u00f3n del prensatelas: 12 mm<br \/>\n* Tipo de aguja: 134 LR<br \/>\n* Aguja doble: calibre de aguja est\u00e1ndar 2,0 mm, 1,6 mm, 1,8 mm y 2,4 mm posible girando la abrazadera de la aguja. Opcional: 3,2 mm<\/p>\n<div class=\"col-md-4\"><\/div>","protected":false},"featured_media":105308,"template":"","meta":{"_acf_changed":false},"product_brand":[],"product_cat":[123,25],"product_tag":[],"class_list":{"0":"post-96076","1":"product","2":"type-product","3":"status-publish","4":"has-post-thumbnail","6":"product_cat-postbed-shoe-machines","7":"product_cat-shoes","8":"tm-has-options","10":"first","11":"instock","12":"shipping-taxable","13":"purchasable","14":"product-type-variable"},"acf":[],"gallery_images":[105730,105312,105310],"yoast_head":"<!-- This site is optimized with the Yoast SEO plugin v27.3 - https:\/\/yoast.com\/product\/yoast-seo-wordpress\/ -->\n<title>LP 2880 Series - Global International B.V.<\/title>\n<meta name=\"robots\" content=\"index, follow, max-snippet:-1, max-image-preview:large, max-video-preview:-1\" \/>\n<link rel=\"canonical\" href=\"https:\/\/globalsew.com\/es\/producto\/serie-lp-2881\/\" \/>\n<meta property=\"og:locale\" content=\"es_ES\" \/>\n<meta property=\"og:type\" content=\"article\" \/>\n<meta property=\"og:title\" content=\"LP 2880 Series - Global International B.V.\" \/>\n<meta property=\"og:description\" content=\"For downloads see our downloads page for the LP 2880 series.  Technical specifications:  * Max. machine speed: 2500 spm * Oiling system: fully automatic * Feed type: needle and wheel feed, top driven roller presser by stepping motors * Stitch length: max. 4,9 mm * Presser foot lift: 12 mm * Needle type: 134 LR * Double needle: standard needle gauge 2,0 mm, 1,6 mm, 1,8 mm and 2,4 mm possible by turning the needle clamp. Optional: 3,2 mm\" \/>\n<meta property=\"og:url\" content=\"https:\/\/globalsew.com\/es\/producto\/serie-lp-2881\/\" \/>\n<meta property=\"og:site_name\" content=\"Global International B.V.\" \/>\n<meta property=\"article:modified_time\" content=\"2025-09-29T13:11:23+00:00\" \/>\n<meta property=\"og:image\" content=\"https:\/\/globalsew.com\/wp-content\/uploads\/2021\/03\/products-LP-2881-03-06-global-1080-website-2024.jpg\" \/>\n\t<meta property=\"og:image:width\" content=\"1819\" \/>\n\t<meta property=\"og:image:height\" content=\"1080\" \/>\n\t<meta property=\"og:image:type\" content=\"image\/jpeg\" \/>\n<meta name=\"twitter:card\" content=\"summary_large_image\" \/>\n<meta name=\"twitter:label1\" content=\"Tiempo de lectura\" \/>\n\t<meta name=\"twitter:data1\" content=\"3 minutos\" \/>\n<script type=\"application\/ld+json\" class=\"yoast-schema-graph\">{\"@context\":\"https:\\\/\\\/schema.org\",\"@graph\":[{\"@type\":\"WebPage\",\"@id\":\"https:\\\/\\\/globalsew.com\\\/product\\\/lp-2881-series\\\/\",\"url\":\"https:\\\/\\\/globalsew.com\\\/product\\\/lp-2881-series\\\/\",\"name\":\"LP 2880 Series - Global International B.V.\",\"isPartOf\":{\"@id\":\"https:\\\/\\\/globalsew.com\\\/#website\"},\"primaryImageOfPage\":{\"@id\":\"https:\\\/\\\/globalsew.com\\\/product\\\/lp-2881-series\\\/#primaryimage\"},\"image\":{\"@id\":\"https:\\\/\\\/globalsew.com\\\/product\\\/lp-2881-series\\\/#primaryimage\"},\"thumbnailUrl\":\"https:\\\/\\\/globalsew.com\\\/wp-content\\\/uploads\\\/2021\\\/03\\\/products-LP-2881-03-06-global-1080-website-2024.jpg\",\"datePublished\":\"2021-03-19T10:37:51+00:00\",\"dateModified\":\"2025-09-29T13:11:23+00:00\",\"breadcrumb\":{\"@id\":\"https:\\\/\\\/globalsew.com\\\/product\\\/lp-2881-series\\\/#breadcrumb\"},\"inLanguage\":\"es\",\"potentialAction\":[{\"@type\":\"ReadAction\",\"target\":[\"https:\\\/\\\/globalsew.com\\\/product\\\/lp-2881-series\\\/\"]}]},{\"@type\":\"ImageObject\",\"inLanguage\":\"es\",\"@id\":\"https:\\\/\\\/globalsew.com\\\/product\\\/lp-2881-series\\\/#primaryimage\",\"url\":\"https:\\\/\\\/globalsew.com\\\/wp-content\\\/uploads\\\/2021\\\/03\\\/products-LP-2881-03-06-global-1080-website-2024.jpg\",\"contentUrl\":\"https:\\\/\\\/globalsew.com\\\/wp-content\\\/uploads\\\/2021\\\/03\\\/products-LP-2881-03-06-global-1080-website-2024.jpg\",\"width\":1819,\"height\":1080,\"caption\":\"LP 2881\"},{\"@type\":\"BreadcrumbList\",\"@id\":\"https:\\\/\\\/globalsew.com\\\/product\\\/lp-2881-series\\\/#breadcrumb\",\"itemListElement\":[{\"@type\":\"ListItem\",\"position\":1,\"name\":\"Home\",\"item\":\"https:\\\/\\\/globalsew.com\\\/\"},{\"@type\":\"ListItem\",\"position\":2,\"name\":\"Products\",\"item\":\"https:\\\/\\\/globalsew.com\\\/products\\\/\"},{\"@type\":\"ListItem\",\"position\":3,\"name\":\"LP 2880 Series\"}]},{\"@type\":\"WebSite\",\"@id\":\"https:\\\/\\\/globalsew.com\\\/#website\",\"url\":\"https:\\\/\\\/globalsew.com\\\/\",\"name\":\"Global International B.V.\",\"description\":\"Industrial Sewing Machines\",\"potentialAction\":[{\"@type\":\"SearchAction\",\"target\":{\"@type\":\"EntryPoint\",\"urlTemplate\":\"https:\\\/\\\/globalsew.com\\\/?s={search_term_string}\"},\"query-input\":{\"@type\":\"PropertyValueSpecification\",\"valueRequired\":true,\"valueName\":\"search_term_string\"}}],\"inLanguage\":\"es\"}]}<\/script>\n<!-- \/ Yoast SEO plugin. -->","yoast_head_json":{"title":"Serie LP 2880 - Global International B.V.","robots":{"index":"index","follow":"follow","max-snippet":"max-snippet:-1","max-image-preview":"max-image-preview:large","max-video-preview":"max-video-preview:-1"},"canonical":"https:\/\/globalsew.com\/es\/producto\/serie-lp-2881\/","og_locale":"es_ES","og_type":"article","og_title":"LP 2880 Series - Global International B.V.","og_description":"For downloads see our downloads page for the LP 2880 series.  Technical specifications:  * Max. machine speed: 2500 spm * Oiling system: fully automatic * Feed type: needle and wheel feed, top driven roller presser by stepping motors * Stitch length: max. 4,9 mm * Presser foot lift: 12 mm * Needle type: 134 LR * Double needle: standard needle gauge 2,0 mm, 1,6 mm, 1,8 mm and 2,4 mm possible by turning the needle clamp. Optional: 3,2 mm","og_url":"https:\/\/globalsew.com\/es\/producto\/serie-lp-2881\/","og_site_name":"Global International B.V.","article_modified_time":"2025-09-29T13:11:23+00:00","og_image":[{"width":1819,"height":1080,"url":"https:\/\/globalsew.com\/wp-content\/uploads\/2021\/03\/products-LP-2881-03-06-global-1080-website-2024.jpg","type":"image\/jpeg"}],"twitter_card":"summary_large_image","twitter_misc":{"Tiempo de lectura":"3 minutos"},"schema":{"@context":"https:\/\/schema.org","@graph":[{"@type":"WebPage","@id":"https:\/\/globalsew.com\/product\/lp-2881-series\/","url":"https:\/\/globalsew.com\/product\/lp-2881-series\/","name":"Serie LP 2880 - Global International B.V.","isPartOf":{"@id":"https:\/\/globalsew.com\/#website"},"primaryImageOfPage":{"@id":"https:\/\/globalsew.com\/product\/lp-2881-series\/#primaryimage"},"image":{"@id":"https:\/\/globalsew.com\/product\/lp-2881-series\/#primaryimage"},"thumbnailUrl":"https:\/\/globalsew.com\/wp-content\/uploads\/2021\/03\/products-LP-2881-03-06-global-1080-website-2024.jpg","datePublished":"2021-03-19T10:37:51+00:00","dateModified":"2025-09-29T13:11:23+00:00","breadcrumb":{"@id":"https:\/\/globalsew.com\/product\/lp-2881-series\/#breadcrumb"},"inLanguage":"es","potentialAction":[{"@type":"ReadAction","target":["https:\/\/globalsew.com\/product\/lp-2881-series\/"]}]},{"@type":"ImageObject","inLanguage":"es","@id":"https:\/\/globalsew.com\/product\/lp-2881-series\/#primaryimage","url":"https:\/\/globalsew.com\/wp-content\/uploads\/2021\/03\/products-LP-2881-03-06-global-1080-website-2024.jpg","contentUrl":"https:\/\/globalsew.com\/wp-content\/uploads\/2021\/03\/products-LP-2881-03-06-global-1080-website-2024.jpg","width":1819,"height":1080,"caption":"LP 2881"},{"@type":"BreadcrumbList","@id":"https:\/\/globalsew.com\/product\/lp-2881-series\/#breadcrumb","itemListElement":[{"@type":"ListItem","position":1,"name":"Home","item":"https:\/\/globalsew.com\/"},{"@type":"ListItem","position":2,"name":"Products","item":"https:\/\/globalsew.com\/products\/"},{"@type":"ListItem","position":3,"name":"LP 2880 Series"}]},{"@type":"WebSite","@id":"https:\/\/globalsew.com\/#website","url":"https:\/\/globalsew.com\/","name":"Global International B.V.","description":"M\u00e1quinas de coser industriales","potentialAction":[{"@type":"SearchAction","target":{"@type":"EntryPoint","urlTemplate":"https:\/\/globalsew.com\/?s={search_term_string}"},"query-input":{"@type":"PropertyValueSpecification","valueRequired":true,"valueName":"search_term_string"}}],"inLanguage":"es"}]}},"_links":{"self":[{"href":"https:\/\/globalsew.com\/es\/wp-json\/wp\/v2\/product\/96076","targetHints":{"allow":["GET"]}}],"collection":[{"href":"https:\/\/globalsew.com\/es\/wp-json\/wp\/v2\/product"}],"about":[{"href":"https:\/\/globalsew.com\/es\/wp-json\/wp\/v2\/types\/product"}],"wp:featuredmedia":[{"embeddable":true,"href":"https:\/\/globalsew.com\/es\/wp-json\/wp\/v2\/media\/105308"}],"wp:attachment":[{"href":"https:\/\/globalsew.com\/es\/wp-json\/wp\/v2\/media?parent=96076"}],"wp:term":[{"taxonomy":"product_brand","embeddable":true,"href":"https:\/\/globalsew.com\/es\/wp-json\/wp\/v2\/product_brand?post=96076"},{"taxonomy":"product_cat","embeddable":true,"href":"https:\/\/globalsew.com\/es\/wp-json\/wp\/v2\/product_cat?post=96076"},{"taxonomy":"product_tag","embeddable":true,"href":"https:\/\/globalsew.com\/es\/wp-json\/wp\/v2\/product_tag?post=96076"}],"curies":[{"name":"wp","href":"https:\/\/api.w.org\/{rel}","templated":true}]}}